{"id":494,"date":"2014-10-02T14:02:00","date_gmt":"2014-10-02T12:02:00","guid":{"rendered":"https:\/\/alzira.es\/restauraciones\/"},"modified":"2021-09-22T13:03:13","modified_gmt":"2021-09-22T11:03:13","slug":"restauraciones","status":"publish","type":"page","link":"https:\/\/alzira.es\/es\/servicios-municipales\/museo-patrimonio-y-turismo\/museo\/restauraciones\/","title":{"rendered":"Restauraciones"},"content":{"rendered":"<p>Uno de los objetivos principales de nuestro museo es la preservaci\u00f3n de nuestro patrimonio; por ello, desde el departamento de restauraci\u00f3n, se muestra al p\u00fablico interesado un peque\u00f1o resumen de las actividades restaurativas que se vienen llevando a cabo en nuestro taller:<\/p>\n<p style=\"text-align: center;\">\n<ul style=\"line-height: 23.0400009155273px;\">\n<li><strong><span style=\"font-size: medium;\">IMAGEN DE SANTA GRACIA<\/span><\/strong><\/li>\n<\/ul>\n<p style=\"margin-left: 18pt;\"><span style=\"font-family: Arial;\"><strong style=\"font-family: arial, helvetica, sans-serif; font-size: 16px; line-height: 25.6000003814697px; color: #ff9900; text-align: justify;\">DESCRIPCI\u00d3N DE LA OBRA:<\/strong>\u00a0<span style=\"font-size: 12pt;\">Escultura de escayola, sin policrom\u00eda, superior a tama\u00f1o natural, con acentuada curva praxiteliana.\u00a0 De inspiraci\u00f3n y traza barroca, ladea la cabeza ligeramente hacia su izquierda.\u00a0 Su mano derecha reposa sobre el abdomen mientras que con la otra recoge su manto.<\/span><\/span><\/p>\n<p style=\"margin-left: 18pt;\"><strong><span style=\"font-family: Arial;\"><strong>BREVE RESE\u00d1A HIST\u00d3RICA:<\/strong><\/span><\/strong>entonces denominado, de san Agust\u00edn. Durante la contienda, la imagen de Santa Gracia fue arrojada al r\u00edo. Al finalizar la guerra las esculturas fueron restauradas y se inici\u00f3 la b\u00fasqueda de la imagen desaparecida sin \u00e9xito. Entonces se decidi\u00f3 encargar a Antonio Ballester Vilaseca una reproducci\u00f3n de la talla de la <i>germaneta<\/i>. Model\u00f3 una r\u00e9plica en barro pero fue El\u00edas Cu\u00f1at qui\u00e9n realiz\u00f3 la copia en escayola. De 1967 hasta 2007 estuvo ubicada en el pozo de los Santos Reyes de Alzira, puesto que\u00a0 El\u00edas Cu\u00f1at era usuario y socio de la Associaci\u00f3 de regants \u201cLa Murta\u201d, que fue qui\u00e9n, bajo la presidencia de Jos\u00e9 Espa\u00f1a Adam, decidi\u00f3 donarla al Ayuntamiento.<\/p>\n<p style=\"margin-left: 18pt;\">\n<p style=\"margin-left: 18pt; text-align: center;\"><span style=\"font-family: Arial;\"><span style=\"font-family: arial, helvetica, sans-serif; font-size: 16px; line-height: 25.6000003814697px; text-align: center;\">Ver power point con restauraci\u00f3n completa \u00a0 \u00a0 \u00a0\u00a0<a href=\"https:\/\/alzira.es\/wp-content\/uploads\/2014\/10\/Santa-Gracia.ppt\"><img decoding=\"async\" class=\"size-full wp-image-236 aligncenter lazyload\" data-src=\"https:\/\/alzira.es\/wp-content\/uploads\/2014\/10\/Santa-Gracia.JPG\" alt=\"Santa Gracia\" width=\"151\" height=\"201\" data-srcset=\"https:\/\/alzira.es\/wp-content\/uploads\/2014\/10\/Santa-Gracia.JPG 1536w, https:\/\/alzira.es\/wp-content\/uploads\/2014\/10\/Santa-Gracia-383x510.jpg 383w, https:\/\/alzira.es\/wp-content\/uploads\/2014\/10\/Santa-Gracia-804x1072.jpg 804w, https:\/\/alzira.es\/wp-content\/uploads\/2014\/10\/Santa-Gracia-768x1024.jpg 768w, https:\/\/alzira.es\/wp-content\/uploads\/2014\/10\/Santa-Gracia-1152x1536.jpg 1152w\" data-sizes=\"(max-width: 151px) 100vw, 151px\" src=\"data:image\/svg+xml;base64,PHN2ZyB3aWR0aD0iMSIgaGVpZ2h0PSIxIiB4bWxucz0iaHR0cDovL3d3dy53My5vcmcvMjAwMC9zdmciPjwvc3ZnPg==\" style=\"--smush-placeholder-width: 151px; --smush-placeholder-aspect-ratio: 151\/201;\" \/><\/a>\u00a0 \u00a0 \u00a0<\/span><\/span><\/p>\n<p style=\"margin-left: 18pt; text-align: center;\"><span style=\"font-family: Arial;\"><span style=\"font-family: arial, helvetica, sans-serif; font-size: 16px; line-height: 25.6000003814697px; text-align: center;\">Pincha sobre imagen<\/span><\/span><\/p>\n<p style=\"margin-left: 18pt;\">\n<p><strong><span style=\"font-size: medium;\">CABECERA SANT BERNAT<\/span><\/strong><\/p>\n<p style=\"margin-left: 30px;\"><span style=\"font-family: arial, helvetica, sans-serif; font-size: 12pt;\"><strong style=\"color: #ff9900; font-family: arial, helvetica, sans-serif; font-size: 16px; line-height: 25.6000003814697px; text-align: justify;\">DESCRIPCI\u00d3N DE LA OBRA:<\/strong>\u00a0El motivo principal de la obra son los Santos Patronos representados sobre peanas, siguiendo un orden jer\u00e1rquico usual, adaptado adem\u00e1s al espacio piramidal que simula una flor seccionada transversalmente. Encontramos la imagen erguida de San Bernardo, con una acentuada curva praxiteliana y los brazos abiertos, presidiendo la escena, representado con su h\u00e1bito cisterciense y aureola. Sobre \u00e9l sobrevuela un \u00e1ngel que sujeta con la mano derecha tres coronas laureadas s\u00edmbolo de la victoria. A ambos lados, en el mismo plano y arrodilladas encontramos a sus hermanas coronadas y portando una palma, s\u00edmbolo de su martirio. La escena se encuentra enmarcada por volutas vegetales.<\/span><\/p>\n<p style=\"margin-left: 30px;\"><span style=\"font-family: arial, helvetica, sans-serif; font-size: 12pt;\"><strong style=\"color: #ff9900; font-family: arial, helvetica, sans-serif; font-size: 16px; line-height: 25.6000003814697px; text-align: justify;\">BREVE RESE\u00d1A HIST\u00d3RICA:<\/strong>\u00a0El nombre de Alzira qued\u00f3 indisolublemente unido a san Bernardo para siempre, desde el d\u00eda de su martirio, ya que fue el lugar donde el santo ofreci\u00f3 su glorioso testimonio. Es por ello que encontramos numerosas representaciones, del santo y de sus hermanas, llevadas a cabo por muy distintas t\u00e9cnicas: cer\u00e1mica, lienzos, esculturas policromadas, grabados, vidrieras&#8230;y no s\u00f3lo los encontramos en nuestra ciudad sino que, adem\u00e1s, la devoci\u00f3n a san Bernardo de Alzira se extiende a otros pueblos vecinos como Carlet, y a otros no tan aproximados, como Poblet. La pieza que presentamos restaurada es una de las m\u00e1s emblem\u00e1ticas de la imaginer\u00eda bernardina, recuperada, por mediaci\u00f3n de la familia N\u00fa\u00f1ez-Tello y donada al Museo Municipal. La \u00fanica informaci\u00f3n que se posee de la obra nos viene dada por transmisi\u00f3n oral por Adri\u00e1n Medina que cuenta que la obra fue comprada por Enrique N\u00fa\u00f1ez en un rastro de Barcelona. Esta sencilla representaci\u00f3n, pieza \u00fanica en esta t\u00e9cnica hasta el momento, reproduce el momento de glorificaci\u00f3n de los M\u00e1rtires Alzire\u00f1os, coincidiendo con el momento hist\u00f3rico en el cual se autentifican sus reliquias (1599). <\/span><\/p>\n<p style=\"margin-left: 30px;\">\n<p style=\"margin-left: 30px; text-align: center;\"><span style=\"font-family: arial, helvetica, sans-serif; font-size: 16px; line-height: 25.6000003814697px; text-align: center;\">Ver power point con restauraci\u00f3n completa \u00a0 \u00a0\u00a0<a href=\"https:\/\/alzira.es\/wp-content\/uploads\/2014\/10\/Presentacion-CABECERA-SANT-BERNAT.ppt\" target=\"_blank\" rel=\"noopener\"><img fetchpriority=\"high\" decoding=\"async\" class=\"aligncenter wp-image-476 size-full\" src=\"https:\/\/alzira.es\/wp-content\/uploads\/2014\/10\/Cabecera.JPG\" alt=\"Cabecera\" width=\"451\" height=\"440\" \/><\/a>\u00a0Pincha sobre la imagen<\/span><\/p>\n<p style=\"text-align: center;\">\n<p style=\"text-align: center;\">\n<p><strong><span style=\"font-size: medium;\">CRISTO DE SANTA B\u00c1RBARA<\/span><\/strong><\/p>\n<p style=\"text-align: justify; margin-left: 30px;\"><span style=\"font-size: 12pt; font-family: arial, helvetica, sans-serif;\">Imagen del siglo XVIII, tallada en madera y policromada, que representa a Cristo crucificado tras su muerte. Cristo, clavado en la cruz por las palmas de las manos y los pies, viste el tradicional pa\u00f1o de pureza, tambi\u00e9n denominado perizoma. La expresi\u00f3n del rostro est\u00e1 muy lejos de aparentar dolor, m\u00e1s bien obedece a un gesto de paz y descanso. Presenta el tradicional rostro con barba partida y cabello largo y ondulado. Sobre su frente reposa una corona de espinas\u00a0 que no es original, elaborada con cable el\u00e9ctrico antiguo y alfileres.<\/span><\/p>\n<p style=\"text-align: justify; margin-left: 30px;\"><span style=\"font-size: 12pt; font-family: arial, helvetica, sans-serif;\">La escultura est\u00e1 realizada en madera, mediante el proceso escult\u00f3rico m\u00e1s antiguo: la talla. Se trata de una t\u00e9cnica sustractiva en la que partiendo de una masa s\u00f3lida, que en nuestro caso est\u00e1 constituida por varias piezas al hilo para completar vol\u00famenes (emb\u00f3n), y mediante el corte y la abrasi\u00f3n se le da forma concreta. Es a partir del Barroco cuando se comienzan a construir unos embones muy equilibrados. Los embones de reducidas dimensiones no est\u00e1n ahuecados, pues el volumen no suele ser lo suficientemente grande como para sufrir demasiados movimientos. Los ensambles de los brazos en los Cristos crucificados son muy complejos y suelen dar problemas. <\/span><\/p>\n<p style=\"text-align: justify; margin-left: 30px;\"><span style=\"font-family: arial, helvetica, sans-serif; font-size: 12pt;\">Esta pieza data del siglo XVIII. Actualmente se encuentra ubicada en la <i>Sala Enrique<\/i><i> Nu\u00f1ez<\/i> del Museo Municipal de Alzira (Valencia).<\/span><\/p>\n<p style=\"text-align: justify; margin-left: 30px;\">\n<p style=\"margin-left: 30px; text-align: center;\"><span style=\"font-family: arial, helvetica, sans-serif; font-size: 12pt;\"><span style=\"font-family: arial, helvetica, sans-serif; font-size: 16px; line-height: 25.6000003814697px; text-align: center;\">Ver power point con restauraci\u00f3n completa \u00a0 \u00a0<a href=\"contenidos\/museu\/RESTAURACIONES\/Cristo%20S.%20Barbara\/power%20point%20cristo%20sta.%20b\u00e1rbara1.ppt\"><img decoding=\"async\" class=\"size-full wp-image-478 aligncenter lazyload\" data-src=\"https:\/\/alzira.es\/wp-content\/uploads\/2014\/10\/Cristo.jpg\" alt=\"Cristo\" width=\"186\" height=\"248\" src=\"data:image\/svg+xml;base64,PHN2ZyB3aWR0aD0iMSIgaGVpZ2h0PSIxIiB4bWxucz0iaHR0cDovL3d3dy53My5vcmcvMjAwMC9zdmciPjwvc3ZnPg==\" style=\"--smush-placeholder-width: 186px; --smush-placeholder-aspect-ratio: 186\/248;\" \/><\/a>\u00a0 \u00a0 \u00a0\u00a0<span style=\"font-family: arial, helvetica, sans-serif; font-size: 16px; line-height: 25.6000003814697px; text-align: center;\">Pincha sobre imagen<\/span><\/span><\/span><\/p>\n<p style=\"text-align: center;\">\n<p style=\"text-align: center;\">\n<p style=\"text-align: center;\">\n<p><strong><span style=\"font-size: medium;\">PROCESO DE INTERVENCI\u00d3N EN EL CUADRO DE PALANCA Y ROCA<\/span><\/strong><\/p>\n<p class=\"O\">\n<p style=\"text-align: justify; margin-left: 30px;\"><span style=\"font-family: 'Lucida Handwriting'; font-size: 50%; color: #ff9900;\"><span style=\"color: #990000; position: absolute; left: -4.1%; text-align: left; top: 0.3em; font-family: Wingdings; font-size: 75%;\">n<\/span><\/span><span style=\"font-family: arial, helvetica, sans-serif; font-size: 12pt;\"><span style=\"color: #ff9900;\"><strong>DESCRIPCI\u00d3N DE LA OBRA:<\/strong><\/span>Se trata del retrato del dramaturgoalcire\u00f1o Francisco Palanca y Roca. La n\u00edtida composici\u00f3n se estructura en tres planos al servicio del modelo: el que muestra el perfil del retratado, el del escritor y el del atenuado claroscuro. Se destaca con colores luminosos la cabeza, las manos y los instrumentos del personaje. La cabeza como sede de la inspiraci\u00f3n y las manos como instrumento del pensamiento (pluma, tintero cuadernillos de folios y manuscritos). La pincelada, elaborada en las carnaciones del rostro y las manos, se diluyen en las restantes \u00e1reas crom\u00e1ticas.<\/span><\/p>\n<p style=\"text-align: justify; margin-left: 30px;\">\n<p style=\"text-align: justify; margin-left: 30px;\">\n<p style=\"text-align: justify; margin-left: 30px;\"><span style=\"font-family: arial, helvetica, sans-serif; font-size: 12pt;\"><span style=\"color: #ff9900;\"><span style=\"color: #990000; position: absolute; left: -4.1%; text-align: left; top: 0.3em;\">n<\/span><\/span><span style=\"color: #ff9900;\"><strong>BREVE RESE\u00d1A HIST\u00d3RICA:<\/strong><\/span>A finales de 1998 esta obra pasaba a engrosar los fondos pict\u00f3ricos del ayuntamiento: se trataba del retrato de un conciudadano nuestro, el dramaturgo Francisco Palanca y Roca (Alzira, 1834-1897), ejecutado por el pincel del insigne Ignacio Pinazo Camarlench (Val\u00e8ncia, 1849-1916). Esta adquisici\u00f3n coincidi\u00f3 con la efem\u00e9ride del primer centenario de la muerte del escritor. La corporaci\u00f3n municipal y los herederos de Palanca y Roca aunaron su voluntad de proporcionar este excelente retrato a la ciudad.<\/span><\/p>\n<p style=\"text-align: justify; margin-left: 30px;\">\n<p style=\"margin-left: 30px; text-align: center;\"><span style=\"font-family: arial, helvetica, sans-serif; font-size: 12pt;\">Ver power point con restauraci\u00f3n completa \u00a0 \u00a0 \u00a0<a href=\"https:\/\/alzira.es\/wp-content\/uploads\/2014\/10\/Presentacion-Palanca-y-Roca.ppt\" target=\"_blank\" rel=\"noopener\"><img decoding=\"async\" class=\"aligncenter wp-image-482 size-full lazyload\" data-src=\"https:\/\/alzira.es\/wp-content\/uploads\/2014\/10\/Cuadro-Palanca-y-Roca.JPG\" alt=\"Cuadro Palanca y Roca\" width=\"386\" height=\"277\" src=\"data:image\/svg+xml;base64,PHN2ZyB3aWR0aD0iMSIgaGVpZ2h0PSIxIiB4bWxucz0iaHR0cDovL3d3dy53My5vcmcvMjAwMC9zdmciPjwvc3ZnPg==\" style=\"--smush-placeholder-width: 386px; --smush-placeholder-aspect-ratio: 386\/277;\" \/><\/a>\u00a0 \u00a0 \u00a0Pincha sobre imagen<\/span><\/p>\n<p style=\"text-align: justify; margin-left: 30px;\">\n<p style=\"margin-left: 30px; text-align: center;\">\n<p><strong><span style=\"font-size: medium;\">PRESENTACION DE LA TABLA G\u00d3TICA DEL APOSTOLADO, \u00abCREU D&#8217;ALFARDONS\u00bb Y ACUARELAS DE LA MURTA<\/span><\/strong><\/p>\n<p style=\"margin-left: 30px;\"><span style=\"font-size: 12pt; font-family: Arial; color: #333333;\">Con la incorporaci\u00f3n de destacadas piezas del patrimonio local a la exposici\u00f3n permanente del MUMA, tras su restauraci\u00f3n y adecuaci\u00f3n en vitrinas, han dado inicio los actos en torno al D\u00eda Internacional del Museo en Alzira. Con ello invitamos al p\u00fablico amante de la historia del arte a visitar estas valios\u00edsimas obras en las instalaciones del MUMA. Concretamente se trata de la \u00abMesa G\u00f3tica del Apostolado\u00bb, S XIV-XV, la \u00abCruz de Alfardons de la Torre de las Palomas de la Murta\u00bb, s. XV, y la colecci\u00f3n de \u00abAcuarelas de la Murta con las heredades de Xixer\u00e1 y de Montcada\u00bb del a\u00f1o 1846.<br \/>\n<\/span><\/p>\n<p style=\"margin-left: 30px;\"><span style=\"font-size: 12pt; font-family: Arial; color: #333333;\"> <strong>Tabla G\u00f3tica del Apostolado \u00a0 \u00a0\u00a0<img decoding=\"async\" class=\"size-full wp-image-484 aligncenter lazyload\" data-src=\"https:\/\/alzira.es\/wp-content\/uploads\/2014\/10\/Apostolado.jpg\" alt=\"Apostolado\" width=\"523\" height=\"198\" data-srcset=\"https:\/\/alzira.es\/wp-content\/uploads\/2014\/10\/Apostolado.jpg 969w, https:\/\/alzira.es\/wp-content\/uploads\/2014\/10\/Apostolado-680x258.jpg 680w, https:\/\/alzira.es\/wp-content\/uploads\/2014\/10\/Apostolado-768x291.jpg 768w\" data-sizes=\"(max-width: 523px) 100vw, 523px\" src=\"data:image\/svg+xml;base64,PHN2ZyB3aWR0aD0iMSIgaGVpZ2h0PSIxIiB4bWxucz0iaHR0cDovL3d3dy53My5vcmcvMjAwMC9zdmciPjwvc3ZnPg==\" style=\"--smush-placeholder-width: 523px; --smush-placeholder-aspect-ratio: 523\/198;\" \/><br \/>\n<\/strong><br \/>\nSe ha instalado en la Sala que lleva su nombre, antec\u00e1mara del frecuentado Sal\u00f3n de Actos de f\u00e1cil acceso a todos los p\u00fablicos. Se ha confeccionado una vitrina especial para su adecuada conservaci\u00f3n y exposici\u00f3n. Se desconoce su lugar de procedencia pero casi con seguridad podr\u00eda atribuirse a alg\u00fan retablo de iglesia o monasterio exclaustrado con la desamortizaci\u00f3n. Se desconoce tambi\u00e9n el autor, si bien se estima por el estilo del trazado que pudiera ser obra del maestro de Villahermosa, y su cronolog\u00eda datar\u00eda entre finales del siglo XIV y principios del XV.<\/span><\/p>\n<p><strong>La Cruz<\/strong><strong> de Alfardons \u00a0 \u00a0 \u00a0<img decoding=\"async\" class=\"size-full wp-image-486 aligncenter lazyload\" data-src=\"https:\/\/alzira.es\/wp-content\/uploads\/2014\/10\/Alfardons.jpg\" alt=\"Alfardons\" width=\"146\" height=\"255\" src=\"data:image\/svg+xml;base64,PHN2ZyB3aWR0aD0iMSIgaGVpZ2h0PSIxIiB4bWxucz0iaHR0cDovL3d3dy53My5vcmcvMjAwMC9zdmciPjwvc3ZnPg==\" style=\"--smush-placeholder-width: 146px; --smush-placeholder-aspect-ratio: 146\/255;\" \/><br \/>\n<\/strong><br \/>\nSe muestra en la Sala Enrique N\u00fa\u00f1ez, despu\u00e9s de la Sala del Apostolado. Este elemento religioso, (una cruz), est\u00e1 compuesto por nueve baldosas de cer\u00e1mica vidriada en forma hexagonal, caracter\u00edstica que le da el nombre de \u00abalfard\u00f3n\u00bb. Cronol\u00f3gicamente es del siglo XV, de estilo g\u00f3tico. Se encontraba en uno de los matacanes de la Torre de las Palomas de la Murta.<\/p>\n<p style=\"margin-left: 30px;\"><span style=\"font-size: 12pt; font-family: Arial; color: #333333;\"> <strong>Colecci\u00f3n de acuarelas de la Murta \u00a0 \u00a0 \u00a0<img decoding=\"async\" width=\"228\" height=\"169\" class=\"size-full wp-image-488 aligncenter lazyload\" data-src=\"https:\/\/alzira.es\/wp-content\/uploads\/2014\/10\/Acuarelas.jpg\" alt=\"Acuarelas\" src=\"data:image\/svg+xml;base64,PHN2ZyB3aWR0aD0iMSIgaGVpZ2h0PSIxIiB4bWxucz0iaHR0cDovL3d3dy53My5vcmcvMjAwMC9zdmciPjwvc3ZnPg==\" style=\"--smush-placeholder-width: 228px; --smush-placeholder-aspect-ratio: 228\/169;\" \/><br \/>\n<span style=\"font-weight: normal;\"><br \/>\nTambi\u00e9n<\/span><span style=\"font-weight: normal;\"> se encuentran ubicadas en la Sala I. N\u00fa\u00f1ez, en una vitrina elaborada expresamente. Su fragilidad y mal estado de conservaci\u00f3n han hecho necesaria una intervenci\u00f3n urgente para asegurar su conservaci\u00f3n. Las 14 im\u00e1genes representan valle; vistas del edificio conventual, exteriores e interiores y del entorno, o la recreaci\u00f3n de algunas efem\u00e9rides, como la visita real de Felipe II. Tambi\u00e9n hay im\u00e1genes de las Casas de Moncada y de Xixer\u00e1, dos heredados del monasterio tambi\u00e9n desaparecidas.<\/span><\/strong><\/span><\/p>\n<p>En ellas constan los autores, Ignacio Fargas y M\u00e1ximo Peris, las fechas: el d\u00eda, el mes y el a\u00f1o 1846, siendo un valor a\u00f1adido.<\/p>\n<p><strong> A continuaci\u00f3n se muestra el power point que se present\u00f3 el pasado 15 de mayo de 2013, donde se pueden ver estas obras, as\u00ed como un breve resumen de su proceso de intervenci\u00f3n.\u00a0<\/strong><\/p>\n<p style=\"text-align: center;\"><span style=\"font-size: 12pt;\"><a href=\"https:\/\/alzira.es\/wp-content\/uploads\/2014\/10\/PRESENTACIO-AQUAREL%C2%B7LES.ppt\"><img decoding=\"async\" class=\"aligncenter wp-image-492 size-full lazyload\" data-src=\"https:\/\/alzira.es\/wp-content\/uploads\/2014\/10\/Acuarelas-alfardons-tabla-apostolado.JPG\" alt=\"Acuarelas, alfardons, tabla apostolado\" width=\"640\" height=\"512\" data-srcset=\"https:\/\/alzira.es\/wp-content\/uploads\/2014\/10\/Acuarelas-alfardons-tabla-apostolado.JPG 640w, https:\/\/alzira.es\/wp-content\/uploads\/2014\/10\/Acuarelas-alfardons-tabla-apostolado-638x510.jpg 638w\" data-sizes=\"(max-width: 640px) 100vw, 640px\" src=\"data:image\/svg+xml;base64,PHN2ZyB3aWR0aD0iMSIgaGVpZ2h0PSIxIiB4bWxucz0iaHR0cDovL3d3dy53My5vcmcvMjAwMC9zdmciPjwvc3ZnPg==\" style=\"--smush-placeholder-width: 640px; --smush-placeholder-aspect-ratio: 640\/512;\" \/><\/a><br \/>\n<\/span><\/p>\n","protected":false},"excerpt":{"rendered":"<p>Uno de los objetivos principales de nuestro museo es la preservaci\u00f3n de nuestro patrimonio; por ello, desde el departamento de restauraci\u00f3n, se muestra al p\u00fablico interesado un peque\u00f1o resumen de las actividades restaurativas que se vienen llevando a cabo en nuestro taller: IMAGEN DE SANTA GRACIA DESCRIPCI\u00d3N DE LA OBRA:\u00a0Escultura de escayola, sin policrom\u00eda, superior &hellip; <\/p>\n<p class=\"link-more\"><a href=\"https:\/\/alzira.es\/es\/servicios-municipales\/museo-patrimonio-y-turismo\/museo\/restauraciones\/\" class=\"more-link\">Continuar leyendo<span class=\"screen-reader-text\"> \u00abRestauraciones\u00bb<\/span><\/a><\/p>\n","protected":false},"author":29,"featured_media":0,"parent":430,"menu_order":0,"comment_status":"closed","ping_status":"closed","template":"","meta":{"_acf_changed":false,"footnotes":""},"class_list":["post-494","page","type-page","status-publish","hentry"],"acf":[],"_links":{"self":[{"href":"https:\/\/alzira.es\/es\/wp-json\/wp\/v2\/pages\/494","targetHints":{"allow":["GET"]}}],"collection":[{"href":"https:\/\/alzira.es\/es\/wp-json\/wp\/v2\/pages"}],"about":[{"href":"https:\/\/alzira.es\/es\/wp-json\/wp\/v2\/types\/page"}],"author":[{"embeddable":true,"href":"https:\/\/alzira.es\/es\/wp-json\/wp\/v2\/users\/29"}],"replies":[{"embeddable":true,"href":"https:\/\/alzira.es\/es\/wp-json\/wp\/v2\/comments?post=494"}],"version-history":[{"count":0,"href":"https:\/\/alzira.es\/es\/wp-json\/wp\/v2\/pages\/494\/revisions"}],"up":[{"embeddable":true,"href":"https:\/\/alzira.es\/es\/wp-json\/wp\/v2\/pages\/430"}],"wp:attachment":[{"href":"https:\/\/alzira.es\/es\/wp-json\/wp\/v2\/media?parent=494"}],"curies":[{"name":"wp","href":"https:\/\/api.w.org\/{rel}","templated":true}]}}