{"id":49195,"date":"2016-02-15T20:46:02","date_gmt":"2016-02-15T19:46:02","guid":{"rendered":"https:\/\/alzira.es\/organos-de-gestion-composicion-comision-toponimia\/"},"modified":"2023-10-11T10:59:16","modified_gmt":"2023-10-11T08:59:16","slug":"organos-de-gestion-composicion-comision-toponimia","status":"publish","type":"page","link":"https:\/\/alzira.es\/es\/ayuntamiento\/corporacion-y-gobierno-municipal\/organos-de-participacion-y-gestion\/organos-de-gestion\/organos-de-gestion-composicion-comision-toponimia\/","title":{"rendered":"Organos de gestion-Composicion-Comisi\u00f3n Toponimia"},"content":{"rendered":"\t\t<div data-elementor-type=\"wp-page\" data-elementor-id=\"49195\" class=\"elementor elementor-49195\">\n\t\t\t\t\t\t<section class=\"elementor-section elementor-top-section elementor-element elementor-element-7dec33b5 elementor-section-boxed elementor-section-height-default elementor-section-height-default\" data-id=\"7dec33b5\" data-element_type=\"section\">\n\t\t\t\t\t\t<div class=\"elementor-container elementor-column-gap-default\">\n\t\t\t\t\t<div class=\"elementor-column elementor-col-100 elementor-top-column elementor-element elementor-element-5d5077fe\" data-id=\"5d5077fe\" data-element_type=\"column\">\n\t\t\t<div class=\"elementor-widget-wrap elementor-element-populated\">\n\t\t\t\t\t\t<div class=\"elementor-element elementor-element-32d42056 elementor-widget elementor-widget-text-editor\" data-id=\"32d42056\" data-element_type=\"widget\" data-widget_type=\"text-editor.default\">\n\t\t\t\t<div class=\"elementor-widget-container\">\n\t\t\t\t\t\t\t\t\t<p><span style=\"text-decoration: underline;\"><strong>Composici\u00f3n de la Comisi\u00f3n de Toponimia<\/strong><\/span><\/p><p style=\"text-align: justify; margin-left: 30px;\">Por acuerdo del Pleno de 19 de julio de 2023 se nombra a los siguientes representantes:<\/p><p style=\"text-align: justify; margin-left: 60px;\">&#8211; Israel P\u00e9rez Gil, concejal representante del equipo de gobierno miembro del consejo de toponimia local de Alzira.<\/p><p style=\"text-align: justify; margin-left: 60px;\">&#8211; Bernat R\u00edos Furi\u00f3, concejal representante de los grupos pol\u00edticos de la oposici\u00f3n.<\/p><p style=\"text-align: justify; margin-left: 60px;\">&#8211; Ricardo Belda Valiente, suplente, representante de los grupos pol\u00edticos de la oposici\u00f3n.\u00a0<\/p><p>\u00a0<\/p>\t\t\t\t\t\t\t\t<\/div>\n\t\t\t\t<\/div>\n\t\t\t\t\t<\/div>\n\t\t<\/div>\n\t\t\t\t\t<\/div>\n\t\t<\/section>\n\t\t\t\t<\/div>\n\t\t","protected":false},"excerpt":{"rendered":"<p>Composici\u00f3n de la Comisi\u00f3n de Toponimia Por acuerdo del Pleno de 19 de julio de 2023 se nombra a los siguientes representantes: &#8211; Israel P\u00e9rez Gil, concejal representante del equipo de gobierno miembro del consejo de toponimia local de Alzira. &#8211; Bernat R\u00edos Furi\u00f3, concejal representante de los grupos pol\u00edticos de la oposici\u00f3n. &#8211; Ricardo &hellip; <\/p>\n<p class=\"link-more\"><a href=\"https:\/\/alzira.es\/es\/ayuntamiento\/corporacion-y-gobierno-municipal\/organos-de-participacion-y-gestion\/organos-de-gestion\/organos-de-gestion-composicion-comision-toponimia\/\" class=\"more-link\">Continuar leyendo<span class=\"screen-reader-text\"> \u00abOrganos de gestion-Composicion-Comisi\u00f3n Toponimia\u00bb<\/span><\/a><\/p>\n","protected":false},"author":34,"featured_media":0,"parent":83974,"menu_order":1,"comment_status":"closed","ping_status":"closed","template":"","meta":{"_acf_changed":false,"footnotes":""},"class_list":["post-49195","page","type-page","status-publish","hentry"],"acf":[],"_links":{"self":[{"href":"https:\/\/alzira.es\/es\/wp-json\/wp\/v2\/pages\/49195","targetHints":{"allow":["GET"]}}],"collection":[{"href":"https:\/\/alzira.es\/es\/wp-json\/wp\/v2\/pages"}],"about":[{"href":"https:\/\/alzira.es\/es\/wp-json\/wp\/v2\/types\/page"}],"author":[{"embeddable":true,"href":"https:\/\/alzira.es\/es\/wp-json\/wp\/v2\/users\/34"}],"replies":[{"embeddable":true,"href":"https:\/\/alzira.es\/es\/wp-json\/wp\/v2\/comments?post=49195"}],"version-history":[{"count":2,"href":"https:\/\/alzira.es\/es\/wp-json\/wp\/v2\/pages\/49195\/revisions"}],"predecessor-version":[{"id":143373,"href":"https:\/\/alzira.es\/es\/wp-json\/wp\/v2\/pages\/49195\/revisions\/143373"}],"up":[{"embeddable":true,"href":"https:\/\/alzira.es\/es\/wp-json\/wp\/v2\/pages\/83974"}],"wp:attachment":[{"href":"https:\/\/alzira.es\/es\/wp-json\/wp\/v2\/media?parent=49195"}],"curies":[{"name":"wp","href":"https:\/\/api.w.org\/{rel}","templated":true}]}}