{"id":48832,"date":"2020-04-16T12:36:49","date_gmt":"2020-04-16T10:36:49","guid":{"rendered":"https:\/\/alzira.es\/cuentacuentos-en-la-radio\/"},"modified":"2021-07-27T18:14:40","modified_gmt":"2021-07-27T16:14:40","slug":"cuentacuentos-en-la-radio","status":"publish","type":"page","link":"https:\/\/alzira.es\/es\/servicios-municipales\/biblioteca\/cuentacuentos-en-la-radio\/","title":{"rendered":"Cuentacuentos"},"content":{"rendered":"<p style=\"font-size: 14.3999996185303px; line-height: 23.0399990081787px;\">Con motivo del confinamiento, empezamos una nueva secci\u00f3n de cuentacuentos para hacer volar la imaginaci\u00f3n de los m\u00e1s peque\u00f1os y hacer que los mayores vuelven a su ni\u00f1ez.<\/p>\n<p><iframe style=\"border: 1px solid #D7D7D7;\" data-src=\"https:\/\/www.ivoox.com\/player_es_podcast_894553_1.html\" width=\"100%\" height=\"440\" frameborder=\"0\" scrolling=\"no\" allowfullscreen=\"allowfullscreen\" src=\"data:image\/svg+xml;base64,PHN2ZyB3aWR0aD0iMSIgaGVpZ2h0PSIxIiB4bWxucz0iaHR0cDovL3d3dy53My5vcmcvMjAwMC9zdmciPjwvc3ZnPg==\" class=\"lazyload\" data-load-mode=\"1\"><\/iframe><\/p>\n","protected":false},"excerpt":{"rendered":"<p>Con motivo del confinamiento, empezamos una nueva secci\u00f3n de cuentacuentos para hacer volar la imaginaci\u00f3n de los m\u00e1s peque\u00f1os y hacer que los mayores vuelven a su ni\u00f1ez.<\/p>\n","protected":false},"author":29,"featured_media":0,"parent":48857,"menu_order":2,"comment_status":"closed","ping_status":"closed","template":"","meta":{"_acf_changed":false,"footnotes":""},"class_list":["post-48832","page","type-page","status-publish","hentry"],"acf":[],"_links":{"self":[{"href":"https:\/\/alzira.es\/es\/wp-json\/wp\/v2\/pages\/48832","targetHints":{"allow":["GET"]}}],"collection":[{"href":"https:\/\/alzira.es\/es\/wp-json\/wp\/v2\/pages"}],"about":[{"href":"https:\/\/alzira.es\/es\/wp-json\/wp\/v2\/types\/page"}],"author":[{"embeddable":true,"href":"https:\/\/alzira.es\/es\/wp-json\/wp\/v2\/users\/29"}],"replies":[{"embeddable":true,"href":"https:\/\/alzira.es\/es\/wp-json\/wp\/v2\/comments?post=48832"}],"version-history":[{"count":1,"href":"https:\/\/alzira.es\/es\/wp-json\/wp\/v2\/pages\/48832\/revisions"}],"predecessor-version":[{"id":84143,"href":"https:\/\/alzira.es\/es\/wp-json\/wp\/v2\/pages\/48832\/revisions\/84143"}],"up":[{"embeddable":true,"href":"https:\/\/alzira.es\/es\/wp-json\/wp\/v2\/pages\/48857"}],"wp:attachment":[{"href":"https:\/\/alzira.es\/es\/wp-json\/wp\/v2\/media?parent=48832"}],"curies":[{"name":"wp","href":"https:\/\/api.w.org\/{rel}","templated":true}]}}