{"id":48288,"date":"2019-03-05T13:13:03","date_gmt":"2019-03-05T12:13:03","guid":{"rendered":"https:\/\/alzira.es\/covid-19-5\/"},"modified":"2021-09-01T21:59:37","modified_gmt":"2021-09-01T19:59:37","slug":"covid-19-5","status":"publish","type":"page","link":"https:\/\/alzira.es\/es\/covid-19\/covid-19-5\/","title":{"rendered":"Publicaciones oficiales"},"content":{"rendered":"<p><img decoding=\"async\" width=\"202\" height=\"37\" class=\"size-full wp-image-48254 lazyload\" data-src=\"https:\/\/alzira.es\/wp-content\/uploads\/2019\/03\/publica_estatals_cast1.png\" alt=\"publica estatals cast1\" src=\"data:image\/svg+xml;base64,PHN2ZyB3aWR0aD0iMSIgaGVpZ2h0PSIxIiB4bWxucz0iaHR0cDovL3d3dy53My5vcmcvMjAwMC9zdmciPjwvc3ZnPg==\" style=\"--smush-placeholder-width: 202px; --smush-placeholder-aspect-ratio: 202\/37;\"><\/p>\n<p style=\"margin-left: 60px;\"><img decoding=\"async\" width=\"18\" height=\"18\" class=\"size-full wp-image-47139 lazyload\" data-src=\"https:\/\/alzira.es\/wp-content\/uploads\/2019\/03\/enlaces-internos.jpg\" alt=\"enlaces-internos\" src=\"data:image\/svg+xml;base64,PHN2ZyB3aWR0aD0iMSIgaGVpZ2h0PSIxIiB4bWxucz0iaHR0cDovL3d3dy53My5vcmcvMjAwMC9zdmciPjwvc3ZnPg==\" style=\"--smush-placeholder-width: 18px; --smush-placeholder-aspect-ratio: 18\/18;\">&nbsp;<a href=\"https:\/\/www.boe.es\/boe\/dias\/2020\/10\/25\/pdfs\/BOE-A-2020-12898.pdf?fbclid=IwAR12ijANh9urUdVyFauUpUQShZLEXj_CYZoDThaGVptTQquHAc_WFdPjlQ8\" target=\"_blank\" rel=\"noopener\">Real Decreto 926\/2020, de 25 de octubre, por el que se declara el estado de alarma para contener la propagaci\u00f3n de infecciones causadas por el SARS-CoV-2<\/a>.<br \/>\n<img decoding=\"async\" width=\"18\" height=\"18\" class=\"size-full wp-image-47139 lazyload\" data-src=\"https:\/\/alzira.es\/wp-content\/uploads\/2019\/03\/enlaces-internos.jpg\" alt=\"enlaces-internos\" src=\"data:image\/svg+xml;base64,PHN2ZyB3aWR0aD0iMSIgaGVpZ2h0PSIxIiB4bWxucz0iaHR0cDovL3d3dy53My5vcmcvMjAwMC9zdmciPjwvc3ZnPg==\" style=\"--smush-placeholder-width: 18px; --smush-placeholder-aspect-ratio: 18\/18;\">&nbsp;<a href=\"https:\/\/www.boe.es\/diario_boe\/txt.php?id=BOE-A-2020-4448\" target=\"_blank\" rel=\"noopener\">Real Decreto-ley 14\/2020, de 14 de abril, por el que se extiende el plazo para la presentaci\u00f3n e ingreso de determinadas declaraciones y autoliquidaciones tributarias<\/a>.<br \/>\n<img decoding=\"async\" width=\"18\" height=\"18\" class=\"size-full wp-image-47139 lazyload\" data-src=\"https:\/\/alzira.es\/wp-content\/uploads\/2019\/03\/enlaces-internos.jpg\" alt=\"enlaces-internos\" src=\"data:image\/svg+xml;base64,PHN2ZyB3aWR0aD0iMSIgaGVpZ2h0PSIxIiB4bWxucz0iaHR0cDovL3d3dy53My5vcmcvMjAwMC9zdmciPjwvc3ZnPg==\" style=\"--smush-placeholder-width: 18px; --smush-placeholder-aspect-ratio: 18\/18;\">&nbsp;<a href=\"https:\/\/www.boe.es\/diario_boe\/txt.php?id=BOE-A-2020-4208\" target=\"_blank\" rel=\"noopener\">RD 11\/2020 sobre medidas urgentes complementarias en el \u00e1mbito social y econ\u00f3mico<\/a>.<br \/>\n<img decoding=\"async\" width=\"18\" height=\"18\" class=\"size-full wp-image-47139 lazyload\" data-src=\"https:\/\/alzira.es\/wp-content\/uploads\/2019\/03\/enlaces-internos.jpg\" alt=\"enlaces-internos\" src=\"data:image\/svg+xml;base64,PHN2ZyB3aWR0aD0iMSIgaGVpZ2h0PSIxIiB4bWxucz0iaHR0cDovL3d3dy53My5vcmcvMjAwMC9zdmciPjwvc3ZnPg==\" style=\"--smush-placeholder-width: 18px; --smush-placeholder-aspect-ratio: 18\/18;\">&nbsp;<a href=\"https:\/\/www.boe.es\/diario_boe\/txt.php?id=BOE-A-2020-4209\" target=\"_blank\" rel=\"noopener\">RD 12\/2020 sobre medidas urgentes en materia de protecci\u00f3n y asistencia a las v\u00edctimas de violencia de g\u00e9nero<\/a>.<br \/>\n<img decoding=\"async\" width=\"18\" height=\"18\" class=\"size-full wp-image-47139 lazyload\" data-src=\"https:\/\/alzira.es\/wp-content\/uploads\/2019\/03\/enlaces-internos.jpg\" alt=\"enlaces-internos\" src=\"data:image\/svg+xml;base64,PHN2ZyB3aWR0aD0iMSIgaGVpZ2h0PSIxIiB4bWxucz0iaHR0cDovL3d3dy53My5vcmcvMjAwMC9zdmciPjwvc3ZnPg==\" style=\"--smush-placeholder-width: 18px; --smush-placeholder-aspect-ratio: 18\/18;\">&nbsp;<a href=\"https:\/\/www.boe.es\/buscar\/pdf\/2020\/BOE-A-2020-4196-consolidado.pdf\" target=\"_blank\" rel=\"noopener\">Orden SND 307\/2020 por el que se establecen criterios interpretativos por la aplicaci\u00f3n del RD 10\/2020 y el modelo de declaraci\u00f3n responsable<\/a>.<br \/>\n<img decoding=\"async\" width=\"18\" height=\"18\" class=\"size-full wp-image-47139 lazyload\" data-src=\"https:\/\/alzira.es\/wp-content\/uploads\/2019\/03\/enlaces-internos.jpg\" alt=\"enlaces-internos\" src=\"data:image\/svg+xml;base64,PHN2ZyB3aWR0aD0iMSIgaGVpZ2h0PSIxIiB4bWxucz0iaHR0cDovL3d3dy53My5vcmcvMjAwMC9zdmciPjwvc3ZnPg==\" style=\"--smush-placeholder-width: 18px; --smush-placeholder-aspect-ratio: 18\/18;\">&nbsp;<a href=\"https:\/\/www.boe.es\/diario_boe\/txt.php?id=BOE-A-2020-4152\" target=\"_blank\" rel=\"noopener\">RD 9\/2020 sobre medidas complementarias en el \u00e1mbito laboral<\/a>.<br \/>\n<img decoding=\"async\" width=\"18\" height=\"18\" class=\"size-full wp-image-47139 lazyload\" data-src=\"https:\/\/alzira.es\/wp-content\/uploads\/2019\/03\/enlaces-internos.jpg\" alt=\"enlaces-internos\" src=\"data:image\/svg+xml;base64,PHN2ZyB3aWR0aD0iMSIgaGVpZ2h0PSIxIiB4bWxucz0iaHR0cDovL3d3dy53My5vcmcvMjAwMC9zdmciPjwvc3ZnPg==\" style=\"--smush-placeholder-width: 18px; --smush-placeholder-aspect-ratio: 18\/18;\">&nbsp;<a href=\"https:\/\/www.boe.es\/eli\/es\/res\/2020\/03\/25\/(1)\/con\" target=\"_blank\" rel=\"noopener\">Resoluci\u00f3n de 25 de marzo de 2020, de la Secretar\u00eda de Estado de Econom\u00eda y Apoyo a la Empresa, por la que se publica el Acuerdo del Consejo de Ministros sobre las caracter\u00edsticas de las l\u00edneas de avales ICO empresas y aut\u00f3nomos<\/a>.<br \/>\n<img decoding=\"async\" width=\"18\" height=\"18\" class=\"size-full wp-image-47139 lazyload\" data-src=\"https:\/\/alzira.es\/wp-content\/uploads\/2019\/03\/enlaces-internos.jpg\" alt=\"enlaces-internos\" src=\"data:image\/svg+xml;base64,PHN2ZyB3aWR0aD0iMSIgaGVpZ2h0PSIxIiB4bWxucz0iaHR0cDovL3d3dy53My5vcmcvMjAwMC9zdmciPjwvc3ZnPg==\" style=\"--smush-placeholder-width: 18px; --smush-placeholder-aspect-ratio: 18\/18;\">&nbsp;<a href=\"https:\/\/www.boe.es\/eli\/es\/rd\/2020\/03\/14\/463\/dof\/spa\/pdf\" target=\"_blank\" rel=\"noopener\">RD 463\/2020 por el que se declara el estado de alarma<\/a>.<br \/>\n<img decoding=\"async\" width=\"18\" height=\"18\" class=\"size-full wp-image-47139 lazyload\" data-src=\"https:\/\/alzira.es\/wp-content\/uploads\/2019\/03\/enlaces-internos.jpg\" alt=\"enlaces-internos\" src=\"data:image\/svg+xml;base64,PHN2ZyB3aWR0aD0iMSIgaGVpZ2h0PSIxIiB4bWxucz0iaHR0cDovL3d3dy53My5vcmcvMjAwMC9zdmciPjwvc3ZnPg==\" style=\"--smush-placeholder-width: 18px; --smush-placeholder-aspect-ratio: 18\/18;\">&nbsp;<a href=\"https:\/\/www.boe.es\/biblioteca_juridica\/codigos\/codigo.php?id=355\" target=\"_blank\" rel=\"noopener\">Compendio legislativo sobre medidas adoptadas por la crisis del COVID-19<\/a>.<\/p>\n<p><img decoding=\"async\" width=\"202\" height=\"37\" class=\"size-full wp-image-48258 lazyload\" data-src=\"https:\/\/alzira.es\/wp-content\/uploads\/2019\/03\/publica_autonomiques_cast1.png\" alt=\"publica autonomiques cast1\" src=\"data:image\/svg+xml;base64,PHN2ZyB3aWR0aD0iMSIgaGVpZ2h0PSIxIiB4bWxucz0iaHR0cDovL3d3dy53My5vcmcvMjAwMC9zdmciPjwvc3ZnPg==\" style=\"--smush-placeholder-width: 202px; --smush-placeholder-aspect-ratio: 202\/37;\"><\/p>\n<p style=\"margin-left: 60px;\"><img decoding=\"async\" width=\"18\" height=\"18\" class=\"size-full wp-image-47139 lazyload\" data-src=\"https:\/\/alzira.es\/wp-content\/uploads\/2019\/03\/enlaces-internos.jpg\" alt=\"enlaces-internos\" src=\"data:image\/svg+xml;base64,PHN2ZyB3aWR0aD0iMSIgaGVpZ2h0PSIxIiB4bWxucz0iaHR0cDovL3d3dy53My5vcmcvMjAwMC9zdmciPjwvc3ZnPg==\" style=\"--smush-placeholder-width: 18px; --smush-placeholder-aspect-ratio: 18\/18;\">&nbsp;<a href=\"http:\/\/www.dogv.gva.es\/datos\/2020\/11\/06\/pdf\/2020_9360.pdf\" target=\"_blank\" rel=\"noopener\">RESOLUCI\u00d3N de 6 de noviembre de 2020, de la consellera de Sanidad Universal y Salud P\u00fablica, por la que se acuerda medidas adicionales extraordinarias en la Comunitat Valenciana, como consecuencia de la situaci\u00f3n de crisis sanitaria ocasionada por la Covid-19<\/a>.<br \/>\n<img decoding=\"async\" width=\"18\" height=\"18\" class=\"size-full wp-image-47139 lazyload\" data-src=\"https:\/\/alzira.es\/wp-content\/uploads\/2019\/03\/enlaces-internos.jpg\" alt=\"enlaces-internos\" src=\"data:image\/svg+xml;base64,PHN2ZyB3aWR0aD0iMSIgaGVpZ2h0PSIxIiB4bWxucz0iaHR0cDovL3d3dy53My5vcmcvMjAwMC9zdmciPjwvc3ZnPg==\" style=\"--smush-placeholder-width: 18px; --smush-placeholder-aspect-ratio: 18\/18;\">&nbsp;<a href=\"http:\/\/www.dogv.gva.es\/datos\/2020\/10\/24\/pdf\/2020_8861.pdf\" target=\"_blank\" rel=\"noopener\">RESOLUCI\u00d3N de 24 de octubre de 2020, de la consellera de Sanidad Universal y Salud P\u00fablica, por la se acuerda medidas adicionales excepcionales en la Comunitat Valenciana, como consecuencia de la situaci\u00f3n de crisis sanitaria ocasionada por la Covid-19<\/a>.<br \/>\n<img decoding=\"async\" width=\"18\" height=\"18\" class=\"size-full wp-image-47139 lazyload\" data-src=\"https:\/\/alzira.es\/wp-content\/uploads\/2019\/03\/enlaces-internos.jpg\" alt=\"enlaces-internos\" src=\"data:image\/svg+xml;base64,PHN2ZyB3aWR0aD0iMSIgaGVpZ2h0PSIxIiB4bWxucz0iaHR0cDovL3d3dy53My5vcmcvMjAwMC9zdmciPjwvc3ZnPg==\" style=\"--smush-placeholder-width: 18px; --smush-placeholder-aspect-ratio: 18\/18;\">&nbsp;<a href=\"http:\/\/www.dogv.gva.es\/datos\/2020\/04\/04\/pdf\/2020_2813.pdf\" target=\"_blank\" rel=\"noopener\">Bases reguladoras de concesi\u00f3n directa de ayudas urgentes a personas trabajadoras en r\u00e9gimen de aut\u00f3nomo afectadas por la Covid-19<\/a>.<br \/>\n<img decoding=\"async\" width=\"18\" height=\"18\" class=\"size-full wp-image-47139 lazyload\" data-src=\"https:\/\/alzira.es\/wp-content\/uploads\/2019\/03\/enlaces-internos.jpg\" alt=\"enlaces-internos\" src=\"data:image\/svg+xml;base64,PHN2ZyB3aWR0aD0iMSIgaGVpZ2h0PSIxIiB4bWxucz0iaHR0cDovL3d3dy53My5vcmcvMjAwMC9zdmciPjwvc3ZnPg==\" style=\"--smush-placeholder-width: 18px; --smush-placeholder-aspect-ratio: 18\/18;\">&nbsp;<a href=\"https:\/\/alzira.es\/wp-content\/uploads\/2019\/03\/Relacion_de_medidas_de_la_Generalitat_en_relacion_con_el_COVID-19.pdf\" target=\"_blank\" rel=\"noopener\">Relaci\u00f3n de medidas adoptadas por la Generalitat en relaci\u00f3n al COVID-19<\/a>.<br \/>\n<img decoding=\"async\" width=\"18\" height=\"18\" class=\"size-full wp-image-47139 lazyload\" data-src=\"https:\/\/alzira.es\/wp-content\/uploads\/2019\/03\/enlaces-internos.jpg\" alt=\"enlaces-internos\" src=\"data:image\/svg+xml;base64,PHN2ZyB3aWR0aD0iMSIgaGVpZ2h0PSIxIiB4bWxucz0iaHR0cDovL3d3dy53My5vcmcvMjAwMC9zdmciPjwvc3ZnPg==\" style=\"--smush-placeholder-width: 18px; --smush-placeholder-aspect-ratio: 18\/18;\">&nbsp;<a href=\"https:\/\/www.dogv.gva.es\/datos\/2020\/04\/01\/pdf\/2020_2766.pdf\" target=\"_blank\" rel=\"noopener\">Resoluci\u00f3n de la Conselleria de Econom\u00eda Sostenible que modifica los horarios de apertura de domingos y festivos en Semana Santa<\/a>.<br \/>\n<img decoding=\"async\" width=\"18\" height=\"18\" class=\"size-full wp-image-47139 lazyload\" data-src=\"https:\/\/alzira.es\/wp-content\/uploads\/2019\/03\/enlaces-internos.jpg\" alt=\"enlaces-internos\" src=\"data:image\/svg+xml;base64,PHN2ZyB3aWR0aD0iMSIgaGVpZ2h0PSIxIiB4bWxucz0iaHR0cDovL3d3dy53My5vcmcvMjAwMC9zdmciPjwvc3ZnPg==\" style=\"--smush-placeholder-width: 18px; --smush-placeholder-aspect-ratio: 18\/18;\">&nbsp;<a href=\"https:\/\/drive.google.com\/file\/d\/1s3OWnApYBZGgcZUvAhjsWcOiVrzazP9G\/view\" target=\"_blank\" rel=\"noopener\">Resoluciones y medidas adoptadas COVID-19<\/a>.<\/p>\n<p><img decoding=\"async\" width=\"202\" height=\"37\" class=\"size-full wp-image-48265 lazyload\" data-src=\"https:\/\/alzira.es\/wp-content\/uploads\/2019\/03\/publica_locals_cast1.png\" alt=\"publica locals cast1\" src=\"data:image\/svg+xml;base64,PHN2ZyB3aWR0aD0iMSIgaGVpZ2h0PSIxIiB4bWxucz0iaHR0cDovL3d3dy53My5vcmcvMjAwMC9zdmciPjwvc3ZnPg==\" style=\"--smush-placeholder-width: 202px; --smush-placeholder-aspect-ratio: 202\/37;\"><\/p>\n<p style=\"margin-left: 60px;\"><img decoding=\"async\" width=\"18\" height=\"15\" class=\"size-full wp-image-47004 lazyload\" data-src=\"https:\/\/alzira.es\/wp-content\/uploads\/2019\/03\/pdf_rojo.gif\" alt=\"pdf rojo\" src=\"data:image\/svg+xml;base64,PHN2ZyB3aWR0aD0iMSIgaGVpZ2h0PSIxIiB4bWxucz0iaHR0cDovL3d3dy53My5vcmcvMjAwMC9zdmciPjwvc3ZnPg==\" style=\"--smush-placeholder-width: 18px; --smush-placeholder-aspect-ratio: 18\/15;\">&nbsp;<a href=\"https:\/\/alzira.es\/wp-content\/uploads\/2019\/03\/BAN_COVID_20012021.pdf\" target=\"_blank\" rel=\"noopener\">Bando del Alcalde de 20 de enero de 2021, resumen de medidas que dict\u00f3 ayer la Generalitat Valenciana despu\u00e9s de la reuni\u00f3n con la Mesa Interdepartamental<\/a>.&nbsp;<br \/>\n<img decoding=\"async\" width=\"18\" height=\"15\" class=\"size-full wp-image-47004 lazyload\" data-src=\"https:\/\/alzira.es\/wp-content\/uploads\/2019\/03\/pdf_rojo.gif\" alt=\"pdf rojo\" src=\"data:image\/svg+xml;base64,PHN2ZyB3aWR0aD0iMSIgaGVpZ2h0PSIxIiB4bWxucz0iaHR0cDovL3d3dy53My5vcmcvMjAwMC9zdmciPjwvc3ZnPg==\" style=\"--smush-placeholder-width: 18px; --smush-placeholder-aspect-ratio: 18\/15;\">&nbsp;<a href=\"https:\/\/alzira.es\/wp-content\/uploads\/2019\/03\/ban_covid-_29_octubre_signat.pdf\" target=\"_blank\" rel=\"noopener\">Bando del Alcalde de 29 de octubre, de medidas especiales COVID 19 en Alzira<\/a>.&nbsp;<br \/>\n<img decoding=\"async\" width=\"18\" height=\"15\" class=\"size-full wp-image-47004 lazyload\" data-src=\"https:\/\/alzira.es\/wp-content\/uploads\/2019\/03\/pdf_rojo.gif\" alt=\"pdf rojo\" src=\"data:image\/svg+xml;base64,PHN2ZyB3aWR0aD0iMSIgaGVpZ2h0PSIxIiB4bWxucz0iaHR0cDovL3d3dy53My5vcmcvMjAwMC9zdmciPjwvc3ZnPg==\" style=\"--smush-placeholder-width: 18px; --smush-placeholder-aspect-ratio: 18\/15;\">&nbsp;<a href=\"contenidos\/COVID-19\/docs\/ban_covid-_22_octubre__val_cast.pdf\" target=\"_blank\" rel=\"noopener\">Bando del Alcalde de 22 de octubre, ante la proliferaci\u00f3n de casos de COVID 19 en Alzira<\/a>.&nbsp;<br \/>\n<img decoding=\"async\" class=\"size-full wp-image-48272 lazyload\" data-src=\"https:\/\/alzira.es\/wp-content\/uploads\/2019\/03\/jpg.png\" alt=\"imagen jpg\" width=\"18\" height=\"18\" data-srcset=\"https:\/\/alzira.es\/wp-content\/uploads\/2019\/03\/jpg.png 512w, https:\/\/alzira.es\/wp-content\/uploads\/2019\/03\/jpg-510x510.png 510w, https:\/\/alzira.es\/wp-content\/uploads\/2019\/03\/jpg-350x350.png 350w, https:\/\/alzira.es\/wp-content\/uploads\/2019\/03\/jpg-100x100.png 100w\" data-sizes=\"(max-width: 18px) 100vw, 18px\" src=\"data:image\/svg+xml;base64,PHN2ZyB3aWR0aD0iMSIgaGVpZ2h0PSIxIiB4bWxucz0iaHR0cDovL3d3dy53My5vcmcvMjAwMC9zdmciPjwvc3ZnPg==\" style=\"--smush-placeholder-width: 18px; --smush-placeholder-aspect-ratio: 18\/18;\" \/>&nbsp;<a href=\"https:\/\/alzira.es\/wp-content\/uploads\/2019\/03\/ban_8_desescalada_fase_0_4_maig-1.jpg\" target=\"_blank\" rel=\"noopener\">Bando del Alcalde de 3 de mayo de 2020 sobre Apertura de bares y servicios con cita previa<\/a>.&nbsp;<br \/>\n<img decoding=\"async\" class=\"size-full wp-image-48272 lazyload\" data-src=\"https:\/\/alzira.es\/wp-content\/uploads\/2019\/03\/jpg.png\" alt=\"imagen jpg\" width=\"18\" height=\"18\" data-srcset=\"https:\/\/alzira.es\/wp-content\/uploads\/2019\/03\/jpg.png 512w, https:\/\/alzira.es\/wp-content\/uploads\/2019\/03\/jpg-510x510.png 510w, https:\/\/alzira.es\/wp-content\/uploads\/2019\/03\/jpg-350x350.png 350w, https:\/\/alzira.es\/wp-content\/uploads\/2019\/03\/jpg-100x100.png 100w\" data-sizes=\"(max-width: 18px) 100vw, 18px\" src=\"data:image\/svg+xml;base64,PHN2ZyB3aWR0aD0iMSIgaGVpZ2h0PSIxIiB4bWxucz0iaHR0cDovL3d3dy53My5vcmcvMjAwMC9zdmciPjwvc3ZnPg==\" style=\"--smush-placeholder-width: 18px; --smush-placeholder-aspect-ratio: 18\/18;\" \/>&nbsp;<a href=\"https:\/\/alzira.es\/wp-content\/uploads\/2019\/03\/ban_7_fase_0_descalada_val.jpg\" target=\"_blank\" rel=\"noopener\">Bando del Alcalde de 1 de mayo de 2020 sobre Medidas para deporte y paseos.<\/a>.&nbsp;<br \/>\n<img decoding=\"async\" width=\"18\" height=\"15\" class=\"size-full wp-image-47004 lazyload\" data-src=\"https:\/\/alzira.es\/wp-content\/uploads\/2019\/03\/pdf_rojo.gif\" alt=\"pdf rojo\" src=\"data:image\/svg+xml;base64,PHN2ZyB3aWR0aD0iMSIgaGVpZ2h0PSIxIiB4bWxucz0iaHR0cDovL3d3dy53My5vcmcvMjAwMC9zdmciPjwvc3ZnPg==\" style=\"--smush-placeholder-width: 18px; --smush-placeholder-aspect-ratio: 18\/15;\">&nbsp;<a href=\"https:\/\/alzira.es\/wp-content\/uploads\/2020\/03\/ban_6_activitats_no_essencials.pdf\" target=\"_blank\" rel=\"noopener\">Bando del Alcalde de 30 de marzo, que regula un permiso retribuido recuperable para personal laboral por cuenta ajena, de car\u00e1cter obligatorio y limitado en el tiempo del 30 de marzo al 9 de abril, para todo el personal laboral por cuenta ajena que presta servicios en empresas o entidades del sector p\u00fablico o privado que desarrollan actividades no esenciales con el fin de reducir la movilidad de la poblaci\u00f3n en el contexto de la lucha contra el COVID-19<\/a>.&nbsp;<br \/>\n<img decoding=\"async\" width=\"18\" height=\"15\" class=\"size-full wp-image-47004 lazyload\" data-src=\"https:\/\/alzira.es\/wp-content\/uploads\/2019\/03\/pdf_rojo.gif\" alt=\"pdf rojo\" src=\"data:image\/svg+xml;base64,PHN2ZyB3aWR0aD0iMSIgaGVpZ2h0PSIxIiB4bWxucz0iaHR0cDovL3d3dy53My5vcmcvMjAwMC9zdmciPjwvc3ZnPg==\" style=\"--smush-placeholder-width: 18px; --smush-placeholder-aspect-ratio: 18\/15;\">&nbsp;<a href=\"https:\/\/alzira.es\/wp-content\/uploads\/2019\/03\/DECRETO_No_620_20200330.pdf\" target=\"_blank\" rel=\"noopener\">Decret sobre modificaci\u00f3 serveis m\u00ednims essencials i altres mesures<\/a>.&nbsp;<br \/>\n<img decoding=\"async\" width=\"18\" height=\"15\" class=\"size-full wp-image-47004 lazyload\" data-src=\"https:\/\/alzira.es\/wp-content\/uploads\/2019\/03\/pdf_rojo.gif\" alt=\"pdf rojo\" src=\"data:image\/svg+xml;base64,PHN2ZyB3aWR0aD0iMSIgaGVpZ2h0PSIxIiB4bWxucz0iaHR0cDovL3d3dy53My5vcmcvMjAwMC9zdmciPjwvc3ZnPg==\" style=\"--smush-placeholder-width: 18px; --smush-placeholder-aspect-ratio: 18\/15;\">&nbsp;<a href=\"https:\/\/alzira.es\/wp-content\/uploads\/2019\/03\/prorroga_estat_alarma_ban_5.pdf\" target=\"_blank\" rel=\"noopener\">Bando del Alcalde de 23 de marzo de 2020 sobre la ampliaci\u00f3n del Estado de Alarma en todo el territorio nacional hasta el pr\u00f3ximo 11 de abril<\/a>.&nbsp;<br \/>\n<img decoding=\"async\" width=\"18\" height=\"15\" class=\"size-full wp-image-47004 lazyload\" data-src=\"https:\/\/alzira.es\/wp-content\/uploads\/2019\/03\/pdf_rojo.gif\" alt=\"pdf rojo\" src=\"data:image\/svg+xml;base64,PHN2ZyB3aWR0aD0iMSIgaGVpZ2h0PSIxIiB4bWxucz0iaHR0cDovL3d3dy53My5vcmcvMjAwMC9zdmciPjwvc3ZnPg==\" style=\"--smush-placeholder-width: 18px; --smush-placeholder-aspect-ratio: 18\/15;\">&nbsp;<a href=\"https:\/\/alzira.es\/wp-content\/uploads\/2019\/03\/0323d0604_Decret_1r_pagament_IBI_domiciliat_-_Taxa_Mercat_ambulant_dimecres.pdf\" target=\"_blank\" rel=\"noopener\">Decret sobre ajornament de l&#8217;IBI urbana domiciliat i de la taxa del Mercat ambulant<\/a>.&nbsp;<br \/>\n<img decoding=\"async\" width=\"18\" height=\"15\" class=\"size-full wp-image-47004 lazyload\" data-src=\"https:\/\/alzira.es\/wp-content\/uploads\/2019\/03\/pdf_rojo.gif\" alt=\"pdf rojo\" src=\"data:image\/svg+xml;base64,PHN2ZyB3aWR0aD0iMSIgaGVpZ2h0PSIxIiB4bWxucz0iaHR0cDovL3d3dy53My5vcmcvMjAwMC9zdmciPjwvc3ZnPg==\" style=\"--smush-placeholder-width: 18px; --smush-placeholder-aspect-ratio: 18\/15;\">&nbsp;<a href=\"https:\/\/alzira.es\/wp-content\/uploads\/2019\/03\/0317d0602_Decret_IBI_urbana_i_taxa_ocupacio_via_publica_COVID-19.pdf\" target=\"_blank\" rel=\"noopener\">Decret sobre ajornament de l&#8217;IBI urbana i de la taxa per ocupaci\u00f3 de la v\u00eda p\u00fablica amb taules i cadires de bars i cafeteries<\/a>.&nbsp;<br \/>\n<img decoding=\"async\" width=\"18\" height=\"15\" class=\"size-full wp-image-47004 lazyload\" data-src=\"https:\/\/alzira.es\/wp-content\/uploads\/2019\/03\/pdf_rojo.gif\" alt=\"pdf rojo\" src=\"data:image\/svg+xml;base64,PHN2ZyB3aWR0aD0iMSIgaGVpZ2h0PSIxIiB4bWxucz0iaHR0cDovL3d3dy53My5vcmcvMjAwMC9zdmciPjwvc3ZnPg==\" style=\"--smush-placeholder-width: 18px; --smush-placeholder-aspect-ratio: 18\/15;\">&nbsp;<a href=\"https:\/\/alzira.es\/wp-content\/uploads\/2019\/03\/suspensio_estat_alarma_2.pdf\" target=\"_blank\" rel=\"noopener\">Bando del Alcalde de 16 de marzo de 2020 ante la situaci\u00f3n sanitaria actual y despu\u00e9s del Decreto del Estado de Alarma por parte del Gobierno Central<\/a>.&nbsp;<br \/>\n<img decoding=\"async\" width=\"18\" height=\"15\" class=\"size-full wp-image-47004 lazyload\" data-src=\"https:\/\/alzira.es\/wp-content\/uploads\/2019\/03\/pdf_rojo.gif\" alt=\"pdf rojo\" src=\"data:image\/svg+xml;base64,PHN2ZyB3aWR0aD0iMSIgaGVpZ2h0PSIxIiB4bWxucz0iaHR0cDovL3d3dy53My5vcmcvMjAwMC9zdmciPjwvc3ZnPg==\" style=\"--smush-placeholder-width: 18px; --smush-placeholder-aspect-ratio: 18\/15;\">&nbsp;<a href=\"https:\/\/alzira.es\/wp-content\/uploads\/2019\/03\/DECRET_No_575_20200316.pdf\" target=\"_blank\" rel=\"noopener\">Decret sobre serveis m\u00ednims essencials i altres mesures<\/a>.&nbsp;<br \/>\n<img decoding=\"async\" width=\"18\" height=\"15\" class=\"size-full wp-image-47004 lazyload\" data-src=\"https:\/\/alzira.es\/wp-content\/uploads\/2019\/03\/pdf_rojo.gif\" alt=\"pdf rojo\" src=\"data:image\/svg+xml;base64,PHN2ZyB3aWR0aD0iMSIgaGVpZ2h0PSIxIiB4bWxucz0iaHR0cDovL3d3dy53My5vcmcvMjAwMC9zdmciPjwvc3ZnPg==\" style=\"--smush-placeholder-width: 18px; --smush-placeholder-aspect-ratio: 18\/15;\">&nbsp;<a href=\"https:\/\/alzira.es\/wp-content\/uploads\/2019\/03\/suspensio_estat_alarma.pdf\" target=\"_blank\" rel=\"noopener\">Bando el Alcalde de 14 de marzo de 2020. Ante la situaci\u00f3n sanitaria actual y despu\u00e9s del Decreto del Estado de Alarma por parte del Gobierno Central, el Ayuntamiento de Alzira informa de las medidas en vigor para hacer frente al COVID-19 desde el 15 de marzo y durante 15 d\u00edas<\/a>.&nbsp;<br \/>\n<img decoding=\"async\" width=\"18\" height=\"15\" class=\"size-full wp-image-47004 lazyload\" data-src=\"https:\/\/alzira.es\/wp-content\/uploads\/2019\/03\/pdf_rojo.gif\" alt=\"pdf rojo\" src=\"data:image\/svg+xml;base64,PHN2ZyB3aWR0aD0iMSIgaGVpZ2h0PSIxIiB4bWxucz0iaHR0cDovL3d3dy53My5vcmcvMjAwMC9zdmciPjwvc3ZnPg==\" style=\"--smush-placeholder-width: 18px; --smush-placeholder-aspect-ratio: 18\/15;\">&nbsp;<a href=\"https:\/\/alzira.es\/wp-content\/uploads\/2019\/03\/Bando_Covid_suspensio_JUBILATS_I_INSTALLACIONS.pdf\" target=\"_blank\" rel=\"noopener\">Bando del Alcalde de 13 de marzo de 2020. El Ayuntamiento de Alzira ha acordado hoy en la reuni\u00f3n del Comit\u00e9 de Emergencia Permanente Interdepartamental nuevas medidas preventivas dirigidas a frenar o paliar el riesgo de contagio o de transmisi\u00f3n<\/a>.&nbsp;<br \/>\n<img decoding=\"async\" width=\"18\" height=\"15\" class=\"size-full wp-image-47004 lazyload\" data-src=\"https:\/\/alzira.es\/wp-content\/uploads\/2019\/03\/pdf_rojo.gif\" alt=\"pdf rojo\" src=\"data:image\/svg+xml;base64,PHN2ZyB3aWR0aD0iMSIgaGVpZ2h0PSIxIiB4bWxucz0iaHR0cDovL3d3dy53My5vcmcvMjAwMC9zdmciPjwvc3ZnPg==\" style=\"--smush-placeholder-width: 18px; --smush-placeholder-aspect-ratio: 18\/15;\">&nbsp;<a href=\"https:\/\/alzira.es\/wp-content\/uploads\/2019\/03\/Bando_Covid_suspensio_actes_publics.pdf\" target=\"_blank\" rel=\"noopener\">Bando del Alcalde de 12 de marzo de 2020. El Ayuntamiento de Alzira suspende todas las actividades municipales p\u00fablicas, desde el 13 hasta el 25 de marzo, ambos incluidos<\/a>.&nbsp;<\/p>\n","protected":false},"excerpt":{"rendered":"<p>&nbsp;Real Decreto 926\/2020, de 25 de octubre, por el que se declara el estado de alarma para contener la propagaci\u00f3n de infecciones causadas por el SARS-CoV-2. &nbsp;Real Decreto-ley 14\/2020, de 14 de abril, por el que se extiende el plazo para la presentaci\u00f3n e ingreso de determinadas declaraciones y autoliquidaciones tributarias. &nbsp;RD 11\/2020 sobre medidas &hellip; <\/p>\n<p class=\"link-more\"><a href=\"https:\/\/alzira.es\/es\/covid-19\/covid-19-5\/\" class=\"more-link\">Continuar leyendo<span class=\"screen-reader-text\"> \u00abPublicaciones oficiales\u00bb<\/span><\/a><\/p>\n","protected":false},"author":29,"featured_media":48254,"parent":88253,"menu_order":3,"comment_status":"closed","ping_status":"closed","template":"","meta":{"_acf_changed":false,"footnotes":""},"class_list":["post-48288","page","type-page","status-publish","has-post-thumbnail","hentry"],"acf":[],"_links":{"self":[{"href":"https:\/\/alzira.es\/es\/wp-json\/wp\/v2\/pages\/48288","targetHints":{"allow":["GET"]}}],"collection":[{"href":"https:\/\/alzira.es\/es\/wp-json\/wp\/v2\/pages"}],"about":[{"href":"https:\/\/alzira.es\/es\/wp-json\/wp\/v2\/types\/page"}],"author":[{"embeddable":true,"href":"https:\/\/alzira.es\/es\/wp-json\/wp\/v2\/users\/29"}],"replies":[{"embeddable":true,"href":"https:\/\/alzira.es\/es\/wp-json\/wp\/v2\/comments?post=48288"}],"version-history":[{"count":1,"href":"https:\/\/alzira.es\/es\/wp-json\/wp\/v2\/pages\/48288\/revisions"}],"predecessor-version":[{"id":88263,"href":"https:\/\/alzira.es\/es\/wp-json\/wp\/v2\/pages\/48288\/revisions\/88263"}],"up":[{"embeddable":true,"href":"https:\/\/alzira.es\/es\/wp-json\/wp\/v2\/pages\/88253"}],"wp:featuredmedia":[{"embeddable":true,"href":"https:\/\/alzira.es\/es\/wp-json\/wp\/v2\/media\/48254"}],"wp:attachment":[{"href":"https:\/\/alzira.es\/es\/wp-json\/wp\/v2\/media?parent=48288"}],"curies":[{"name":"wp","href":"https:\/\/api.w.org\/{rel}","templated":true}]}}