{"id":48250,"date":"2019-03-05T13:13:03","date_gmt":"2019-03-05T12:13:03","guid":{"rendered":"https:\/\/alzira.es\/covid-19-6\/"},"modified":"2021-09-03T19:22:21","modified_gmt":"2021-09-03T17:22:21","slug":"covid-19-6","status":"publish","type":"page","link":"https:\/\/alzira.es\/es\/covid-19\/covid-19-6\/","title":{"rendered":"Enlaces de inter\u00e9s"},"content":{"rendered":"\n<p><img decoding=\"async\" width=\"18\" height=\"15\" class=\"size-full wp-image-47004 lazyload\" data-src=\"https:\/\/alzira.es\/wp-content\/uploads\/2019\/03\/pdf_rojo.gif\" alt=\"pdf rojo\" src=\"data:image\/svg+xml;base64,PHN2ZyB3aWR0aD0iMSIgaGVpZ2h0PSIxIiB4bWxucz0iaHR0cDovL3d3dy53My5vcmcvMjAwMC9zdmciPjwvc3ZnPg==\" style=\"--smush-placeholder-width: 18px; --smush-placeholder-aspect-ratio: 18\/15;\">&nbsp;<a href=\"https:\/\/www.lamoncloa.gob.es\/serviciosdeprensa\/notasprensa\/sanidad14\/Documents\/2020\/03052020_Desescalada.pdf\" target=\"_blank\" rel=\"noopener\">Plan para la Transici\u00f3n hacia una Nueva Normalidad. Preguntas y respuestas<\/a> (PDF)<\/p>\n\n\n\n<p><img decoding=\"async\" width=\"18\" height=\"15\" class=\"size-full wp-image-47004 lazyload\" data-src=\"https:\/\/alzira.es\/wp-content\/uploads\/2019\/03\/pdf_rojo.gif\" alt=\"pdf rojo\" src=\"data:image\/svg+xml;base64,PHN2ZyB3aWR0aD0iMSIgaGVpZ2h0PSIxIiB4bWxucz0iaHR0cDovL3d3dy53My5vcmcvMjAwMC9zdmciPjwvc3ZnPg==\" style=\"--smush-placeholder-width: 18px; --smush-placeholder-aspect-ratio: 18\/15;\">&nbsp;<a href=\"https:\/\/www.lamoncloa.gob.es\/consejodeministros\/resumenes\/Documents\/2020\/PlanTransicionNuevaNormalidad.pdf\" target=\"_blank\" rel=\"noopener\">Plan para la Transici\u00f3n hacia una Nueva Normalidad<\/a> (PDF)<\/p>\n\n\n\n<p><img decoding=\"async\" width=\"18\" height=\"18\" class=\"size-full wp-image-47139 lazyload\" data-src=\"https:\/\/alzira.es\/wp-content\/uploads\/2019\/03\/enlaces-internos.jpg\" alt=\"enlaces-internos\" src=\"data:image\/svg+xml;base64,PHN2ZyB3aWR0aD0iMSIgaGVpZ2h0PSIxIiB4bWxucz0iaHR0cDovL3d3dy53My5vcmcvMjAwMC9zdmciPjwvc3ZnPg==\" style=\"--smush-placeholder-width: 18px; --smush-placeholder-aspect-ratio: 18\/18;\">&nbsp;<a href=\"http:\/\/infocoronavirus.gva.es\/\" target=\"_blank\" rel=\"noopener\">Informaci\u00f3n sobre el Coronavirus. Generalitat Valenciana<\/a><\/p>\n\n\n\n<p><a href=\"http:\/\/www.san.gva.es\/web_estatica\/index_es.html\" target=\"_blank\" rel=\"noopener\"><img decoding=\"async\" width=\"18\" height=\"18\" class=\"size-full wp-image-47139 lazyload\" data-src=\"https:\/\/alzira.es\/wp-content\/uploads\/2019\/03\/enlaces-internos.jpg\" alt=\"enlaces-internos\" src=\"data:image\/svg+xml;base64,PHN2ZyB3aWR0aD0iMSIgaGVpZ2h0PSIxIiB4bWxucz0iaHR0cDovL3d3dy53My5vcmcvMjAwMC9zdmciPjwvc3ZnPg==\" style=\"--smush-placeholder-width: 18px; --smush-placeholder-aspect-ratio: 18\/18;\">&nbsp;Conselleria de Sanidad Universal y Salud P\u00fablica<\/a>&nbsp;<\/p>\n\n\n\n<p><img decoding=\"async\" width=\"18\" height=\"18\" class=\"size-full wp-image-47139 lazyload\" data-src=\"https:\/\/alzira.es\/wp-content\/uploads\/2019\/03\/enlaces-internos.jpg\" alt=\"enlaces-internos\" src=\"data:image\/svg+xml;base64,PHN2ZyB3aWR0aD0iMSIgaGVpZ2h0PSIxIiB4bWxucz0iaHR0cDovL3d3dy53My5vcmcvMjAwMC9zdmciPjwvc3ZnPg==\" style=\"--smush-placeholder-width: 18px; --smush-placeholder-aspect-ratio: 18\/18;\">&nbsp;<a href=\"http:\/\/www.indi.gva.es\/es\" target=\"_blank\" rel=\"noopener\">Conselleria de Econom\u00eda Sostenible, Sectores Productivos, Comercio y Trabajo<\/a>&nbsp;<\/p>\n\n\n\n<p><a style=\"font-size: 14.4px;\" href=\"http:\/\/www.san.gva.es\/web_estatica\/index_es.html\" target=\"_blank\" rel=\"noopener\"><img decoding=\"async\" width=\"18\" height=\"18\" class=\"size-full wp-image-47139 lazyload\" data-src=\"https:\/\/alzira.es\/wp-content\/uploads\/2019\/03\/enlaces-internos.jpg\" alt=\"enlaces-internos\" src=\"data:image\/svg+xml;base64,PHN2ZyB3aWR0aD0iMSIgaGVpZ2h0PSIxIiB4bWxucz0iaHR0cDovL3d3dy53My5vcmcvMjAwMC9zdmciPjwvc3ZnPg==\" style=\"--smush-placeholder-width: 18px; --smush-placeholder-aspect-ratio: 18\/18;\"><\/a>&nbsp;<a href=\"http:\/\/www.violenciagenero.igualdad.gob.es\/sensibilizacionConcienciacion\/campannas\/violenciaGobierno\/todoSaldraBien\/home.htm\" target=\"_blank\" rel=\"noopener\">Delegaci\u00f3n del Gobierno contra la Violencia de G\u00e9nero<\/a><\/p>\n\n\n\n<p><a style=\"font-size: 14.4px;\" href=\"http:\/\/www.san.gva.es\/web_estatica\/index_es.html\" target=\"_blank\" rel=\"noopener\"><img decoding=\"async\" width=\"18\" height=\"18\" class=\"size-full wp-image-47139 lazyload\" data-src=\"https:\/\/alzira.es\/wp-content\/uploads\/2019\/03\/enlaces-internos.jpg\" alt=\"enlaces-internos\" src=\"data:image\/svg+xml;base64,PHN2ZyB3aWR0aD0iMSIgaGVpZ2h0PSIxIiB4bWxucz0iaHR0cDovL3d3dy53My5vcmcvMjAwMC9zdmciPjwvc3ZnPg==\" style=\"--smush-placeholder-width: 18px; --smush-placeholder-aspect-ratio: 18\/18;\"><\/a>&nbsp;<a href=\"https:\/\/www.mscbs.gob.es\/profesionales\/saludPublica\/ccayes\/alertasActual\/nCov-China\/home.htm\" target=\"_blank\" rel=\"noopener\">Informaci\u00f3n Nacional Coronavirus (COVID-19). Ministerio de Sanidad<\/a><\/p>\n\n\n\n<p><img decoding=\"async\" width=\"18\" height=\"18\" class=\"size-full wp-image-47139 lazyload\" data-src=\"https:\/\/alzira.es\/wp-content\/uploads\/2019\/03\/enlaces-internos.jpg\" alt=\"enlaces-internos\" src=\"data:image\/svg+xml;base64,PHN2ZyB3aWR0aD0iMSIgaGVpZ2h0PSIxIiB4bWxucz0iaHR0cDovL3d3dy53My5vcmcvMjAwMC9zdmciPjwvc3ZnPg==\" style=\"--smush-placeholder-width: 18px; --smush-placeholder-aspect-ratio: 18\/18;\">&nbsp;<a href=\"https:\/\/www.fvmp.es\/3d-flip-book\/infomunicipal-2\/\" target=\"_blank\" rel=\"noopener\">Federaci\u00f3n Valenciana de Municipios y Provincias &#8211; especial COVID-19<\/a>&nbsp;<\/p>\n\n\n\n<p><img decoding=\"async\" width=\"18\" height=\"18\" class=\"size-full wp-image-47139 lazyload\" data-src=\"https:\/\/alzira.es\/wp-content\/uploads\/2019\/03\/enlaces-internos.jpg\" alt=\"enlaces-internos\" src=\"data:image\/svg+xml;base64,PHN2ZyB3aWR0aD0iMSIgaGVpZ2h0PSIxIiB4bWxucz0iaHR0cDovL3d3dy53My5vcmcvMjAwMC9zdmciPjwvc3ZnPg==\" style=\"--smush-placeholder-width: 18px; --smush-placeholder-aspect-ratio: 18\/18;\">&nbsp;<a href=\"%20consultar%20aqu\u00ed]\" target=\"_blank\" rel=\"noopener\">Aplicaci\u00f3n para m\u00f3viles &#8216;Generalitat Responde&#8217; para resolver las dudas no sanitarias sobre la crisis del coronavirus<\/a><\/p>\n\n\n\n<p><strong><span style=\"font-size: 14pt; font-family: Garamond, serif;\">&nbsp;<\/span><\/strong><\/p>\n\n\n\n<p class=\"has-text-align-center\">&nbsp;<\/p>\n","protected":false},"excerpt":{"rendered":"<p>&nbsp;Plan para la Transici\u00f3n hacia una Nueva Normalidad. Preguntas y respuestas (PDF) &nbsp;Plan para la Transici\u00f3n hacia una Nueva Normalidad (PDF) &nbsp;Informaci\u00f3n sobre el Coronavirus. Generalitat Valenciana &nbsp;Conselleria de Sanidad Universal y Salud P\u00fablica&nbsp; &nbsp;Conselleria de Econom\u00eda Sostenible, Sectores Productivos, Comercio y Trabajo&nbsp; &nbsp;Delegaci\u00f3n del Gobierno contra la Violencia de G\u00e9nero &nbsp;Informaci\u00f3n Nacional Coronavirus (COVID-19). &hellip; <\/p>\n<p class=\"link-more\"><a href=\"https:\/\/alzira.es\/es\/covid-19\/covid-19-6\/\" class=\"more-link\">Continuar leyendo<span class=\"screen-reader-text\"> \u00abEnlaces de inter\u00e9s\u00bb<\/span><\/a><\/p>\n","protected":false},"author":29,"featured_media":47004,"parent":89378,"menu_order":4,"comment_status":"closed","ping_status":"closed","template":"","meta":{"_acf_changed":false,"footnotes":""},"class_list":["post-48250","page","type-page","status-publish","has-post-thumbnail","hentry"],"acf":[],"_links":{"self":[{"href":"https:\/\/alzira.es\/es\/wp-json\/wp\/v2\/pages\/48250","targetHints":{"allow":["GET"]}}],"collection":[{"href":"https:\/\/alzira.es\/es\/wp-json\/wp\/v2\/pages"}],"about":[{"href":"https:\/\/alzira.es\/es\/wp-json\/wp\/v2\/types\/page"}],"author":[{"embeddable":true,"href":"https:\/\/alzira.es\/es\/wp-json\/wp\/v2\/users\/29"}],"replies":[{"embeddable":true,"href":"https:\/\/alzira.es\/es\/wp-json\/wp\/v2\/comments?post=48250"}],"version-history":[{"count":2,"href":"https:\/\/alzira.es\/es\/wp-json\/wp\/v2\/pages\/48250\/revisions"}],"predecessor-version":[{"id":89381,"href":"https:\/\/alzira.es\/es\/wp-json\/wp\/v2\/pages\/48250\/revisions\/89381"}],"up":[{"embeddable":true,"href":"https:\/\/alzira.es\/es\/wp-json\/wp\/v2\/pages\/89378"}],"wp:featuredmedia":[{"embeddable":true,"href":"https:\/\/alzira.es\/es\/wp-json\/wp\/v2\/media\/47004"}],"wp:attachment":[{"href":"https:\/\/alzira.es\/es\/wp-json\/wp\/v2\/media?parent=48250"}],"curies":[{"name":"wp","href":"https:\/\/api.w.org\/{rel}","templated":true}]}}