{"id":48246,"date":"2019-03-05T13:13:03","date_gmt":"2019-03-05T12:13:03","guid":{"rendered":"https:\/\/alzira.es\/covid-19-4\/"},"modified":"2021-09-03T19:22:18","modified_gmt":"2021-09-03T17:22:18","slug":"covid-19-4","status":"publish","type":"page","link":"https:\/\/alzira.es\/es\/covid-19\/covid-19-4\/","title":{"rendered":"Galer\u00eda de v\u00eddeos"},"content":{"rendered":"<p style=\"text-align: center;\"><a href=\"https:\/\/youtu.be\/uhu3kejWLA0\" target=\"_blank\" rel=\"noopener\"><img fetchpriority=\"high\" decoding=\"async\" class=\" size-full wp-image-48244\" src=\"https:\/\/alzira.es\/wp-content\/uploads\/2019\/03\/ninos_menores_de_14_anos.png\" alt=\"ni\u00f1os menores de 14 a\u00f1os\" width=\"500\" height=\"282\" srcset=\"https:\/\/alzira.es\/wp-content\/uploads\/2019\/03\/ninos_menores_de_14_anos.png 1920w, https:\/\/alzira.es\/wp-content\/uploads\/2019\/03\/ninos_menores_de_14_anos-680x383.png 680w, https:\/\/alzira.es\/wp-content\/uploads\/2019\/03\/ninos_menores_de_14_anos-1430x804.png 1430w, https:\/\/alzira.es\/wp-content\/uploads\/2019\/03\/ninos_menores_de_14_anos-768x432.png 768w, https:\/\/alzira.es\/wp-content\/uploads\/2019\/03\/ninos_menores_de_14_anos-1536x864.png 1536w\" sizes=\"(max-width: 500px) 100vw, 500px\" \/><\/a><\/p>\n<p style=\"text-align: center;\"><a class=\"jcepopup\" href=\"contenidos\/Sanitat\/videos\/V\u00eddeo%20ESP%20-%20Nuevo%20coronavirus.mp4\" target=\"_blank\" rel=\"noopener\"><img decoding=\"async\" class=\"size-full wp-image-47176 lazyload\" data-src=\"https:\/\/alzira.es\/wp-content\/uploads\/2019\/03\/Video_ESP_-_Nuevo_coronavirus.png\" alt=\"V\u00eddeo ESP - Nuevo coronavirus\" width=\"325\" height=\"183\" src=\"data:image\/svg+xml;base64,PHN2ZyB3aWR0aD0iMSIgaGVpZ2h0PSIxIiB4bWxucz0iaHR0cDovL3d3dy53My5vcmcvMjAwMC9zdmciPjwvc3ZnPg==\" style=\"--smush-placeholder-width: 325px; --smush-placeholder-aspect-ratio: 325\/183;\"><\/a>&nbsp;<a class=\"jcepopup\" style=\"font-size: 14.4px; text-align: center;\" href=\"contenidos\/Sanitat\/videos\/V\u00eddeo%20ESP%20-%20medidas%20de%20control.mp4\" target=\"_blank\" rel=\"noopener\"><img decoding=\"async\" class=\"size-full wp-image-47178 lazyload\" data-src=\"https:\/\/alzira.es\/wp-content\/uploads\/2019\/03\/Video_ESP_-_medidas_de_control.png\" alt=\"V\u00eddeo ESP - medidas de control\" width=\"325\" height=\"183\" src=\"data:image\/svg+xml;base64,PHN2ZyB3aWR0aD0iMSIgaGVpZ2h0PSIxIiB4bWxucz0iaHR0cDovL3d3dy53My5vcmcvMjAwMC9zdmciPjwvc3ZnPg==\" style=\"--smush-placeholder-width: 325px; --smush-placeholder-aspect-ratio: 325\/183;\"><\/a>&nbsp;<a class=\"jcepopup\" style=\"font-size: 14.4px; text-align: center;\" href=\"contenidos\/Sanitat\/videos\/V\u00eddeo%20ESP%20-%20Estado%20de%20alarma.mp4\" target=\"_blank\" rel=\"noopener\"><img decoding=\"async\" class=\"size-full wp-image-47180 lazyload\" data-src=\"https:\/\/alzira.es\/wp-content\/uploads\/2019\/03\/Video_ESP_-_Estado_de_alarma.png\" alt=\"V\u00eddeo ESP - Estado de alarma\" width=\"325\" height=\"183\" src=\"data:image\/svg+xml;base64,PHN2ZyB3aWR0aD0iMSIgaGVpZ2h0PSIxIiB4bWxucz0iaHR0cDovL3d3dy53My5vcmcvMjAwMC9zdmciPjwvc3ZnPg==\" style=\"--smush-placeholder-width: 325px; --smush-placeholder-aspect-ratio: 325\/183;\"><\/a><br \/>\n<a class=\"jcepopup\" style=\"font-size: 14.4px; text-align: center;\" href=\"https:\/\/videos.canal.gva.es\/p\/180\/sp\/18000\/embedIframeJs\/uiconf_id\/23448371\/partner_id\/180?iframeembed=true&amp;playerId=kaltura_player_1585146335&amp;entry_id=0_4g2ofd5z\" target=\"_blank\" rel=\"noopener\"><img decoding=\"async\" class=\"size-full wp-image-47182 lazyload\" data-src=\"https:\/\/alzira.es\/wp-content\/uploads\/2019\/03\/Gracias_por_no_bajar_los_brazos.png\" alt=\"Gracias por no bajar los brazos\" width=\"325\" height=\"183\" src=\"data:image\/svg+xml;base64,PHN2ZyB3aWR0aD0iMSIgaGVpZ2h0PSIxIiB4bWxucz0iaHR0cDovL3d3dy53My5vcmcvMjAwMC9zdmciPjwvc3ZnPg==\" style=\"--smush-placeholder-width: 325px; --smush-placeholder-aspect-ratio: 325\/183;\"><\/a>&nbsp;<a class=\"jcepopup\" style=\"font-size: 14.4px; text-align: center;\" href=\"https:\/\/videos.canal.gva.es\/p\/180\/sp\/18000\/embedIframeJs\/uiconf_id\/23448371\/partner_id\/180?iframeembed=true&amp;playerId=kaltura_player_1585154643&amp;entry_id=0_5wuf0bo6\" target=\"_blank\" rel=\"noopener\"><img decoding=\"async\" class=\"size-full wp-image-47184 lazyload\" data-src=\"https:\/\/alzira.es\/wp-content\/uploads\/2019\/03\/propagacion_covid.png\" alt=\"propagacion covid\" width=\"325\" height=\"183\" src=\"data:image\/svg+xml;base64,PHN2ZyB3aWR0aD0iMSIgaGVpZ2h0PSIxIiB4bWxucz0iaHR0cDovL3d3dy53My5vcmcvMjAwMC9zdmciPjwvc3ZnPg==\" style=\"--smush-placeholder-width: 325px; --smush-placeholder-aspect-ratio: 325\/183;\"><\/a>&nbsp;<a class=\"jcepopup\" href=\"https:\/\/alzira.es\/wp-content\/uploads\/2019\/03\/Video_LA_RIBERA_i_POLICIA.mp4\" target=\"_blank\" rel=\"noopener\"><img decoding=\"async\" class=\"size-full wp-image-47189 lazyload\" data-src=\"https:\/\/alzira.es\/wp-content\/uploads\/2019\/03\/Video_-_LA_RIBERA_i_POLICIA.png\" alt=\"V\u00eddeo - LA RIBERA i POLICIA\" width=\"325\" height=\"183\" src=\"data:image\/svg+xml;base64,PHN2ZyB3aWR0aD0iMSIgaGVpZ2h0PSIxIiB4bWxucz0iaHR0cDovL3d3dy53My5vcmcvMjAwMC9zdmciPjwvc3ZnPg==\" style=\"--smush-placeholder-width: 325px; --smush-placeholder-aspect-ratio: 325\/183;\"><\/a><br \/>\n<a class=\"jcepopup\" style=\"font-size: 14.4px; text-align: center;\" href=\"https:\/\/videos.canal.gva.es\/p\/180\/sp\/18000\/embedIframeJs\/uiconf_id\/23448371\/partner_id\/180?iframeembed=true&amp;playerId=kaltura_player_1584808228&amp;entry_id=0_m1iw8oxz\" target=\"_blank\" rel=\"noopener\"><img decoding=\"async\" class=\"size-full wp-image-47192 lazyload\" data-src=\"https:\/\/alzira.es\/wp-content\/uploads\/2019\/03\/Informacion_para_personas_con_tratamientos_cronicos.png\" alt=\"Informaci\u00f3n para personas con tratamientos cr\u00f3nicos\" width=\"325\" height=\"183\" src=\"data:image\/svg+xml;base64,PHN2ZyB3aWR0aD0iMSIgaGVpZ2h0PSIxIiB4bWxucz0iaHR0cDovL3d3dy53My5vcmcvMjAwMC9zdmciPjwvc3ZnPg==\" style=\"--smush-placeholder-width: 325px; --smush-placeholder-aspect-ratio: 325\/183;\"><\/a>&nbsp;<a class=\"jcepopup\" style=\"font-size: 14.4px; text-align: center;\" href=\"https:\/\/videos.canal.gva.es\/p\/180\/sp\/18000\/embedIframeJs\/uiconf_id\/23448371\/partner_id\/180?iframeembed=true&amp;playerId=kaltura_player_1584728915&amp;entry_id=0_hjptf87t\" target=\"_blank\" rel=\"noopener\"><img decoding=\"async\" class=\"size-full wp-image-47195 lazyload\" data-src=\"https:\/\/alzira.es\/wp-content\/uploads\/2019\/03\/Coronavirus_y_mascotas.png\" alt=\"Coronavirus y mascotas\" width=\"325\" height=\"183\" src=\"data:image\/svg+xml;base64,PHN2ZyB3aWR0aD0iMSIgaGVpZ2h0PSIxIiB4bWxucz0iaHR0cDovL3d3dy53My5vcmcvMjAwMC9zdmciPjwvc3ZnPg==\" style=\"--smush-placeholder-width: 325px; --smush-placeholder-aspect-ratio: 325\/183;\"><\/a><strong><span style=\"font-size: 14pt; font-family: Garamond, serif;\">&nbsp;<a class=\"jcepopup\" style=\"font-size: 14.4px; text-align: center;\" href=\"https:\/\/videos.canal.gva.es\/p\/180\/sp\/18000\/embedIframeJs\/uiconf_id\/23448371\/partner_id\/180?iframeembed=true&amp;playerId=kaltura_player_1584639987&amp;entry_id=0_nvgcgyxn\" target=\"_blank\" rel=\"noopener\"><img decoding=\"async\" class=\"size-full wp-image-47198 lazyload\" data-src=\"https:\/\/alzira.es\/wp-content\/uploads\/2019\/03\/Que_hacer_con_los_ninos_y_ninas_estos_dias_sin_cole.png\" alt=\"Qu\u00e9 hacer con los ni\u00f1os y ni\u00f1as estos d\u00edas sin cole\" width=\"325\" height=\"183\" src=\"data:image\/svg+xml;base64,PHN2ZyB3aWR0aD0iMSIgaGVpZ2h0PSIxIiB4bWxucz0iaHR0cDovL3d3dy53My5vcmcvMjAwMC9zdmciPjwvc3ZnPg==\" style=\"--smush-placeholder-width: 325px; --smush-placeholder-aspect-ratio: 325\/183;\"><\/a><\/span><\/strong><br \/>\n<a class=\"jcepopup\" style=\"font-size: 14.4px; text-align: center;\" href=\"https:\/\/videos.canal.gva.es\/p\/180\/sp\/18000\/embedIframeJs\/uiconf_id\/23448371\/partner_id\/180?iframeembed=true&amp;playerId=kaltura_player_1584352150&amp;entry_id=0_wdhx2yz0\" target=\"_blank\" rel=\"noopener\"><img decoding=\"async\" class=\"size-full wp-image-47200 lazyload\" data-src=\"https:\/\/alzira.es\/wp-content\/uploads\/2019\/03\/quedate_en_casa.png\" alt=\"quedate en casa\" width=\"325\" height=\"183\" src=\"data:image\/svg+xml;base64,PHN2ZyB3aWR0aD0iMSIgaGVpZ2h0PSIxIiB4bWxucz0iaHR0cDovL3d3dy53My5vcmcvMjAwMC9zdmciPjwvc3ZnPg==\" style=\"--smush-placeholder-width: 325px; --smush-placeholder-aspect-ratio: 325\/183;\"><\/a>&nbsp;<a class=\"jcepopup\" style=\"font-size: 14.4px; text-align: center;\" href=\"https:\/\/alzira.es\/wp-content\/uploads\/2019\/03\/video_coronavirus_cas.mp4\" target=\"_blank\" rel=\"noopener\"><img decoding=\"async\" class=\"size-full wp-image-47205 lazyload\" data-src=\"https:\/\/alzira.es\/wp-content\/uploads\/2019\/03\/Video_-_SAN-coronavirus_val.png\" alt=\"V\u00eddeo - SAN-coronavirus val\" width=\"325\" height=\"183\" src=\"data:image\/svg+xml;base64,PHN2ZyB3aWR0aD0iMSIgaGVpZ2h0PSIxIiB4bWxucz0iaHR0cDovL3d3dy53My5vcmcvMjAwMC9zdmciPjwvc3ZnPg==\" style=\"--smush-placeholder-width: 325px; --smush-placeholder-aspect-ratio: 325\/183;\"><\/a><strong><span style=\"font-size: 14pt; font-family: Garamond, serif;\">&nbsp;<a class=\"jcepopup\" style=\"font-size: 14.4px; text-align: center;\" href=\"https:\/\/alzira.es\/wp-content\/uploads\/2019\/03\/Video_SAN_COVID_19.mp4\" target=\"_blank\" rel=\"noopener\"><img decoding=\"async\" class=\"size-full wp-image-47212 lazyload\" data-src=\"https:\/\/alzira.es\/wp-content\/uploads\/2019\/03\/Video_-_SAN-COVID-19.png\" alt=\"V\u00eddeo - SAN-COVID-19\" width=\"325\" height=\"183\" src=\"data:image\/svg+xml;base64,PHN2ZyB3aWR0aD0iMSIgaGVpZ2h0PSIxIiB4bWxucz0iaHR0cDovL3d3dy53My5vcmcvMjAwMC9zdmciPjwvc3ZnPg==\" style=\"--smush-placeholder-width: 325px; --smush-placeholder-aspect-ratio: 325\/183;\"><\/a><\/span><\/strong><span style=\"font-size: 14.4px;\">&nbsp;<\/span><\/p>\n<p style=\"margin-bottom: 0.0001pt; line-height: 15pt; border: none; padding: 0cm; text-align: center;\">&nbsp;<span style=\"font-size: 14.4px;\">&nbsp;<a class=\"jcepopup\" href=\"https:\/\/videos.canal.gva.es\/p\/185\/sp\/18500\/embedIframeJs\/uiconf_id\/23448376\/partner_id\/185?iframeembed=true&amp;entry_id=0_ufjg6r7l\" target=\"_blank\" rel=\"noopener\"><img decoding=\"async\" width=\"500\" height=\"281\" class=\"size-full wp-image-47216 lazyload\" data-src=\"https:\/\/alzira.es\/wp-content\/uploads\/2019\/03\/Medidas_Covid_para_Trabajadores_y_Parados.png\" alt=\"Medidas Covid para Trabajadores y Parados\" src=\"data:image\/svg+xml;base64,PHN2ZyB3aWR0aD0iMSIgaGVpZ2h0PSIxIiB4bWxucz0iaHR0cDovL3d3dy53My5vcmcvMjAwMC9zdmciPjwvc3ZnPg==\" style=\"--smush-placeholder-width: 500px; --smush-placeholder-aspect-ratio: 500\/281;\"><\/a><\/span><\/p>\n<p style=\"margin-bottom: 0.0001pt; line-height: 15pt; border: none; padding-top: 0cm; padding-right: 0cm; padding-bottom: 0cm; margin-left: 30px;\">&nbsp;<\/p>\n<p style=\"margin-bottom: 0.0001pt; line-height: 15pt; border: none; padding: 0cm;\">&nbsp;<\/p>\n","protected":false},"excerpt":{"rendered":"<p>&nbsp;&nbsp; &nbsp;&nbsp; &nbsp;&nbsp; &nbsp;&nbsp;&nbsp; &nbsp;&nbsp; &nbsp; &nbsp;<\/p>\n","protected":false},"author":29,"featured_media":48244,"parent":89378,"menu_order":5,"comment_status":"closed","ping_status":"closed","template":"","meta":{"_acf_changed":false,"footnotes":""},"class_list":["post-48246","page","type-page","status-publish","has-post-thumbnail","hentry"],"acf":[],"_links":{"self":[{"href":"https:\/\/alzira.es\/es\/wp-json\/wp\/v2\/pages\/48246","targetHints":{"allow":["GET"]}}],"collection":[{"href":"https:\/\/alzira.es\/es\/wp-json\/wp\/v2\/pages"}],"about":[{"href":"https:\/\/alzira.es\/es\/wp-json\/wp\/v2\/types\/page"}],"author":[{"embeddable":true,"href":"https:\/\/alzira.es\/es\/wp-json\/wp\/v2\/users\/29"}],"replies":[{"embeddable":true,"href":"https:\/\/alzira.es\/es\/wp-json\/wp\/v2\/comments?post=48246"}],"version-history":[{"count":1,"href":"https:\/\/alzira.es\/es\/wp-json\/wp\/v2\/pages\/48246\/revisions"}],"predecessor-version":[{"id":88261,"href":"https:\/\/alzira.es\/es\/wp-json\/wp\/v2\/pages\/48246\/revisions\/88261"}],"up":[{"embeddable":true,"href":"https:\/\/alzira.es\/es\/wp-json\/wp\/v2\/pages\/89378"}],"wp:featuredmedia":[{"embeddable":true,"href":"https:\/\/alzira.es\/es\/wp-json\/wp\/v2\/media\/48244"}],"wp:attachment":[{"href":"https:\/\/alzira.es\/es\/wp-json\/wp\/v2\/media?parent=48246"}],"curies":[{"name":"wp","href":"https:\/\/api.w.org\/{rel}","templated":true}]}}