{"id":48216,"date":"2019-03-05T13:13:03","date_gmt":"2019-03-05T12:13:03","guid":{"rendered":"https:\/\/alzira.es\/covid-19-3\/"},"modified":"2021-09-01T21:59:16","modified_gmt":"2021-09-01T19:59:16","slug":"covid-19-3","status":"publish","type":"page","link":"https:\/\/alzira.es\/es\/covid-19\/covid-19-3\/","title":{"rendered":"Informaci\u00f3n para empresas"},"content":{"rendered":"<p style=\"margin-bottom: 0.0001pt; line-height: 15pt; border: none; padding-top: 0cm; padding-right: 0cm; padding-bottom: 0cm; margin-left: 90px;\"><span style=\"font-size: 14.4px;\">La Conselleria de Econom\u00eda Sostenible, Sectores Productivos, Comercio y Trabajo, habilita el tel\u00e9fono gratuito <\/span><strong style=\"font-size: 14.4px;\">900 35 31 35<\/strong><span style=\"font-size: 14.4px;\"> para resolver todas aquellas dudas de \u00edndole laboral o empresarial que les surja a empresas, comercios y personas aut\u00f3nomas.&nbsp;<\/span><\/p>\n<p style=\"margin-bottom: 0.0001pt; line-height: 15pt; border: none; padding-top: 0cm; padding-right: 0cm; padding-bottom: 0cm; margin-left: 90px;\">&nbsp;<\/p>\n<p style=\"margin-bottom: 0.0001pt; line-height: 15pt; border: none; padding-top: 0cm; padding-right: 0cm; padding-bottom: 0cm; margin-left: 90px;\">Informaci\u00f3n de \u00edndole laboral o empresarial para empresas, comercios y personas aut\u00f3nomas:<\/p>\n<p style=\"margin-bottom: 0.0001pt; line-height: 15pt; border: none; padding-top: 0cm; padding-right: 0cm; padding-bottom: 0cm; margin-left: 90px;\">&nbsp;<\/p>\n<p style=\"margin-bottom: 0.0001pt; line-height: 15pt; border: none; padding-top: 0cm; padding-right: 0cm; padding-bottom: 0cm; margin-left: 120px;\"><img decoding=\"async\" width=\"18\" height=\"15\" class=\"size-full wp-image-47004 lazyload\" style=\"--smush-placeholder-width: 18px; --smush-placeholder-aspect-ratio: 18\/15;font-size: 14.4px;\" data-src=\"https:\/\/alzira.es\/wp-content\/uploads\/2019\/03\/pdf_rojo.gif\" alt=\"pdf rojo\" src=\"data:image\/svg+xml;base64,PHN2ZyB3aWR0aD0iMSIgaGVpZ2h0PSIxIiB4bWxucz0iaHR0cDovL3d3dy53My5vcmcvMjAwMC9zdmciPjwvc3ZnPg==\">&nbsp;<a href=\"https:\/\/alzira.es\/wp-content\/uploads\/2019\/03\/MESURES_COVID19-CASTELLANO.pdf\" target=\"_blank\" rel=\"noopener\">Carteler\u00eda para los centros de trabajo<\/a>.<br \/>\n<img decoding=\"async\" width=\"18\" height=\"15\" class=\"size-full wp-image-47004 lazyload\" style=\"--smush-placeholder-width: 18px; --smush-placeholder-aspect-ratio: 18\/15;font-size: 14.4px;\" data-src=\"https:\/\/alzira.es\/wp-content\/uploads\/2019\/03\/pdf_rojo.gif\" alt=\"pdf rojo\" src=\"data:image\/svg+xml;base64,PHN2ZyB3aWR0aD0iMSIgaGVpZ2h0PSIxIiB4bWxucz0iaHR0cDovL3d3dy53My5vcmcvMjAwMC9zdmciPjwvc3ZnPg==\">&nbsp;<a href=\"http:\/\/www.indi.gva.es\/documents\/161328150\/169707556\/FAQ+comercio+30-03-2020\/1682ac62-0461-4064-93eb-b1f98eb1f2be\" target=\"_blank\" rel=\"noopener\">Preguntas y respuestas m\u00e1s frecuentes sobre comercio (FAQ). FASES DE DESESCALADA.<\/a><br \/>\n<img decoding=\"async\" width=\"18\" height=\"15\" class=\"size-full wp-image-47004 lazyload\" style=\"--smush-placeholder-width: 18px; --smush-placeholder-aspect-ratio: 18\/15;font-size: 14.4px;\" data-src=\"https:\/\/alzira.es\/wp-content\/uploads\/2019\/03\/pdf_rojo.gif\" alt=\"pdf rojo\" src=\"data:image\/svg+xml;base64,PHN2ZyB3aWR0aD0iMSIgaGVpZ2h0PSIxIiB4bWxucz0iaHR0cDovL3d3dy53My5vcmcvMjAwMC9zdmciPjwvc3ZnPg==\">&nbsp;<a href=\"http:\/\/www.indi.gva.es\/documents\/161328150\/169707556\/GUIA+PRACTICAS+SEGURAS+COMERCIO_ver2.pdf\/7b192ef2-0f3b-4410-ba8c-fceeafe3971c\" target=\"_blank\" rel=\"noopener\">Abrir un comercio al p\u00fablico en tiempos de coronavirus: Gu\u00eda de pr\u00e1cticas seguras ante el SARS-CoV-2<\/a>.<br \/>\n<img decoding=\"async\" width=\"18\" height=\"15\" class=\"size-full wp-image-47004 lazyload\" style=\"--smush-placeholder-width: 18px; --smush-placeholder-aspect-ratio: 18\/15;font-size: 14.4px;\" data-src=\"https:\/\/alzira.es\/wp-content\/uploads\/2019\/03\/pdf_rojo.gif\" alt=\"pdf rojo\" src=\"data:image\/svg+xml;base64,PHN2ZyB3aWR0aD0iMSIgaGVpZ2h0PSIxIiB4bWxucz0iaHR0cDovL3d3dy53My5vcmcvMjAwMC9zdmciPjwvc3ZnPg==\">&nbsp;<a href=\"http:\/\/www.indi.gva.es\/documents\/161328120\/169716912\/cooperativisme_merged.pdf\/3737fc58-b487-412f-ba27-593f74020523\" target=\"_blank\" rel=\"noopener\">Gu\u00eda de informaci\u00f3n \u00fatil sobre Emprendimiento y Cooperativismo<\/a>.<br \/>\n<img decoding=\"async\" width=\"18\" height=\"15\" class=\"size-full wp-image-47004 lazyload\" style=\"--smush-placeholder-width: 18px; --smush-placeholder-aspect-ratio: 18\/15;font-size: 14.4px;\" data-src=\"https:\/\/alzira.es\/wp-content\/uploads\/2019\/03\/pdf_rojo.gif\" alt=\"pdf rojo\" src=\"data:image\/svg+xml;base64,PHN2ZyB3aWR0aD0iMSIgaGVpZ2h0PSIxIiB4bWxucz0iaHR0cDovL3d3dy53My5vcmcvMjAwMC9zdmciPjwvc3ZnPg==\">&nbsp;<a href=\"http:\/\/www.labora.gva.es\/documents\/166000883\/166282939\/Guia+preguntas.pdf\/89bd83c4-399a-4115-aafb-5df222223d28\" target=\"_blank\" rel=\"noopener\">Gu\u00eda de informaci\u00f3n \u00fatil laboral (LABORA \/ Sepe)<\/a>.<br \/>\n<img decoding=\"async\" width=\"18\" height=\"15\" class=\"size-full wp-image-47004 lazyload\" style=\"--smush-placeholder-width: 18px; --smush-placeholder-aspect-ratio: 18\/15;font-size: 14.4px;\" data-src=\"https:\/\/alzira.es\/wp-content\/uploads\/2019\/03\/pdf_rojo.gif\" alt=\"pdf rojo\" src=\"data:image\/svg+xml;base64,PHN2ZyB3aWR0aD0iMSIgaGVpZ2h0PSIxIiB4bWxucz0iaHR0cDovL3d3dy53My5vcmcvMjAwMC9zdmciPjwvc3ZnPg==\">&nbsp;<a href=\"http:\/\/www.indi.gva.es\/documents\/161328120\/169716912\/INFORMACIO%CC%81N+PARA+LAS+EMPRESAS_22_03.pdf\/efedf3bb-628f-4a42-8258-c76d5d742dbf\" target=\"_blank\" rel=\"noopener\">Informaci\u00f3n para las empresas: hacer frente al coronavirus<\/a>.<br \/>\n<img decoding=\"async\" width=\"18\" height=\"15\" class=\"size-full wp-image-47004 lazyload\" style=\"--smush-placeholder-width: 18px; --smush-placeholder-aspect-ratio: 18\/15;font-size: 14.4px;\" data-src=\"https:\/\/alzira.es\/wp-content\/uploads\/2019\/03\/pdf_rojo.gif\" alt=\"pdf rojo\" src=\"data:image\/svg+xml;base64,PHN2ZyB3aWR0aD0iMSIgaGVpZ2h0PSIxIiB4bWxucz0iaHR0cDovL3d3dy53My5vcmcvMjAwMC9zdmciPjwvc3ZnPg==\">&nbsp;<a href=\"http:\/\/www.indi.gva.es\/documents\/161328120\/169716912\/2020-04-01+Nota+aclaratoria+RDL+2020_10_firmado.pdf\/85b5a187-184b-49f0-83dc-3a5a0d1a8ae1\" target=\"_blank\" rel=\"noopener\">Nota aclaratoria sobre el Real Decreto-Ley 10\/2020, por el que se regula el permiso retribuido recuperable. (01\/04\/2020)<\/a>.<br \/>\n<img decoding=\"async\" width=\"18\" height=\"15\" class=\"size-full wp-image-47004 lazyload\" style=\"--smush-placeholder-width: 18px; --smush-placeholder-aspect-ratio: 18\/15;font-size: 14.4px;\" data-src=\"https:\/\/alzira.es\/wp-content\/uploads\/2019\/03\/pdf_rojo.gif\" alt=\"pdf rojo\" src=\"data:image\/svg+xml;base64,PHN2ZyB3aWR0aD0iMSIgaGVpZ2h0PSIxIiB4bWxucz0iaHR0cDovL3d3dy53My5vcmcvMjAwMC9zdmciPjwvc3ZnPg==\"><span style=\"font-size: 14.4px;\">&nbsp;<\/span><span><a href=\"http:\/\/www.indi.gva.es\/documents\/161328120\/169716912\/Gu%C3%ADa+ayuda+Ministerio+trabajo.pdf.pdf.pdf.pdf\/b24f372d-75cb-4a5d-897f-11fcc8fef8fb\" target=\"_blank\" rel=\"noopener\">Gu\u00eda con las preguntas m\u00e1s frecuentes sobre las medidas adoptadas por el Ministerio de Inclusi\u00f3n, Seguridad Social y Migraciones<\/a>.<\/span><br \/>\n<img decoding=\"async\" width=\"18\" height=\"15\" class=\"size-full wp-image-47004 lazyload\" style=\"--smush-placeholder-width: 18px; --smush-placeholder-aspect-ratio: 18\/15;font-size: 14.4px;\" data-src=\"https:\/\/alzira.es\/wp-content\/uploads\/2019\/03\/pdf_rojo.gif\" alt=\"pdf rojo\" src=\"data:image\/svg+xml;base64,PHN2ZyB3aWR0aD0iMSIgaGVpZ2h0PSIxIiB4bWxucz0iaHR0cDovL3d3dy53My5vcmcvMjAwMC9zdmciPjwvc3ZnPg==\">&nbsp;<a href=\"https:\/\/alzira.es\/wp-content\/uploads\/2019\/03\/Guia_autonomos_covid-19.pdf\" target=\"_blank\" rel=\"noopener\">Gu\u00eda pr\u00e1ctica con las preguntas m\u00e1s frecuentes sobre las medidas adoptadas para los AUT\u00d3NOMOS por el Ministerio de Inclusi\u00f3n, Seguridad Social y Migraciones<\/a><br \/>\n<img decoding=\"async\" width=\"18\" height=\"18\" class=\"size-full wp-image-47139 lazyload\" style=\"--smush-placeholder-width: 18px; --smush-placeholder-aspect-ratio: 18\/18;font-size: 14.4px;\" data-src=\"https:\/\/alzira.es\/wp-content\/uploads\/2019\/03\/enlaces-internos.jpg\" alt=\"enlaces-internos\" src=\"data:image\/svg+xml;base64,PHN2ZyB3aWR0aD0iMSIgaGVpZ2h0PSIxIiB4bWxucz0iaHR0cDovL3d3dy53My5vcmcvMjAwMC9zdmciPjwvc3ZnPg==\"><span style=\"font-size: 14.4px;\">&nbsp;<a href=\"https:\/\/www.gva.es\/es\/inicio\/procedimientos?id_proc=20842\" target=\"_blank\" rel=\"noopener\">Solicitud de tramitaci\u00f3n de Expedientes Temporales de Regulaci\u00f3n de Empleo (ERTE<\/a>)<\/span><br \/>\n<img decoding=\"async\" width=\"18\" height=\"15\" class=\"size-full wp-image-47004 lazyload\" style=\"--smush-placeholder-width: 18px; --smush-placeholder-aspect-ratio: 18\/15;font-size: 14.4px;\" data-src=\"https:\/\/alzira.es\/wp-content\/uploads\/2019\/03\/pdf_rojo.gif\" alt=\"pdf rojo\" src=\"data:image\/svg+xml;base64,PHN2ZyB3aWR0aD0iMSIgaGVpZ2h0PSIxIiB4bWxucz0iaHR0cDovL3d3dy53My5vcmcvMjAwMC9zdmciPjwvc3ZnPg==\">&nbsp;<a href=\"https:\/\/alzira.es\/wp-content\/uploads\/2019\/03\/SUBVENCIONS_AUTONOMS_cast.pdf\" target=\"_blank\" rel=\"noopener\">Gu\u00eda sobre Subvenciones Labora Aut\u00f3nomos #COVID19&nbsp;<em>[plazo del 08 abril a 04 de mayo]<\/em><\/a>.<br \/>\n<img decoding=\"async\" width=\"18\" height=\"15\" class=\"size-full wp-image-47004 lazyload\" style=\"--smush-placeholder-width: 18px; --smush-placeholder-aspect-ratio: 18\/15;font-size: 14.4px;\" data-src=\"https:\/\/alzira.es\/wp-content\/uploads\/2019\/03\/pdf_rojo.gif\" alt=\"pdf rojo\" src=\"data:image\/svg+xml;base64,PHN2ZyB3aWR0aD0iMSIgaGVpZ2h0PSIxIiB4bWxucz0iaHR0cDovL3d3dy53My5vcmcvMjAwMC9zdmciPjwvc3ZnPg==\">&nbsp;<a href=\"http:\/\/www.labora.gva.es\/documents\/166000883\/168189984\/Preguntas+frecuentes+EAUCOV.pdf\/b6ad3d1f-c186-45e1-9fff-db93baf96b24\" target=\"_blank\" rel=\"noopener\">Preguntas frecuentes sobre las ayudas urgentes a los aut\u00f3nomos de la Comunidad Valenciana afectados por la crisis sanitaria ocasionada por la COVID-19<\/a>.<br \/>\n<img decoding=\"async\" width=\"18\" height=\"15\" class=\"size-full wp-image-47004 lazyload\" style=\"--smush-placeholder-width: 18px; --smush-placeholder-aspect-ratio: 18\/15;font-size: 14.4px;\" data-src=\"https:\/\/alzira.es\/wp-content\/uploads\/2019\/03\/pdf_rojo.gif\" alt=\"pdf rojo\" src=\"data:image\/svg+xml;base64,PHN2ZyB3aWR0aD0iMSIgaGVpZ2h0PSIxIiB4bWxucz0iaHR0cDovL3d3dy53My5vcmcvMjAwMC9zdmciPjwvc3ZnPg==\">&nbsp;<a href=\"https:\/\/alzira.es\/wp-content\/uploads\/2019\/03\/GUIA_PARA_CENTROS_DE_TRABAJO-COVID-19.pdf.pdf\" target=\"_blank\" rel=\"noopener\">Medidas para la prevenci\u00f3n de contagios del COVID-19<\/a>.<\/p>\n<p style=\"margin-bottom: 0.0001pt; line-height: 15pt; border: none; padding-top: 0cm; padding-right: 0cm; padding-bottom: 0cm; margin-left: 90px;\">&nbsp;<\/p>\n<p style=\"margin-bottom: 0.0001pt; line-height: 15pt; border: none; padding-top: 0cm; padding-right: 0cm; padding-bottom: 0cm; text-align: center;\"><img decoding=\"async\" width=\"202\" height=\"37\" class=\"size-full wp-image-48198 lazyload\" style=\"--smush-placeholder-width: 202px; --smush-placeholder-aspect-ratio: 202\/37;font-size: 14.4px; text-align: justify; vertical-align: middle;\" data-src=\"https:\/\/alzira.es\/wp-content\/uploads\/2019\/03\/ayudas_locales_cast1.png\" alt=\"ayudas locales cast1\" src=\"data:image\/svg+xml;base64,PHN2ZyB3aWR0aD0iMSIgaGVpZ2h0PSIxIiB4bWxucz0iaHR0cDovL3d3dy53My5vcmcvMjAwMC9zdmciPjwvc3ZnPg==\">&nbsp;<a href=\"https:\/\/alzira.es\/wp-content\/uploads\/2019\/03\/ayudas_a_autonomos_mayo_cast.jpg\" target=\"_blank\" rel=\"noopener\"><img decoding=\"async\" class=\"size-full wp-image-48202 lazyload\" style=\"--smush-placeholder-width: 1000px; --smush-placeholder-aspect-ratio: 1000\/140;vertical-align: middle;\" data-src=\"https:\/\/alzira.es\/wp-content\/uploads\/2019\/03\/BANNER_AJUDESAUTONOMS_CAST.jpg\" alt=\"BANNER AJUDESAUTONOMS CAST\" width=\"1000\" height=\"140\" data-srcset=\"https:\/\/alzira.es\/wp-content\/uploads\/2019\/03\/BANNER_AJUDESAUTONOMS_CAST.jpg 1430w, https:\/\/alzira.es\/wp-content\/uploads\/2019\/03\/BANNER_AJUDESAUTONOMS_CAST-680x95.jpg 680w, https:\/\/alzira.es\/wp-content\/uploads\/2019\/03\/BANNER_AJUDESAUTONOMS_CAST-768x107.jpg 768w\" data-sizes=\"(max-width: 706px) 89vw, (max-width: 767px) 82vw, 740px\" src=\"data:image\/svg+xml;base64,PHN2ZyB3aWR0aD0iMSIgaGVpZ2h0PSIxIiB4bWxucz0iaHR0cDovL3d3dy53My5vcmcvMjAwMC9zdmciPjwvc3ZnPg==\" \/><\/a><\/p>\n<p style=\"margin-bottom: 0.0001pt; line-height: 15pt; border: none; padding-top: 0cm; padding-right: 0cm; padding-bottom: 0cm; text-align: center;\"><img decoding=\"async\" width=\"202\" height=\"37\" class=\"size-full wp-image-48204 lazyload\" style=\"--smush-placeholder-width: 202px; --smush-placeholder-aspect-ratio: 202\/37;text-align: justify; vertical-align: middle;\" data-src=\"https:\/\/alzira.es\/wp-content\/uploads\/2019\/03\/ayudas_estatales_cast1.png\" alt=\"ayudas estatales cast1\" src=\"data:image\/svg+xml;base64,PHN2ZyB3aWR0aD0iMSIgaGVpZ2h0PSIxIiB4bWxucz0iaHR0cDovL3d3dy53My5vcmcvMjAwMC9zdmciPjwvc3ZnPg==\"><a href=\"https:\/\/www.ico.es\/web\/ico\/linea-avales\" target=\"_blank\" rel=\"noopener\"><img decoding=\"async\" class=\"size-full wp-image-48206 lazyload\" style=\"--smush-placeholder-width: 395px; --smush-placeholder-aspect-ratio: 395\/225;vertical-align: middle;\" data-src=\"https:\/\/alzira.es\/wp-content\/uploads\/2019\/03\/linea_de_avales_Ministerio.jpg\" alt=\"linea de avales Ministerio\" width=\"395\" height=\"225\" data-srcset=\"https:\/\/alzira.es\/wp-content\/uploads\/2019\/03\/linea_de_avales_Ministerio.jpg 1280w, https:\/\/alzira.es\/wp-content\/uploads\/2019\/03\/linea_de_avales_Ministerio-680x388.jpg 680w, https:\/\/alzira.es\/wp-content\/uploads\/2019\/03\/linea_de_avales_Ministerio-768x438.jpg 768w\" data-sizes=\"(max-width: 395px) 100vw, 395px\" src=\"data:image\/svg+xml;base64,PHN2ZyB3aWR0aD0iMSIgaGVpZ2h0PSIxIiB4bWxucz0iaHR0cDovL3d3dy53My5vcmcvMjAwMC9zdmciPjwvc3ZnPg==\" \/><\/a>&nbsp; &nbsp; &nbsp;<img decoding=\"async\" width=\"202\" height=\"37\" class=\"size-full wp-image-48208 lazyload\" style=\"--smush-placeholder-width: 202px; --smush-placeholder-aspect-ratio: 202\/37;text-align: justify; vertical-align: middle;\" data-src=\"https:\/\/alzira.es\/wp-content\/uploads\/2019\/03\/ayudas_autonomicas.png\" alt=\"ayudas auton\u00f3micas\" src=\"data:image\/svg+xml;base64,PHN2ZyB3aWR0aD0iMSIgaGVpZ2h0PSIxIiB4bWxucz0iaHR0cDovL3d3dy53My5vcmcvMjAwMC9zdmciPjwvc3ZnPg==\"><a href=\"https:\/\/alzira.es\/wp-content\/uploads\/2019\/03\/video_labora_autonoms.mp4\" target=\"_blank\" rel=\"noopener\"><img decoding=\"async\" class=\"size-full wp-image-48214 lazyload\" style=\"--smush-placeholder-width: 400px; --smush-placeholder-aspect-ratio: 400\/225;text-align: center; vertical-align: middle;\" data-src=\"https:\/\/alzira.es\/wp-content\/uploads\/2019\/03\/video_labora_autonomos.png\" alt=\"video labora autonomos\" width=\"400\" height=\"225\" src=\"data:image\/svg+xml;base64,PHN2ZyB3aWR0aD0iMSIgaGVpZ2h0PSIxIiB4bWxucz0iaHR0cDovL3d3dy53My5vcmcvMjAwMC9zdmciPjwvc3ZnPg==\"><\/a><\/p>\n<p style=\"margin-bottom: 0.0001pt; line-height: 15pt; border: none; padding-top: 0cm; padding-right: 0cm; padding-bottom: 0cm; text-align: center;\">&nbsp;<\/p>\n","protected":false},"excerpt":{"rendered":"<p>La Conselleria de Econom\u00eda Sostenible, Sectores Productivos, Comercio y Trabajo, habilita el tel\u00e9fono gratuito 900 35 31 35 para resolver todas aquellas dudas de \u00edndole laboral o empresarial que les surja a empresas, comercios y personas aut\u00f3nomas.&nbsp; &nbsp; Informaci\u00f3n de \u00edndole laboral o empresarial para empresas, comercios y personas aut\u00f3nomas: &nbsp; &nbsp;Carteler\u00eda para los centros &hellip; <\/p>\n<p class=\"link-more\"><a href=\"https:\/\/alzira.es\/es\/covid-19\/covid-19-3\/\" class=\"more-link\">Continuar leyendo<span class=\"screen-reader-text\"> \u00abInformaci\u00f3n para empresas\u00bb<\/span><\/a><\/p>\n","protected":false},"author":29,"featured_media":47004,"parent":88253,"menu_order":6,"comment_status":"closed","ping_status":"closed","template":"","meta":{"_acf_changed":false,"footnotes":""},"class_list":["post-48216","page","type-page","status-publish","has-post-thumbnail","hentry"],"acf":[],"_links":{"self":[{"href":"https:\/\/alzira.es\/es\/wp-json\/wp\/v2\/pages\/48216","targetHints":{"allow":["GET"]}}],"collection":[{"href":"https:\/\/alzira.es\/es\/wp-json\/wp\/v2\/pages"}],"about":[{"href":"https:\/\/alzira.es\/es\/wp-json\/wp\/v2\/types\/page"}],"author":[{"embeddable":true,"href":"https:\/\/alzira.es\/es\/wp-json\/wp\/v2\/users\/29"}],"replies":[{"embeddable":true,"href":"https:\/\/alzira.es\/es\/wp-json\/wp\/v2\/comments?post=48216"}],"version-history":[{"count":1,"href":"https:\/\/alzira.es\/es\/wp-json\/wp\/v2\/pages\/48216\/revisions"}],"predecessor-version":[{"id":88260,"href":"https:\/\/alzira.es\/es\/wp-json\/wp\/v2\/pages\/48216\/revisions\/88260"}],"up":[{"embeddable":true,"href":"https:\/\/alzira.es\/es\/wp-json\/wp\/v2\/pages\/88253"}],"wp:featuredmedia":[{"embeddable":true,"href":"https:\/\/alzira.es\/es\/wp-json\/wp\/v2\/media\/47004"}],"wp:attachment":[{"href":"https:\/\/alzira.es\/es\/wp-json\/wp\/v2\/media?parent=48216"}],"curies":[{"name":"wp","href":"https:\/\/api.w.org\/{rel}","templated":true}]}}