{"id":47945,"date":"2019-03-05T13:13:03","date_gmt":"2019-03-05T12:13:03","guid":{"rendered":"https:\/\/alzira.es\/covid-19-1\/"},"modified":"2021-09-01T21:59:03","modified_gmt":"2021-09-01T19:59:03","slug":"covid-19-1","status":"publish","type":"page","link":"https:\/\/alzira.es\/es\/covid-19\/covid-19-1\/","title":{"rendered":"Consejos de salud"},"content":{"rendered":"<p style=\"margin-bottom: 0.0001pt; line-height: 15pt; border: none; padding-top: 0cm; padding-right: 0cm; padding-bottom: 0cm; margin-left: 90px;\"><img decoding=\"async\" width=\"18\" height=\"15\" class=\"size-full wp-image-47004 lazyload\" data-src=\"https:\/\/alzira.es\/wp-content\/uploads\/2019\/03\/pdf_rojo.gif\" alt=\"pdf rojo\" src=\"data:image\/svg+xml;base64,PHN2ZyB3aWR0aD0iMSIgaGVpZ2h0PSIxIiB4bWxucz0iaHR0cDovL3d3dy53My5vcmcvMjAwMC9zdmciPjwvc3ZnPg==\" style=\"--smush-placeholder-width: 18px; --smush-placeholder-aspect-ratio: 18\/15;\">&nbsp;<a href=\"http:\/\/www.san.gva.es\/web_estatica\/coronavirus\/coronavirus_es_files\/Preguntas_frecuentes_cas.pdf\" target=\"_blank\" rel=\"noopener\">Preguntas frecuentes<\/a><br \/>\n<img decoding=\"async\" width=\"18\" height=\"15\" class=\"size-full wp-image-47004 lazyload\" style=\"--smush-placeholder-width: 18px; --smush-placeholder-aspect-ratio: 18\/15;font-size: 14.4px;\" data-src=\"https:\/\/alzira.es\/wp-content\/uploads\/2019\/03\/pdf_rojo.gif\" alt=\"pdf rojo\" src=\"data:image\/svg+xml;base64,PHN2ZyB3aWR0aD0iMSIgaGVpZ2h0PSIxIiB4bWxucz0iaHR0cDovL3d3dy53My5vcmcvMjAwMC9zdmciPjwvc3ZnPg==\">&nbsp;<a href=\"http:\/\/www.san.gva.es\/web_estatica\/coronavirus\/coronavirus_es_files\/Casa_contagiado_cas.pdf\" target=\"_blank\" rel=\"noopener\">\u00bfC\u00f3mo act\u00fao en casa si estoy contagiado?<\/a><br \/>\n<img decoding=\"async\" width=\"18\" height=\"15\" class=\"size-full wp-image-47004 lazyload\" style=\"--smush-placeholder-width: 18px; --smush-placeholder-aspect-ratio: 18\/15;font-size: 14.4px;\" data-src=\"https:\/\/alzira.es\/wp-content\/uploads\/2019\/03\/pdf_rojo.gif\" alt=\"pdf rojo\" src=\"data:image\/svg+xml;base64,PHN2ZyB3aWR0aD0iMSIgaGVpZ2h0PSIxIiB4bWxucz0iaHR0cDovL3d3dy53My5vcmcvMjAwMC9zdmciPjwvc3ZnPg==\">&nbsp;<a href=\"http:\/\/www.san.gva.es\/web_estatica\/coronavirus\/coronavirus_es_files\/Aislamiento_cas.pdf\" target=\"_blank\" rel=\"noopener\">Consejos para el aislamiento de casos graves o en investigaci\u00f3n<\/a><br \/>\n<img decoding=\"async\" width=\"18\" height=\"15\" class=\"size-full wp-image-47004 lazyload\" style=\"--smush-placeholder-width: 18px; --smush-placeholder-aspect-ratio: 18\/15;font-size: 14.4px;\" data-src=\"https:\/\/alzira.es\/wp-content\/uploads\/2019\/03\/pdf_rojo.gif\" alt=\"pdf rojo\" src=\"data:image\/svg+xml;base64,PHN2ZyB3aWR0aD0iMSIgaGVpZ2h0PSIxIiB4bWxucz0iaHR0cDovL3d3dy53My5vcmcvMjAwMC9zdmciPjwvc3ZnPg==\">&nbsp;<a href=\"http:\/\/www.san.gva.es\/web_estatica\/coronavirus\/coronavirus_es_files\/Uso_mascarillas_CAS.pdf\" target=\"_blank\" rel=\"noopener\">\u00bfQu\u00e9 debes saber sobre el uso de mascarillas?<\/a><br \/>\n<img decoding=\"async\" width=\"18\" height=\"15\" class=\"size-full wp-image-47004 lazyload\" style=\"--smush-placeholder-width: 18px; --smush-placeholder-aspect-ratio: 18\/15;font-size: 14.4px;\" data-src=\"https:\/\/alzira.es\/wp-content\/uploads\/2019\/03\/pdf_rojo.gif\" alt=\"pdf rojo\" src=\"data:image\/svg+xml;base64,PHN2ZyB3aWR0aD0iMSIgaGVpZ2h0PSIxIiB4bWxucz0iaHR0cDovL3d3dy53My5vcmcvMjAwMC9zdmciPjwvc3ZnPg==\">&nbsp;<a href=\"http:\/\/www.san.gva.es\/web_estatica\/coronavirus\/coronavirus_es_files\/Grupos_vulnerables_cas.pdf\" target=\"_blank\" rel=\"noopener\">Grupos vulnerables: si eres mayor de 60 a\u00f1os o tienes alguna de estas patolog\u00edas<\/a><br \/>\n<img decoding=\"async\" width=\"18\" height=\"15\" class=\"size-full wp-image-47004 lazyload\" style=\"--smush-placeholder-width: 18px; --smush-placeholder-aspect-ratio: 18\/15;font-size: 14.4px;\" data-src=\"https:\/\/alzira.es\/wp-content\/uploads\/2019\/03\/pdf_rojo.gif\" alt=\"pdf rojo\" src=\"data:image\/svg+xml;base64,PHN2ZyB3aWR0aD0iMSIgaGVpZ2h0PSIxIiB4bWxucz0iaHR0cDovL3d3dy53My5vcmcvMjAwMC9zdmciPjwvc3ZnPg==\">&nbsp;<a href=\"http:\/\/www.san.gva.es\/web_estatica\/coronavirus\/coronavirus_es_files\/ni%C3%B1os_y_ni%C3%B1as_cas.pdf\" target=\"_blank\" rel=\"noopener\">\u00bfQu\u00e9 hacer con los ni\u00f1os y ni\u00f1as estos d\u00edas sin cole?<\/a><br \/>\n<img decoding=\"async\" width=\"18\" height=\"15\" class=\"size-full wp-image-47004 lazyload\" style=\"--smush-placeholder-width: 18px; --smush-placeholder-aspect-ratio: 18\/15;font-size: 14.4px;\" data-src=\"https:\/\/alzira.es\/wp-content\/uploads\/2019\/03\/pdf_rojo.gif\" alt=\"pdf rojo\" src=\"data:image\/svg+xml;base64,PHN2ZyB3aWR0aD0iMSIgaGVpZ2h0PSIxIiB4bWxucz0iaHR0cDovL3d3dy53My5vcmcvMjAwMC9zdmciPjwvc3ZnPg==\">&nbsp;<a href=\"http:\/\/www.san.gva.es\/web_estatica\/coronavirus\/coronavirus_es_files\/Mascotas_cas.pdf\" target=\"_blank\" rel=\"noopener\">Coronavirus y mascotas<\/a><br \/>\n<img decoding=\"async\" width=\"18\" height=\"15\" class=\"size-full wp-image-47004 lazyload\" style=\"--smush-placeholder-width: 18px; --smush-placeholder-aspect-ratio: 18\/15;font-size: 14.4px;\" data-src=\"https:\/\/alzira.es\/wp-content\/uploads\/2019\/03\/pdf_rojo.gif\" alt=\"pdf rojo\" src=\"data:image\/svg+xml;base64,PHN2ZyB3aWR0aD0iMSIgaGVpZ2h0PSIxIiB4bWxucz0iaHR0cDovL3d3dy53My5vcmcvMjAwMC9zdmciPjwvc3ZnPg==\">&nbsp;<a href=\"http:\/\/www.san.gva.es\/web_estatica\/coronavirus\/coronavirus_es_files\/Recomendaciones_compra_CAS.pdf\" target=\"_blank\" rel=\"noopener\">Haz la compra de manera responsable<\/a><br \/>\n<img decoding=\"async\" width=\"18\" height=\"15\" class=\"size-full wp-image-47004 lazyload\" style=\"--smush-placeholder-width: 18px; --smush-placeholder-aspect-ratio: 18\/15;font-size: 14.4px;\" data-src=\"https:\/\/alzira.es\/wp-content\/uploads\/2019\/03\/pdf_rojo.gif\" alt=\"pdf rojo\" src=\"data:image\/svg+xml;base64,PHN2ZyB3aWR0aD0iMSIgaGVpZ2h0PSIxIiB4bWxucz0iaHR0cDovL3d3dy53My5vcmcvMjAwMC9zdmciPjwvc3ZnPg==\">&nbsp;<a href=\"http:\/\/www.san.gva.es\/web_estatica\/coronavirus\/coronavirus_es_files\/Ejercicio_en_casa_CAS.pdf\" target=\"_blank\" rel=\"noopener\">\u00a1Mantente activo en casa! rutina de ejercicios<\/a><br \/>\n<img decoding=\"async\" width=\"18\" height=\"15\" class=\"size-full wp-image-47004 lazyload\" style=\"--smush-placeholder-width: 18px; --smush-placeholder-aspect-ratio: 18\/15;font-size: 14.4px;\" data-src=\"https:\/\/alzira.es\/wp-content\/uploads\/2019\/03\/pdf_rojo.gif\" alt=\"pdf rojo\" src=\"data:image\/svg+xml;base64,PHN2ZyB3aWR0aD0iMSIgaGVpZ2h0PSIxIiB4bWxucz0iaHR0cDovL3d3dy53My5vcmcvMjAwMC9zdmciPjwvc3ZnPg==\">&nbsp;<a href=\"https:\/\/www.boe.es\/eli\/es\/res\/2020\/03\/25\/(1)\/conhttp:\/\/www.san.gva.es\/web_estatica\/coronavirus\/coronavirus_es_files\/Info_Empresas_Covid19_CAS.pdf\" target=\"_blank\" rel=\"noopener\">Informaci\u00f3n para las empresas: Hacer frente al coronavirus<\/a><br \/>\n<img decoding=\"async\" width=\"18\" height=\"15\" class=\"size-full wp-image-47004 lazyload\" style=\"--smush-placeholder-width: 18px; --smush-placeholder-aspect-ratio: 18\/15;font-size: 14.4px;\" data-src=\"https:\/\/alzira.es\/wp-content\/uploads\/2019\/03\/pdf_rojo.gif\" alt=\"pdf rojo\" src=\"data:image\/svg+xml;base64,PHN2ZyB3aWR0aD0iMSIgaGVpZ2h0PSIxIiB4bWxucz0iaHR0cDovL3d3dy53My5vcmcvMjAwMC9zdmciPjwvc3ZnPg==\">&nbsp;\u00bf<a href=\"http:\/\/www.san.gva.es\/web_estatica\/coronavirus\/coronavirus_es_files\/Que_hago_si_necesito_mis_medicamentos_CAS.pdf\" target=\"_blank\" rel=\"noopener\">Qu\u00e9 hago si necesito mis medicamentos y no debo salir de casa?<\/a><br \/>\n<img decoding=\"async\" width=\"18\" height=\"15\" class=\"size-full wp-image-47004 lazyload\" style=\"--smush-placeholder-width: 18px; --smush-placeholder-aspect-ratio: 18\/15;font-size: 14.4px;\" data-src=\"https:\/\/alzira.es\/wp-content\/uploads\/2019\/03\/pdf_rojo.gif\" alt=\"pdf rojo\" src=\"data:image\/svg+xml;base64,PHN2ZyB3aWR0aD0iMSIgaGVpZ2h0PSIxIiB4bWxucz0iaHR0cDovL3d3dy53My5vcmcvMjAwMC9zdmciPjwvc3ZnPg==\">&nbsp;<a href=\"http:\/\/www.san.gva.es\/web_estatica\/coronavirus\/coronavirus_es_files\/como_ayudar_a_tus_vecinos_cas.pdf\" target=\"_blank\" rel=\"noopener\">Recomendaciones para ayudar a tus vecinos<\/a><br \/>\n<img decoding=\"async\" width=\"18\" height=\"15\" class=\"size-full wp-image-47004 lazyload\" style=\"--smush-placeholder-width: 18px; --smush-placeholder-aspect-ratio: 18\/15;font-size: 14.4px;\" data-src=\"https:\/\/alzira.es\/wp-content\/uploads\/2019\/03\/pdf_rojo.gif\" alt=\"pdf rojo\" src=\"data:image\/svg+xml;base64,PHN2ZyB3aWR0aD0iMSIgaGVpZ2h0PSIxIiB4bWxucz0iaHR0cDovL3d3dy53My5vcmcvMjAwMC9zdmciPjwvc3ZnPg==\">&nbsp;<a href=\"http:\/\/www.san.gva.es\/web_estatica\/coronavirus\/coronavirus_es_files\/recomendaciones_confinamiento_cas.pdf\" target=\"_blank\" rel=\"noopener\">Recomendaciones saludables y positivas durante el confinamiento<\/a><br \/>\n<img decoding=\"async\" width=\"18\" height=\"15\" class=\"size-full wp-image-47004 lazyload\" style=\"--smush-placeholder-width: 18px; --smush-placeholder-aspect-ratio: 18\/15;font-size: 14.4px;\" data-src=\"https:\/\/alzira.es\/wp-content\/uploads\/2019\/03\/pdf_rojo.gif\" alt=\"pdf rojo\" src=\"data:image\/svg+xml;base64,PHN2ZyB3aWR0aD0iMSIgaGVpZ2h0PSIxIiB4bWxucz0iaHR0cDovL3d3dy53My5vcmcvMjAwMC9zdmciPjwvc3ZnPg==\">&nbsp;<a href=\"http:\/\/www.san.gva.es\/web_estatica\/coronavirus\/coronavirus_es_files\/Recomendac_Residuos.pdf\" target=\"_blank\" rel=\"noopener\">Recomendaciones sobre el manejo domiciliario de los residuos en Hogares con positivos o en aislamiento por covid-19<\/a><br \/>\n<img decoding=\"async\" width=\"18\" height=\"15\" class=\"size-full wp-image-47004 lazyload\" style=\"--smush-placeholder-width: 18px; --smush-placeholder-aspect-ratio: 18\/15;font-size: 14.4px;\" data-src=\"https:\/\/alzira.es\/wp-content\/uploads\/2019\/03\/pdf_rojo.gif\" alt=\"pdf rojo\" src=\"data:image\/svg+xml;base64,PHN2ZyB3aWR0aD0iMSIgaGVpZ2h0PSIxIiB4bWxucz0iaHR0cDovL3d3dy53My5vcmcvMjAwMC9zdmciPjwvc3ZnPg==\">&nbsp;<a href=\"https:\/\/alzira.es\/wp-content\/uploads\/2019\/03\/GUIA_PARA_CENTROS_DE_TRABAJO-COVID-19.pdf.pdf\" target=\"_blank\" rel=\"noopener\">Medidas para la prevenci\u00f3n de contagios del COVID-19<\/a><br \/>\n<img decoding=\"async\" width=\"18\" height=\"15\" class=\"size-full wp-image-47004 lazyload\" style=\"--smush-placeholder-width: 18px; --smush-placeholder-aspect-ratio: 18\/15;font-size: 14.4px;\" data-src=\"https:\/\/alzira.es\/wp-content\/uploads\/2019\/03\/pdf_rojo.gif\" alt=\"pdf rojo\" src=\"data:image\/svg+xml;base64,PHN2ZyB3aWR0aD0iMSIgaGVpZ2h0PSIxIiB4bWxucz0iaHR0cDovL3d3dy53My5vcmcvMjAwMC9zdmciPjwvc3ZnPg==\">&nbsp;<a href=\"https:\/\/alzira.es\/wp-content\/uploads\/2019\/03\/Informacion_COVID-19_ciudadania.pdf\" target=\"_blank\" rel=\"noopener\">Recursos informativos de utilidad para la ciudadan\u00eda<\/a>. (Se recomienda revisar la p\u00e1gina web, ya que esta informaci\u00f3n est\u00e1 en continua actualizaci\u00f3n:<\/p>\n<p style=\"margin-bottom: 0.0001pt; line-height: 15pt; border: none; padding-top: 0cm; padding-right: 0cm; padding-bottom: 0cm; margin-left: 120px;\"><em><a href=\"https:\/\/www.mscbs.gob.es\/profesionales\/saludPublica\/ccayes\/alertasActual\/nCov-China\/ciudadania\">https:\/\/www.mscbs.gob.es\/profesionales\/saludPublica\/ccayes\/alertasActual\/nCov-China\/ciudadania<\/a>)<a href=\"https:\/\/www.mscbs.gob.es\/profesionales\/saludPublica\/ccayes\/alertasActual\/nCov-China\/ciudadania.htm\" target=\"_blank\" rel=\"noopener\"><\/a><\/em><\/p>\n<p style=\"margin-bottom: 0.0001pt; line-height: 15pt; border: none; padding-top: 0cm; padding-right: 0cm; padding-bottom: 0cm; margin-left: 120px;\"><span style=\"font-size: 14.4px;\">&nbsp;<\/span><\/p>\n<p style=\"text-align: center;\"><a class=\"jcepopup\" href=\"https:\/\/alzira.es\/wp-content\/uploads\/2019\/03\/recomendaciones_coronavirus_cas_2.pdf\" target=\"_blank\" rel=\"noopener\"><img fetchpriority=\"high\" decoding=\"async\" width=\"501\" height=\"100\" class=\" size-full wp-image-47935\" src=\"https:\/\/alzira.es\/wp-content\/uploads\/2019\/03\/EIXIRDECASA_CAST.jpg\" alt=\"EIXIRDECASA CAST\"><\/a>&nbsp;<a class=\"jcepopup\" style=\"font-size: 14.4px; text-align: center;\" href=\"https:\/\/alzira.es\/wp-content\/uploads\/2019\/03\/SAN-RIESGO-cartel_v3_vertical-cas1.pdf\" target=\"_blank\" rel=\"noopener\"><img decoding=\"async\" width=\"501\" height=\"100\" class=\"size-full wp-image-47937 lazyload\" data-src=\"https:\/\/alzira.es\/wp-content\/uploads\/2019\/03\/MES60ANYS_CAST.jpg\" alt=\"MES60ANYS CAST\" src=\"data:image\/svg+xml;base64,PHN2ZyB3aWR0aD0iMSIgaGVpZ2h0PSIxIiB4bWxucz0iaHR0cDovL3d3dy53My5vcmcvMjAwMC9zdmciPjwvc3ZnPg==\" style=\"--smush-placeholder-width: 501px; --smush-placeholder-aspect-ratio: 501\/100;\"><\/a><br \/>\n<a class=\"jcepopup\" style=\"font-size: 14.4px; text-align: center;\" href=\"https:\/\/alzira.es\/wp-content\/uploads\/2019\/03\/SAN-CRONICOS-cartel_vertical-cas1.pdf\" target=\"_blank\" rel=\"noopener\"><img decoding=\"async\" width=\"501\" height=\"100\" class=\"size-full wp-image-47939 lazyload\" data-src=\"https:\/\/alzira.es\/wp-content\/uploads\/2019\/03\/TRACTAMENTSCRONICS_CAST.jpg\" alt=\"TRACTAMENTSCRONICS CAST\" src=\"data:image\/svg+xml;base64,PHN2ZyB3aWR0aD0iMSIgaGVpZ2h0PSIxIiB4bWxucz0iaHR0cDovL3d3dy53My5vcmcvMjAwMC9zdmciPjwvc3ZnPg==\" style=\"--smush-placeholder-width: 501px; --smush-placeholder-aspect-ratio: 501\/100;\"><\/a>&nbsp;<a class=\"jcepopup\" style=\"font-size: 14.4px; text-align: center;\" href=\"https:\/\/alzira.es\/wp-content\/uploads\/2019\/03\/SAN-NINOS-cartel_vertical-cas1.pdf\" target=\"_blank\" rel=\"noopener\"><img decoding=\"async\" width=\"501\" height=\"100\" class=\"size-full wp-image-47941 lazyload\" data-src=\"https:\/\/alzira.es\/wp-content\/uploads\/2019\/03\/XIQUETS_CAST.jpg\" alt=\"XIQUETS CAST\" src=\"data:image\/svg+xml;base64,PHN2ZyB3aWR0aD0iMSIgaGVpZ2h0PSIxIiB4bWxucz0iaHR0cDovL3d3dy53My5vcmcvMjAwMC9zdmciPjwvc3ZnPg==\" style=\"--smush-placeholder-width: 501px; --smush-placeholder-aspect-ratio: 501\/100;\"><\/a><\/p>\n<p style=\"text-align: justify;\">&nbsp;<\/p>\n","protected":false},"excerpt":{"rendered":"<p>&nbsp;Preguntas frecuentes &nbsp;\u00bfC\u00f3mo act\u00fao en casa si estoy contagiado? &nbsp;Consejos para el aislamiento de casos graves o en investigaci\u00f3n &nbsp;\u00bfQu\u00e9 debes saber sobre el uso de mascarillas? &nbsp;Grupos vulnerables: si eres mayor de 60 a\u00f1os o tienes alguna de estas patolog\u00edas &nbsp;\u00bfQu\u00e9 hacer con los ni\u00f1os y ni\u00f1as estos d\u00edas sin cole? &nbsp;Coronavirus y mascotas &hellip; <\/p>\n<p class=\"link-more\"><a href=\"https:\/\/alzira.es\/es\/covid-19\/covid-19-1\/\" class=\"more-link\">Continuar leyendo<span class=\"screen-reader-text\"> \u00abConsejos de salud\u00bb<\/span><\/a><\/p>\n","protected":false},"author":29,"featured_media":47004,"parent":88253,"menu_order":8,"comment_status":"closed","ping_status":"closed","template":"","meta":{"_acf_changed":false,"footnotes":""},"class_list":["post-47945","page","type-page","status-publish","has-post-thumbnail","hentry"],"acf":[],"_links":{"self":[{"href":"https:\/\/alzira.es\/es\/wp-json\/wp\/v2\/pages\/47945","targetHints":{"allow":["GET"]}}],"collection":[{"href":"https:\/\/alzira.es\/es\/wp-json\/wp\/v2\/pages"}],"about":[{"href":"https:\/\/alzira.es\/es\/wp-json\/wp\/v2\/types\/page"}],"author":[{"embeddable":true,"href":"https:\/\/alzira.es\/es\/wp-json\/wp\/v2\/users\/29"}],"replies":[{"embeddable":true,"href":"https:\/\/alzira.es\/es\/wp-json\/wp\/v2\/comments?post=47945"}],"version-history":[{"count":1,"href":"https:\/\/alzira.es\/es\/wp-json\/wp\/v2\/pages\/47945\/revisions"}],"predecessor-version":[{"id":88258,"href":"https:\/\/alzira.es\/es\/wp-json\/wp\/v2\/pages\/47945\/revisions\/88258"}],"up":[{"embeddable":true,"href":"https:\/\/alzira.es\/es\/wp-json\/wp\/v2\/pages\/88253"}],"wp:featuredmedia":[{"embeddable":true,"href":"https:\/\/alzira.es\/es\/wp-json\/wp\/v2\/media\/47004"}],"wp:attachment":[{"href":"https:\/\/alzira.es\/es\/wp-json\/wp\/v2\/media?parent=47945"}],"curies":[{"name":"wp","href":"https:\/\/api.w.org\/{rel}","templated":true}]}}