{"id":47898,"date":"2020-04-01T09:14:15","date_gmt":"2020-04-01T07:14:15","guid":{"rendered":"https:\/\/alzira.es\/atencion-psicologica-frente-covid-19\/"},"modified":"2021-08-31T18:11:37","modified_gmt":"2021-08-31T16:11:37","slug":"atencion-psicologica-frente-covid-19","status":"publish","type":"page","link":"https:\/\/alzira.es\/es\/servicios-municipales\/servicios-sociales\/atencion-psicologica-frente-covid-19\/","title":{"rendered":"Atenci\u00f3n psicol\u00f3gica frente al COVID-19"},"content":{"rendered":"\n<p>Nos encontramos ante una situaci\u00f3n de emergencia sin precedentes. La sociedad desprendido del COVID-19 ser\u00e1 una sociedad con unas necesidades y demandas que todav\u00eda son desconocidas. A causa de la sensaci\u00f3n de peligro constante generada por la situaci\u00f3n de alarma sanitaria y la incertidumbre respecto a c\u00f3mo suceder\u00e1n los acontecimientos, es normal que en las personas aparezcan s\u00edntomas de ansiedad y de malestar emocional. Estas reacciones son debidas a las consecuencias del mismo hecho cr\u00edtico en s\u00ed y tambi\u00e9n a la alteraci\u00f3n de los ritmos de funcionamiento cotidianos y las mismas condiciones de aislamiento.<\/p>\n\n\n\n<p>No existe una forma correcta de manifestar este malestar o preocupaci\u00f3n. En los momentos de estr\u00e9s es importante que cada persona encuentre un espacio psicol\u00f3gico de ayuda para afrontar reacciones normales propias de la situaci\u00f3n para despu\u00e9s volver otra vez a la situaci\u00f3n de seguridad.<\/p>\n\n\n\n<p>Por todo eso, desde Servicios Sociales del Ayuntamiento de Alzira lanzamos una serie de consejos y propuestas, para que puedan afrontar de la manera m\u00e1s saludable posible la situaci\u00f3n compleja en la que se encuentran en su d\u00eda a d\u00eda y ahora m\u00e1s exigente que nunca.<\/p>\n\n\n\n<p><span style=\"text-decoration: underline;\"><strong>GU\u00cdAS DE ATENCI\u00d3N PSICOL\u00d3GICA:<\/strong><\/span><\/p>\n\n\n\n<p><img decoding=\"async\" width=\"18\" height=\"15\" class=\"size-full wp-image-47886 lazyload\" data-src=\"https:\/\/alzira.es\/wp-content\/uploads\/2020\/04\/pdf_rojo.gif\" alt=\"pdf rojo\" src=\"data:image\/svg+xml;base64,PHN2ZyB3aWR0aD0iMSIgaGVpZ2h0PSIxIiB4bWxucz0iaHR0cDovL3d3dy53My5vcmcvMjAwMC9zdmciPjwvc3ZnPg==\" style=\"--smush-placeholder-width: 18px; --smush-placeholder-aspect-ratio: 18\/15;\">&nbsp;<a class=\"jcepopup\" href=\"https:\/\/alzira.es\/wp-content\/uploads\/2020\/04\/atencio_psicologica_general.pdf\" target=\"_blank\" rel=\"noopener\">Servicio de atenci\u00f3n psicol\u00f3gica frente a la situaci\u00f3n de alarma generada por el COVID-19<\/a>.<\/p>\n\n\n\n<p><img decoding=\"async\" width=\"18\" height=\"15\" class=\"size-full wp-image-47886 lazyload\" data-src=\"https:\/\/alzira.es\/wp-content\/uploads\/2020\/04\/pdf_rojo.gif\" alt=\"pdf rojo\" src=\"data:image\/svg+xml;base64,PHN2ZyB3aWR0aD0iMSIgaGVpZ2h0PSIxIiB4bWxucz0iaHR0cDovL3d3dy53My5vcmcvMjAwMC9zdmciPjwvc3ZnPg==\" style=\"--smush-placeholder-width: 18px; --smush-placeholder-aspect-ratio: 18\/15;\">&nbsp;<a class=\"jcepopup\" href=\"https:\/\/alzira.es\/wp-content\/uploads\/2020\/04\/atencio_psicologica_majors.pdf\" target=\"_blank\" rel=\"noopener\">Gu\u00eda general para familiares cuidadores y personas mayores ante la situaci\u00f3n de alarma generada por el COVID-19<\/a>.<\/p>\n\n\n\n<p><img decoding=\"async\" width=\"18\" height=\"15\" class=\"size-full wp-image-47886 lazyload\" data-src=\"https:\/\/alzira.es\/wp-content\/uploads\/2020\/04\/pdf_rojo.gif\" alt=\"pdf rojo\" src=\"data:image\/svg+xml;base64,PHN2ZyB3aWR0aD0iMSIgaGVpZ2h0PSIxIiB4bWxucz0iaHR0cDovL3d3dy53My5vcmcvMjAwMC9zdmciPjwvc3ZnPg==\" style=\"--smush-placeholder-width: 18px; --smush-placeholder-aspect-ratio: 18\/15;\">&nbsp;<a class=\"jcepopup\" href=\"https:\/\/alzira.es\/wp-content\/uploads\/2020\/04\/atencio_psicologica_persones_diversitat_funcional.pdf\" target=\"_blank\" rel=\"noopener\">Gu\u00eda general para familiares cuidadores de personas con diversidad funcional frente la situaci\u00f3n de alarma generada por el COVID-19<\/a>.<\/p>\n\n\n\n<p><img decoding=\"async\" width=\"18\" height=\"15\" class=\"size-full wp-image-47886 lazyload\" data-src=\"https:\/\/alzira.es\/wp-content\/uploads\/2020\/04\/pdf_rojo.gif\" alt=\"pdf rojo\" src=\"data:image\/svg+xml;base64,PHN2ZyB3aWR0aD0iMSIgaGVpZ2h0PSIxIiB4bWxucz0iaHR0cDovL3d3dy53My5vcmcvMjAwMC9zdmciPjwvc3ZnPg==\" style=\"--smush-placeholder-width: 18px; --smush-placeholder-aspect-ratio: 18\/15;\">&nbsp;<a class=\"jcepopup\" href=\"https:\/\/alzira.es\/wp-content\/uploads\/2020\/04\/atencio_psicologica_xiquets.pdf\" target=\"_blank\" rel=\"noopener\">Gu\u00eda general para familias con ni\u00f1as y ni\u00f1os ante la situaci\u00f3n de alarma generada por el COVID-19<\/a>.<\/p>\n","protected":false},"excerpt":{"rendered":"<p>Nos encontramos ante una situaci\u00f3n de emergencia sin precedentes. La sociedad desprendido del COVID-19 ser\u00e1 una sociedad con unas necesidades y demandas que todav\u00eda son desconocidas. A causa de la sensaci\u00f3n de peligro constante generada por la situaci\u00f3n de alarma sanitaria y la incertidumbre respecto a c\u00f3mo suceder\u00e1n los acontecimientos, es normal que en las &hellip; <\/p>\n<p class=\"link-more\"><a href=\"https:\/\/alzira.es\/es\/servicios-municipales\/servicios-sociales\/atencion-psicologica-frente-covid-19\/\" class=\"more-link\">Continuar leyendo<span class=\"screen-reader-text\"> \u00abAtenci\u00f3n psicol\u00f3gica frente al COVID-19\u00bb<\/span><\/a><\/p>\n","protected":false},"author":29,"featured_media":0,"parent":6448,"menu_order":0,"comment_status":"closed","ping_status":"closed","template":"","meta":{"_acf_changed":false,"footnotes":""},"class_list":["post-47898","page","type-page","status-publish","hentry"],"acf":[],"_links":{"self":[{"href":"https:\/\/alzira.es\/es\/wp-json\/wp\/v2\/pages\/47898","targetHints":{"allow":["GET"]}}],"collection":[{"href":"https:\/\/alzira.es\/es\/wp-json\/wp\/v2\/pages"}],"about":[{"href":"https:\/\/alzira.es\/es\/wp-json\/wp\/v2\/types\/page"}],"author":[{"embeddable":true,"href":"https:\/\/alzira.es\/es\/wp-json\/wp\/v2\/users\/29"}],"replies":[{"embeddable":true,"href":"https:\/\/alzira.es\/es\/wp-json\/wp\/v2\/comments?post=47898"}],"version-history":[{"count":2,"href":"https:\/\/alzira.es\/es\/wp-json\/wp\/v2\/pages\/47898\/revisions"}],"predecessor-version":[{"id":87447,"href":"https:\/\/alzira.es\/es\/wp-json\/wp\/v2\/pages\/47898\/revisions\/87447"}],"up":[{"embeddable":true,"href":"https:\/\/alzira.es\/es\/wp-json\/wp\/v2\/pages\/6448"}],"wp:attachment":[{"href":"https:\/\/alzira.es\/es\/wp-json\/wp\/v2\/media?parent=47898"}],"curies":[{"name":"wp","href":"https:\/\/api.w.org\/{rel}","templated":true}]}}