{"id":47653,"date":"2020-03-20T11:10:11","date_gmt":"2020-03-20T10:10:11","guid":{"rendered":"https:\/\/alzira.es\/biblioteca-devolucion-prestamos-4\/"},"modified":"2021-09-07T13:43:11","modified_gmt":"2021-09-07T11:43:11","slug":"biblioteca-devolucion-prestamos-4","status":"publish","type":"page","link":"https:\/\/alzira.es\/es\/serveis-municipals\/biblioteca\/biblioteca-devolucion-prestamos-4\/","title":{"rendered":"DEVOLUCI\u00d3 LLIBRES i PR\u00c9STEC"},"content":{"rendered":"<p style=\"font-size: 14.3999996185303px; line-height: 23.0399990081787px; text-align: left;\"><a title=\"Contacta amb nosaltres\" href=\"index.php\/val\/serveis-municipals\/bibliotec\/contacta-biblioteca\"><img decoding=\"async\" width=\"205\" height=\"63\" class=\"size-full wp-image-47622 lazyload\" style=\"--smush-placeholder-width: 205px; --smush-placeholder-aspect-ratio: 205\/63;font-size: 14.3999996185303px; line-height: 23.0399990081787px;\" data-src=\"https:\/\/alzira.es\/wp-content\/uploads\/2020\/03\/Boton_contactav.jpg\" alt=\"Contacta amb nosaltres\" src=\"data:image\/svg+xml;base64,PHN2ZyB3aWR0aD0iMSIgaGVpZ2h0PSIxIiB4bWxucz0iaHR0cDovL3d3dy53My5vcmcvMjAwMC9zdmciPjwvc3ZnPg==\"><\/a>&nbsp;<span style=\"font-size: 14.4px; line-height: 23.04px;\"><a href=\"index.php?option=com_content&amp;view=article&amp;id=11940&amp;Itemid=1548\"><img decoding=\"async\" width=\"205\" height=\"63\" class=\"size-full wp-image-7235 lazyload\" style=\"--smush-placeholder-width: 205px; --smush-placeholder-aspect-ratio: 205\/63;font-size: 14.4px; line-height: 23.04px;\" data-src=\"https:\/\/alzira.es\/wp-content\/uploads\/2013\/07\/boton_Contacontes.jpg\" alt=\"boton Contacontes\" src=\"data:image\/svg+xml;base64,PHN2ZyB3aWR0aD0iMSIgaGVpZ2h0PSIxIiB4bWxucz0iaHR0cDovL3d3dy53My5vcmcvMjAwMC9zdmciPjwvc3ZnPg==\"><\/a>&nbsp;<\/span><a style=\"font-size: 14.3999996185303px; line-height: 23.0399990081787px;\" title=\"Enlla\u00e7os d'inter\u00e9s\" href=\"index.php\/val\/serveis-municipals\/bibliotec\/enllac-extern\"><img decoding=\"async\" width=\"205\" height=\"63\" class=\"size-full wp-image-7237 lazyload\" data-src=\"https:\/\/alzira.es\/wp-content\/uploads\/2013\/07\/Boton_enlacesv.jpg\" alt=\"Enlla\u00e7os d'inter\u00e9s\" src=\"data:image\/svg+xml;base64,PHN2ZyB3aWR0aD0iMSIgaGVpZ2h0PSIxIiB4bWxucz0iaHR0cDovL3d3dy53My5vcmcvMjAwMC9zdmciPjwvc3ZnPg==\" style=\"--smush-placeholder-width: 205px; --smush-placeholder-aspect-ratio: 205\/63;\"><\/a><span style=\"font-size: 14.3999996185303px; line-height: 23.0399990081787px;\">&nbsp;<\/span><a style=\"font-size: 14.3999996185303px; line-height: 23.0399990081787px;\" title=\"Guia de lectura\" href=\"index.php\/val\/serveis-municipals\/bibliotec\/guia-de-lectura\"><img decoding=\"async\" width=\"205\" height=\"63\" class=\"size-full wp-image-47625 lazyload\" data-src=\"https:\/\/alzira.es\/wp-content\/uploads\/2020\/03\/Boton_Guia_Lectura_VAL.jpg\" alt=\"Guia de lectura\" src=\"data:image\/svg+xml;base64,PHN2ZyB3aWR0aD0iMSIgaGVpZ2h0PSIxIiB4bWxucz0iaHR0cDovL3d3dy53My5vcmcvMjAwMC9zdmciPjwvc3ZnPg==\" style=\"--smush-placeholder-width: 205px; --smush-placeholder-aspect-ratio: 205\/63;\"><\/a><span style=\"font-size: 14.3999996185303px; line-height: 23.0399990081787px;\">&nbsp;<\/span><a style=\"font-size: 14.3999996185303px; line-height: 23.0399990081787px;\" title=\"Horaris\" href=\"index.php\/val\/serveis-municipals\/bibliotec\"><img decoding=\"async\" width=\"205\" height=\"63\" class=\"size-full wp-image-7241 lazyload\" data-src=\"https:\/\/alzira.es\/wp-content\/uploads\/2013\/07\/Boton_Horaris.jpg\" alt=\"Horaris\" src=\"data:image\/svg+xml;base64,PHN2ZyB3aWR0aD0iMSIgaGVpZ2h0PSIxIiB4bWxucz0iaHR0cDovL3d3dy53My5vcmcvMjAwMC9zdmciPjwvc3ZnPg==\" style=\"--smush-placeholder-width: 205px; --smush-placeholder-aspect-ratio: 205\/63;\"><\/a><span style=\"font-size: 14.3999996185303px; line-height: 23.0399990081787px;\">&nbsp;<\/span><a style=\"font-size: 14.3999996185303px; line-height: 23.0399990081787px;\" title=\"Localitzaci\u00f3\" href=\"index.php\/val\/serveis-municipals\/bibliotec\/contacte\"><img decoding=\"async\" width=\"205\" height=\"63\" class=\"size-full wp-image-7243 lazyload\" data-src=\"https:\/\/alzira.es\/wp-content\/uploads\/2013\/07\/Boton_Localitzacio.jpg\" alt=\"Localitzaci\u00f3\" src=\"data:image\/svg+xml;base64,PHN2ZyB3aWR0aD0iMSIgaGVpZ2h0PSIxIiB4bWxucz0iaHR0cDovL3d3dy53My5vcmcvMjAwMC9zdmciPjwvc3ZnPg==\" style=\"--smush-placeholder-width: 205px; --smush-placeholder-aspect-ratio: 205\/63;\"><\/a><span style=\"font-size: 14.3999996185303px; line-height: 23.0399990081787px;\">&nbsp;<\/span><a style=\"font-size: 14.3999996185303px; line-height: 23.0399990081787px;\" title=\"Normes d'\u00fas\" href=\"index.php\/val\/serveis-municipals\/bibliotec\/normes-d-us\"><img decoding=\"async\" width=\"205\" height=\"63\" class=\"size-full wp-image-7245 lazyload\" data-src=\"https:\/\/alzira.es\/wp-content\/uploads\/2013\/07\/Boton_Normes_Us.jpg\" alt=\"Normes d'\u00fas\" src=\"data:image\/svg+xml;base64,PHN2ZyB3aWR0aD0iMSIgaGVpZ2h0PSIxIiB4bWxucz0iaHR0cDovL3d3dy53My5vcmcvMjAwMC9zdmciPjwvc3ZnPg==\" style=\"--smush-placeholder-width: 205px; --smush-placeholder-aspect-ratio: 205\/63;\"><\/a><span style=\"font-size: 14.3999996185303px; line-height: 23.0399990081787px;\">&nbsp;<\/span><a style=\"font-size: 14.3999996185303px; line-height: 23.0399990081787px;\" title=\"Pr\u00e9stec de llibres\" href=\"index.php\/val\/serveis-municipals\/bibliotec\/prestec-de-llibres\"><img decoding=\"async\" width=\"205\" height=\"63\" class=\"size-full wp-image-7247 lazyload\" data-src=\"https:\/\/alzira.es\/wp-content\/uploads\/2013\/07\/Boton_Prestec_Llibres.jpg\" alt=\"Pr\u00e9stec de llibres\" src=\"data:image\/svg+xml;base64,PHN2ZyB3aWR0aD0iMSIgaGVpZ2h0PSIxIiB4bWxucz0iaHR0cDovL3d3dy53My5vcmcvMjAwMC9zdmciPjwvc3ZnPg==\" style=\"--smush-placeholder-width: 205px; --smush-placeholder-aspect-ratio: 205\/63;\"><\/a><span style=\"font-size: 14.3999996185303px; line-height: 23.0399990081787px;\">&nbsp;<\/span><a style=\"font-size: 14.3999996185303px; line-height: 23.0399990081787px;\" title=\"Reserves de llibres\" href=\"index.php\/val\/serveis-municipals\/bibliotec\/reserva-de-llibres\"><img decoding=\"async\" width=\"205\" height=\"63\" class=\"size-full wp-image-7249 lazyload\" data-src=\"https:\/\/alzira.es\/wp-content\/uploads\/2013\/07\/Boton_Reserves_Llibres.jpg\" alt=\"Reserves de llibres\" src=\"data:image\/svg+xml;base64,PHN2ZyB3aWR0aD0iMSIgaGVpZ2h0PSIxIiB4bWxucz0iaHR0cDovL3d3dy53My5vcmcvMjAwMC9zdmciPjwvc3ZnPg==\" style=\"--smush-placeholder-width: 205px; --smush-placeholder-aspect-ratio: 205\/63;\"><\/a><\/p>\n<p style=\"text-align: justify;\"><span style=\"font-size: 14pt;\">La devoluci\u00f3 dels llibres, DVD i CD es prorrogar\u00e0 autom\u00e0ticament mentre dure l&#8217;actual situaci\u00f3, des de Conselleria han ajornat la devoluci\u00f3 de tot el material que tenen a les seues cases els usuaris i usu\u00e0ries, per tant els llibres de la nostra biblioteca o qualsevol material d&#8217;altres biblioteques es prolonga fins a un altre av\u00eds. <\/span><\/p>\n<p style=\"text-align: justify;\"><span style=\"font-size: 14pt;\">Com igual sabeu podeu descarregar llibres electr\u00f2nics a trav\u00e9s de l&#8217;aplicaci\u00f3 e-biblio Comunitat Valenciana, podeu entrar amb el vostre DNI o n\u00famero de lector i com a contrasenya els \u00faltims d\u00edgits d&#8217;aquest, tant del DNI com del n\u00famero currens per a menors o persones sense DNI. <\/span><\/p>\n<p style=\"text-align: justify;\"><span style=\"font-size: 14pt;\">Si teniu dubtes podeu telefonar al 962012981 en horari de dem\u00e0, el personal fem torns rotatius, o b\u00e9 enviar un missatge a biblioteca@alzira.es i us anirem contestant. <\/span><\/p>\n<p style=\"text-align: justify;\"><span style=\"font-size: 14pt;\">Com ens diuen les normes, QUEDAT A CASA, ja retornareu els llibres, CD I DVD quan aix\u00f2 haja passat.<\/span><\/p>\n<p style=\"text-align: justify;\">&nbsp;<\/p>\n<p style=\"text-align: center;\"><span style=\"font-size: 24pt;\"><img decoding=\"async\" class=\"size-full wp-image-47615 lazyload\" data-src=\"https:\/\/alzira.es\/wp-content\/uploads\/2020\/03\/biblio_alzira_logo.jpg\" alt=\"biblio alzira logo\" width=\"900\" height=\"319\" src=\"data:image\/svg+xml;base64,PHN2ZyB3aWR0aD0iMSIgaGVpZ2h0PSIxIiB4bWxucz0iaHR0cDovL3d3dy53My5vcmcvMjAwMC9zdmciPjwvc3ZnPg==\" style=\"--smush-placeholder-width: 900px; --smush-placeholder-aspect-ratio: 900\/319;\"><\/span><\/p>\n<p>&nbsp;<\/p>\n","protected":false},"excerpt":{"rendered":"<p>&nbsp;&nbsp;&nbsp;&nbsp;&nbsp;&nbsp;&nbsp;&nbsp; La devoluci\u00f3 dels llibres, DVD i CD es prorrogar\u00e0 autom\u00e0ticament mentre dure l&#8217;actual situaci\u00f3, des de Conselleria han ajornat la devoluci\u00f3 de tot el material que tenen a les seues cases els usuaris i usu\u00e0ries, per tant els llibres de la nostra biblioteca o qualsevol material d&#8217;altres biblioteques es prolonga fins a un altre &hellip; <\/p>\n<p class=\"link-more\"><a href=\"https:\/\/alzira.es\/es\/serveis-municipals\/biblioteca\/biblioteca-devolucion-prestamos-4\/\" class=\"more-link\">Continuar leyendo<span class=\"screen-reader-text\"> \u00abDEVOLUCI\u00d3 LLIBRES i PR\u00c9STEC\u00bb<\/span><\/a><\/p>\n","protected":false},"author":29,"featured_media":47622,"parent":84130,"menu_order":5,"comment_status":"closed","ping_status":"closed","template":"","meta":{"_acf_changed":false,"footnotes":""},"class_list":["post-47653","page","type-page","status-publish","has-post-thumbnail","hentry"],"acf":[],"_links":{"self":[{"href":"https:\/\/alzira.es\/es\/wp-json\/wp\/v2\/pages\/47653","targetHints":{"allow":["GET"]}}],"collection":[{"href":"https:\/\/alzira.es\/es\/wp-json\/wp\/v2\/pages"}],"about":[{"href":"https:\/\/alzira.es\/es\/wp-json\/wp\/v2\/types\/page"}],"author":[{"embeddable":true,"href":"https:\/\/alzira.es\/es\/wp-json\/wp\/v2\/users\/29"}],"replies":[{"embeddable":true,"href":"https:\/\/alzira.es\/es\/wp-json\/wp\/v2\/comments?post=47653"}],"version-history":[{"count":1,"href":"https:\/\/alzira.es\/es\/wp-json\/wp\/v2\/pages\/47653\/revisions"}],"predecessor-version":[{"id":89579,"href":"https:\/\/alzira.es\/es\/wp-json\/wp\/v2\/pages\/47653\/revisions\/89579"}],"up":[{"embeddable":true,"href":"https:\/\/alzira.es\/es\/wp-json\/wp\/v2\/pages\/84130"}],"wp:featuredmedia":[{"embeddable":true,"href":"https:\/\/alzira.es\/es\/wp-json\/wp\/v2\/media\/47622"}],"wp:attachment":[{"href":"https:\/\/alzira.es\/es\/wp-json\/wp\/v2\/media?parent=47653"}],"curies":[{"name":"wp","href":"https:\/\/api.w.org\/{rel}","templated":true}]}}