{"id":4619,"date":"2009-02-17T18:41:35","date_gmt":"2009-02-17T17:41:35","guid":{"rendered":"https:\/\/alzira.es\/linia-3\/"},"modified":"2021-07-26T20:06:26","modified_gmt":"2021-07-26T18:06:26","slug":"linia-3","status":"publish","type":"page","link":"https:\/\/alzira.es\/es\/ciutat\/transport-public\/linia-3\/","title":{"rendered":"L\u00ednia 3"},"content":{"rendered":"<p>L&#8217;horari de les l\u00ednies del bus urb\u00e0 per als mesos de <strong>juliol<\/strong> i <strong>agost\u00a0<\/strong>informa que pel que respecta a la <span style=\"color: #ff0000;\"><strong>L\u00cdNIA 3<\/strong>\u00a0es susp\u00e9n el seu servici al llarg de l&#8217;estiu<\/span>.<\/p>\n<table style=\"width: 100%;\" border=\"4\" cellspacing=\"1\" cellpadding=\"1\">\n<tbody>\n<tr>\n<td style=\"background-color: #249255;\">\n<p style=\"text-align: center;\"><span style=\"color: #ffffff;\"><span style=\"text-decoration: underline;\"><strong>DIES<\/strong><\/span><\/span><\/p>\n<\/td>\n<td style=\"background-color: #249255;\">\n<p style=\"text-align: center;\"><span style=\"color: #ffffff;\"><span style=\"text-decoration: underline;\"><strong>HORARI: DE 6:45 a 21:20 hores<\/strong><\/span><\/span><\/p>\n<p><strong>\u00a0<\/strong><\/td>\n<\/tr>\n<tr>\n<td><strong>Dilluns a divendres<\/strong><\/td>\n<td><strong>Eixida de l&#8217;hospital a les 6:45 hores &#8212;- circular<\/strong><\/p>\n<p><strong>\u00a0<\/strong><\/td>\n<\/tr>\n<tr>\n<td><strong>Dissabtes, Diumenges i festius<\/strong><\/td>\n<td><strong>No funciona &#8211; Sense servici<\/strong><\/p>\n<p><strong>\u00a0<\/strong><\/td>\n<\/tr>\n<tr>\n<td><strong>JULIOL &#8211; AGOST<\/strong><\/td>\n<td><strong>No funciona &#8211; Sense servici<\/strong><\/p>\n<p><strong>\u00a0<\/strong><\/td>\n<\/tr>\n<\/tbody>\n<\/table>\n<table style=\"width: 100%;\" border=\"4\" cellspacing=\"1\" cellpadding=\"1\">\n<tbody>\n<tr>\n<td style=\"text-align: center; background-color: #249255; width: 165px;\"><img decoding=\"async\" class=\"size-full wp-image-4613 lazyload\" data-src=\"https:\/\/alzira.es\/wp-content\/uploads\/2009\/02\/escudo.gif\" alt=\"Escudo\" width=\"41\" height=\"51\" src=\"data:image\/svg+xml;base64,PHN2ZyB3aWR0aD0iMSIgaGVpZ2h0PSIxIiB4bWxucz0iaHR0cDovL3d3dy53My5vcmcvMjAwMC9zdmciPjwvc3ZnPg==\" style=\"--smush-placeholder-width: 41px; --smush-placeholder-aspect-ratio: 41\/51;\" \/><\/td>\n<td style=\"text-align: center; background-color: #249255;\" colspan=\"3\"><span style=\"font-size: small;\"><span style=\"color: #ffffff;\"><strong>HORARI L\u00cdNIA 3 (aproximadament)<\/strong><\/span><\/span><\/td>\n<td style=\"text-align: center; background-color: #249255;\"><img decoding=\"async\" class=\"size-full wp-image-4615 lazyload\" data-src=\"https:\/\/alzira.es\/wp-content\/uploads\/2009\/02\/alzibus.gif\" alt=\"Alzibus\" width=\"165\" height=\"63\" src=\"data:image\/svg+xml;base64,PHN2ZyB3aWR0aD0iMSIgaGVpZ2h0PSIxIiB4bWxucz0iaHR0cDovL3d3dy53My5vcmcvMjAwMC9zdmciPjwvc3ZnPg==\" style=\"--smush-placeholder-width: 165px; --smush-placeholder-aspect-ratio: 165\/63;\" \/><\/td>\n<\/tr>\n<tr>\n<td style=\"text-align: center;\"><strong>HOSPITAL<\/strong><\/td>\n<td style=\"text-align: center;\"><strong>ESTACI\u00d3<\/strong><\/td>\n<td style=\"text-align: center; width: 100px;\" rowspan=\"13\"><\/td>\n<td style=\"text-align: center;\"><strong>HOSPITAL<\/strong><\/td>\n<td style=\"text-align: center;\"><strong>ESTACI\u00d3<\/strong><\/td>\n<\/tr>\n<tr>\n<td style=\"text-align: center;\" colspan=\"2\"><\/td>\n<td style=\"text-align: center;\" colspan=\"2\"><\/td>\n<\/tr>\n<tr>\n<td style=\"text-align: center;\">06:45<\/td>\n<td style=\"text-align: center;\">07:05<\/td>\n<td style=\"text-align: center;\">14:35<\/td>\n<td style=\"text-align: center;\">15:55<\/td>\n<\/tr>\n<tr>\n<td style=\"text-align: center;\">07:25<\/td>\n<td style=\"text-align: center;\">07:45<\/td>\n<td style=\"text-align: center;\">15:15<\/td>\n<td style=\"text-align: center;\">15:40<\/td>\n<\/tr>\n<tr>\n<td style=\"text-align: center;\">08:05<\/td>\n<td style=\"text-align: center;\">08:25<\/td>\n<td style=\"text-align: center;\">16:00<\/td>\n<td style=\"text-align: center;\">16:20<\/td>\n<\/tr>\n<tr>\n<td style=\"text-align: center;\">08:45<\/td>\n<td style=\"text-align: center;\">09:05<\/td>\n<td style=\"text-align: center;\">16:45<\/td>\n<td style=\"text-align: center;\">17:05<\/td>\n<\/tr>\n<tr>\n<td style=\"text-align: center;\">09:25<\/td>\n<td style=\"text-align: center;\">09:45<\/td>\n<td style=\"text-align: center;\">17:25<\/td>\n<td style=\"text-align: center;\">17:45<\/td>\n<\/tr>\n<tr>\n<td style=\"text-align: center;\">10:05<\/td>\n<td style=\"text-align: center;\">10:25<\/td>\n<td style=\"text-align: center;\">18:05<\/td>\n<td style=\"text-align: center;\">18:25<\/td>\n<\/tr>\n<tr>\n<td style=\"text-align: center;\">10:45<\/td>\n<td style=\"text-align: center;\">11:05<\/td>\n<td style=\"text-align: center;\">18:45<\/td>\n<td style=\"text-align: center;\">19:05<\/td>\n<\/tr>\n<tr>\n<td style=\"text-align: center;\">11:25<\/td>\n<td style=\"text-align: center;\">11:45<\/td>\n<td style=\"text-align: center;\">19:25<\/td>\n<td style=\"text-align: center;\">19:45<\/td>\n<\/tr>\n<tr>\n<td style=\"text-align: center;\">12:05<\/td>\n<td style=\"text-align: center;\">12:25<\/td>\n<td style=\"text-align: center;\">20:05<\/td>\n<td style=\"text-align: center;\">20:25<\/td>\n<\/tr>\n<tr>\n<td style=\"text-align: center;\">12:45<\/td>\n<td style=\"text-align: center;\">13:10<\/td>\n<td style=\"text-align: center;\">20:45<\/td>\n<td style=\"text-align: center;\">21:15<\/td>\n<\/tr>\n<tr>\n<td style=\"text-align: center;\">13:45<\/td>\n<td style=\"text-align: center;\">14:15<\/td>\n<td style=\"text-align: center;\">21:30<\/td>\n<td style=\"text-align: center;\">FINAL<\/td>\n<\/tr>\n<\/tbody>\n<\/table>\n<blockquote dir=\"ltr\" style=\"margin-right: 0px;\">\n<p dir=\"ltr\"><img fetchpriority=\"high\" decoding=\"async\" class=\" size-full wp-image-4617\" style=\"display: block; margin-left: auto; margin-right: auto;\" src=\"https:\/\/alzira.es\/wp-content\/uploads\/2009\/02\/buslinea3.gif\" alt=\"L\u00ednia 3\" width=\"490\" height=\"1025\" \/><\/p>\n<\/blockquote>\n","protected":false},"excerpt":{"rendered":"<p>L&#8217;horari de les l\u00ednies del bus urb\u00e0 per als mesos de juliol i agost\u00a0informa que pel que respecta a la L\u00cdNIA 3\u00a0es susp\u00e9n el seu servici al llarg de l&#8217;estiu. DIES HORARI: DE 6:45 a 21:20 hores \u00a0 Dilluns a divendres Eixida de l&#8217;hospital a les 6:45 hores &#8212;- circular \u00a0 Dissabtes, Diumenges i festius &hellip; <\/p>\n<p class=\"link-more\"><a href=\"https:\/\/alzira.es\/es\/ciutat\/transport-public\/linia-3\/\" class=\"more-link\">Continuar leyendo<span class=\"screen-reader-text\"> \u00abL\u00ednia 3\u00bb<\/span><\/a><\/p>\n","protected":false},"author":12,"featured_media":4528,"parent":4603,"menu_order":0,"comment_status":"closed","ping_status":"closed","template":"","meta":{"_acf_changed":false,"footnotes":""},"class_list":["post-4619","page","type-page","status-publish","has-post-thumbnail","hentry"],"acf":[],"_links":{"self":[{"href":"https:\/\/alzira.es\/es\/wp-json\/wp\/v2\/pages\/4619","targetHints":{"allow":["GET"]}}],"collection":[{"href":"https:\/\/alzira.es\/es\/wp-json\/wp\/v2\/pages"}],"about":[{"href":"https:\/\/alzira.es\/es\/wp-json\/wp\/v2\/types\/page"}],"author":[{"embeddable":true,"href":"https:\/\/alzira.es\/es\/wp-json\/wp\/v2\/users\/12"}],"replies":[{"embeddable":true,"href":"https:\/\/alzira.es\/es\/wp-json\/wp\/v2\/comments?post=4619"}],"version-history":[{"count":1,"href":"https:\/\/alzira.es\/es\/wp-json\/wp\/v2\/pages\/4619\/revisions"}],"predecessor-version":[{"id":83700,"href":"https:\/\/alzira.es\/es\/wp-json\/wp\/v2\/pages\/4619\/revisions\/83700"}],"up":[{"embeddable":true,"href":"https:\/\/alzira.es\/es\/wp-json\/wp\/v2\/pages\/4603"}],"wp:featuredmedia":[{"embeddable":true,"href":"https:\/\/alzira.es\/es\/wp-json\/wp\/v2\/media\/4528"}],"wp:attachment":[{"href":"https:\/\/alzira.es\/es\/wp-json\/wp\/v2\/media?parent=4619"}],"curies":[{"name":"wp","href":"https:\/\/api.w.org\/{rel}","templated":true}]}}