{"id":4559,"date":"2009-02-18T15:14:25","date_gmt":"2009-02-18T14:14:25","guid":{"rendered":"https:\/\/alzira.es\/san-silvestre\/"},"modified":"2021-07-23T19:48:10","modified_gmt":"2021-07-23T17:48:10","slug":"san-silvestre","status":"publish","type":"page","link":"https:\/\/alzira.es\/es\/la-ciudad\/fiestas-y-tradiciones\/san-silvestre\/","title":{"rendered":"San Silvestre"},"content":{"rendered":"<p style=\"text-align: justify;\">\u00a0<img fetchpriority=\"high\" decoding=\"async\" width=\"180\" height=\"370\" class=\" alignright size-full wp-image-4557\" style=\"margin-bottom: 10px; margin-left: 20px; float: right;\" src=\"https:\/\/alzira.es\/wp-content\/uploads\/2009\/02\/silvestre1.jpg\" alt=\"silvestre1\" \/>En el mes de diciembre, el d\u00eda 30, \u00abvespra del benaurat Sant Silvestre\u00bb, se conmemora el aniversario de la entrada a la villa musulmana por las tropas del rey Jaime I de Arag\u00f3n.<\/p>\n<p style=\"text-align: justify;\">Las autoridades municipales presiden la procesi\u00f3n c\u00edvica que acompa\u00f1a desde 1993 a la Senyera, sustituida en 1995 por la bandera de la ciudad, tras bajarla por el balc\u00f3n la Casa Consistorial, donde se custodia a lo largo del a\u00f1o; inicialmente, hasta la plaza de Casass\u00fas, en la cual se alzaba el monumento de Octavio Vicent conmemorativo de la muerte del monarca aragon\u00e9s; posteriormente se iba a los Casalicios; en la actualidad, hasta la Plaza de San Judas, donde se ubica el monumento a Jaime I del alzire\u00f1o Enrique Caster\u00e1, para hacer ofrenda de una corona de laurel. Despu\u00e9s de unos parlamentos, vuelta a su lugar habitual con la ceremonia de costumbre, y celebraci\u00f3n de un Pleno extraordinario para proceder a la imposici\u00f3n de las insignias de oro con el escudo de la ciudad, en sus diversas modalidades.<\/p>\n<p>En el transcurso del recorrido, se cantaba en la Iglesia de Santa Catalina solemne Te Deum, hasta que en 2007 se inicia la itinerancia por las parroquias de la ciudad, por su antig\u00fcedad.<\/p>\n","protected":false},"excerpt":{"rendered":"<p>\u00a0En el mes de diciembre, el d\u00eda 30, \u00abvespra del benaurat Sant Silvestre\u00bb, se conmemora el aniversario de la entrada a la villa musulmana por las tropas del rey Jaime I de Arag\u00f3n. Las autoridades municipales presiden la procesi\u00f3n c\u00edvica que acompa\u00f1a desde 1993 a la Senyera, sustituida en 1995 por la bandera de la &hellip; <\/p>\n<p class=\"link-more\"><a href=\"https:\/\/alzira.es\/es\/la-ciudad\/fiestas-y-tradiciones\/san-silvestre\/\" class=\"more-link\">Continuar leyendo<span class=\"screen-reader-text\"> \u00abSan Silvestre\u00bb<\/span><\/a><\/p>\n","protected":false},"author":12,"featured_media":0,"parent":4511,"menu_order":0,"comment_status":"closed","ping_status":"closed","template":"","meta":{"_acf_changed":false,"footnotes":""},"class_list":["post-4559","page","type-page","status-publish","hentry"],"acf":[],"_links":{"self":[{"href":"https:\/\/alzira.es\/es\/wp-json\/wp\/v2\/pages\/4559","targetHints":{"allow":["GET"]}}],"collection":[{"href":"https:\/\/alzira.es\/es\/wp-json\/wp\/v2\/pages"}],"about":[{"href":"https:\/\/alzira.es\/es\/wp-json\/wp\/v2\/types\/page"}],"author":[{"embeddable":true,"href":"https:\/\/alzira.es\/es\/wp-json\/wp\/v2\/users\/12"}],"replies":[{"embeddable":true,"href":"https:\/\/alzira.es\/es\/wp-json\/wp\/v2\/comments?post=4559"}],"version-history":[{"count":2,"href":"https:\/\/alzira.es\/es\/wp-json\/wp\/v2\/pages\/4559\/revisions"}],"predecessor-version":[{"id":83313,"href":"https:\/\/alzira.es\/es\/wp-json\/wp\/v2\/pages\/4559\/revisions\/83313"}],"up":[{"embeddable":true,"href":"https:\/\/alzira.es\/es\/wp-json\/wp\/v2\/pages\/4511"}],"wp:attachment":[{"href":"https:\/\/alzira.es\/es\/wp-json\/wp\/v2\/media?parent=4559"}],"curies":[{"name":"wp","href":"https:\/\/api.w.org\/{rel}","templated":true}]}}