{"id":4555,"date":"2009-02-18T14:27:38","date_gmt":"2009-02-18T13:27:38","guid":{"rendered":"https:\/\/alzira.es\/fiestas-de-la-virgen-del-lluch\/"},"modified":"2021-09-01T07:59:18","modified_gmt":"2021-09-01T05:59:18","slug":"fiestas-de-la-virgen-del-lluch","status":"publish","type":"page","link":"https:\/\/alzira.es\/es\/la-ciudad\/fiestas-y-tradiciones\/fiestas-de-la-virgen-del-lluch\/","title":{"rendered":"Fiestas de la Virgen del Lluch"},"content":{"rendered":"\n<p>En el mes de septiembre Alzira honra a su patrona,&nbsp;La Virgen&nbsp;del Lluch. Las fiestas, con actos culturales y religiosos, consiguen el m\u00e1ximo esplendor el&nbsp;\u00faltimo domingo de septiembre, festividad de la Moreneta, donde se representa el&nbsp;hallazgo de la imagen y se bailan los t\u00edpicos bailes de Alzira, recuperados por la entidad cultural \u00abLa Cachucha\u00bb, y gracias a la colaboraci\u00f3n del grupo de danzas de Alzira.<\/p>\n\n\n\n<p>Ese d\u00eda, la imagen de la patrona, habiendo estado en la ciudad por espacio de unos d\u00edas despu\u00e9s de ser bajada tras el novenario celebrado en su respectivo Santuario, es devuelta en procesi\u00f3n al templo en la monta\u00f1eta de San Salvador.<span style=\"font-size: 18px;\">&nbsp;<\/span><\/p>\n\n\n\n<p class=\"has-text-align-center\"><strong><span style=\"color: #9b1f2e;\"><strong>M\u00e1s Informaci\u00f3n:<\/strong><\/span><\/strong><\/p>\n\n\n\n<div class=\"wp-block-image\"><figure class=\"aligncenter\"><img decoding=\"async\" width=\"107\" height=\"45\" data-src=\"https:\/\/alzira.es\/wp-content\/uploads\/2009\/02\/tourist.gif\" alt=\"Tourist info\" class=\"wp-image-4553 lazyload\" src=\"data:image\/svg+xml;base64,PHN2ZyB3aWR0aD0iMSIgaGVpZ2h0PSIxIiB4bWxucz0iaHR0cDovL3d3dy53My5vcmcvMjAwMC9zdmciPjwvc3ZnPg==\" style=\"--smush-placeholder-width: 107px; --smush-placeholder-aspect-ratio: 107\/45;\" \/><\/figure><\/div>\n\n\n\n<p class=\"has-text-align-center\">TOURIST INFO ALZIRA<br>Plaza del Reino,s\/n 46600 ALZIRA<br>Tel\u00e9fono y fax:962419551<\/p>\n\n\n\n<p class=\"has-text-align-center\"><a href=\"mailto:alzira@touristinfo.net\">alzira@touristinfo.net<\/a><\/p>\n\n\n\n<p>Esta oficina de turismo no se hace responsable de los cambios de horario y programaci\u00f3n de las distintas secciones de este Programa.<\/p>\n","protected":false},"excerpt":{"rendered":"<p>En el mes de septiembre Alzira honra a su patrona,&nbsp;La Virgen&nbsp;del Lluch. Las fiestas, con actos culturales y religiosos, consiguen el m\u00e1ximo esplendor el&nbsp;\u00faltimo domingo de septiembre, festividad de la Moreneta, donde se representa el&nbsp;hallazgo de la imagen y se bailan los t\u00edpicos bailes de Alzira, recuperados por la entidad cultural \u00abLa Cachucha\u00bb, y gracias &hellip; <\/p>\n<p class=\"link-more\"><a href=\"https:\/\/alzira.es\/es\/la-ciudad\/fiestas-y-tradiciones\/fiestas-de-la-virgen-del-lluch\/\" class=\"more-link\">Continuar leyendo<span class=\"screen-reader-text\"> \u00abFiestas de la Virgen del Lluch\u00bb<\/span><\/a><\/p>\n","protected":false},"author":12,"featured_media":4541,"parent":4511,"menu_order":0,"comment_status":"closed","ping_status":"closed","template":"","meta":{"_acf_changed":false,"footnotes":""},"class_list":["post-4555","page","type-page","status-publish","has-post-thumbnail","hentry"],"acf":[],"_links":{"self":[{"href":"https:\/\/alzira.es\/es\/wp-json\/wp\/v2\/pages\/4555","targetHints":{"allow":["GET"]}}],"collection":[{"href":"https:\/\/alzira.es\/es\/wp-json\/wp\/v2\/pages"}],"about":[{"href":"https:\/\/alzira.es\/es\/wp-json\/wp\/v2\/types\/page"}],"author":[{"embeddable":true,"href":"https:\/\/alzira.es\/es\/wp-json\/wp\/v2\/users\/12"}],"replies":[{"embeddable":true,"href":"https:\/\/alzira.es\/es\/wp-json\/wp\/v2\/comments?post=4555"}],"version-history":[{"count":2,"href":"https:\/\/alzira.es\/es\/wp-json\/wp\/v2\/pages\/4555\/revisions"}],"predecessor-version":[{"id":87678,"href":"https:\/\/alzira.es\/es\/wp-json\/wp\/v2\/pages\/4555\/revisions\/87678"}],"up":[{"embeddable":true,"href":"https:\/\/alzira.es\/es\/wp-json\/wp\/v2\/pages\/4511"}],"wp:featuredmedia":[{"embeddable":true,"href":"https:\/\/alzira.es\/es\/wp-json\/wp\/v2\/media\/4541"}],"wp:attachment":[{"href":"https:\/\/alzira.es\/es\/wp-json\/wp\/v2\/media?parent=4555"}],"curies":[{"name":"wp","href":"https:\/\/api.w.org\/{rel}","templated":true}]}}