{"id":4551,"date":"2009-02-18T14:16:53","date_gmt":"2009-02-18T13:16:53","guid":{"rendered":"https:\/\/alzira.es\/san-bernardo\/"},"modified":"2021-07-23T20:27:26","modified_gmt":"2021-07-23T18:27:26","slug":"san-bernardo","status":"publish","type":"page","link":"https:\/\/alzira.es\/es\/la-ciudad\/fiestas-y-tradiciones\/san-bernardo\/","title":{"rendered":"Sant Bernat"},"content":{"rendered":"<p style=\"text-align: justify;\"><img fetchpriority=\"high\" decoding=\"async\" width=\"180\" height=\"472\" class=\" alignright size-full wp-image-4549\" style=\"margin-bottom: 10px; margin-left: 20px; float: right;\" src=\"https:\/\/alzira.es\/wp-content\/uploads\/2009\/02\/bernat1.jpg\" alt=\"bernat1\" \/><span style=\"font-size: revert;\">En el mes de julio la ciudad celebra las fiestas mayores, las dedicadas a los santos Bernat, Mar\u00eda y Gracia, m\u00e1rtires de Alzira. Una doble vertiente enmarca la fiesta. Por un lado la conmemoraci\u00f3n profana, que cuenta con interesantes actividades de tipo art\u00edstico, cultural y deportivo, donde destacan de manera especial los festivales musicales, que re\u00fanen una ingente multitud en el campo de deportes Venecia. Son conocidas en toda la provincia y hasta Alzira se acercan los veraneantes de los municipios costeros.<\/span><\/p>\n<p style=\"text-align: justify;\"><span style=\"line-height: 1.6;\">Conciertos de m\u00fasica cl\u00e1sica, festivales de pirot\u00e9cnia y verbenas populares completan las jornadas, que en la parte religiosa se viven con la solemnidad de un novenario en honor de los patronos y la procesi\u00f3n general del d\u00eda 23.<\/span><\/p>\n<p style=\"text-align: justify;\"><span style=\"line-height: 1.6;\">En el mes de septiembre, Alzira honra a su patrona, Nuestra Se\u00f1ora del Lluch. Las fiestas, con actos culturales y religiosos, alcanzan el m\u00e1ximo esplendor el tercer domingo de septiembre, festividad de la Moreneta, donde se representa el encuentro de la imagen y se bailan los t\u00edpicos bailes de Alzira, recuperados por la entidad cultural \u00abLa Catxutxa\u00bb.<\/span>Ese d\u00eda, la Virgen, habiendo estado en la ciudad por espacio de unos d\u00edas, despu\u00e9s de ser bajada a continuaci\u00f3n del novenario celebrado en su Iglesia, es devuelta en procesi\u00f3n a su Santuario.<\/p>\n","protected":false},"excerpt":{"rendered":"<p>En el mes de julio la ciudad celebra las fiestas mayores, las dedicadas a los santos Bernat, Mar\u00eda y Gracia, m\u00e1rtires de Alzira. Una doble vertiente enmarca la fiesta. Por un lado la conmemoraci\u00f3n profana, que cuenta con interesantes actividades de tipo art\u00edstico, cultural y deportivo, donde destacan de manera especial los festivales musicales, que &hellip; <\/p>\n<p class=\"link-more\"><a href=\"https:\/\/alzira.es\/es\/la-ciudad\/fiestas-y-tradiciones\/san-bernardo\/\" class=\"more-link\">Continuar leyendo<span class=\"screen-reader-text\"> \u00abSant Bernat\u00bb<\/span><\/a><\/p>\n","protected":false},"author":12,"featured_media":4541,"parent":4511,"menu_order":0,"comment_status":"closed","ping_status":"closed","template":"","meta":{"_acf_changed":false,"footnotes":""},"class_list":["post-4551","page","type-page","status-publish","has-post-thumbnail","hentry"],"acf":[],"_links":{"self":[{"href":"https:\/\/alzira.es\/es\/wp-json\/wp\/v2\/pages\/4551","targetHints":{"allow":["GET"]}}],"collection":[{"href":"https:\/\/alzira.es\/es\/wp-json\/wp\/v2\/pages"}],"about":[{"href":"https:\/\/alzira.es\/es\/wp-json\/wp\/v2\/types\/page"}],"author":[{"embeddable":true,"href":"https:\/\/alzira.es\/es\/wp-json\/wp\/v2\/users\/12"}],"replies":[{"embeddable":true,"href":"https:\/\/alzira.es\/es\/wp-json\/wp\/v2\/comments?post=4551"}],"version-history":[{"count":0,"href":"https:\/\/alzira.es\/es\/wp-json\/wp\/v2\/pages\/4551\/revisions"}],"up":[{"embeddable":true,"href":"https:\/\/alzira.es\/es\/wp-json\/wp\/v2\/pages\/4511"}],"wp:featuredmedia":[{"embeddable":true,"href":"https:\/\/alzira.es\/es\/wp-json\/wp\/v2\/media\/4541"}],"wp:attachment":[{"href":"https:\/\/alzira.es\/es\/wp-json\/wp\/v2\/media?parent=4551"}],"curies":[{"name":"wp","href":"https:\/\/api.w.org\/{rel}","templated":true}]}}