{"id":4547,"date":"2009-02-18T13:54:23","date_gmt":"2009-02-18T12:54:23","guid":{"rendered":"https:\/\/alzira.es\/barrios-y-partidas\/"},"modified":"2021-09-01T07:59:07","modified_gmt":"2021-09-01T05:59:07","slug":"barrios-y-partidas","status":"publish","type":"page","link":"https:\/\/alzira.es\/es\/la-ciudad\/fiestas-y-tradiciones\/barrios-y-partidas\/","title":{"rendered":"Barrios y Partidas"},"content":{"rendered":"<p style=\"text-align: justify;\"><a href=\"http:\/\/comunitatvalenciana.com\/sites\/default\/files\/doc\/agenda\/2017\/llibre_coordinadora_final__.pdf\" target=\"_blank\" rel=\"noopener\"><img fetchpriority=\"high\" decoding=\"async\" width=\"180\" height=\"326\" class=\" alignright size-full wp-image-4545\" style=\"margin-bottom: 10px; margin-left: 20px; float: right;\" src=\"https:\/\/alzira.es\/wp-content\/uploads\/2009\/02\/Descarregar-LLibret-93.375-KB.gif\" alt=\"Descarregar LLibret 93.375 KB\"><\/a>En Alzira la mayor\u00eda de los barrios y partidas que forman la Ciudad tienen sus propias fiestas, y algunas de ellas son muy antiguas ya que se iniciaron en la formaci\u00f3n del barrio.<\/p>\n<p style=\"text-align: justify;\"><span style=\"line-height: 1.6;\">Una de las cosas que caracterizan las barriadas i partidas de Alzira es el saber mantener sus costumbres y tambi\u00e9n conservar las m\u00e1s arraigadas tradiciones a lo largo del tiempo.<\/span><\/p>\n<p style=\"text-align: justify;\"><span style=\"line-height: 1.6;\">Desde muy antiguo es conocida la devoci\u00f3n por solemnizar todos los a\u00f1os en honor a sus patrones y protectores de cada barrio a lo largo de los meses de junio, julio, agosto, septiembre, y octubre.<\/span>&nbsp;<\/p>\n<p style=\"text-align: justify;\"><span style=\"line-height: 1.6;\">Las 22 fiestas que actualmente las celebran, est\u00e1n agrupadas en una sola entidad llamada Junta Coordinadora de fiestas de barrios y partidas, que tiene la finalidad de coordinarlas y representarlas. <\/span><span style=\"line-height: 1.6;\">Su objetivo es el de informar i dar a conocer al mayor n\u00famero de personas, que estas fiestas nos ayudan a mantener presente nuestros or\u00edgenes y tradiciones, las cuales siguen vivas para un gran colectivo de personas que a\u00f1o tras a\u00f1o, van haciendo camino y creando su propia historia.<\/span><\/p>\n<p style=\"text-align: justify;\">&nbsp;<\/p>\n","protected":false},"excerpt":{"rendered":"<p>En Alzira la mayor\u00eda de los barrios y partidas que forman la Ciudad tienen sus propias fiestas, y algunas de ellas son muy antiguas ya que se iniciaron en la formaci\u00f3n del barrio. Una de las cosas que caracterizan las barriadas i partidas de Alzira es el saber mantener sus costumbres y tambi\u00e9n conservar las &hellip; <\/p>\n<p class=\"link-more\"><a href=\"https:\/\/alzira.es\/es\/la-ciudad\/fiestas-y-tradiciones\/barrios-y-partidas\/\" class=\"more-link\">Continuar leyendo<span class=\"screen-reader-text\"> \u00abBarrios y Partidas\u00bb<\/span><\/a><\/p>\n","protected":false},"author":12,"featured_media":4541,"parent":4511,"menu_order":0,"comment_status":"closed","ping_status":"closed","template":"","meta":{"_acf_changed":false,"footnotes":""},"class_list":["post-4547","page","type-page","status-publish","has-post-thumbnail","hentry"],"acf":[],"_links":{"self":[{"href":"https:\/\/alzira.es\/es\/wp-json\/wp\/v2\/pages\/4547","targetHints":{"allow":["GET"]}}],"collection":[{"href":"https:\/\/alzira.es\/es\/wp-json\/wp\/v2\/pages"}],"about":[{"href":"https:\/\/alzira.es\/es\/wp-json\/wp\/v2\/types\/page"}],"author":[{"embeddable":true,"href":"https:\/\/alzira.es\/es\/wp-json\/wp\/v2\/users\/12"}],"replies":[{"embeddable":true,"href":"https:\/\/alzira.es\/es\/wp-json\/wp\/v2\/comments?post=4547"}],"version-history":[{"count":2,"href":"https:\/\/alzira.es\/es\/wp-json\/wp\/v2\/pages\/4547\/revisions"}],"predecessor-version":[{"id":87677,"href":"https:\/\/alzira.es\/es\/wp-json\/wp\/v2\/pages\/4547\/revisions\/87677"}],"up":[{"embeddable":true,"href":"https:\/\/alzira.es\/es\/wp-json\/wp\/v2\/pages\/4511"}],"wp:featuredmedia":[{"embeddable":true,"href":"https:\/\/alzira.es\/es\/wp-json\/wp\/v2\/media\/4541"}],"wp:attachment":[{"href":"https:\/\/alzira.es\/es\/wp-json\/wp\/v2\/media?parent=4547"}],"curies":[{"name":"wp","href":"https:\/\/api.w.org\/{rel}","templated":true}]}}