{"id":4539,"date":"2009-02-18T13:40:31","date_gmt":"2009-02-18T12:40:31","guid":{"rendered":"https:\/\/alzira.es\/romeria-al-valle-de-la-murta\/"},"modified":"2021-07-23T20:03:07","modified_gmt":"2021-07-23T18:03:07","slug":"romeria-al-valle-de-la-murta","status":"publish","type":"page","link":"https:\/\/alzira.es\/es\/la-ciudad\/fiestas-y-tradiciones\/romeria-al-valle-de-la-murta\/","title":{"rendered":"Romer\u00eda al Valle de la Murta"},"content":{"rendered":"<p style=\"text-align: justify;\"><img fetchpriority=\"high\" decoding=\"async\" width=\"180\" height=\"381\" class=\" alignright size-full wp-image-4537\" style=\"margin-bottom: 10px; margin-left: 20px; float: right;\" src=\"https:\/\/alzira.es\/wp-content\/uploads\/2009\/02\/romeria.jpg\" alt=\"romeria\" \/>El primer domingo de junio se celebra la tradicional romer\u00eda al valle de la Murta, para visitar las ruinas del Monasterio de Jer\u00f3nimos de Santa Mar\u00eda de la Murta. Muchos romeros acompa\u00f1an a la Virgen a pie en su traslado desde el Ayuntamiento hasta el valle. A mediod\u00eda se oficia una misa de campa\u00f1a y se ofrecen flores a la Virgen. Al finalizar la misma se entrega el pan bendicido, luego se sirve una gigantesca paella y se come con armon\u00eda en medio de un paradisiaco escenario hist\u00f3rico-natural; por la tarde actos culturales, conciertos, bailes, corales&#8230;) amenizan el encuentro.<\/p>\n<p style=\"text-align: justify;\">\n","protected":false},"excerpt":{"rendered":"<p>El primer domingo de junio se celebra la tradicional romer\u00eda al valle de la Murta, para visitar las ruinas del Monasterio de Jer\u00f3nimos de Santa Mar\u00eda de la Murta. Muchos romeros acompa\u00f1an a la Virgen a pie en su traslado desde el Ayuntamiento hasta el valle. A mediod\u00eda se oficia una misa de campa\u00f1a y &hellip; <\/p>\n<p class=\"link-more\"><a href=\"https:\/\/alzira.es\/es\/la-ciudad\/fiestas-y-tradiciones\/romeria-al-valle-de-la-murta\/\" class=\"more-link\">Continuar leyendo<span class=\"screen-reader-text\"> \u00abRomer\u00eda al Valle de la Murta\u00bb<\/span><\/a><\/p>\n","protected":false},"author":29,"featured_media":0,"parent":4511,"menu_order":0,"comment_status":"closed","ping_status":"closed","template":"","meta":{"_acf_changed":false,"footnotes":""},"class_list":["post-4539","page","type-page","status-publish","hentry"],"acf":[],"_links":{"self":[{"href":"https:\/\/alzira.es\/es\/wp-json\/wp\/v2\/pages\/4539","targetHints":{"allow":["GET"]}}],"collection":[{"href":"https:\/\/alzira.es\/es\/wp-json\/wp\/v2\/pages"}],"about":[{"href":"https:\/\/alzira.es\/es\/wp-json\/wp\/v2\/types\/page"}],"author":[{"embeddable":true,"href":"https:\/\/alzira.es\/es\/wp-json\/wp\/v2\/users\/29"}],"replies":[{"embeddable":true,"href":"https:\/\/alzira.es\/es\/wp-json\/wp\/v2\/comments?post=4539"}],"version-history":[{"count":2,"href":"https:\/\/alzira.es\/es\/wp-json\/wp\/v2\/pages\/4539\/revisions"}],"predecessor-version":[{"id":83317,"href":"https:\/\/alzira.es\/es\/wp-json\/wp\/v2\/pages\/4539\/revisions\/83317"}],"up":[{"embeddable":true,"href":"https:\/\/alzira.es\/es\/wp-json\/wp\/v2\/pages\/4511"}],"wp:attachment":[{"href":"https:\/\/alzira.es\/es\/wp-json\/wp\/v2\/media?parent=4539"}],"curies":[{"name":"wp","href":"https:\/\/api.w.org\/{rel}","templated":true}]}}