{"id":4533,"date":"2009-02-18T13:18:37","date_gmt":"2009-02-18T12:18:37","guid":{"rendered":"https:\/\/alzira.es\/semana-santa-fiesta-de-interes-turistico-nacional\/"},"modified":"2023-02-07T15:14:15","modified_gmt":"2023-02-07T14:14:15","slug":"semana-santa-fiesta-de-interes-turistico-nacional","status":"publish","type":"page","link":"https:\/\/alzira.es\/es\/la-ciudad\/fiestas-y-tradiciones\/semana-santa-fiesta-de-interes-turistico-nacional\/","title":{"rendered":"SEMANA SANTA (Fiesta de Inter\u00e9s Tur\u00edstico Nacional)"},"content":{"rendered":"<p style=\"text-align: center;\"><em><a href=\"http:\/\/www.semanasanta-alzira.com\" target=\"_blank\" rel=\"noopener\">www.semanasanta-alzira.com<\/a><\/em><\/p>\n<p style=\"text-align: justify;\"><img decoding=\"async\" width=\"191\" height=\"234\" class=\"alignright size-full wp-image-4531 lazyload\" style=\"--smush-placeholder-width: 191px; --smush-placeholder-aspect-ratio: 191\/234;margin-bottom: 10px; margin-left: 20px; float: right;\" data-src=\"https:\/\/alzira.es\/wp-content\/uploads\/2009\/02\/setmana-santa-1.gif\" alt=\"setmana santa 1\" src=\"data:image\/svg+xml;base64,PHN2ZyB3aWR0aD0iMSIgaGVpZ2h0PSIxIiB4bWxucz0iaHR0cDovL3d3dy53My5vcmcvMjAwMC9zdmciPjwvc3ZnPg==\" \/>Las noticias m\u00e1s antiguas de celebraciones de Semana Santa en Alzira a cargo de cofrad\u00edas aparecen documentadas en el Archivo Municipal desde 1539, y se refieren a la Cofrad\u00eda de la Precios\u00edsima Sangre de Jesucristo, o de la Soledad. El conjunto de los cofrades alzire\u00f1os, m\u00e1s de 7.000, se agrupan en 18 Hermandades y Cofrad\u00edas, con 25 Pasos procesionales que mantienen una est\u00e9tica mayormente uniforme y de posguerra.<\/p>\n<p>El Paso de la Santa Cruz representa a Alzira por medio de la Junta de Hermandades y Cofrad\u00edas y de los Clavarios Mayores de la Ciudad. En la actualidad, la dimensi\u00f3n de las celebraciones trasciende m\u00e1s all\u00e1 de nuestra ciudad, como lo testimonia el reconocimiento que supuso en 1988 la declaraci\u00f3n de \u201cInter\u00e9s Tur\u00edstico Nacional\u201d.<\/p>\n<p>El preg\u00f3n, la Nit de les Miradetes, los Traslados y Viacrucis, o la Exposici\u00f3n de los Pasos en los Doseles, con antecedentes del siglo XVII, son algunos de los actos que se pueden destacar de la Semana Santa. Otra caracter\u00edstica son las procesiones generales, que re\u00fanen a todos los cofrades: la de Ramos; la del Silencio; y la del Santo Entierro, donde 24 de los pasos existentes representan cronol\u00f3gicamente la Pasi\u00f3n, la cual es admirada por m\u00e1s de 40.000 personas, a las cuales la mayor\u00eda de los penitentes les obsequian con caramelos y peladillas.<\/p>\n<p><a href=\"https:\/\/alzira.es\/wp-content\/uploads\/anual\/fullet_setmana_santa.pdf\" target=\"_blank\" rel=\"noopener\"><img fetchpriority=\"high\" decoding=\"async\" class=\"aligncenter wp-image-133636 size-full\" src=\"https:\/\/alzira.es\/wp-content\/uploads\/2023\/02\/fullet_setmana_santa.png\" alt=\"Setmana Santa\" width=\"1434\" height=\"912\" srcset=\"https:\/\/alzira.es\/wp-content\/uploads\/2023\/02\/fullet_setmana_santa.png 1434w, https:\/\/alzira.es\/wp-content\/uploads\/2023\/02\/fullet_setmana_santa-680x432.png 680w, https:\/\/alzira.es\/wp-content\/uploads\/2023\/02\/fullet_setmana_santa-1430x909.png 1430w, https:\/\/alzira.es\/wp-content\/uploads\/2023\/02\/fullet_setmana_santa-768x488.png 768w\" sizes=\"(max-width: 706px) 89vw, (max-width: 767px) 82vw, 740px\" \/><\/a><\/p>\n","protected":false},"excerpt":{"rendered":"<p>www.semanasanta-alzira.com Las noticias m\u00e1s antiguas de celebraciones de Semana Santa en Alzira a cargo de cofrad\u00edas aparecen documentadas en el Archivo Municipal desde 1539, y se refieren a la Cofrad\u00eda de la Precios\u00edsima Sangre de Jesucristo, o de la Soledad. El conjunto de los cofrades alzire\u00f1os, m\u00e1s de 7.000, se agrupan en 18 Hermandades y &hellip; <\/p>\n<p class=\"link-more\"><a href=\"https:\/\/alzira.es\/es\/la-ciudad\/fiestas-y-tradiciones\/semana-santa-fiesta-de-interes-turistico-nacional\/\" class=\"more-link\">Continuar leyendo<span class=\"screen-reader-text\"> \u00abSEMANA SANTA (Fiesta de Inter\u00e9s Tur\u00edstico Nacional)\u00bb<\/span><\/a><\/p>\n","protected":false},"author":12,"featured_media":0,"parent":4511,"menu_order":0,"comment_status":"closed","ping_status":"closed","template":"","meta":{"_acf_changed":false,"footnotes":""},"class_list":["post-4533","page","type-page","status-publish","hentry"],"acf":[],"_links":{"self":[{"href":"https:\/\/alzira.es\/es\/wp-json\/wp\/v2\/pages\/4533","targetHints":{"allow":["GET"]}}],"collection":[{"href":"https:\/\/alzira.es\/es\/wp-json\/wp\/v2\/pages"}],"about":[{"href":"https:\/\/alzira.es\/es\/wp-json\/wp\/v2\/types\/page"}],"author":[{"embeddable":true,"href":"https:\/\/alzira.es\/es\/wp-json\/wp\/v2\/users\/12"}],"replies":[{"embeddable":true,"href":"https:\/\/alzira.es\/es\/wp-json\/wp\/v2\/comments?post=4533"}],"version-history":[{"count":2,"href":"https:\/\/alzira.es\/es\/wp-json\/wp\/v2\/pages\/4533\/revisions"}],"predecessor-version":[{"id":133643,"href":"https:\/\/alzira.es\/es\/wp-json\/wp\/v2\/pages\/4533\/revisions\/133643"}],"up":[{"embeddable":true,"href":"https:\/\/alzira.es\/es\/wp-json\/wp\/v2\/pages\/4511"}],"wp:attachment":[{"href":"https:\/\/alzira.es\/es\/wp-json\/wp\/v2\/media?parent=4533"}],"curies":[{"name":"wp","href":"https:\/\/api.w.org\/{rel}","templated":true}]}}