{"id":45287,"date":"2019-12-10T12:37:47","date_gmt":"2019-12-10T11:37:47","guid":{"rendered":"https:\/\/alzira.es\/concurs-redaccio\/"},"modified":"2021-08-31T16:37:00","modified_gmt":"2021-08-31T14:37:00","slug":"concurs-redaccio","status":"publish","type":"page","link":"https:\/\/alzira.es\/es\/servicios-municipales\/serval\/valenciano-en-los-centros-educativos\/concurs-redaccio\/","title":{"rendered":"Concurs redacci\u00f3 Juvenil"},"content":{"rendered":"\n<p><span style=\"font-family: arial, helvetica, sans-serif; font-size: 12pt;\"><strong><span style=\"color: #252525; border: 1pt none windowtext; padding: 0cm;\">Concurs Redacci\u00f3 2020<\/span><\/strong><\/span><\/p>\n\n\n\n<p><span style=\"font-size: 12pt; font-family: arial, helvetica, sans-serif; color: black;\">Des del SERVAL (Servei Alzireny de Promoci\u00f3 i \u00das del Valenci\u00e0 de l\u2019Ajuntament d\u2019Alzira) la Regidoria de Cultura de l\u2019Ajuntament vos<strong>&nbsp;agra\u00efm<\/strong>&nbsp;la vostra participaci\u00f3 en el IV Concurs de Redacci\u00f3 Juvenil en el qual heu participat de forma activa, i que ha perm\u00e9s als j\u00f3vens d\u2019Alzira expressar el seu talent.<\/span><\/p>\n\n\n\n<p>&nbsp;<\/p>\n\n\n\n<p><span style=\"font-family: arial, helvetica, sans-serif; font-size: 12pt;\"><strong><span style=\"line-height: 18.4px; color: black;\">El IV Concurs de Redacci\u00f3 Infantil i Juvenil en Valenci\u00e0 arriba a tots els centres educatius d\u2019Alzira<\/span><\/strong><\/span><\/p>\n\n\n\n<p><span style=\"font-size: 12pt; line-height: 18.4px; font-family: arial, helvetica, sans-serif; color: black;\">Hui ha comen\u00e7at la campanya de repartiment de cartells i d\u00edptics de les bases del IV Concurs de Redacci\u00f3 Infantil i Juvenil en Valenci\u00e0. El regidor de Cultura i Promoci\u00f3 del Valenci\u00e0, Alfred Aranda, i el t\u00e8cnic del SERVAL (Servei Alzireny de Promoci\u00f3 i \u00das del Valenci\u00e0), Jordi Gim\u00e9nez, han acudit als centres educatius de Prim\u00e0ria, Secund\u00e0ria i l\u2019Escola d\u2019Adults per fer difusi\u00f3 del IV Concurs de Redacci\u00f3, que agrupa les categories de 1r i 2n d\u2019ESO (A), 3r i 4t d\u2019ESO (B), Batxillerat, Cicles Formatius i l\u2019Escola d\u2019Adults (C) i 5\u00e9 i 6\u00e9 de Prim\u00e0ria (D). A, m\u00e9s, han repartit entre els centres de Secund\u00e0ria i l\u2019Escola d\u2019Adults un lot de llibres de diferents modalitats dels Premis Literaris Ciutat d\u2019Alzira.<\/span><\/p>\n\n\n\n<p><span style=\"font-family: arial, helvetica, sans-serif; font-size: 12pt;\"><span style=\"line-height: 18.4px; color: black;\">El tema d\u2019enguany \u00e9s \u201c<\/span><span style=\"line-height: 18.4px;\">Qu\u00e8 t\u2019agradaria somiar?\u201d, perqu\u00e8 volem estimular la imaginaci\u00f3 i la creativitat. La data l\u00edmit de presentaci\u00f3 de treballs ser\u00e0 el 16 de novembre, i l\u2019entrega de premis, al Sal\u00f3 de Plens de l\u2019Ajuntament, tindr\u00e0 lloc l\u201911 de desembre.&nbsp;<\/span><span style=\"line-height: 18.4px;\">Cada una de les categories (A, B, C i D) tindr\u00e0 un primer premi, que ser\u00e0&nbsp;<strong>un ordinador port\u00e0til<\/strong>, un segon premi, que ser\u00e0 una&nbsp;<strong>tauleta t\u00e0ctil&nbsp;<\/strong>gran, i un tercer premi, una&nbsp;<strong>tauleta t\u00e0ctil<\/strong>&nbsp;xicoteta. Tots els premiats rebran a m\u00e9s un&nbsp;<strong>llibre.<\/strong><\/span><\/span><\/p>\n\n\n\n<p>&nbsp;<\/p>\n\n\n\n<p><span style=\"font-size: 12pt; line-height: 18.4px; font-family: arial, helvetica, sans-serif;\">Alfred Aranda considera que \u201c\u00e9s molt gratificant convocar aquest concurs perqu\u00e8 t\u00e9 una gran acceptaci\u00f3, tant als col\u00b7legis com als instituts. Les redaccions presentades en les tres edicions anteriors mostren una gran varietat d\u2019hist\u00f2ries, t\u00e8cniques narratives i recursos literaris que no deixen de sorprendre els adults\u201d.<\/span><\/p>\n\n\n\n<p><\/p>\n\n\n\n<p>&nbsp;<span style=\"text-decoration: underline;\">DOCUMENTOS:<\/span><\/p>\n\n\n\n<p><strong><img decoding=\"async\" width=\"16\" height=\"16\" class=\"size-full wp-image-33777 lazyload\" title=\"accede a este contenido\" data-src=\"https:\/\/alzira.es\/wp-content\/uploads\/2018\/09\/flecha_azul.png\" alt=\"flecha azul\" src=\"data:image\/svg+xml;base64,PHN2ZyB3aWR0aD0iMSIgaGVpZ2h0PSIxIiB4bWxucz0iaHR0cDovL3d3dy53My5vcmcvMjAwMC9zdmciPjwvc3ZnPg==\" style=\"--smush-placeholder-width: 16px; --smush-placeholder-aspect-ratio: 16\/16;\">&nbsp;<a href=\"https:\/\/alzira.es\/wp-content\/uploads\/2019\/12\/BASES-PREMIS-CONCURS-REDACCIO-2020.pdf\" target=\"_blank\" rel=\"noopener\">BASES I CONVOCAT\u00d2RIA<\/a><\/strong><\/p>\n\n\n\n<p><img decoding=\"async\" width=\"16\" height=\"16\" class=\"size-full wp-image-33777 lazyload\" title=\"accede a este contenido\" data-src=\"https:\/\/alzira.es\/wp-content\/uploads\/2018\/09\/flecha_azul.png\" alt=\"flecha azul\" src=\"data:image\/svg+xml;base64,PHN2ZyB3aWR0aD0iMSIgaGVpZ2h0PSIxIiB4bWxucz0iaHR0cDovL3d3dy53My5vcmcvMjAwMC9zdmciPjwvc3ZnPg==\" style=\"--smush-placeholder-width: 16px; --smush-placeholder-aspect-ratio: 16\/16;\">&nbsp;<a class=\"jcepopup\" href=\"https:\/\/alzira.es\/wp-content\/uploads\/2019\/12\/ACTA-FIRMADA.pdf\" target=\"_blank\" rel=\"noopener\"><strong>Acta final del jurat<\/strong><\/a><\/p>\n\n\n\n<p>&nbsp;<\/p>\n\n\n\n<p><strong><span style=\"font-size: 11pt; font-family: Arial, sans-serif; color: #252525; border: 1pt none windowtext; padding: 0cm;\">III Concurs Redacci\u00f3 2019<\/span><\/strong><\/p>\n\n\n\n<p><\/p>\n\n\n\n<p><span style=\"font-size: 11pt; font-family: Arial, sans-serif; color: #252525; border: 1pt none windowtext; padding: 0cm;\">Divendres passat es van entregar els premis del III Concurs de Redacci\u00f3 en Valenci\u00e0, organitzat per la Regidoria de Cultura de l\u2019Ajuntament d\u2019Alzira i el SERVAL (Servei Alzireny de Promoci\u00f3 i \u00das del Valenci\u00e0 de l\u2019Ajuntament d\u2019Alzira).<\/span><\/p>\n\n\n\n<p><span style=\"font-size: 11pt; font-family: Arial, sans-serif; color: #252525; border: 1pt none windowtext; padding: 0cm;\">El concurs, en qu\u00e8 han participat 240 estudiants de centres educatius d\u2019Alzira d\u2019entre 10 i 18 anys amb quatre categories (A, 1r i 2n d\u2019ESO; B, 3r i 4t d\u2019ESO; C, Batxiller i Cicles Formatius i D, 5\u00e9 i 6\u00e9 d\u2019ESO), ha tingut com a tema de les redaccions \u201cUna ciutat m\u00e9s saludable\u201d. El premi per als guanyadors ha sigut un ordinador port\u00e0til. Hi ha hagut tamb\u00e9 segons i tercers premis que han sigut premiats amb tauletes t\u00e0ctils. A m\u00e9s, tots els participants que han resultat premiats han obtingut un llibre.<\/span><\/p>\n\n\n\n<p><span style=\"font-size: 11pt; font-family: Arial, sans-serif; color: #252525; border: 1pt none windowtext; padding: 0cm;\">A l\u2019acte, celebrat al Sal\u00f3 de Plens de l\u2019Ajuntament d\u2019Alzira, han participat el regidor de Cultura i Promoci\u00f3 del Valenci\u00e0, Alfred Aranda, la regidora d&#8217;Educaci\u00f3, Maria Clavo i la regidora d\u2019Urbanisme i Seguretat Ciutadana, Sara Gar\u00e9s:<\/span><\/p>\n\n\n\n<p>&nbsp;<\/p>\n\n\n\n<p><strong><span style=\"font-size: 11pt; font-family: Arial, sans-serif;\">Categoria A: 1r i 2n d\u2019ESO<\/span><\/strong><\/p>\n\n\n\n<p><span style=\"font-size: 11pt; font-family: Arial, sans-serif;\">Guanyadora:<strong>&nbsp;Nerea Aliques Zafrilla<\/strong>&nbsp;(Centre Educatiu X\u00faquer)<\/span><\/p>\n\n\n\n<p><a href=\"https:\/\/alzira.es\/wp-content\/uploads\/2019\/12\/CATEGORIA-A.-2019.pdf\" target=\"_blank\" rel=\"noopener\"><span style=\"font-size: 11pt; font-family: Arial, sans-serif;\">\u201cNo s\u00f3n somnis de paper\u201d<\/span><\/a><\/p>\n\n\n\n<p><span style=\"font-size: 11pt; font-family: Arial, sans-serif;\">1r acc\u00e8ssit:&nbsp;<strong>Pablo Gonz\u00e1lez Colomer<\/strong>&nbsp;(IES La Murta)<\/span><\/p>\n\n\n\n<p><span style=\"font-size: 11pt; font-family: Arial, sans-serif;\">\u201cTerra Melancolia\u201d<\/span><\/p>\n\n\n\n<p><span style=\"font-size: 11pt; font-family: Arial, sans-serif;\">2n acc\u00e8ssit:&nbsp;<strong>Joan G\u00f3mez Estruch<\/strong>&nbsp;(Centre Educatiu X\u00faquer)<\/span><\/p>\n\n\n\n<p><span style=\"font-size: 11pt; font-family: Arial, sans-serif;\">\u201cTot \u00e9s verd\u201d<\/span><\/p>\n\n\n\n<p><strong><span style=\"font-size: 11pt; font-family: Arial, sans-serif;\">Categoria B: 3r i 4t d\u2019ESO<\/span><\/strong><\/p>\n\n\n\n<p><span style=\"font-size: 11pt; font-family: Arial, sans-serif;\">Guanyador:<strong>&nbsp;Fernando Comins Mic\u00f3<\/strong>&nbsp;(Centre Educatiu X\u00faquer)<\/span><\/p>\n\n\n\n<p><a href=\"https:\/\/alzira.es\/wp-content\/uploads\/2019\/12\/CATEGORIA-B.-2019.pdf\" target=\"_blank\" rel=\"noopener\"><span style=\"font-size: 11pt; font-family: Arial, sans-serif;\">\u201cImpossible de salvar\u201d<\/span><\/a><\/p>\n\n\n\n<p><span style=\"font-size: 11pt; font-family: Arial, sans-serif;\">1r acc\u00e8ssit:&nbsp;<strong>Inma Ortiz Llopis<\/strong>&nbsp;(Centre Educatiu X\u00faquer)<\/span><\/p>\n\n\n\n<p><span style=\"font-size: 11pt; font-family: Arial, sans-serif;\">\u201cUna conversa per millorar\u201d<\/span><\/p>\n\n\n\n<p><span style=\"font-size: 11pt; font-family: Arial, sans-serif;\">2n acc\u00e8ssit:&nbsp;<strong>Alejandra Espa\u00f1a Moreno<\/strong>&nbsp;(IES Rei en Jaume)<\/span><\/p>\n\n\n\n<p><span style=\"font-size: 11pt; font-family: Arial, sans-serif;\">\u201cTot el m\u00f3n estava conscienciat\u201d<\/span><\/p>\n\n\n\n<p><span style=\"font-size: 11pt; font-family: Arial, sans-serif;\"><strong>Categoria C: Batxillerat i Cicles Formatius:<\/strong><\/span><\/p>\n\n\n\n<p><span style=\"font-size: 11pt; font-family: Arial, sans-serif;\">Guanyadora:<strong>&nbsp;Paula Sanju\u00e1n Sanju\u00e1n<\/strong>&nbsp;(IES La Murta)<\/span><\/p>\n\n\n\n<p><a href=\"https:\/\/alzira.es\/wp-content\/uploads\/2019\/12\/CATEGORIA-C.-2019.pdf\" target=\"_blank\" rel=\"noopener\"><span style=\"font-size: 11pt; font-family: Arial, sans-serif;\">\u201cDarrere d\u2019un somni\u201d<\/span><\/a><\/p>\n\n\n\n<p><span style=\"font-size: 11pt; font-family: Arial, sans-serif;\">1r acc\u00e8ssit:&nbsp;<strong>Laura Fargueta Pelufo<\/strong>&nbsp;(IES La Pur\u00edsima)<\/span><\/p>\n\n\n\n<p><span style=\"font-size: 11pt; font-family: Arial, sans-serif;\">\u201cEl poder del poble\u201d<\/span><\/p>\n\n\n\n<p><span style=\"font-size: 11pt; font-family: Arial, sans-serif;\">2n acc\u00e8ssit:&nbsp;<strong>Ana Castell Garcia<\/strong>&nbsp;(IES Josep Maria Parra)<\/span><\/p>\n\n\n\n<p><span style=\"font-size: 11pt; font-family: Arial, sans-serif;\">\u201cEl recinte de les mortes\u201d<\/span><\/p>\n\n\n\n<p><strong><span style=\"font-size: 11pt; font-family: Arial, sans-serif;\">Categoria D: 5\u00e9 i 6\u00e9 de Prim\u00e0ria:<\/span><\/strong><\/p>\n\n\n\n<p><span style=\"font-size: 11pt; font-family: Arial, sans-serif;\">Guanyadora:<strong>&nbsp;Laia Valero Llopis<\/strong>&nbsp;(CEIP L\u2019Alborx\u00ed)<\/span><\/p>\n\n\n\n<p><a href=\"https:\/\/alzira.es\/wp-content\/uploads\/2019\/12\/CATEGORIA-D.-2019.pdf\" target=\"_blank\" rel=\"noopener\"><span style=\"font-size: 11pt; font-family: Arial, sans-serif;\">\u201cEl prop\u00f2sit de Joana\u201d<\/span><\/a><\/p>\n\n\n\n<p><span style=\"font-size: 11pt; font-family: Arial, sans-serif;\">1r acc\u00e8ssit:&nbsp;<strong>Luis Desantes de Llano<\/strong>&nbsp;(CEIP Ausi\u00e0s March)<\/span><\/p>\n\n\n\n<p><span style=\"font-size: 11pt; font-family: Arial, sans-serif;\">\u201cUn equip amb una missi\u00f3\u201d<\/span><\/p>\n\n\n\n<p><span style=\"font-size: 11pt; font-family: Arial, sans-serif;\">2n acc\u00e8ssit:&nbsp;<strong>Andrea L\u00f3pez Blay<\/strong>&nbsp;(CEIP Garc\u00eda Sanchiz)<\/span><\/p>\n\n\n\n<p><span style=\"font-size: 11pt; font-family: Arial, sans-serif;\">\u201cMaria millora Alzira\u201d<\/span><\/p>\n","protected":false},"excerpt":{"rendered":"<p>Concurs Redacci\u00f3 2020 Des del SERVAL (Servei Alzireny de Promoci\u00f3 i \u00das del Valenci\u00e0 de l\u2019Ajuntament d\u2019Alzira) la Regidoria de Cultura de l\u2019Ajuntament vos&nbsp;agra\u00efm&nbsp;la vostra participaci\u00f3 en el IV Concurs de Redacci\u00f3 Juvenil en el qual heu participat de forma activa, i que ha perm\u00e9s als j\u00f3vens d\u2019Alzira expressar el seu talent. &nbsp; El IV &hellip; <\/p>\n<p class=\"link-more\"><a href=\"https:\/\/alzira.es\/es\/servicios-municipales\/serval\/valenciano-en-los-centros-educativos\/concurs-redaccio\/\" class=\"more-link\">Continuar leyendo<span class=\"screen-reader-text\"> \u00abConcurs redacci\u00f3 Juvenil\u00bb<\/span><\/a><\/p>\n","protected":false},"author":31,"featured_media":33777,"parent":45358,"menu_order":4,"comment_status":"closed","ping_status":"closed","template":"","meta":{"_acf_changed":false,"footnotes":""},"class_list":["post-45287","page","type-page","status-publish","has-post-thumbnail","hentry"],"acf":[],"_links":{"self":[{"href":"https:\/\/alzira.es\/es\/wp-json\/wp\/v2\/pages\/45287","targetHints":{"allow":["GET"]}}],"collection":[{"href":"https:\/\/alzira.es\/es\/wp-json\/wp\/v2\/pages"}],"about":[{"href":"https:\/\/alzira.es\/es\/wp-json\/wp\/v2\/types\/page"}],"author":[{"embeddable":true,"href":"https:\/\/alzira.es\/es\/wp-json\/wp\/v2\/users\/31"}],"replies":[{"embeddable":true,"href":"https:\/\/alzira.es\/es\/wp-json\/wp\/v2\/comments?post=45287"}],"version-history":[{"count":2,"href":"https:\/\/alzira.es\/es\/wp-json\/wp\/v2\/pages\/45287\/revisions"}],"predecessor-version":[{"id":87350,"href":"https:\/\/alzira.es\/es\/wp-json\/wp\/v2\/pages\/45287\/revisions\/87350"}],"up":[{"embeddable":true,"href":"https:\/\/alzira.es\/es\/wp-json\/wp\/v2\/pages\/45358"}],"wp:featuredmedia":[{"embeddable":true,"href":"https:\/\/alzira.es\/es\/wp-json\/wp\/v2\/media\/33777"}],"wp:attachment":[{"href":"https:\/\/alzira.es\/es\/wp-json\/wp\/v2\/media?parent=45287"}],"curies":[{"name":"wp","href":"https:\/\/api.w.org\/{rel}","templated":true}]}}