{"id":4527,"date":"2009-02-18T13:00:24","date_gmt":"2009-02-18T12:00:24","guid":{"rendered":"https:\/\/alzira.es\/fallas-fiesta-de-interes-turistico-nacional\/"},"modified":"2023-02-07T15:19:46","modified_gmt":"2023-02-07T14:19:46","slug":"fallas-fiesta-de-interes-turistico-nacional","status":"publish","type":"page","link":"https:\/\/alzira.es\/es\/la-ciudad\/fiestas-y-tradiciones\/fallas-fiesta-de-interes-turistico-nacional\/","title":{"rendered":"FALLAS (Fiesta de Inter\u00e9s Tur\u00edstico Nacional)"},"content":{"rendered":"\t\t<div data-elementor-type=\"wp-page\" data-elementor-id=\"4527\" class=\"elementor elementor-4527\">\n\t\t\t\t\t\t<section class=\"elementor-section elementor-top-section elementor-element elementor-element-6556ef47 elementor-section-boxed elementor-section-height-default elementor-section-height-default\" data-id=\"6556ef47\" data-element_type=\"section\">\n\t\t\t\t\t\t<div class=\"elementor-container elementor-column-gap-default\">\n\t\t\t\t\t<div class=\"elementor-column elementor-col-100 elementor-top-column elementor-element elementor-element-3d2844e7\" data-id=\"3d2844e7\" data-element_type=\"column\">\n\t\t\t<div class=\"elementor-widget-wrap elementor-element-populated\">\n\t\t\t\t\t\t<div class=\"elementor-element elementor-element-55affe4e elementor-widget elementor-widget-text-editor\" data-id=\"55affe4e\" data-element_type=\"widget\" data-widget_type=\"text-editor.default\">\n\t\t\t\t<div class=\"elementor-widget-container\">\n\t\t\t\t\t\t\t\t\t<p style=\"text-align: center;\"><a href=\"https:\/\/www.fallasalzira.com\/\" target=\"_blank\" rel=\"noopener\"><em style=\"background-color: inherit; font-size: 1rem; line-height: 1.6;\"><span style=\"font-size: 1rem;\">https:\/\/www.fallasalzira.com\/<\/span>\u00a0<\/em><br \/><\/a><\/p><p style=\"text-align: justify;\"><img fetchpriority=\"high\" decoding=\"async\" style=\"text-align: right; margin-left: 20px; margin-bottom: 10px; float: right;\" src=\"https:\/\/alzira.es\/wp-content\/uploads\/2009\/02\/fallas.gif\" alt=\"fallas\" width=\"180\" height=\"328\" \/>Las 35 comisiones falleras plantan 70 monumentos (grandes e infantiles) y cuentan como ente coordinador con la Junta Local Fallera, cuyas gestiones lograron para la fiesta el reconocimiento de fiesta de Inter\u00e9s Tur\u00edstico Nacional en el 2005. Desarrollan una actividad cultural a lo largo del ejercicio anual que en el \u00e1mbito fallero acaba con la <em>Crem\u00e0<\/em> de los monumentos la noche del d\u00eda de San Jos\u00e9. El Principal atractivo de las fallas reside en ser un importante veh\u00edculo de integraci\u00f3n social en la ciudad de Alzira.<\/p><p>Destacan por su car\u00e1cter multitudinario la cabalgata de disfraces, la <em>Crid\u00e0<\/em> desde el balc\u00f3n principal del Ayuntamiento, la entrega de premios, la ofrenda de flores a la Virgen de Lluch y el desfile de pasodobles.<\/p><p>Una muestra de la calidad de los monumentos falleros puede apreciarse en el Museo de la Fiesta, donde pueden admirarse obras de artistas alzire\u00f1os consagrados, como Julio Monterrubio, Bernardo Estela, etc&#8230; Pero sobretodo la mejor manera de saborear el aroma a p\u00f3lvora y bu\u00f1uelos es acercarse a Alzira en los d\u00edas grandes de la fiesta, del 16 al 19 de marzo, y vivir en directo el d\u00eda y la noche fallera en casales y verbenas abiertos al visitante hasta bien entrada la madrugada.<\/p><p><a href=\"https:\/\/alzira.es\/wp-content\/uploads\/anual\/fullet_alzira_falles.pdf\" target=\"_blank\" rel=\"noopener\"><img decoding=\"async\" class=\"aligncenter wp-image-133644 size-full lazyload\" data-src=\"https:\/\/alzira.es\/wp-content\/uploads\/2023\/02\/fullet_alzira_falles.png\" alt=\"Falles\" width=\"1413\" height=\"912\" data-srcset=\"https:\/\/alzira.es\/wp-content\/uploads\/2023\/02\/fullet_alzira_falles.png 1413w, https:\/\/alzira.es\/wp-content\/uploads\/2023\/02\/fullet_alzira_falles-680x439.png 680w, https:\/\/alzira.es\/wp-content\/uploads\/2023\/02\/fullet_alzira_falles-768x496.png 768w\" data-sizes=\"(max-width: 706px) 89vw, (max-width: 767px) 82vw, 740px\" src=\"data:image\/svg+xml;base64,PHN2ZyB3aWR0aD0iMSIgaGVpZ2h0PSIxIiB4bWxucz0iaHR0cDovL3d3dy53My5vcmcvMjAwMC9zdmciPjwvc3ZnPg==\" style=\"--smush-placeholder-width: 1413px; --smush-placeholder-aspect-ratio: 1413\/912;\" \/><\/a><\/p>\t\t\t\t\t\t\t\t<\/div>\n\t\t\t\t<\/div>\n\t\t\t\t\t<\/div>\n\t\t<\/div>\n\t\t\t\t\t<\/div>\n\t\t<\/section>\n\t\t\t\t<\/div>\n\t\t","protected":false},"excerpt":{"rendered":"<p>https:\/\/www.fallasalzira.com\/&nbsp; Las 35 comisiones falleras plantan 70 monumentos (grandes e infantiles) y cuentan como ente coordinador con la Junta Local Fallera, cuyas gestiones lograron para la fiesta el reconocimiento de fiesta de Inter\u00e9s Tur\u00edstico Nacional en el 2005. Desarrollan una actividad cultural a lo largo del ejercicio anual que en el \u00e1mbito fallero acaba con &hellip; <\/p>\n<p class=\"link-more\"><a href=\"https:\/\/alzira.es\/es\/la-ciudad\/fiestas-y-tradiciones\/fallas-fiesta-de-interes-turistico-nacional\/\" class=\"more-link\">Continuar leyendo<span class=\"screen-reader-text\"> \u00abFALLAS (Fiesta de Inter\u00e9s Tur\u00edstico Nacional)\u00bb<\/span><\/a><\/p>\n","protected":false},"author":29,"featured_media":0,"parent":4511,"menu_order":0,"comment_status":"closed","ping_status":"closed","template":"","meta":{"_acf_changed":false,"footnotes":""},"class_list":["post-4527","page","type-page","status-publish","hentry"],"acf":[],"_links":{"self":[{"href":"https:\/\/alzira.es\/es\/wp-json\/wp\/v2\/pages\/4527","targetHints":{"allow":["GET"]}}],"collection":[{"href":"https:\/\/alzira.es\/es\/wp-json\/wp\/v2\/pages"}],"about":[{"href":"https:\/\/alzira.es\/es\/wp-json\/wp\/v2\/types\/page"}],"author":[{"embeddable":true,"href":"https:\/\/alzira.es\/es\/wp-json\/wp\/v2\/users\/29"}],"replies":[{"embeddable":true,"href":"https:\/\/alzira.es\/es\/wp-json\/wp\/v2\/comments?post=4527"}],"version-history":[{"count":2,"href":"https:\/\/alzira.es\/es\/wp-json\/wp\/v2\/pages\/4527\/revisions"}],"predecessor-version":[{"id":133649,"href":"https:\/\/alzira.es\/es\/wp-json\/wp\/v2\/pages\/4527\/revisions\/133649"}],"up":[{"embeddable":true,"href":"https:\/\/alzira.es\/es\/wp-json\/wp\/v2\/pages\/4511"}],"wp:attachment":[{"href":"https:\/\/alzira.es\/es\/wp-json\/wp\/v2\/media?parent=4527"}],"curies":[{"name":"wp","href":"https:\/\/api.w.org\/{rel}","templated":true}]}}