{"id":45124,"date":"2018-05-11T08:00:00","date_gmt":"2018-05-11T06:00:00","guid":{"rendered":"https:\/\/alzira.es\/plan-territorial-municipal-ante-emergencias-de-alzira\/"},"modified":"2021-07-26T16:08:57","modified_gmt":"2021-07-26T14:08:57","slug":"plan-territorial-municipal-ante-emergencias-de-alzira","status":"publish","type":"page","link":"https:\/\/alzira.es\/es\/servicios-municipales\/medioambiente\/guias-medioambientales\/plan-territorial-municipal-ante-emergencias-de-alzira\/","title":{"rendered":"Plan Territorial Municipal ante Emergencias de Alzira"},"content":{"rendered":"<p style=\"text-align: center;\"><a class=\"jcepopup\" style=\"font-size: 14.4px; text-align: center;\" href=\"https:\/\/alzira.es\/wp-content\/uploads\/2018\/05\/Pla_Emergencies_nov_2019.pdf\" target=\"_blank\" rel=\"noopener\"><img fetchpriority=\"high\" decoding=\"async\" width=\"794\" height=\"794\" class=\" size-full wp-image-44982\" title=\"Guia bot\u00e0nica del jard\u00ed rom\u00e0ntic de la Murta\" src=\"https:\/\/alzira.es\/wp-content\/uploads\/2018\/05\/Pla_Emergencies_nov_2019.jpg\" alt=\"Pla Emergencies nov 2019\" srcset=\"https:\/\/alzira.es\/wp-content\/uploads\/2018\/05\/Pla_Emergencies_nov_2019.jpg 794w, https:\/\/alzira.es\/wp-content\/uploads\/2018\/05\/Pla_Emergencies_nov_2019-510x510.jpg 510w, https:\/\/alzira.es\/wp-content\/uploads\/2018\/05\/Pla_Emergencies_nov_2019-350x350.jpg 350w, https:\/\/alzira.es\/wp-content\/uploads\/2018\/05\/Pla_Emergencies_nov_2019-768x768.jpg 768w, https:\/\/alzira.es\/wp-content\/uploads\/2018\/05\/Pla_Emergencies_nov_2019-100x100.jpg 100w\" sizes=\"(max-width: 706px) 89vw, (max-width: 767px) 82vw, 740px\" \/><\/a><\/p>\n","protected":false},"excerpt":{"rendered":"","protected":false},"author":29,"featured_media":44982,"parent":83448,"menu_order":2,"comment_status":"closed","ping_status":"closed","template":"","meta":{"_acf_changed":false,"footnotes":""},"class_list":["post-45124","page","type-page","status-publish","has-post-thumbnail","hentry"],"acf":[],"_links":{"self":[{"href":"https:\/\/alzira.es\/es\/wp-json\/wp\/v2\/pages\/45124","targetHints":{"allow":["GET"]}}],"collection":[{"href":"https:\/\/alzira.es\/es\/wp-json\/wp\/v2\/pages"}],"about":[{"href":"https:\/\/alzira.es\/es\/wp-json\/wp\/v2\/types\/page"}],"author":[{"embeddable":true,"href":"https:\/\/alzira.es\/es\/wp-json\/wp\/v2\/users\/29"}],"replies":[{"embeddable":true,"href":"https:\/\/alzira.es\/es\/wp-json\/wp\/v2\/comments?post=45124"}],"version-history":[{"count":1,"href":"https:\/\/alzira.es\/es\/wp-json\/wp\/v2\/pages\/45124\/revisions"}],"predecessor-version":[{"id":83404,"href":"https:\/\/alzira.es\/es\/wp-json\/wp\/v2\/pages\/45124\/revisions\/83404"}],"up":[{"embeddable":true,"href":"https:\/\/alzira.es\/es\/wp-json\/wp\/v2\/pages\/83448"}],"wp:featuredmedia":[{"embeddable":true,"href":"https:\/\/alzira.es\/es\/wp-json\/wp\/v2\/media\/44982"}],"wp:attachment":[{"href":"https:\/\/alzira.es\/es\/wp-json\/wp\/v2\/media?parent=45124"}],"curies":[{"name":"wp","href":"https:\/\/api.w.org\/{rel}","templated":true}]}}