{"id":4511,"date":"2009-02-17T19:06:40","date_gmt":"2009-02-17T18:06:40","guid":{"rendered":"https:\/\/alzira.es\/fiestas-y-tradiciones\/"},"modified":"2021-07-23T20:15:59","modified_gmt":"2021-07-23T18:15:59","slug":"fiestas-y-tradiciones","status":"publish","type":"page","link":"https:\/\/alzira.es\/es\/la-ciudad\/fiestas-y-tradiciones\/","title":{"rendered":"Fiestas y tradiciones"},"content":{"rendered":"\t\t<div data-elementor-type=\"wp-page\" data-elementor-id=\"4511\" class=\"elementor elementor-4511\">\n\t\t\t\t\t\t<section class=\"elementor-section elementor-top-section elementor-element elementor-element-552bf29e elementor-section-boxed elementor-section-height-default elementor-section-height-default\" data-id=\"552bf29e\" data-element_type=\"section\">\n\t\t\t\t\t\t<div class=\"elementor-container elementor-column-gap-default\">\n\t\t\t\t\t<div class=\"elementor-column elementor-col-100 elementor-top-column elementor-element elementor-element-2d620a03\" data-id=\"2d620a03\" data-element_type=\"column\">\n\t\t\t<div class=\"elementor-widget-wrap elementor-element-populated\">\n\t\t\t\t\t\t<div class=\"elementor-element elementor-element-931446d elementor-widget elementor-widget-text-editor\" data-id=\"931446d\" data-element_type=\"widget\" data-widget_type=\"text-editor.default\">\n\t\t\t\t<div class=\"elementor-widget-container\">\n\t\t\t\t\t\t\t\t\t<p style=\"text-align: justify;\">El car\u00e1cter de los alzire\u00f1os y alzire\u00f1as, alegre y bullicioso, se manifiesta, entre otras cosas, en los festejos y solemnidades que, en el transcurso del a\u00f1o, se celebran. Comisiones de fiestas de calles, de barrios y partidas y de fallas; cofrad\u00edas patronales, marianas y penitenciales, y el propio Ayuntamiento, organizan el que no son sino manifestaciones culturales, religiosas y c\u00edvicofestivas, en definitiva, que tienen su raz\u00f3n de ser, en la historia y tradici\u00f3n heredadas de padres a hijos.\u00a0\u00a0<\/p>\t\t\t\t\t\t\t\t<\/div>\n\t\t\t\t<\/div>\n\t\t\t\t\t<\/div>\n\t\t<\/div>\n\t\t\t\t\t<\/div>\n\t\t<\/section>\n\t\t\t\t<section class=\"elementor-section elementor-top-section elementor-element elementor-element-41e990c elementor-section-boxed elementor-section-height-default elementor-section-height-default\" data-id=\"41e990c\" data-element_type=\"section\">\n\t\t\t\t\t\t<div class=\"elementor-container elementor-column-gap-default\">\n\t\t\t\t\t<div class=\"elementor-column elementor-col-25 elementor-top-column elementor-element elementor-element-8022b8e\" data-id=\"8022b8e\" data-element_type=\"column\">\n\t\t\t<div class=\"elementor-widget-wrap elementor-element-populated\">\n\t\t\t\t\t\t<div class=\"elementor-element elementor-element-a2874b3 elementor-widget elementor-widget-image\" data-id=\"a2874b3\" data-element_type=\"widget\" data-widget_type=\"image.default\">\n\t\t\t\t<div class=\"elementor-widget-container\">\n\t\t\t\t\t\t\t\t\t\t\t\t\t\t\t\t<a href=\"https:\/\/alzira.es\/es\/la-ciudad\/fiestas-y-tradiciones\/fallas-fiesta-de-interes-turistico-nacional\/\">\n\t\t\t\t\t\t\t<img fetchpriority=\"high\" decoding=\"async\" width=\"680\" height=\"475\" src=\"https:\/\/alzira.es\/wp-content\/uploads\/2009\/02\/fallas-680x475.png\" class=\"attachment-medium size-medium wp-image-4496\" alt=\"\" srcset=\"https:\/\/alzira.es\/wp-content\/uploads\/2009\/02\/fallas-680x475.png 680w, https:\/\/alzira.es\/wp-content\/uploads\/2009\/02\/fallas-768x536.png 768w, https:\/\/alzira.es\/wp-content\/uploads\/2009\/02\/fallas.png 1313w\" sizes=\"100vw\" \/>\t\t\t\t\t\t\t\t<\/a>\n\t\t\t\t\t\t\t\t\t\t\t\t\t\t\t<\/div>\n\t\t\t\t<\/div>\n\t\t\t\t\t<\/div>\n\t\t<\/div>\n\t\t\t\t<div class=\"elementor-column elementor-col-25 elementor-top-column elementor-element elementor-element-feabf07\" data-id=\"feabf07\" data-element_type=\"column\">\n\t\t\t<div class=\"elementor-widget-wrap elementor-element-populated\">\n\t\t\t\t\t\t<div class=\"elementor-element elementor-element-3e5b7cf elementor-widget elementor-widget-image\" data-id=\"3e5b7cf\" data-element_type=\"widget\" data-widget_type=\"image.default\">\n\t\t\t\t<div class=\"elementor-widget-container\">\n\t\t\t\t\t\t\t\t\t\t\t\t\t\t\t\t<a href=\"https:\/\/alzira.es\/es\/la-ciudad\/fiestas-y-tradiciones\/semana-santa-fiesta-de-interes-turistico-nacional\/\">\n\t\t\t\t\t\t\t<img decoding=\"async\" width=\"680\" height=\"475\" data-src=\"https:\/\/alzira.es\/wp-content\/uploads\/2009\/02\/semana_santa-680x475.png\" class=\"attachment-medium size-medium wp-image-4498 lazyload\" alt=\"\" data-srcset=\"https:\/\/alzira.es\/wp-content\/uploads\/2009\/02\/semana_santa-680x475.png 680w, https:\/\/alzira.es\/wp-content\/uploads\/2009\/02\/semana_santa-768x537.png 768w, https:\/\/alzira.es\/wp-content\/uploads\/2009\/02\/semana_santa.png 1314w\" data-sizes=\"100vw\" src=\"data:image\/svg+xml;base64,PHN2ZyB3aWR0aD0iMSIgaGVpZ2h0PSIxIiB4bWxucz0iaHR0cDovL3d3dy53My5vcmcvMjAwMC9zdmciPjwvc3ZnPg==\" style=\"--smush-placeholder-width: 680px; --smush-placeholder-aspect-ratio: 680\/475;\" \/>\t\t\t\t\t\t\t\t<\/a>\n\t\t\t\t\t\t\t\t\t\t\t\t\t\t\t<\/div>\n\t\t\t\t<\/div>\n\t\t\t\t\t<\/div>\n\t\t<\/div>\n\t\t\t\t<div class=\"elementor-column elementor-col-25 elementor-top-column elementor-element elementor-element-b0dc479\" data-id=\"b0dc479\" data-element_type=\"column\">\n\t\t\t<div class=\"elementor-widget-wrap elementor-element-populated\">\n\t\t\t\t\t\t<div class=\"elementor-element elementor-element-bf3d5ff elementor-widget elementor-widget-image\" data-id=\"bf3d5ff\" data-element_type=\"widget\" data-widget_type=\"image.default\">\n\t\t\t\t<div class=\"elementor-widget-container\">\n\t\t\t\t\t\t\t\t\t\t\t\t\t\t\t\t<a href=\"https:\/\/alzira.es\/es\/la-ciudad\/fiestas-y-tradiciones\/romeria-al-valle-de-la-murta\/\">\n\t\t\t\t\t\t\t<img decoding=\"async\" width=\"680\" height=\"475\" data-src=\"https:\/\/alzira.es\/wp-content\/uploads\/2009\/02\/romeria-680x475.png\" class=\"attachment-medium size-medium wp-image-4500 lazyload\" alt=\"\" data-srcset=\"https:\/\/alzira.es\/wp-content\/uploads\/2009\/02\/romeria-680x475.png 680w, https:\/\/alzira.es\/wp-content\/uploads\/2009\/02\/romeria-768x536.png 768w, https:\/\/alzira.es\/wp-content\/uploads\/2009\/02\/romeria.png 1313w\" data-sizes=\"100vw\" src=\"data:image\/svg+xml;base64,PHN2ZyB3aWR0aD0iMSIgaGVpZ2h0PSIxIiB4bWxucz0iaHR0cDovL3d3dy53My5vcmcvMjAwMC9zdmciPjwvc3ZnPg==\" style=\"--smush-placeholder-width: 680px; --smush-placeholder-aspect-ratio: 680\/475;\" \/>\t\t\t\t\t\t\t\t<\/a>\n\t\t\t\t\t\t\t\t\t\t\t\t\t\t\t<\/div>\n\t\t\t\t<\/div>\n\t\t\t\t\t<\/div>\n\t\t<\/div>\n\t\t\t\t<div class=\"elementor-column elementor-col-25 elementor-top-column elementor-element elementor-element-8a576d8\" data-id=\"8a576d8\" data-element_type=\"column\">\n\t\t\t<div class=\"elementor-widget-wrap elementor-element-populated\">\n\t\t\t\t\t\t<div class=\"elementor-element elementor-element-0a14964 elementor-widget elementor-widget-image\" data-id=\"0a14964\" data-element_type=\"widget\" data-widget_type=\"image.default\">\n\t\t\t\t<div class=\"elementor-widget-container\">\n\t\t\t\t\t\t\t\t\t\t\t\t\t\t\t\t<a href=\"https:\/\/alzira.es\/es\/la-ciudad\/fiestas-y-tradiciones\/barrios-y-partidas\/\">\n\t\t\t\t\t\t\t<img decoding=\"async\" width=\"680\" height=\"475\" data-src=\"https:\/\/alzira.es\/wp-content\/uploads\/2009\/02\/barrios-680x475.png\" class=\"attachment-medium size-medium wp-image-4502 lazyload\" alt=\"\" data-srcset=\"https:\/\/alzira.es\/wp-content\/uploads\/2009\/02\/barrios-680x475.png 680w, https:\/\/alzira.es\/wp-content\/uploads\/2009\/02\/barrios-768x536.png 768w, https:\/\/alzira.es\/wp-content\/uploads\/2009\/02\/barrios.png 1313w\" data-sizes=\"100vw\" src=\"data:image\/svg+xml;base64,PHN2ZyB3aWR0aD0iMSIgaGVpZ2h0PSIxIiB4bWxucz0iaHR0cDovL3d3dy53My5vcmcvMjAwMC9zdmciPjwvc3ZnPg==\" style=\"--smush-placeholder-width: 680px; --smush-placeholder-aspect-ratio: 680\/475;\" \/>\t\t\t\t\t\t\t\t<\/a>\n\t\t\t\t\t\t\t\t\t\t\t\t\t\t\t<\/div>\n\t\t\t\t<\/div>\n\t\t\t\t\t<\/div>\n\t\t<\/div>\n\t\t\t\t\t<\/div>\n\t\t<\/section>\n\t\t\t\t<section class=\"elementor-section elementor-top-section elementor-element elementor-element-7c0027d elementor-section-boxed elementor-section-height-default elementor-section-height-default\" data-id=\"7c0027d\" data-element_type=\"section\">\n\t\t\t\t\t\t<div class=\"elementor-container elementor-column-gap-default\">\n\t\t\t\t\t<div class=\"elementor-column elementor-col-25 elementor-top-column elementor-element elementor-element-782821f\" data-id=\"782821f\" data-element_type=\"column\">\n\t\t\t<div class=\"elementor-widget-wrap elementor-element-populated\">\n\t\t\t\t\t\t<div class=\"elementor-element elementor-element-dba123b elementor-widget elementor-widget-image\" data-id=\"dba123b\" data-element_type=\"widget\" data-widget_type=\"image.default\">\n\t\t\t\t<div class=\"elementor-widget-container\">\n\t\t\t\t\t\t\t\t\t\t\t\t\t\t\t\t<a href=\"https:\/\/alzira.es\/es\/la-ciudad\/fiestas-y-tradiciones\/san-bernardo\/\">\n\t\t\t\t\t\t\t<img decoding=\"async\" width=\"680\" height=\"475\" data-src=\"https:\/\/alzira.es\/wp-content\/uploads\/2009\/02\/sant_bernat-680x475.png\" class=\"attachment-medium size-medium wp-image-4504 lazyload\" alt=\"\" data-srcset=\"https:\/\/alzira.es\/wp-content\/uploads\/2009\/02\/sant_bernat-680x475.png 680w, https:\/\/alzira.es\/wp-content\/uploads\/2009\/02\/sant_bernat-768x536.png 768w, https:\/\/alzira.es\/wp-content\/uploads\/2009\/02\/sant_bernat.png 1313w\" data-sizes=\"100vw\" src=\"data:image\/svg+xml;base64,PHN2ZyB3aWR0aD0iMSIgaGVpZ2h0PSIxIiB4bWxucz0iaHR0cDovL3d3dy53My5vcmcvMjAwMC9zdmciPjwvc3ZnPg==\" style=\"--smush-placeholder-width: 680px; --smush-placeholder-aspect-ratio: 680\/475;\" \/>\t\t\t\t\t\t\t\t<\/a>\n\t\t\t\t\t\t\t\t\t\t\t\t\t\t\t<\/div>\n\t\t\t\t<\/div>\n\t\t\t\t\t<\/div>\n\t\t<\/div>\n\t\t\t\t<div class=\"elementor-column elementor-col-25 elementor-top-column elementor-element elementor-element-0de14d5\" data-id=\"0de14d5\" data-element_type=\"column\">\n\t\t\t<div class=\"elementor-widget-wrap elementor-element-populated\">\n\t\t\t\t\t\t<div class=\"elementor-element elementor-element-4bfde53 elementor-widget elementor-widget-image\" data-id=\"4bfde53\" data-element_type=\"widget\" data-widget_type=\"image.default\">\n\t\t\t\t<div class=\"elementor-widget-container\">\n\t\t\t\t\t\t\t\t\t\t\t\t\t\t\t\t<a href=\"https:\/\/alzira.es\/es\/la-ciudad\/fiestas-y-tradiciones\/fiestas-de-la-virgen-del-lluch\/\">\n\t\t\t\t\t\t\t<img decoding=\"async\" width=\"680\" height=\"475\" data-src=\"https:\/\/alzira.es\/wp-content\/uploads\/2009\/02\/virgen_del_lluch-680x475.png\" class=\"attachment-medium size-medium wp-image-4506 lazyload\" alt=\"\" data-srcset=\"https:\/\/alzira.es\/wp-content\/uploads\/2009\/02\/virgen_del_lluch-680x475.png 680w, https:\/\/alzira.es\/wp-content\/uploads\/2009\/02\/virgen_del_lluch-768x537.png 768w, https:\/\/alzira.es\/wp-content\/uploads\/2009\/02\/virgen_del_lluch.png 1313w\" data-sizes=\"100vw\" src=\"data:image\/svg+xml;base64,PHN2ZyB3aWR0aD0iMSIgaGVpZ2h0PSIxIiB4bWxucz0iaHR0cDovL3d3dy53My5vcmcvMjAwMC9zdmciPjwvc3ZnPg==\" style=\"--smush-placeholder-width: 680px; --smush-placeholder-aspect-ratio: 680\/475;\" \/>\t\t\t\t\t\t\t\t<\/a>\n\t\t\t\t\t\t\t\t\t\t\t\t\t\t\t<\/div>\n\t\t\t\t<\/div>\n\t\t\t\t\t<\/div>\n\t\t<\/div>\n\t\t\t\t<div class=\"elementor-column elementor-col-25 elementor-top-column elementor-element elementor-element-94428a9\" data-id=\"94428a9\" data-element_type=\"column\">\n\t\t\t<div class=\"elementor-widget-wrap elementor-element-populated\">\n\t\t\t\t\t\t<div class=\"elementor-element elementor-element-d28be88 elementor-widget elementor-widget-image\" data-id=\"d28be88\" data-element_type=\"widget\" data-widget_type=\"image.default\">\n\t\t\t\t<div class=\"elementor-widget-container\">\n\t\t\t\t\t\t\t\t\t\t\t\t\t\t\t\t<a href=\"https:\/\/alzira.es\/es\/la-ciudad\/fiestas-y-tradiciones\/san-silvestre\/\">\n\t\t\t\t\t\t\t<img decoding=\"async\" width=\"680\" height=\"475\" data-src=\"https:\/\/alzira.es\/wp-content\/uploads\/2009\/02\/san_silvestre-680x475.png\" class=\"attachment-medium size-medium wp-image-4508 lazyload\" alt=\"\" data-srcset=\"https:\/\/alzira.es\/wp-content\/uploads\/2009\/02\/san_silvestre-680x475.png 680w, https:\/\/alzira.es\/wp-content\/uploads\/2009\/02\/san_silvestre-768x536.png 768w, https:\/\/alzira.es\/wp-content\/uploads\/2009\/02\/san_silvestre.png 1000w\" data-sizes=\"100vw\" src=\"data:image\/svg+xml;base64,PHN2ZyB3aWR0aD0iMSIgaGVpZ2h0PSIxIiB4bWxucz0iaHR0cDovL3d3dy53My5vcmcvMjAwMC9zdmciPjwvc3ZnPg==\" style=\"--smush-placeholder-width: 680px; --smush-placeholder-aspect-ratio: 680\/475;\" \/>\t\t\t\t\t\t\t\t<\/a>\n\t\t\t\t\t\t\t\t\t\t\t\t\t\t\t<\/div>\n\t\t\t\t<\/div>\n\t\t\t\t\t<\/div>\n\t\t<\/div>\n\t\t\t\t<div class=\"elementor-column elementor-col-25 elementor-top-column elementor-element elementor-element-893b419\" data-id=\"893b419\" data-element_type=\"column\">\n\t\t\t<div class=\"elementor-widget-wrap elementor-element-populated\">\n\t\t\t\t\t\t<div class=\"elementor-element elementor-element-f228fd5 elementor-widget elementor-widget-image\" data-id=\"f228fd5\" data-element_type=\"widget\" data-widget_type=\"image.default\">\n\t\t\t\t<div class=\"elementor-widget-container\">\n\t\t\t\t\t\t\t\t\t\t\t\t\t\t\t\t<a href=\"https:\/\/alzira.es\/es\/la-ciudad\/fiestas-y-tradiciones\/calendario-de-fiestas\/\">\n\t\t\t\t\t\t\t<img decoding=\"async\" width=\"680\" height=\"475\" data-src=\"https:\/\/alzira.es\/wp-content\/uploads\/2009\/02\/calendario-680x475.png\" class=\"attachment-medium size-medium wp-image-4510 lazyload\" alt=\"\" data-srcset=\"https:\/\/alzira.es\/wp-content\/uploads\/2009\/02\/calendario-680x475.png 680w, https:\/\/alzira.es\/wp-content\/uploads\/2009\/02\/calendario-768x536.png 768w, https:\/\/alzira.es\/wp-content\/uploads\/2009\/02\/calendario.png 1313w\" data-sizes=\"100vw\" src=\"data:image\/svg+xml;base64,PHN2ZyB3aWR0aD0iMSIgaGVpZ2h0PSIxIiB4bWxucz0iaHR0cDovL3d3dy53My5vcmcvMjAwMC9zdmciPjwvc3ZnPg==\" style=\"--smush-placeholder-width: 680px; --smush-placeholder-aspect-ratio: 680\/475;\" \/>\t\t\t\t\t\t\t\t<\/a>\n\t\t\t\t\t\t\t\t\t\t\t\t\t\t\t<\/div>\n\t\t\t\t<\/div>\n\t\t\t\t\t<\/div>\n\t\t<\/div>\n\t\t\t\t\t<\/div>\n\t\t<\/section>\n\t\t\t\t<\/div>\n\t\t","protected":false},"excerpt":{"rendered":"<p>El car\u00e1cter de los alzire\u00f1os y alzire\u00f1as, alegre y bullicioso, se manifiesta, entre otras cosas, en los festejos y solemnidades que, en el transcurso del a\u00f1o, se celebran. Comisiones de fiestas de calles, de barrios y partidas y de fallas; cofrad\u00edas patronales, marianas y penitenciales, y el propio Ayuntamiento, organizan el que no son sino &hellip; <\/p>\n<p class=\"link-more\"><a href=\"https:\/\/alzira.es\/es\/la-ciudad\/fiestas-y-tradiciones\/\" class=\"more-link\">Continuar leyendo<span class=\"screen-reader-text\"> \u00abFiestas y tradiciones\u00bb<\/span><\/a><\/p>\n","protected":false},"author":29,"featured_media":4495,"parent":60850,"menu_order":0,"comment_status":"closed","ping_status":"closed","template":"","meta":{"_acf_changed":false,"footnotes":""},"class_list":["post-4511","page","type-page","status-publish","has-post-thumbnail","hentry"],"acf":[],"_links":{"self":[{"href":"https:\/\/alzira.es\/es\/wp-json\/wp\/v2\/pages\/4511","targetHints":{"allow":["GET"]}}],"collection":[{"href":"https:\/\/alzira.es\/es\/wp-json\/wp\/v2\/pages"}],"about":[{"href":"https:\/\/alzira.es\/es\/wp-json\/wp\/v2\/types\/page"}],"author":[{"embeddable":true,"href":"https:\/\/alzira.es\/es\/wp-json\/wp\/v2\/users\/29"}],"replies":[{"embeddable":true,"href":"https:\/\/alzira.es\/es\/wp-json\/wp\/v2\/comments?post=4511"}],"version-history":[{"count":2,"href":"https:\/\/alzira.es\/es\/wp-json\/wp\/v2\/pages\/4511\/revisions"}],"predecessor-version":[{"id":83347,"href":"https:\/\/alzira.es\/es\/wp-json\/wp\/v2\/pages\/4511\/revisions\/83347"}],"up":[{"embeddable":true,"href":"https:\/\/alzira.es\/es\/wp-json\/wp\/v2\/pages\/60850"}],"wp:featuredmedia":[{"embeddable":true,"href":"https:\/\/alzira.es\/es\/wp-json\/wp\/v2\/media\/4495"}],"wp:attachment":[{"href":"https:\/\/alzira.es\/es\/wp-json\/wp\/v2\/media?parent=4511"}],"curies":[{"name":"wp","href":"https:\/\/api.w.org\/{rel}","templated":true}]}}