{"id":44977,"date":"2018-05-11T08:00:00","date_gmt":"2018-05-11T06:00:00","guid":{"rendered":"https:\/\/alzira.es\/anell-verd-d-alzira\/"},"modified":"2021-07-26T16:09:08","modified_gmt":"2021-07-26T14:09:08","slug":"anell-verd-d-alzira","status":"publish","type":"page","link":"https:\/\/alzira.es\/es\/servicios-municipales\/medioambiente\/guias-medioambientales\/anell-verd-d-alzira\/","title":{"rendered":"Anell verd d&#8217;Alzira"},"content":{"rendered":"<p style=\"text-align: center;\"><a class=\"jcepopup\" style=\"font-size: 14.4px; text-align: center;\" title=\"ANELL VERD D\u2019ALZIRA\" href=\"https:\/\/alzira.es\/wp-content\/uploads\/2018\/05\/180103_-dossier-ANELL-VERD-ALZIRA-op.pdf\" target=\"_blank\" rel=\"noopener\"><img fetchpriority=\"high\" decoding=\"async\" width=\"650\" height=\"804\" class=\" size-full wp-image-44975\" title=\"Guia bot\u00e0nica del jard\u00ed rom\u00e0ntic de la Murta\" src=\"https:\/\/alzira.es\/wp-content\/uploads\/2018\/05\/anell_verd_alzira.jpg\" alt=\"anell verd alzira\" srcset=\"https:\/\/alzira.es\/wp-content\/uploads\/2018\/05\/anell_verd_alzira.jpg 650w, https:\/\/alzira.es\/wp-content\/uploads\/2018\/05\/anell_verd_alzira-412x510.jpg 412w\" sizes=\"(max-width: 650px) 100vw, 650px\" \/><\/a><\/p>\n","protected":false},"excerpt":{"rendered":"","protected":false},"author":29,"featured_media":44975,"parent":83448,"menu_order":4,"comment_status":"closed","ping_status":"closed","template":"","meta":{"_acf_changed":false,"footnotes":""},"class_list":["post-44977","page","type-page","status-publish","has-post-thumbnail","hentry"],"acf":[],"_links":{"self":[{"href":"https:\/\/alzira.es\/es\/wp-json\/wp\/v2\/pages\/44977","targetHints":{"allow":["GET"]}}],"collection":[{"href":"https:\/\/alzira.es\/es\/wp-json\/wp\/v2\/pages"}],"about":[{"href":"https:\/\/alzira.es\/es\/wp-json\/wp\/v2\/types\/page"}],"author":[{"embeddable":true,"href":"https:\/\/alzira.es\/es\/wp-json\/wp\/v2\/users\/29"}],"replies":[{"embeddable":true,"href":"https:\/\/alzira.es\/es\/wp-json\/wp\/v2\/comments?post=44977"}],"version-history":[{"count":1,"href":"https:\/\/alzira.es\/es\/wp-json\/wp\/v2\/pages\/44977\/revisions"}],"predecessor-version":[{"id":83401,"href":"https:\/\/alzira.es\/es\/wp-json\/wp\/v2\/pages\/44977\/revisions\/83401"}],"up":[{"embeddable":true,"href":"https:\/\/alzira.es\/es\/wp-json\/wp\/v2\/pages\/83448"}],"wp:featuredmedia":[{"embeddable":true,"href":"https:\/\/alzira.es\/es\/wp-json\/wp\/v2\/media\/44975"}],"wp:attachment":[{"href":"https:\/\/alzira.es\/es\/wp-json\/wp\/v2\/media?parent=44977"}],"curies":[{"name":"wp","href":"https:\/\/api.w.org\/{rel}","templated":true}]}}