{"id":4459,"date":"2009-02-05T15:42:30","date_gmt":"2009-02-05T14:42:30","guid":{"rendered":"https:\/\/alzira.es\/delegaciones\/"},"modified":"2021-09-03T14:34:47","modified_gmt":"2021-09-03T12:34:47","slug":"delegaciones","status":"publish","type":"page","link":"https:\/\/alzira.es\/es\/delegaciones\/","title":{"rendered":"Delegaciones"},"content":{"rendered":"<p>Otorgadas mediante Decreto n\u00ba 31&nbsp;de Secretar\u00eda &nbsp;de fecha 17-06-2015.<span style=\"line-height: 1.6;\">&nbsp;<\/span><\/p>\n<p>Las Delegaciones gen\u00e9ricas de \u00c1rea que se otorgan en virtud de la Delegaci\u00f3n comprenden la facultad de dirigir y gestionar los Servicios correspondientes, pero no la facultad de resolver mediante actos administrativos que afecten a terceros, debiendo las Sras. y Sres. Concejales-Delegados dar cuenta a la Alcald\u00eda de los asuntos de trascendencia y de especial inter\u00e9s que se planteen en sus respectivas \u00c1reas.&nbsp;<\/p>\n<p>La Alcald\u00eda-Presidencia gestionar\u00e1 directamente las materias relativas a las \u00c1reas y Servicios que no han sido objeto de expresa Delegaci\u00f3n.<\/p>\n<table style=\"width: 100%;\" border=\"0\">\n<tbody>\n<tr>\n<td style=\"text-align: center; background-color: #660000;\"><span style=\"color: #ffffff;\"><strong>DELEGACIONES<\/strong><\/span><\/td>\n<\/tr>\n<tr>\n<td>&nbsp;<a title=\"A).- \u00c1REA DE ALCALD\u00cdA.\" href=\"index.php?option=com_content&amp;view=article&amp;id=5736&amp;Itemid=1091\">A).- \u00c1REA DE ALCALD\u00cdA.<\/a><\/td>\n<\/tr>\n<tr>\n<td><span style=\"color: #000000; font-size: 11px; line-height: normal;\">&nbsp; &nbsp; &nbsp; &nbsp;&nbsp;<\/span><a title=\"1).- ALCALD\u00cdA Y COMUNICACI\u00d3N.\" href=\"index.php?option=com_content&amp;view=article&amp;id=5737&amp;Itemid=1089\">1).- ALCALD\u00cdA Y COMUNICACI\u00d3N.<\/a><\/td>\n<\/tr>\n<tr>\n<td>&nbsp;<span style=\"color: #000000; font-size: 11px; line-height: normal;\">&nbsp; &nbsp; &nbsp; &nbsp;<\/span><a title=\"2).- SEGURIDAD Y PROYECTOS URBAN\u00cdSTICOS.\" href=\"index.php?option=com_content&amp;view=article&amp;id=5743&amp;Itemid=1090\">2).- SEGURIDAD Y PROYECTOS URBAN\u00cdSTICOS.<\/a><\/td>\n<\/tr>\n<tr>\n<td>&nbsp;<a title=\"B).- \u00c1REA DE BIENESTAR SOCIAL.\" href=\"index.php?option=com_content&amp;view=article&amp;id=5744&amp;Itemid=1088\">B).- \u00c1REA DE BIENESTAR SOCIAL.<\/a><\/td>\n<\/tr>\n<tr>\n<td>&nbsp;<span style=\"color: #000000; font-size: 11px; line-height: normal;\">&nbsp; &nbsp; &nbsp; &nbsp;<\/span><a title=\"1).- CULTURA, DEPORTES Y SALUD.\" href=\"index.php?option=com_content&amp;view=article&amp;id=5745&amp;Itemid=1092\">1).- CULTURA, DEPORTES Y SALUD.<\/a><\/td>\n<\/tr>\n<tr>\n<td>&nbsp;<span style=\"color: #000000; font-size: 11px; line-height: normal;\">&nbsp; &nbsp; &nbsp; &nbsp;<\/span><a title=\"2).- SERVICIOS SOCIALES Y POL\u00cdTICAS DE IGUALDAD.\" href=\"index.php?option=com_content&amp;view=article&amp;id=5746&amp;Itemid=1093\">2).- SERVICIOS SOCIALES Y POL\u00cdTICAS DE IGUALDAD.<\/a><\/td>\n<\/tr>\n<tr>\n<td>&nbsp;<a title=\"C).- \u00c1REA DE ECONOM\u00cdA Y MEDIO AMBIENTE.\" href=\"index.php?option=com_content&amp;view=article&amp;id=5747&amp;Itemid=1094\">C).- \u00c1REA DE ECONOM\u00cdA Y MEDIO AMBIENTE.<\/a><\/td>\n<\/tr>\n<tr>\n<td>&nbsp;<span style=\"color: #000000; font-size: 11px; line-height: normal;\">&nbsp; &nbsp; &nbsp; &nbsp;<\/span><a title=\"1).- ECONOM\u00cdA, HACIENDA Y JUVENTUD.\" href=\"index.php?option=com_content&amp;view=article&amp;id=5748&amp;Itemid=1096\">1).- ECONOM\u00cdA, HACIENDA Y JUVENTUD.<\/a><\/td>\n<\/tr>\n<tr>\n<td>&nbsp;<span style=\"color: #000000; font-size: 11px; line-height: normal;\">&nbsp; <a href=\"index.php?option=com_content&amp;view=article&amp;id=6163;a-area-d-alcaldia-27&amp;catid=392;la-ciudad-2\">&nbsp; &nbsp;<span style=\"color: #000000; font-size: 11px; line-height: normal;\"> &nbsp;<\/span>2).- MEDIO AMBIENTE, AGRICULTURA Y CONSUMO.<\/a><\/span><\/td>\n<\/tr>\n<tr>\n<td>&nbsp;<a title=\"D).- \u00c1REA DE FIESTAS, TURISMO Y CULTURA.\" href=\"index.php?option=com_content&amp;view=article&amp;id=5758&amp;Itemid=1097\">D).- \u00c1REA DE FIESTAS, TURISMO Y CULTURA.<\/a><\/td>\n<\/tr>\n<tr>\n<td>&nbsp;<span style=\"color: #000000; font-size: 11px; line-height: normal;\">&nbsp; &nbsp; &nbsp; &nbsp;<\/span><a title=\"1).- FIESTAS, TURISMO, COMERCIO Y PATRIMONIO.\" href=\"index.php?option=com_content&amp;view=article&amp;id=5751&amp;Itemid=1098\">1).- FIESTAS, TURISMO, COMERCIO Y PATRIMONIO.<\/a><\/td>\n<\/tr>\n<tr>\n<td>&nbsp;<span style=\"color: #000000; font-size: 11px; line-height: normal;\">&nbsp; &nbsp; &nbsp; &nbsp;<\/span><a title=\"2).- EDUCACI\u00d3N E INFANCIA.\" href=\"index.php?option=com_content&amp;view=article&amp;id=5751&amp;Itemid=1098\">2).- EDUCACI\u00d3N E INFANCIA.<\/a><\/td>\n<\/tr>\n<tr>\n<td><a title=\"E).- \u00c1REA DE SERVICIOS P\u00daBLICOS Y GESTI\u00d3N URBAN\u00cdSTICA.\" href=\"index.php?option=com_content&amp;view=article&amp;id=5756&amp;Itemid=1100\">&nbsp;E).- \u00c1REA DE SERVICIOS P\u00daBLICOS Y GESTI\u00d3N URBAN\u00cdSTICA.<\/a><\/td>\n<\/tr>\n<tr>\n<td><a title=\"1).- SERVICIOS P\u00daBLICOS Y GESTI\u00d3N URBAN\u00cdSTICA.\" href=\"index.php?option=com_content&amp;view=article&amp;id=5755&amp;Itemid=1101\">&nbsp;<span style=\"color: #000000; font-size: 11px; line-height: normal;\">&nbsp; &nbsp; &nbsp; &nbsp;<\/span>1).- SERVICIOS P\u00daBLICOS Y GESTI\u00d3N URBAN\u00cdSTICA.<\/a><\/td>\n<\/tr>\n<tr>\n<td><a title=\"2).- MODERNIZACI\u00d3N, R\u00c9GIMEN INTERIOR, PARTICIPACI\u00d3N Y TRANSPARENCIA.\" href=\"index.php?option=com_content&amp;view=article&amp;id=5754&amp;Itemid=1102\">&nbsp;<span style=\"color: #000000; font-size: 11px; line-height: normal;\">&nbsp; &nbsp; &nbsp; &nbsp;<\/span>2).- MODERNIZACI\u00d3N, R\u00c9GIMEN INTERIOR, PARTICIPACI\u00d3N Y TRANSPARENCIA.<\/a><\/td>\n<\/tr>\n<tr>\n<td>&nbsp;<a title=\"F).- \u00c1rea de ocupaci\u00f3n, recursos humanos y organizaci\u00f3n y promoci\u00f3n econ\u00f3mica.\" href=\"index.php?option=com_content&amp;view=article&amp;id=5757&amp;Itemid=1104\">F).- \u00c1REA DE OCUPACI\u00d3N, RECURSOS HUMANOS Y ORGANIZACI\u00d3N Y PROMOCI\u00d3N ECON\u00d3MICA.<\/a><a title=\"F).- \u00c1REA DE OCUPACI\u00d3N, RECURSOS HUMANOS Y ORGANIZACI\u00d3N Y PROMOCI\u00d3N ECON\u00d3MICA.\" href=\"index.php?option=com_content&amp;view=article&amp;id=5757;a-area-d-alcaldia-15&amp;catid=409;delegaciones&amp;Itemid=1103\"><br \/><\/a><\/td>\n<\/tr>\n<\/tbody>\n<\/table>\n<p><a href=\"index.php?option=com_content&amp;view=article&amp;id=1559&amp;catid=225\">&nbsp;<\/a><\/p>\n","protected":false},"excerpt":{"rendered":"<p>Otorgadas mediante Decreto n\u00ba 31&nbsp;de Secretar\u00eda &nbsp;de fecha 17-06-2015.&nbsp; Las Delegaciones gen\u00e9ricas de \u00c1rea que se otorgan en virtud de la Delegaci\u00f3n comprenden la facultad de dirigir y gestionar los Servicios correspondientes, pero no la facultad de resolver mediante actos administrativos que afecten a terceros, debiendo las Sras. y Sres. Concejales-Delegados dar cuenta a la &hellip; <\/p>\n<p class=\"link-more\"><a href=\"https:\/\/alzira.es\/es\/delegaciones\/\" class=\"more-link\">Continuar leyendo<span class=\"screen-reader-text\"> \u00abDelegaciones\u00bb<\/span><\/a><\/p>\n","protected":false},"author":12,"featured_media":0,"parent":0,"menu_order":2,"comment_status":"closed","ping_status":"closed","template":"","meta":{"_acf_changed":false,"footnotes":""},"class_list":["post-4459","page","type-page","status-publish","hentry"],"acf":[],"_links":{"self":[{"href":"https:\/\/alzira.es\/es\/wp-json\/wp\/v2\/pages\/4459","targetHints":{"allow":["GET"]}}],"collection":[{"href":"https:\/\/alzira.es\/es\/wp-json\/wp\/v2\/pages"}],"about":[{"href":"https:\/\/alzira.es\/es\/wp-json\/wp\/v2\/types\/page"}],"author":[{"embeddable":true,"href":"https:\/\/alzira.es\/es\/wp-json\/wp\/v2\/users\/12"}],"replies":[{"embeddable":true,"href":"https:\/\/alzira.es\/es\/wp-json\/wp\/v2\/comments?post=4459"}],"version-history":[{"count":1,"href":"https:\/\/alzira.es\/es\/wp-json\/wp\/v2\/pages\/4459\/revisions"}],"predecessor-version":[{"id":89355,"href":"https:\/\/alzira.es\/es\/wp-json\/wp\/v2\/pages\/4459\/revisions\/89355"}],"wp:attachment":[{"href":"https:\/\/alzira.es\/es\/wp-json\/wp\/v2\/media?parent=4459"}],"curies":[{"name":"wp","href":"https:\/\/api.w.org\/{rel}","templated":true}]}}