{"id":4437,"date":"2011-12-19T14:18:37","date_gmt":"2011-12-19T13:18:37","guid":{"rendered":"https:\/\/alzira.es\/que-es-el-tablon-de-edictos\/"},"modified":"2021-09-17T14:55:56","modified_gmt":"2021-09-17T12:55:56","slug":"tablon-de-edictos","status":"publish","type":"page","link":"https:\/\/alzira.es\/es\/sede-electronica\/tablon-anuncios\/tablon-de-edictos\/","title":{"rendered":"Tabl\u00f3n de edictos"},"content":{"rendered":"\n<p>Bienvenido al Tabl\u00f3n de Edictos del Ayuntamiento de Alzira donde puede consultar los edictos y anuncios, tanto de materias de competencia municipal como de otras Administraciones P\u00fablicas, que por disposici\u00f3n legal o reglamentaria deban publicarse en el mismo. El tabl\u00f3n de edictos electr\u00f3nicos, incluido en la sede electr\u00f3nica del Ayuntamiento de Alzira, evitar\u00e1 los desplazamientos ocasionados a la ciudadan\u00eda para la realizaci\u00f3n de diferentes consultas.<\/p>\n\n\n\n<p>La informaci\u00f3n del tabl\u00f3n seguir\u00e1 disponible en el Tabl\u00f3n Oficial de Anuncios del edificio administrativo de la calle San Roque n\u00ba 6.<\/p>\n\n\n\n<p>El tabl\u00f3n de anuncios o edictos electr\u00f3nico permitir\u00e1 el acceso por medios electr\u00f3nicos a la informaci\u00f3n que, en virtud de una norma jur\u00eddica o resoluci\u00f3n judicial, se deba publicar o notificar mediante edictos. El acceso al tabl\u00f3n de anuncios o edictos electr\u00f3nico no requerir\u00e1 ning\u00fan mecanismo especial de acreditaci\u00f3n de la identidad del ciudadano.<\/p>\n\n\n\n<p>El tabl\u00f3n de anuncios o edictos electr\u00f3nico se podr\u00e1 consultar a trav\u00e9s de la Web municipal, desde terminales instalados en dependencias municipales y desde aquellos otros canales de acceso electr\u00f3nico que se determinen. En todo caso, se garantizar\u00e1 el acceso a todas las personas, as\u00ed como la ayuda necesaria para lograr una consulta efectiva.<\/p>\n\n\n\n<p>El tabl\u00f3n de anuncios o edictos electr\u00f3nico dispondr\u00e1 de los sistemas y mecanismos que garanticen la autenticidad, la integridad y la disponibilidad de su contenido, en los t\u00e9rminos previstos en la <a href=\"https:\/\/alzira.es\/wp-content\/uploads\/2011\/12\/A27150-27166.pdf\">Ley 11\/2007 de 22 de junio, de acceso electr\u00f3nico de los ciudadanos a los Servicios P\u00fablicos<\/a>. En especial, a los efectos del c\u00f3mputo de los plazos que corresponda, se establecer\u00e1 el mecanismo que garantice la constataci\u00f3n de la fecha y hora de publicaci\u00f3n de los edictos.<\/p>\n\n\n\n<p>El tabl\u00f3n de anuncios o edictos electr\u00f3nico estar\u00e1 disponible las 24 horas del d\u00eda, todos los d\u00edas del a\u00f1o, a trav\u00e9s de la sede electr\u00f3nica. Cuando por razones t\u00e9cnicas se prevea que el tabl\u00f3n de anuncios o edictos electr\u00f3nico pueda no estar operativo, se deber\u00e1 informar de ello a los usuarios con la m\u00e1xima antelaci\u00f3n posible, indicando cu\u00e1les son los medios alternativos de consulta del tabl\u00f3n que est\u00e9n disponibles.<\/p>\n","protected":false},"excerpt":{"rendered":"<p>Bienvenido al Tabl\u00f3n de Edictos del Ayuntamiento de Alzira donde puede consultar los edictos y anuncios, tanto de materias de competencia municipal como de otras Administraciones P\u00fablicas, que por disposici\u00f3n legal o reglamentaria deban publicarse en el mismo. El tabl\u00f3n de edictos electr\u00f3nicos, incluido en la sede electr\u00f3nica del Ayuntamiento de Alzira, evitar\u00e1 los desplazamientos &hellip; <\/p>\n<p class=\"link-more\"><a href=\"https:\/\/alzira.es\/es\/sede-electronica\/tablon-anuncios\/tablon-de-edictos\/\" class=\"more-link\">Continuar leyendo<span class=\"screen-reader-text\"> \u00abTabl\u00f3n de edictos\u00bb<\/span><\/a><\/p>\n","protected":false},"author":12,"featured_media":4429,"parent":54025,"menu_order":4,"comment_status":"closed","ping_status":"closed","template":"","meta":{"_acf_changed":false,"footnotes":""},"class_list":["post-4437","page","type-page","status-publish","has-post-thumbnail","hentry"],"acf":[],"_links":{"self":[{"href":"https:\/\/alzira.es\/es\/wp-json\/wp\/v2\/pages\/4437","targetHints":{"allow":["GET"]}}],"collection":[{"href":"https:\/\/alzira.es\/es\/wp-json\/wp\/v2\/pages"}],"about":[{"href":"https:\/\/alzira.es\/es\/wp-json\/wp\/v2\/types\/page"}],"author":[{"embeddable":true,"href":"https:\/\/alzira.es\/es\/wp-json\/wp\/v2\/users\/12"}],"replies":[{"embeddable":true,"href":"https:\/\/alzira.es\/es\/wp-json\/wp\/v2\/comments?post=4437"}],"version-history":[{"count":1,"href":"https:\/\/alzira.es\/es\/wp-json\/wp\/v2\/pages\/4437\/revisions"}],"predecessor-version":[{"id":90103,"href":"https:\/\/alzira.es\/es\/wp-json\/wp\/v2\/pages\/4437\/revisions\/90103"}],"up":[{"embeddable":true,"href":"https:\/\/alzira.es\/es\/wp-json\/wp\/v2\/pages\/54025"}],"wp:featuredmedia":[{"embeddable":true,"href":"https:\/\/alzira.es\/es\/wp-json\/wp\/v2\/media\/4429"}],"wp:attachment":[{"href":"https:\/\/alzira.es\/es\/wp-json\/wp\/v2\/media?parent=4437"}],"curies":[{"name":"wp","href":"https:\/\/api.w.org\/{rel}","templated":true}]}}