{"id":440,"date":"2010-11-22T13:56:33","date_gmt":"2010-11-22T12:56:33","guid":{"rendered":"https:\/\/alzira.es\/cambra\/"},"modified":"2021-08-30T13:29:29","modified_gmt":"2021-08-30T11:29:29","slug":"cambra","status":"publish","type":"page","link":"https:\/\/alzira.es\/es\/servicios-municipales\/museo-patrimonio-y-turismo\/museo\/cambra\/","title":{"rendered":"Cambra"},"content":{"rendered":"<hr>\n<p><span style=\"font-size: x-large;\"><strong><span style=\"color: #800000;\"><img decoding=\"async\" class=\"size-full wp-image-246 lazyload\" data-src=\"https:\/\/alzira.es\/wp-content\/uploads\/2010\/11\/MUMA.gif\" alt=\"\" width=\"18\" height=\"18\" src=\"data:image\/svg+xml;base64,PHN2ZyB3aWR0aD0iMSIgaGVpZ2h0PSIxIiB4bWxucz0iaHR0cDovL3d3dy53My5vcmcvMjAwMC9zdmciPjwvc3ZnPg==\" style=\"--smush-placeholder-width: 18px; --smush-placeholder-aspect-ratio: 18\/18;\">&nbsp;CAMBRA \u00abPINTORES CONTEMPOR\u00c1NEOS\u00bb<\/span><\/strong><\/span>&nbsp;<\/p>\n<hr>\n<p>&nbsp; &nbsp; &nbsp; \u201cLa Cambra\u201d que ofrece al p\u00fablico una serie de obras pict\u00f3ricas con tem\u00e1tica variada, y la Sala \u201cNuevas Tendencias\u201d, adem\u00e1s de la oficina para la gesti\u00f3n y atenci\u00f3n de usuarios, una Biblioteca especializada y un archivo documental y fotogr\u00e1fico donde el personal investigador puede consultar las fuentes para la elaboraci\u00f3n de trabajos.<\/p>\n","protected":false},"excerpt":{"rendered":"<p>&nbsp;CAMBRA \u00abPINTORES CONTEMPOR\u00c1NEOS\u00bb&nbsp; &nbsp; &nbsp; &nbsp; \u201cLa Cambra\u201d que ofrece al p\u00fablico una serie de obras pict\u00f3ricas con tem\u00e1tica variada, y la Sala \u201cNuevas Tendencias\u201d, adem\u00e1s de la oficina para la gesti\u00f3n y atenci\u00f3n de usuarios, una Biblioteca especializada y un archivo documental y fotogr\u00e1fico donde el personal investigador puede consultar las fuentes para la &hellip; <\/p>\n<p class=\"link-more\"><a href=\"https:\/\/alzira.es\/es\/servicios-municipales\/museo-patrimonio-y-turismo\/museo\/cambra\/\" class=\"more-link\">Continuar leyendo<span class=\"screen-reader-text\"> \u00abCambra\u00bb<\/span><\/a><\/p>\n","protected":false},"author":29,"featured_media":0,"parent":430,"menu_order":0,"comment_status":"closed","ping_status":"closed","template":"","meta":{"_acf_changed":false,"footnotes":""},"class_list":["post-440","page","type-page","status-publish","hentry"],"acf":[],"_links":{"self":[{"href":"https:\/\/alzira.es\/es\/wp-json\/wp\/v2\/pages\/440","targetHints":{"allow":["GET"]}}],"collection":[{"href":"https:\/\/alzira.es\/es\/wp-json\/wp\/v2\/pages"}],"about":[{"href":"https:\/\/alzira.es\/es\/wp-json\/wp\/v2\/types\/page"}],"author":[{"embeddable":true,"href":"https:\/\/alzira.es\/es\/wp-json\/wp\/v2\/users\/29"}],"replies":[{"embeddable":true,"href":"https:\/\/alzira.es\/es\/wp-json\/wp\/v2\/comments?post=440"}],"version-history":[{"count":1,"href":"https:\/\/alzira.es\/es\/wp-json\/wp\/v2\/pages\/440\/revisions"}],"predecessor-version":[{"id":86338,"href":"https:\/\/alzira.es\/es\/wp-json\/wp\/v2\/pages\/440\/revisions\/86338"}],"up":[{"embeddable":true,"href":"https:\/\/alzira.es\/es\/wp-json\/wp\/v2\/pages\/430"}],"wp:attachment":[{"href":"https:\/\/alzira.es\/es\/wp-json\/wp\/v2\/media?parent=440"}],"curies":[{"name":"wp","href":"https:\/\/api.w.org\/{rel}","templated":true}]}}