{"id":438,"date":"2010-11-22T13:52:56","date_gmt":"2010-11-22T12:52:56","guid":{"rendered":"https:\/\/alzira.es\/sala-teodoro-andreu\/"},"modified":"2021-08-30T13:29:21","modified_gmt":"2021-08-30T11:29:21","slug":"sala-teodoro-andreu","status":"publish","type":"page","link":"https:\/\/alzira.es\/es\/servicios-municipales\/museo-patrimonio-y-turismo\/museo\/sala-teodoro-andreu\/","title":{"rendered":"Sala teodoro andreu"},"content":{"rendered":"<hr \/>\n<p><span style=\"font-size: x-large;\"><strong><span style=\"color: #800000;\"><img decoding=\"async\" data-src=\"https:\/\/alzira.es\/contenidos\/museu\/MUMA.gif\" alt=\"\" width=\"18\" height=\"18\" src=\"data:image\/svg+xml;base64,PHN2ZyB3aWR0aD0iMSIgaGVpZ2h0PSIxIiB4bWxucz0iaHR0cDovL3d3dy53My5vcmcvMjAwMC9zdmciPjwvc3ZnPg==\" class=\"lazyload\" style=\"--smush-placeholder-width: 18px; --smush-placeholder-aspect-ratio: 18\/18;\" \/>\u00a0SALA TEODORO ANDREU<\/span><\/strong><\/span><\/p>\n<hr \/>\n<p>En la segunda planta se ubica la Sala Teodor Andreu, que muestra la colecci\u00f3n pict\u00f3rica de este pintor y artista alzire\u00f1o, seguidor del luminismo impresionista de Joaqu\u00edn Sorolla.<\/p>\n<p style=\"text-align: left;\">\n","protected":false},"excerpt":{"rendered":"<p>\u00a0SALA TEODORO ANDREU En la segunda planta se ubica la Sala Teodor Andreu, que muestra la colecci\u00f3n pict\u00f3rica de este pintor y artista alzire\u00f1o, seguidor del luminismo impresionista de Joaqu\u00edn Sorolla.<\/p>\n","protected":false},"author":12,"featured_media":0,"parent":430,"menu_order":0,"comment_status":"closed","ping_status":"closed","template":"","meta":{"_acf_changed":false,"footnotes":""},"class_list":["post-438","page","type-page","status-publish","hentry"],"acf":[],"_links":{"self":[{"href":"https:\/\/alzira.es\/es\/wp-json\/wp\/v2\/pages\/438","targetHints":{"allow":["GET"]}}],"collection":[{"href":"https:\/\/alzira.es\/es\/wp-json\/wp\/v2\/pages"}],"about":[{"href":"https:\/\/alzira.es\/es\/wp-json\/wp\/v2\/types\/page"}],"author":[{"embeddable":true,"href":"https:\/\/alzira.es\/es\/wp-json\/wp\/v2\/users\/12"}],"replies":[{"embeddable":true,"href":"https:\/\/alzira.es\/es\/wp-json\/wp\/v2\/comments?post=438"}],"version-history":[{"count":1,"href":"https:\/\/alzira.es\/es\/wp-json\/wp\/v2\/pages\/438\/revisions"}],"predecessor-version":[{"id":86335,"href":"https:\/\/alzira.es\/es\/wp-json\/wp\/v2\/pages\/438\/revisions\/86335"}],"up":[{"embeddable":true,"href":"https:\/\/alzira.es\/es\/wp-json\/wp\/v2\/pages\/430"}],"wp:attachment":[{"href":"https:\/\/alzira.es\/es\/wp-json\/wp\/v2\/media?parent=438"}],"curies":[{"name":"wp","href":"https:\/\/api.w.org\/{rel}","templated":true}]}}