{"id":436,"date":"2010-12-13T13:21:19","date_gmt":"2010-12-13T12:21:19","guid":{"rendered":"https:\/\/alzira.es\/sala-sucro\/"},"modified":"2021-08-30T13:29:12","modified_gmt":"2021-08-30T11:29:12","slug":"sala-sucro","status":"publish","type":"page","link":"https:\/\/alzira.es\/es\/servicios-municipales\/museo-patrimonio-y-turismo\/museo\/sala-sucro\/","title":{"rendered":"Sala Sucro"},"content":{"rendered":"<hr>\n<p><span style=\"font-size: x-large\"><strong><span style=\"color: #800000\"><img decoding=\"async\" height=\"18\" alt=\"\" width=\"18\" data-src=\"https:\/\/alzira.es\/contenidos\/museu\/MUMA.gif\" src=\"data:image\/svg+xml;base64,PHN2ZyB3aWR0aD0iMSIgaGVpZ2h0PSIxIiB4bWxucz0iaHR0cDovL3d3dy53My5vcmcvMjAwMC9zdmciPjwvc3ZnPg==\" class=\"lazyload\" style=\"--smush-placeholder-width: 18px; --smush-placeholder-aspect-ratio: 18\/18;\">&nbsp;SALA SUCRO<\/span><\/strong><\/span>&nbsp;<\/p>\n<hr>\n<p>&nbsp;<\/p>\n<p>En la primera planta, la Sala Sucro ofrece una visi\u00f3n, reforzada con materiales arqueol\u00f3gicos del municipio y la comarca de la Ribera Alta, de la evoluci\u00f3n hist\u00f3rica de Alzira:<\/p>\n<p>&nbsp;<\/p>\n<p>-Durante la etapa prehist\u00f3rica, podemos ya identificar los primeros asentamientos humanos a trav\u00e9s de los restos de industria l\u00edtica encontrados en diversos yacimientos de la zona, adem\u00e1s de industria \u00f3sea, elementos de adorno, y otros elementos como herramientas de trabajo.<\/p>\n<p>&nbsp;<\/p>\n<p>-En la Antig\u00fcedad, con la Cultura Iberorromana, se evidencian, con claridad, contactos locales con otros puntos del Mediterr\u00e1neo y la Pen\u00ednsula Ib\u00e9rica, como muestra la cultura material hallada.<\/p>\n<p>&nbsp;<\/p>\n<p>-Con el inicio de la Edad Media, nuestro territorio qued\u00f3 sumido bajo la dominaci\u00f3n isl\u00e1mica, que durar\u00eda hasta el siglo XIII y que, por tanto, dejar\u00eda su impronta, como podemos observar a trav\u00e9s de los abundantes hallazgos arqueol\u00f3gicos.<\/p>\n<p>&nbsp;<\/p>\n<p>Fue en el a\u00f1o 1242, cuando la Alzira musulmana \u201cAl-Yazirat Suquar\u201d se rindi\u00f3 ante el rey Jaume I, dando inicio as\u00ed a la etapa de dominio cristiano.En la misma planta, seguimos luego por la Sala del Apostolado y la Sala E. N\u00fa\u00f1ez, donde contin\u00faa el recorrido cronol\u00f3gico cultural hasta los siglos XVIII-XIX.<\/p>\n<p>&nbsp;<\/p>\n<p style=\"text-align: right\"><em><span style=\"color: #0000ff\"><span style=\"font-size: small\"><a onclick=\"target='_blank'\" href=\"https:\/\/alzira.es\/contenidos\/museu\/SALA_SUCRO_C.pdf\">+ informaci\u00f3n<\/a><\/span><\/span><\/em><\/p>\n<p>&nbsp;<\/p>\n","protected":false},"excerpt":{"rendered":"<p>&nbsp;SALA SUCRO&nbsp; &nbsp; En la primera planta, la Sala Sucro ofrece una visi\u00f3n, reforzada con materiales arqueol\u00f3gicos del municipio y la comarca de la Ribera Alta, de la evoluci\u00f3n hist\u00f3rica de Alzira: &nbsp; -Durante la etapa prehist\u00f3rica, podemos ya identificar los primeros asentamientos humanos a trav\u00e9s de los restos de industria l\u00edtica encontrados en diversos &hellip; <\/p>\n<p class=\"link-more\"><a href=\"https:\/\/alzira.es\/es\/servicios-municipales\/museo-patrimonio-y-turismo\/museo\/sala-sucro\/\" class=\"more-link\">Continuar leyendo<span class=\"screen-reader-text\"> \u00abSala Sucro\u00bb<\/span><\/a><\/p>\n","protected":false},"author":12,"featured_media":0,"parent":430,"menu_order":0,"comment_status":"closed","ping_status":"closed","template":"","meta":{"_acf_changed":false,"footnotes":""},"class_list":["post-436","page","type-page","status-publish","hentry"],"acf":[],"_links":{"self":[{"href":"https:\/\/alzira.es\/es\/wp-json\/wp\/v2\/pages\/436","targetHints":{"allow":["GET"]}}],"collection":[{"href":"https:\/\/alzira.es\/es\/wp-json\/wp\/v2\/pages"}],"about":[{"href":"https:\/\/alzira.es\/es\/wp-json\/wp\/v2\/types\/page"}],"author":[{"embeddable":true,"href":"https:\/\/alzira.es\/es\/wp-json\/wp\/v2\/users\/12"}],"replies":[{"embeddable":true,"href":"https:\/\/alzira.es\/es\/wp-json\/wp\/v2\/comments?post=436"}],"version-history":[{"count":0,"href":"https:\/\/alzira.es\/es\/wp-json\/wp\/v2\/pages\/436\/revisions"}],"up":[{"embeddable":true,"href":"https:\/\/alzira.es\/es\/wp-json\/wp\/v2\/pages\/430"}],"wp:attachment":[{"href":"https:\/\/alzira.es\/es\/wp-json\/wp\/v2\/media?parent=436"}],"curies":[{"name":"wp","href":"https:\/\/api.w.org\/{rel}","templated":true}]}}