{"id":430,"date":"2010-10-18T16:56:35","date_gmt":"2010-10-18T14:56:35","guid":{"rendered":"https:\/\/alzira.es\/museo-y-patrimonio\/"},"modified":"2026-01-27T11:11:08","modified_gmt":"2026-01-27T10:11:08","slug":"museo","status":"publish","type":"page","link":"https:\/\/alzira.es\/es\/servicios-municipales\/museo-patrimonio-y-turismo\/museo\/","title":{"rendered":"Museo"},"content":{"rendered":"\n<p><\/p>\n\n\n<div class=\"wp-block-image\">\n<figure class=\"aligncenter size-thumbnail is-resized\"><img fetchpriority=\"high\" decoding=\"async\" width=\"350\" height=\"350\" src=\"https:\/\/alzira.es\/wp-content\/uploads\/2021\/09\/MUMA-350x350.gif\" alt=\"\" class=\"wp-image-92809\" style=\"width:263px;height:263px\" srcset=\"https:\/\/alzira.es\/wp-content\/uploads\/2021\/09\/MUMA-350x350.gif 350w, https:\/\/alzira.es\/wp-content\/uploads\/2021\/09\/MUMA-300x300.gif 300w, https:\/\/alzira.es\/wp-content\/uploads\/2021\/09\/MUMA-100x100.gif 100w\" sizes=\"(max-width: 350px) 100vw, 350px\" \/><\/figure>\n<\/div>\n\n\n<p class=\"has-text-align-center\"><\/p>\n\n\n\n<p class=\"has-text-align-center\"><strong><a href=\"#antecedentes\"><span style=\"color: #800000;\"><span style=\"font-size: medium;\">ANTECEDENTES<\/span><\/span><\/a>&nbsp;&#8211; <\/strong><strong><a href=\"#presentacion\"><span style=\"color: #800000;\"><span style=\"font-size: medium;\">PRESENTACI\u00d3N<\/span><\/span><\/a>&nbsp;&#8211;&nbsp;<\/strong><strong><a href=\"#localizacion\"><span style=\"color: #800000;\"><span style=\"font-size: medium;\">LOCALIZACI\u00d3N<\/span><\/span><\/a>&nbsp;&#8211;&nbsp;<\/strong><strong><a href=\"#objetivos\"><span style=\"color: #800000;\"><span style=\"font-size: medium;\">OBJETIVOS<\/span><\/span><\/a>&nbsp;&#8211; <\/strong><strong><a href=\"#funciones\"><span style=\"color: #800000;\"><span style=\"font-size: medium;\">FUNCIONES<\/span><\/span><\/a>&nbsp;&#8211; <\/strong><strong><a href=\"#descripci_n\"><span style=\"color: #800000;\"><span style=\"font-size: medium;\">DESCRIPCI\u00d3N<\/span><\/span><\/a>&nbsp;<span style=\"color: #800000;\">&#8211; <\/span><\/strong><span style=\"color: #800000;\"><strong><span style=\"font-size: medium;\"><a href=\"#Instalaciones\"><span style=\"color: #800000;\">INSTALACIONES&nbsp;<\/span><\/a>&#8211; <a href=\"#Horarios\"><span style=\"color: #800000;\">HORARIOS<\/span><\/a><\/span><\/strong><\/span><\/p>\n\n\n\n<h2 class=\"wp-block-heading\"><span style=\"font-size: 24pt;\"><strong><a name=\"antecedentes\"><\/a>ANTECEDENTES<\/strong><\/span><\/h2>\n\n\n\n<p>El Museo Municipal de Alzira (MUMA), comienza una nueva etapa de su existencia. Tuvo sus inicios a finales de la d\u00e9cada de los setenta, inaugur\u00e1ndose el 20 de noviembre de 1979 en la planta baja de las Escuelas P\u00edas. Con la rehabilitaci\u00f3n del edificio cerr\u00f3 sus puertas hasta la reapertura, ya como Casa de la Cultura, el 19 de mayo de 1989, instal\u00e1ndose en la primera planta. Sus fondos han ido increment\u00e1ndose hasta hacerse necesario mejorar las instalaciones, actualizar sus contenidos y facilitar el acceso al usuario.&nbsp;<\/p>\n\n\n<div class=\"wp-block-image\">\n<figure class=\"aligncenter size-full is-resized\"><img decoding=\"async\" width=\"376\" height=\"284\" data-src=\"https:\/\/alzira.es\/wp-content\/uploads\/2021\/09\/me_antecedents.jpg\" alt=\"\" class=\"wp-image-92813 lazyload\" style=\"--smush-placeholder-width: 376px; --smush-placeholder-aspect-ratio: 376\/284;width:376px;height:284px\" src=\"data:image\/svg+xml;base64,PHN2ZyB3aWR0aD0iMSIgaGVpZ2h0PSIxIiB4bWxucz0iaHR0cDovL3d3dy53My5vcmcvMjAwMC9zdmciPjwvc3ZnPg==\" \/><\/figure>\n<\/div>\n\n\n<p class=\"has-text-align-center\"><\/p>\n\n\n\n<p>&nbsp;<\/p>\n\n\n\n<h2 class=\"wp-block-heading\"><span style=\"font-size: 24pt;\"><strong><a name=\"presentacion\"><\/a>PRESENTACI\u00d3N<\/strong><\/span><\/h2>\n\n\n\n<p>El MUMA renace con una doble vertiente: como continente, es una muestra de la arquitectura tradicional, complemento de la visita al popular barrio de la Vila. En cuanto a contenidos, conserva y muestra en las salas permanentes y temporales las diferentes etapas evolutivas del pueblo y el paisaje de Alzira y de la Comarca de la Ribera del X\u00faquer, desde las huellas del pasado hasta las nuevas tendencias de cara al futuro.<\/p>\n\n\n\n<p>&nbsp; &nbsp; &nbsp; &nbsp; &nbsp; &nbsp; &nbsp; &nbsp; &nbsp; &nbsp; &nbsp; &nbsp; &nbsp; &nbsp; &nbsp; &nbsp; &nbsp; &nbsp; &nbsp; &nbsp; &nbsp; &nbsp; &nbsp; <\/p>\n\n\n\n<h2 class=\"wp-block-heading\"><span style=\"font-size: 24pt;\"><strong><a name=\"localizacion\"><\/a>LOCALIZACI\u00d3N<\/strong><\/span><\/h2>\n\n\n\n<p><strong><br><\/strong>Est\u00e1 situado en el coraz\u00f3n de la Vila, barrio declarado Bien de Inter\u00e9s Cultural (BIC), en la categor\u00eda de conjunto hist\u00f3rico. El inmueble, de estilo g\u00f3tico-renacentista, declarado Bien de Relevancia Local (BRL), es conocido como Casa del Empe\u00f1o y como \u201cCasa del Carb\u00f3n\u201d. La ubicaci\u00f3n del Museo en la Vila, contribuir\u00e1 a potenciar el conjunto hist\u00f3rico de la ciudad. De esta manera, tanto uno como el otro se complementaran, entendi\u00e9ndose los dos como una misma extensi\u00f3n cultural.<\/p>\n\n\n\n<p>Como llegar:&nbsp;<a href=\"https:\/\/www.google.es\/maps\/dir\/''\/museo+municipal+alzira+muma\/\">https:\/\/www.google.es\/maps\/dir\/\u00bb\/museo+municipal+alzira+muma<\/a><\/p>\n\n\n<div class=\"wp-block-image\">\n<figure class=\"aligncenter size-full is-resized\"><img decoding=\"async\" width=\"549\" height=\"510\" data-src=\"https:\/\/alzira.es\/wp-content\/uploads\/2021\/09\/PlanoMUMA-549x510-1.jpg\" alt=\"\" class=\"wp-image-92811 lazyload\" style=\"--smush-placeholder-width: 549px; --smush-placeholder-aspect-ratio: 549\/510;width:412px;height:383px\" src=\"data:image\/svg+xml;base64,PHN2ZyB3aWR0aD0iMSIgaGVpZ2h0PSIxIiB4bWxucz0iaHR0cDovL3d3dy53My5vcmcvMjAwMC9zdmciPjwvc3ZnPg==\" \/><\/figure>\n<\/div>\n\n\n<h2 class=\"wp-block-heading\"><span style=\"font-size: 24pt;\"><strong><a name=\"objetivos\"><\/a>OBJETIVOS<\/strong><\/span><\/h2>\n\n\n\n<p>El Museo, veh\u00edculo transmisor de la herencia hist\u00f3rica del pueblo, debe ser fiel reflejo de sus aspectos m\u00e1s singulares y representativos, tanto culturales como sociales, econ\u00f3micos, espirituales, festivos, art\u00edsticos, o de cualquier otra \u00edndole.<\/p>\n\n\n\n<p>El antiguo edificio rehabilitado ser\u00e1 el que act\u00fae como enlace, entre el urbanismo medieval de la Vila y la muestra del Museo, ya que en si mismo es un exponente de la arquitectura local.<\/p>\n\n\n\n<p>La anexi\u00f3n al noble caser\u00f3n de un edificio de nueva planta conforma el \u00e1mbito muse\u00edstico. La uni\u00f3n de los dos cuerpos, el antiguo y el moderno, se vertebra mediante el patio central, como eje principal de comunicaci\u00f3n y dinamizaci\u00f3n de las actividades culturales.<br>&nbsp;<\/p>\n\n\n<div class=\"wp-block-image\">\n<figure class=\"aligncenter size-full is-resized\"><img decoding=\"async\" width=\"369\" height=\"278\" data-src=\"https:\/\/alzira.es\/wp-content\/uploads\/2021\/09\/me_objectius.jpg\" alt=\"\" class=\"wp-image-92808 lazyload\" style=\"--smush-placeholder-width: 369px; --smush-placeholder-aspect-ratio: 369\/278;width:369px;height:278px\" src=\"data:image\/svg+xml;base64,PHN2ZyB3aWR0aD0iMSIgaGVpZ2h0PSIxIiB4bWxucz0iaHR0cDovL3d3dy53My5vcmcvMjAwMC9zdmciPjwvc3ZnPg==\" \/><\/figure>\n<\/div>\n\n\n<p class=\"has-text-align-center\">&nbsp; &nbsp; &nbsp; &nbsp; &nbsp; &nbsp; &nbsp; &nbsp; &nbsp; &nbsp; &nbsp; &nbsp; &nbsp; &nbsp; &nbsp; &nbsp; &nbsp; &nbsp; &nbsp; &nbsp; &nbsp; &nbsp; &nbsp; &nbsp; &nbsp; &nbsp; &nbsp; &nbsp; &nbsp; &nbsp; &nbsp; &nbsp; &nbsp; &nbsp; &nbsp; &nbsp; &nbsp; &nbsp; &nbsp; &nbsp; &nbsp; &nbsp; &nbsp; &nbsp; &nbsp; &nbsp; &nbsp; &nbsp; &nbsp; &nbsp; &nbsp; &nbsp; &nbsp; &nbsp; &nbsp; &nbsp; &nbsp; &nbsp; &nbsp; &nbsp; &nbsp; &nbsp; &nbsp; &nbsp; &nbsp; &nbsp; &nbsp; &nbsp; &nbsp; &nbsp; &nbsp; &nbsp; &nbsp; &nbsp; &nbsp; &nbsp; &nbsp; &nbsp; &nbsp; &nbsp; &nbsp; &nbsp; &nbsp; &nbsp; &nbsp; &nbsp; &nbsp; &nbsp; &nbsp; &nbsp; &nbsp; &nbsp; &nbsp; &nbsp; &nbsp; &nbsp; &nbsp; &nbsp; &nbsp; &nbsp; &nbsp; &nbsp; &nbsp; &nbsp; &nbsp; &nbsp; &nbsp; &nbsp; &nbsp;&nbsp;<\/p>\n\n\n\n<h2 class=\"wp-block-heading\"><span style=\"font-size: 24pt;\"><strong><a name=\"funciones\"><\/a>FUNCIONES<\/strong><\/span><\/h2>\n\n\n\n<p>El MUMA es una ventana abierta que mete al alcance de todos los p\u00fablicos sus recursos por conocer el pasado, comprender el presente y preparar el futuro. Es en s\u00ed un recuerdo de las sociedades precedentes, una ojeada al presente y un legado para las generaciones venideras. <br>Como centro de investigaci\u00f3n y gesti\u00f3n promueve: <br>&#8211; El estudio y la protecci\u00f3n del patrimonio arqueol\u00f3gico e hist\u00f3rico art\u00edstico: prospecciones, excavaciones, inventario y catalogaci\u00f3n de yacimientos, de los materiales y elementos que los configuran y contextualizan, as\u00ed como obras de valor art\u00edstico. <br>&#8211; La recuperaci\u00f3n de los vestigios de culturas y sociedades extinguidas as\u00ed como el enriquecimiento del fondo muse\u00edstico y cultural.<br>&#8211; La restauraci\u00f3n de obras de arte, as\u00ed como la adecuada conservaci\u00f3n de los bienes culturales p\u00fablicos y privados. <br>&#8211; La conservaci\u00f3n de los bienes muebles e inmuebles que forman parte de nuestro legado hist\u00f3rico art\u00edstico y son signos de la identidad local.<br>&#8211; La divulgaci\u00f3n de los bienes culturales mediante las exposiciones permanentes y\/o temporales a su suyo; de exposiciones itinerantes por los centros educativos y otras salas de asociaciones culturales; visitas guiadas; seminarios, charlas y coloquios; taller y actividades did\u00e1cticas; publicaciones de cat\u00e1logos, gu\u00edas, folletos, DVD, carteles, etc&#8230;<\/p>\n\n\n\n<p>&nbsp; &nbsp; &nbsp; &nbsp; &nbsp; &nbsp; &nbsp; &nbsp; &nbsp; &nbsp; &nbsp; &nbsp; &nbsp; &nbsp; &nbsp; &nbsp; &nbsp; &nbsp; &nbsp; &nbsp; &nbsp; &nbsp; &nbsp; &nbsp; &nbsp; &nbsp; &nbsp; &nbsp; &nbsp; &nbsp; &nbsp; &nbsp; &nbsp; &nbsp; &nbsp; &nbsp; &nbsp; &nbsp; &nbsp; &nbsp; &nbsp; &nbsp; &nbsp; &nbsp; &nbsp; &nbsp; &nbsp; &nbsp; &nbsp; &nbsp; &nbsp; &nbsp; &nbsp; &nbsp; &nbsp; &nbsp; &nbsp; &nbsp; &nbsp; &nbsp; &nbsp; &nbsp; &nbsp; &nbsp; &nbsp; &nbsp; &nbsp; &nbsp; &nbsp; &nbsp; &nbsp; &nbsp; &nbsp; &nbsp; &nbsp; &nbsp; &nbsp; &nbsp; &nbsp; &nbsp; &nbsp; &nbsp; &nbsp; &nbsp; &nbsp; &nbsp; &nbsp; &nbsp; &nbsp; &nbsp; &nbsp; &nbsp; &nbsp; &nbsp; &nbsp; &nbsp; &nbsp; &nbsp; &nbsp; &nbsp; &nbsp; &nbsp; &nbsp; &nbsp; &nbsp; &nbsp; &nbsp; &nbsp; &nbsp; &nbsp; &nbsp; &nbsp; &nbsp; &nbsp; &nbsp; &nbsp; &nbsp; &nbsp; &nbsp; &nbsp; &nbsp; &nbsp;&nbsp;<br>&nbsp;&nbsp;<\/p>\n\n\n\n<h2 class=\"wp-block-heading\"><span style=\"font-size: 24pt;\"><strong><a name=\"descripci_n\"><\/a>DESCRIPCI\u00d3N <\/strong><\/span><\/h2>\n\n\n\n<p>Al recibidor, la conserjer\u00eda y un directorio ayudan a planificar la visita. Un ventanal arqueol\u00f3gico permite visualizar el primitivo pavimento, as\u00ed como testigos de los muros originales.<\/p>\n\n\n\n<p>La Sala de Audiovisuales expone, seg\u00fan los per\u00edodos, v\u00eddeos tem\u00e1ticos de Alzira. Una maqueta nos muestra \u201cla Isla del J\u00facar\u201d, la Vila. Una sugerente representaci\u00f3n con el r\u00edo rodeando la poblaci\u00f3n, rememorando el Alzira que se encuentra soterrada, las ra\u00edces del actual ciudad.<\/p>\n\n\n\n<p>La visita contin\u00faa por la Sala del \u201cMuro Isl\u00e1mico\u201d. Cruzando la pasarela encontramos, a modo de una excavaci\u00f3n simulada, el m\u00e9todo arqueol\u00f3gico recuperando la historia del subsuelo. Preside la Sala el muro del s. XII-XIII de interesante decoraci\u00f3n, descubierto en excavaciones arqueol\u00f3gicas. Un audiovisual completa la exposici\u00f3n.<\/p>\n\n\n\n<p>El distribuidor central, situado junto a lo escala y el ascensor principal, mujer paso al recorrido por el Museo, tanto por las salas permanentes como por las temporales monogr\u00e1ficas, para conocer la historia, la cultura, la sociedad, las fiestas y las tradiciones&#8230; encontr\u00e1ndose con un Museo representativo de Alzira, de su entorno y de sus habitantes. Un monitor facilita informaci\u00f3n, actualizada peri\u00f3dicamente, del Museo, de Alzira y otros datos de inter\u00e9s para el usuario.<\/p>\n\n\n\n<p>En la primera planta, la Sala \u201cSucro\u201d, con fondo de las colecciones muse\u00edsticas: desde la prehistoria, finos el siglo XV. Materiales arqueol\u00f3gicos del municipio y la comarca de la Ribera Alta, como a muestra del asentamiento humano a las tierras del J\u00facar; acompa\u00f1ados de otras manifestaciones hist\u00f3ricas art\u00edsticas. Seguimos por la Sala \u201cL\u2019Apostolat y la Sala \u201cE. N\u00fa\u00f1ez\u201d donde contin\u00faa el recorrido cronol\u00f3gico y cultural hasta los siglos XVIII &#8211; XIX. En esta misma planta se encuentra el Sal\u00f3n de Actos, con un sistema audiovisual, para usos m\u00faltiples.<\/p>\n\n\n\n<p>En la segunda planta se ubican las salas \u201cTeodoro Andreu\u201d, \u201cla C\u00e1mara\u201d y \u201cNuevas Tendencias\u201d, a\u00fan por abrir al p\u00fablico, adem\u00e1s de la Oficina para la gesti\u00f3n y la atenci\u00f3n de usuarios. Tambi\u00e9n una Biblioteca especializada y el Archivo documental y fotogr\u00e1fico donde personal investigador puede consultar fondo bibliogr\u00e1fico para la elaboraci\u00f3n de trabajos.<\/p>\n\n\n<div class=\"wp-block-image\">\n<figure class=\"aligncenter size-full is-resized\"><img decoding=\"async\" width=\"362\" height=\"242\" data-src=\"https:\/\/alzira.es\/wp-content\/uploads\/2021\/09\/me_descripcion.jpg\" alt=\"\" class=\"wp-image-92806 lazyload\" style=\"--smush-placeholder-width: 362px; --smush-placeholder-aspect-ratio: 362\/242;width:362px;height:242px\" src=\"data:image\/svg+xml;base64,PHN2ZyB3aWR0aD0iMSIgaGVpZ2h0PSIxIiB4bWxucz0iaHR0cDovL3d3dy53My5vcmcvMjAwMC9zdmciPjwvc3ZnPg==\" \/><\/figure>\n<\/div>\n\n\n<p class=\"has-text-align-center\">&nbsp;<\/p>\n\n\n\n<p class=\"has-text-align-center\">RECREACI\u00d3N DE ALZIRA<\/p>\n\n\n\n<p class=\"has-text-align-center\">La ampliaci\u00f3n del Museo llega hasta la Casa de Al\u00f2s, antigua Casa de Flores, en la calle santa Lucia, 4, cerca de la sede principal. Este inmueble, por sus peculiaridades arquitect\u00f3nicas y caracter\u00edsticas espaciales, se destinar\u00e1 al fondo etnol\u00f3gico.<br>&nbsp;&nbsp;&nbsp; &nbsp; &nbsp; &nbsp; &nbsp; &nbsp; &nbsp; &nbsp; &nbsp; &nbsp; &nbsp; &nbsp; &nbsp; &nbsp; &nbsp; &nbsp; &nbsp; &nbsp; &nbsp; &nbsp; &nbsp; &nbsp; &nbsp; &nbsp; &nbsp; &nbsp; &nbsp; &nbsp; &nbsp; &nbsp; &nbsp; &nbsp; &nbsp; &nbsp; &nbsp; &nbsp; &nbsp; &nbsp; &nbsp; &nbsp; &nbsp; &nbsp; &nbsp; &nbsp; &nbsp; &nbsp; &nbsp; &nbsp; &nbsp; &nbsp; &nbsp; &nbsp; &nbsp; &nbsp; &nbsp; &nbsp; &nbsp; &nbsp; &nbsp; &nbsp; &nbsp; &nbsp; &nbsp; &nbsp; &nbsp; &nbsp; &nbsp; &nbsp; &nbsp; &nbsp; &nbsp; &nbsp; &nbsp; &nbsp; &nbsp; &nbsp; &nbsp; &nbsp; &nbsp; &nbsp; &nbsp; &nbsp; &nbsp; &nbsp; &nbsp; &nbsp; &nbsp; &nbsp; &nbsp; &nbsp; &nbsp; &nbsp; &nbsp; &nbsp; &nbsp; &nbsp; &nbsp; &nbsp; &nbsp; &nbsp; &nbsp; &nbsp; &nbsp; &nbsp; &nbsp; &nbsp; &nbsp; &nbsp; &nbsp; &nbsp; &nbsp; &nbsp; &nbsp; &nbsp;&nbsp;&nbsp;<\/p>\n\n\n\n<h2 class=\"wp-block-heading\"><strong><a name=\"Instalaciones\"><\/a>INSTALACIONES<\/strong><\/h2>\n\n\n\n<figure class=\"wp-block-table\"><table><tbody><tr><td>\n<p style=\"line-height: 23.0400009155273px; text-align: justify;\"><span style=\"font-size: 12pt;\"><strong>PLANTA BAJA:<\/strong><\/span><\/p>\n<ul style=\"line-height: 23.0400009155273px;\">\n<li><span style=\"font-size: 10pt;\">Conserjer\u00eda.&nbsp;<\/span><\/li>\n<li><span style=\"font-size: 10pt;\">Sala de Audiovisuales.&nbsp;<\/span><\/li>\n<li><span style=\"font-size: 10pt;\">Sala \u201cMuro Isl\u00e1mico\u201d.<\/span><\/li>\n<li><span style=\"font-size: 10pt;\">Sala de Exposiciones Temporales, I &#8211; II&nbsp;<\/span><\/li>\n<li><span style=\"font-size: 10pt;\">Patio, \u00e1rea de descanso.&nbsp;<\/span><\/li>\n<li><span style=\"font-size: 10pt;\">Tienda y zona de ocio.<\/span><\/li>\n<\/ul>\n<\/td><td>\n<p style=\"line-height: 23.0400009155273px; text-align: justify;\"><span style=\"font-size: 12pt;\"><strong>PLANTA PRIMERA:<\/strong><\/span><\/p>\n<ul style=\"line-height: 23.0400009155273px;\">\n<li><span style=\"font-size: 10pt;\">Salas de Exposiciones Permanentes:&nbsp;<\/span><\/li>\n<li><span style=\"font-size: 10pt;\">Sal\u00f3n de Actos.<\/span>\n<ul>\n<li>\u201cL\u2019Apostolat\u201d.<\/li>\n<li>\u00abSucro<\/li>\n<li>\u00abE. N\u00fa\u00f1ez\u201d.<\/li>\n<\/ul>\n<\/li>\n<li>&nbsp;<\/li>\n<\/ul>\n<\/td><\/tr><tr><td>\n<p style=\"line-height: 23.0400009155273px; text-align: justify;\"><span style=\"font-size: 12pt;\"><strong>PLANTA SEGUNDA:<\/strong><\/span><\/p>\n<ul style=\"line-height: 23.0400009155273px;\">\n<li><span style=\"font-size: 10pt;\">Salas de Exposiciones:Oficina \u2013 Biblioteca.&nbsp;<\/span>\n<ul>\n<li>\u201cTeodoro Andreu\u201d.&nbsp;<\/li>\n<li>\u201cLa Cambra\u201d.&nbsp;<\/li>\n<li>\u201cNoves Tend\u00e8ncies\u201d.<\/li>\n<\/ul>\n<\/li>\n<li>&nbsp;<\/li>\n<\/ul>\n<\/td><td>\n<p style=\"line-height: 23.0400009155273px; text-align: justify;\"><span style=\"font-size: 12pt;\"><strong>PLANTA SUBTERRANEO:<\/strong><\/span><\/p>\n<ul style=\"line-height: 23.0400009155273px;\">\n<li><span style=\"font-size: 10pt;\">Taller Restauraci\u00f3n\/Dep\u00f3sito.<\/span><\/li>\n<\/ul>\n<\/td><\/tr><\/tbody><\/table><\/figure>\n\n\n\n<p>&nbsp;<\/p>\n\n\n\n<figure class=\"wp-block-table\"><table><tbody><tr><td><span style=\"font-size: 18pt;\"><strong style=\"line-height: 23.0400009155273px; text-align: justify;\"><a name=\"Horarios\"><\/a>Horarios :<\/strong><\/span><\/td><\/tr><\/tbody><\/table><\/figure>\n\n\n\n<figure class=\"wp-block-table\"><table><tbody><tr><td>\n<p style=\"line-height: 23.0400009155273px; text-align: justify;\"><span style=\"font-size: 12pt;\"><strong>Invierno (octubre a junio):<\/strong><\/span><\/p>\n<p style=\"line-height: 23.0400009155273px; text-align: justify;\"><span style=\"font-size: 10pt;\">Martes a s\u00e1bado: 11\u201900 a 13\u201900 \u2013 17\u201900 a 20\u201900<\/span><br><span style=\"font-size: 10pt;\">Domingo: 11\u201900 a 13\u201930<\/span><\/p>\n<p><span style=\"font-size: 10pt;\">&nbsp;<\/span><\/p>\n<\/td><td>\n<p style=\"line-height: 23.0400009155273px; text-align: justify;\"><span style=\"font-size: 12pt;\"><strong>Verano (julio a septiembre):<\/strong><\/span><\/p>\n<p style=\"line-height: 23.0400009155273px; text-align: justify;\"><span style=\"font-size: 10pt;\">Martes a domingo: 11\u201900 a 13\u201930<\/span><\/p>\n<p>&nbsp;<\/p>\n<\/td><\/tr><\/tbody><\/table><\/figure>\n\n\n\n<figure class=\"wp-block-table\"><table><tbody><tr><td><span style=\"font-size: 14pt;\"><strong style=\"line-height: 23.0400009155273px; text-align: justify;\">Festivos:<\/strong><span style=\"line-height: 23.0400009155273px; text-align: justify;\">&nbsp;cerrado<\/span><\/span><\/td><\/tr><\/tbody><\/table><\/figure>\n\n\n\n<p>&nbsp;<\/p>\n\n\n\n<p class=\"has-text-align-center\"><strong>Grupos: <\/strong>concertar visita previa.<\/p>\n\n\n\n<p class=\"has-text-align-center\"><br><strong>Consultas Biblioteca&nbsp;y Oficina: &nbsp; &nbsp;<\/strong> Lunes a viernes de 11\u201900 a 13\u201900<\/p>\n\n\n\n<p>&nbsp;<\/p>\n\n\n\n<p class=\"has-text-align-center\"><strong>MUMA: <\/strong>c\/ Sant Roc, 16. 46600 Alzira &#8211; Valencia<br>Oficinas c\/ Salineries, 13. 46600 Alzira <br><strong>661525654<\/strong>&#8211; <strong>Consergeria <\/strong><em>( cridar en horari de 9 a 13 h i de 17 a 20 h de dimarts a dissabte i diumenges d&#8217;11 a 13&#8217;30)<\/em><br><strong>661525642 <\/strong>i el <strong>661525200<\/strong>&#8211; <strong>Oficines<em> <\/em><\/strong><em>(cridar en horari d&#8217;ofines de 8 a 15 h de dilluns a divendres)<\/em><\/p>\n\n\n\n<p class=\"has-text-align-center\"><br><strong>Fax:<\/strong> 962 016 186<br><strong>E. mails:<\/strong>\u00a0<a href=\"mailto:museu@alzira.es\">museu@alzira.es<\/a><\/p>\n\n\n\n<p class=\"has-text-align-center\">&nbsp; &nbsp; &nbsp; &nbsp; &nbsp; &nbsp; &nbsp; &nbsp; &nbsp; &nbsp; &nbsp; &nbsp; &nbsp; &nbsp; &nbsp; &nbsp; &nbsp; &nbsp; &nbsp; &nbsp; &nbsp; &nbsp; &nbsp; &nbsp; &nbsp; &nbsp; &nbsp; &nbsp; &nbsp; &nbsp; &nbsp; &nbsp; &nbsp; &nbsp; &nbsp; &nbsp; &nbsp; &nbsp; &nbsp; &nbsp; &nbsp; &nbsp; &nbsp; &nbsp; &nbsp; &nbsp; &nbsp; &nbsp; &nbsp; &nbsp; &nbsp; &nbsp; &nbsp; &nbsp; &nbsp; &nbsp; &nbsp; &nbsp; &nbsp; &nbsp; &nbsp; &nbsp; &nbsp; &nbsp; &nbsp; &nbsp; &nbsp; &nbsp; &nbsp; &nbsp; &nbsp; &nbsp; &nbsp; &nbsp; &nbsp; &nbsp; &nbsp; &nbsp; &nbsp; &nbsp; &nbsp; &nbsp; &nbsp; &nbsp; &nbsp; &nbsp; &nbsp; &nbsp; &nbsp; &nbsp; &nbsp; &nbsp; &nbsp; &nbsp; &nbsp; &nbsp; &nbsp; &nbsp; &nbsp; &nbsp; &nbsp; &nbsp; &nbsp; &nbsp; &nbsp; &nbsp; &nbsp; &nbsp; &nbsp; &nbsp; &nbsp; &nbsp; &nbsp; &nbsp; &nbsp; &nbsp;<\/p>\n","protected":false},"excerpt":{"rendered":"<p>ANTECEDENTES&nbsp;&#8211; PRESENTACI\u00d3N&nbsp;&#8211;&nbsp;LOCALIZACI\u00d3N&nbsp;&#8211;&nbsp;OBJETIVOS&nbsp;&#8211; FUNCIONES&nbsp;&#8211; DESCRIPCI\u00d3N&nbsp;&#8211; INSTALACIONES&nbsp;&#8211; HORARIOS ANTECEDENTES El Museo Municipal de Alzira (MUMA), comienza una nueva etapa de su existencia. Tuvo sus inicios a finales de la d\u00e9cada de los setenta, inaugur\u00e1ndose el 20 de noviembre de 1979 en la planta baja de las Escuelas P\u00edas. Con la rehabilitaci\u00f3n del edificio cerr\u00f3 sus puertas hasta &hellip; <\/p>\n<p class=\"link-more\"><a href=\"https:\/\/alzira.es\/es\/servicios-municipales\/museo-patrimonio-y-turismo\/museo\/\" class=\"more-link\">Continuar leyendo<span class=\"screen-reader-text\"> \u00abMuseo\u00bb<\/span><\/a><\/p>\n","protected":false},"author":29,"featured_media":0,"parent":86281,"menu_order":3,"comment_status":"closed","ping_status":"closed","template":"","meta":{"_acf_changed":false,"footnotes":""},"class_list":["post-430","page","type-page","status-publish","hentry"],"acf":[],"_links":{"self":[{"href":"https:\/\/alzira.es\/es\/wp-json\/wp\/v2\/pages\/430","targetHints":{"allow":["GET"]}}],"collection":[{"href":"https:\/\/alzira.es\/es\/wp-json\/wp\/v2\/pages"}],"about":[{"href":"https:\/\/alzira.es\/es\/wp-json\/wp\/v2\/types\/page"}],"author":[{"embeddable":true,"href":"https:\/\/alzira.es\/es\/wp-json\/wp\/v2\/users\/29"}],"replies":[{"embeddable":true,"href":"https:\/\/alzira.es\/es\/wp-json\/wp\/v2\/comments?post=430"}],"version-history":[{"count":1,"href":"https:\/\/alzira.es\/es\/wp-json\/wp\/v2\/pages\/430\/revisions"}],"predecessor-version":[{"id":167355,"href":"https:\/\/alzira.es\/es\/wp-json\/wp\/v2\/pages\/430\/revisions\/167355"}],"up":[{"embeddable":true,"href":"https:\/\/alzira.es\/es\/wp-json\/wp\/v2\/pages\/86281"}],"wp:attachment":[{"href":"https:\/\/alzira.es\/es\/wp-json\/wp\/v2\/media?parent=430"}],"curies":[{"name":"wp","href":"https:\/\/api.w.org\/{rel}","templated":true}]}}