{"id":42826,"date":"2019-07-03T09:32:21","date_gmt":"2019-07-03T07:32:21","guid":{"rendered":"https:\/\/alzira.es\/xavier-perez-juanes-19-23-competencias-2\/"},"modified":"2021-07-28T18:36:48","modified_gmt":"2021-07-28T16:36:48","slug":"xavier-perez-juanes-19-23-competencias-2","status":"publish","type":"page","link":"https:\/\/alzira.es\/es\/ayuntamiento\/corporacion-y-gobierno-municipal\/xavier-perez-juanes-19-23-competencias-2\/","title":{"rendered":"Xavier P\u00e9rez Juanes (19-23) Competencias"},"content":{"rendered":"<p style=\"margin: 6pt 0cm 18pt; line-height: normal; background: white; text-align: justify;\"><strong style=\"font-size: 14.4px;\">\u00c1REA DE PARTICIPACI\u00d3N Y BUEN GOBIERNO<\/strong><span style=\"font-size: 14.4px;\">. <\/span><strong style=\"font-size: 14.4px;\">El concejal responsable de esta \u00e1rea es Xavier P\u00e9rez i Juanes<\/strong><span style=\"font-size: 14.4px;\">. La presente delegaci\u00f3n gen\u00e9rica a favor del mencionado concejal, de conformidad con lo dispuesto en el art\u00edculo 43, apartados 3 y 4 del Real Decreto 2568\/1986, de 28 de noviembre, por el cual se aprueba el Reglamento de Organizaci\u00f3n, Funcionamiento y R\u00e9gimen Jur\u00eddico de las Entidades Locales, incluye la facultad de dictar, en el \u00e1mbito delegado, los correspondientes actos administrativos de tr\u00e1mite o definitivos y de ejecuci\u00f3n con afecci\u00f3n a terceros. El \u00e1mbito de su delegaci\u00f3n queda concretado en las siguientes sub\u00e1reas y en los t\u00e9rminos y alcance que se expresan:<\/span><\/p>\n<p style=\"margin: 6pt 0cm 18pt; line-height: normal; background: white; text-align: justify;\"><strong style=\"font-size: 14.4px;\">1. SUB\u00c1REA DE COMUNICACI\u00d3N Y FIESTAS<\/strong><span style=\"font-size: 14.4px;\">. Comprende las materias relativas a la comunicaci\u00f3n interna y externa del Ajuntament d\u2019Alzira; as\u00ed como la Feria de Navidad, Feria de julio y fiestas de San Bernat, Mare de D\u00e9u del Lluch y de la Murta, fiestas de barrios y partidas, Semana Santa, fiestas populares, fiestas falleras, Casal Fester, actividades feriales promovidas por asociaciones festivas o derivadas de las fiestas propias del municipio. <\/span><strong style=\"font-size: 14.4px;\">Esta sub\u00e1rea depende directamente del concejal Xavier P\u00e9rez i Juanes<\/strong><span style=\"font-size: 14.4px;\">.<\/span><\/p>\n<p style=\"margin: 6pt 0cm 18pt; line-height: normal; background: white; text-align: justify;\"><strong style=\"font-size: 14.4px;\">2. SUB\u00c1REA DE JUVENTUD, COOPERACI\u00d3N, MODERNIZACI\u00d3N Y BUEN GOBIERNO<\/strong><span style=\"font-size: 14.4px;\">. Comprende las materias relativas al Consejo Local de la Juventud, asociaciones juveniles, escuela de verano, campamentos de verano, Plan de ocio alternativo; cooperaci\u00f3n solidaria; Inform\u00e1tica y Modernizaci\u00f3n; Oficina de Atenci\u00f3n al Ciudadano \u201cLa Clau\u201d, que comporta registros municipales, padrones municipales, servicios de informaci\u00f3n al ciudadano, censo electoral y PROP. <\/span><strong style=\"font-size: 14.4px;\">Esta sub\u00e1rea la asume la concejal Leticia Piquer Ortiz<\/strong><span style=\"font-size: 14.4px;\">.<\/span><\/p>\n<p style=\"margin: 6pt 0cm 18pt; line-height: normal; background: white; text-align: justify;\"><strong style=\"font-size: 14.4px;\">3. SUB\u00c1REA DE PARTICIPACI\u00d3N, SALUD, CONSUMO Y R\u00c9GIMEN INTERIOR<\/strong><span style=\"font-size: 14.4px;\">. Comprende las materias relativas a centros de barrio, fomento y desarrollo de la Carta de Participaci\u00f3n Ciudadana, Consejo de Participaci\u00f3n Ciudadana y Asociaciones de Vecinos; centros de salud, salud ambiental, salud primaria, salud escolar, salubridad p\u00fablica, an\u00e1lisis de agua, control de plagas, control de animales dom\u00e9sticos y compa\u00f1\u00eda; OMIC; subalternos, reparto y distribuci\u00f3n de notificaciones a los ciudadanos. <\/span><strong style=\"font-size: 14.4px;\">Esta sub\u00e1rea la asume la concejal Gemma Al\u00f3s Sospedra<\/strong><span style=\"font-size: 14.4px;\">.<\/span><\/p>\n","protected":false},"excerpt":{"rendered":"<p>\u00c1REA DE PARTICIPACI\u00d3N Y BUEN GOBIERNO. El concejal responsable de esta \u00e1rea es Xavier P\u00e9rez i Juanes. La presente delegaci\u00f3n gen\u00e9rica a favor del mencionado concejal, de conformidad con lo dispuesto en el art\u00edculo 43, apartados 3 y 4 del Real Decreto 2568\/1986, de 28 de noviembre, por el cual se aprueba el Reglamento de &hellip; <\/p>\n<p class=\"link-more\"><a href=\"https:\/\/alzira.es\/es\/ayuntamiento\/corporacion-y-gobierno-municipal\/xavier-perez-juanes-19-23-competencias-2\/\" class=\"more-link\">Continuar leyendo<span class=\"screen-reader-text\"> \u00abXavier P\u00e9rez Juanes (19-23) Competencias\u00bb<\/span><\/a><\/p>\n","protected":false},"author":34,"featured_media":0,"parent":13558,"menu_order":10,"comment_status":"closed","ping_status":"closed","template":"","meta":{"_acf_changed":false,"footnotes":""},"class_list":["post-42826","page","type-page","status-publish","hentry"],"acf":[],"_links":{"self":[{"href":"https:\/\/alzira.es\/es\/wp-json\/wp\/v2\/pages\/42826","targetHints":{"allow":["GET"]}}],"collection":[{"href":"https:\/\/alzira.es\/es\/wp-json\/wp\/v2\/pages"}],"about":[{"href":"https:\/\/alzira.es\/es\/wp-json\/wp\/v2\/types\/page"}],"author":[{"embeddable":true,"href":"https:\/\/alzira.es\/es\/wp-json\/wp\/v2\/users\/34"}],"replies":[{"embeddable":true,"href":"https:\/\/alzira.es\/es\/wp-json\/wp\/v2\/comments?post=42826"}],"version-history":[{"count":2,"href":"https:\/\/alzira.es\/es\/wp-json\/wp\/v2\/pages\/42826\/revisions"}],"predecessor-version":[{"id":84592,"href":"https:\/\/alzira.es\/es\/wp-json\/wp\/v2\/pages\/42826\/revisions\/84592"}],"up":[{"embeddable":true,"href":"https:\/\/alzira.es\/es\/wp-json\/wp\/v2\/pages\/13558"}],"wp:attachment":[{"href":"https:\/\/alzira.es\/es\/wp-json\/wp\/v2\/media?parent=42826"}],"curies":[{"name":"wp","href":"https:\/\/api.w.org\/{rel}","templated":true}]}}