{"id":42823,"date":"2019-07-03T09:32:21","date_gmt":"2019-07-03T07:32:21","guid":{"rendered":"https:\/\/alzira.es\/marina-mir-mocholi-19-23-competencias-2\/"},"modified":"2021-07-28T18:37:15","modified_gmt":"2021-07-28T16:37:15","slug":"marina-mir-mocholi-19-23-competencias-2","status":"publish","type":"page","link":"https:\/\/alzira.es\/es\/ayuntamiento\/corporacion-y-gobierno-municipal\/marina-mir-mocholi-19-23-competencias-2\/","title":{"rendered":"Marina Mir Mochol\u00ed (19-23) Competencias"},"content":{"rendered":"<p style=\"margin: 6pt 0cm 18pt; line-height: normal; background: white; text-align: justify;\"><strong><span style=\"text-decoration: underline;\">\u00c1REA DE SERVICIOS PARA LAS PERSONAS<\/span><\/strong>. <strong><span style=\"font-size: 11pt; line-height: 125%; font-family: Arial, sans-serif;\">La concejal responsable de esta \u00e1rea es Marina Mir i Mochol\u00ed.\u00a0<\/span><\/strong>La presente delegaci\u00f3n gen\u00e9rica a favor de la mencionada concejal, de conformidad con lo dispuesto en el art\u00edculo 43, apartados 3 y 4 del Real Decreto 2568\/1986, de 28 de noviembre, por el cual se aprueba el Reglamento de Organizaci\u00f3n, Funcionamiento y R\u00e9gimen Jur\u00eddico de las Entidades Locales, e incluye la facultad de dictar, en el \u00e1mbito delegado, los correspondientes actos administrativos de tr\u00e1mite o definitivos y de ejecuci\u00f3n con afecci\u00f3n a terceros; a excepci\u00f3n de la sub\u00e1rea de Actividad Deportiva, el concejal de la cual ostentar\u00e1 tambi\u00e9n tal facultad de dictar los referidos actos administrativos en aquello que afecta a su \u00e1mbito. El \u00e1rea de su delegaci\u00f3n queda concretada en las siguientes sub\u00e1reas y en los t\u00e9rminos y alcance que se expresan:<\/p>\n<p style=\"margin: 6pt 0cm 18pt; line-height: normal; background: white; text-align: justify;\"><strong>1. SUB\u00c1REA DE IGUALDAD, POL\u00cdTICAS INCLUSIVAS Y VIVIENDA<\/strong>. Comprende las materias relativas a personas mayores y plan local de envejecimiento, centros de convivencia de personas mayores, minor\u00edas \u00e9tnicas, gesti\u00f3n de la residencia municipal de personas mayores, toxicoman\u00edas, programa de integraci\u00f3n para los inmigrantes, Consejo local de Participaci\u00f3n Social, atenci\u00f3n a personas con diversidad funcional, protecci\u00f3n, prevenci\u00f3n y atenci\u00f3n a la familia e infancia, ayudas a la vivienda social, programa comer y mayor en casa, servicio de ayuda domiciliaria, Agencia Local Igualdad, servicios de atenci\u00f3n a la dependencia y promoci\u00f3n de la autonom\u00eda personal, servicios de atenci\u00f3n a v\u00edctimas violencia de g\u00e9nero, programas de reinserci\u00f3n de enfermos mentales, programas de trabajos en beneficio de la comunidad, renta valenciana de inclusi\u00f3n, Centro de Participaci\u00f3n Ciudadana, medidas de reinserci\u00f3n social de menores, prestaciones b\u00e1sicas del Pla concertado de Servicios Sociales, programas de lucha contra la pobreza, programas de emancipaci\u00f3n juvenil, voluntariado y cooperaci\u00f3n social, registro y supervisi\u00f3n del absentismo escolar, acuerdo interinstitucional con la Generalitat de laboratorio de Servicios Sociales y pobreza energ\u00e9tica.<\/p>\n<p style=\"margin: 6pt 0cm 18pt; line-height: normal; background: white; text-align: justify;\"><strong>2. SUB\u00c1REA DE CULTURA<\/strong>. Comprende las materias relativas a los premios literarios, asociaciones culturales, Gran Teatro, Casa de la Cultura y talleres, Biblioteca Municipal, agencias de lectura, Servicio de Promoci\u00f3n y Uso del Valenciano. <strong>Esta sub\u00e1rea la asume el concejal Alfred Aranda i Mata<\/strong>.<\/p>\n<p style=\"margin: 6pt 0cm 18pt; line-height: normal; background: white; text-align: justify;\"><strong>3. SUB\u00c1REA DE EDUCACI\u00d3N E INFANCIA<\/strong>. Comprende las materias de las Escuelas Infantiles, Escuela de idiomas, Escuelas de Adultos (CEPA), escolarizaci\u00f3n y mantenimiento de centros escolares, Consejo Escolar municipal, UNED, educaci\u00f3n vial, control del absentismo escolar, relaci\u00f3n AMPas; Consejo Municipal de Ni\u00f1os y Ni\u00f1as<strong>. Esta sub\u00e1rea la asume la concejal Maria Calvo Palomares<\/strong>.<\/p>\n<p style=\"margin: 6pt 0cm 18pt; line-height: normal; background: white; text-align: justify;\"><strong>4. SUB\u00c1REA DE ACTIVIDAD DEPORTIVA. El concejal responsable de esta sub\u00e1rea es Fernando Pascual Moscard\u00f3.<\/strong> La presente delegaci\u00f3n, que tiene la calidad de gen\u00e9rica, se otorga a favor del mencionado concejal, de conformidad con lo dispuesto en el art\u00edculo 43, apartados 3 y 4 del Real Decreto 2568\/1986, de 28 de noviembre, por el cual se aprueba el Reglamento de Organizaci\u00f3n, Funcionamiento y R\u00e9gimen Jur\u00eddico de las Entidades Locales, incluye la facultad de dictar, en el \u00e1mbito delegado, los correspondientes actos administrativos de tr\u00e1mite o definitivos y de ejecuci\u00f3n con afecci\u00f3n a terceros. Comprende las materias relativas al Consejo Local de Deportes, deporte escolar y de base, Escuelas Municipales de Deporte, infraestructuras deportivas y deportes aut\u00f3ctonos.<\/p>\n<p style=\"margin: 6pt 0cm 18pt; line-height: normal; background: white; text-align: justify;\"><strong>5. SUB\u00c1REA DE TURISMO Y PATRIMONIO HIST\u00d3RICO<\/strong>. Comprende las materias relativas a iniciativas tur\u00edsticas, ciudades hermanadas; Museo municipal, archivo administrativo e hist\u00f3rico, publicaciones. <strong>Esta sub\u00e1rea la asume la concejal Isabel Aguilar L\u00f3pez.<\/strong><\/p>\n","protected":false},"excerpt":{"rendered":"<p>\u00c1REA DE SERVICIOS PARA LAS PERSONAS. La concejal responsable de esta \u00e1rea es Marina Mir i Mochol\u00ed.\u00a0La presente delegaci\u00f3n gen\u00e9rica a favor de la mencionada concejal, de conformidad con lo dispuesto en el art\u00edculo 43, apartados 3 y 4 del Real Decreto 2568\/1986, de 28 de noviembre, por el cual se aprueba el Reglamento de &hellip; <\/p>\n<p class=\"link-more\"><a href=\"https:\/\/alzira.es\/es\/ayuntamiento\/corporacion-y-gobierno-municipal\/marina-mir-mocholi-19-23-competencias-2\/\" class=\"more-link\">Continuar leyendo<span class=\"screen-reader-text\"> \u00abMarina Mir Mochol\u00ed (19-23) Competencias\u00bb<\/span><\/a><\/p>\n","protected":false},"author":34,"featured_media":0,"parent":13558,"menu_order":11,"comment_status":"closed","ping_status":"closed","template":"","meta":{"_acf_changed":false,"footnotes":""},"class_list":["post-42823","page","type-page","status-publish","hentry"],"acf":[],"_links":{"self":[{"href":"https:\/\/alzira.es\/es\/wp-json\/wp\/v2\/pages\/42823","targetHints":{"allow":["GET"]}}],"collection":[{"href":"https:\/\/alzira.es\/es\/wp-json\/wp\/v2\/pages"}],"about":[{"href":"https:\/\/alzira.es\/es\/wp-json\/wp\/v2\/types\/page"}],"author":[{"embeddable":true,"href":"https:\/\/alzira.es\/es\/wp-json\/wp\/v2\/users\/34"}],"replies":[{"embeddable":true,"href":"https:\/\/alzira.es\/es\/wp-json\/wp\/v2\/comments?post=42823"}],"version-history":[{"count":2,"href":"https:\/\/alzira.es\/es\/wp-json\/wp\/v2\/pages\/42823\/revisions"}],"predecessor-version":[{"id":84593,"href":"https:\/\/alzira.es\/es\/wp-json\/wp\/v2\/pages\/42823\/revisions\/84593"}],"up":[{"embeddable":true,"href":"https:\/\/alzira.es\/es\/wp-json\/wp\/v2\/pages\/13558"}],"wp:attachment":[{"href":"https:\/\/alzira.es\/es\/wp-json\/wp\/v2\/media?parent=42823"}],"curies":[{"name":"wp","href":"https:\/\/api.w.org\/{rel}","templated":true}]}}