{"id":42820,"date":"2019-07-03T09:32:21","date_gmt":"2019-07-03T07:32:21","guid":{"rendered":"https:\/\/alzira.es\/pep-carreres-rodriguez-19-23-competencias-2\/"},"modified":"2021-07-28T18:37:21","modified_gmt":"2021-07-28T16:37:21","slug":"pep-carreres-rodriguez-19-23-competencias-2","status":"publish","type":"page","link":"https:\/\/alzira.es\/es\/ayuntamiento\/corporacion-y-gobierno-municipal\/pep-carreres-rodriguez-19-23-competencias-2\/","title":{"rendered":"Pep Carreres Rodr\u00edguez (19-23) Competencias"},"content":{"rendered":"<p style=\"margin: 6pt 0cm 18pt; line-height: normal; background: white; text-align: justify;\"><strong>SUB\u00c1REA DE MEDIO AMBIENTE, AGRICULTURA Y TRANSICI\u00d3N ECOL\u00d3GICA<\/strong>. Comprende las materias relativas a gesti\u00f3n de espacios naturales protegidos y otros espacios de valor natural, prevenci\u00f3n y extinci\u00f3n de incendios, gesti\u00f3n forestal, planificaci\u00f3n y gesti\u00f3n de la Infraestructura Verde y Paisaje, educaci\u00f3n y cultura ambiental, recuperaci\u00f3n de espacios fluviales, degradados y control de vertidos de aguas residuales, agroalimentaci\u00f3n, gesti\u00f3n y mejora de infraestructuras agrarias, lucha biol\u00f3gica, participaci\u00f3n ciudadana en materia de agroalimentaci\u00f3n, en Medio Ambiente y del Paraje Natural Municipal, planificaci\u00f3n y gesti\u00f3n de la movilidad sostenible municipal, planificaci\u00f3n y gesti\u00f3n de la regeneraci\u00f3n urbana sostenible, transici\u00f3n energ\u00e9tica y econom\u00eda circular.<\/p>\n","protected":false},"excerpt":{"rendered":"<p>SUB\u00c1REA DE MEDIO AMBIENTE, AGRICULTURA Y TRANSICI\u00d3N ECOL\u00d3GICA. Comprende las materias relativas a gesti\u00f3n de espacios naturales protegidos y otros espacios de valor natural, prevenci\u00f3n y extinci\u00f3n de incendios, gesti\u00f3n forestal, planificaci\u00f3n y gesti\u00f3n de la Infraestructura Verde y Paisaje, educaci\u00f3n y cultura ambiental, recuperaci\u00f3n de espacios fluviales, degradados y control de vertidos de aguas &hellip; <\/p>\n<p class=\"link-more\"><a href=\"https:\/\/alzira.es\/es\/ayuntamiento\/corporacion-y-gobierno-municipal\/pep-carreres-rodriguez-19-23-competencias-2\/\" class=\"more-link\">Continuar leyendo<span class=\"screen-reader-text\"> \u00abPep Carreres Rodr\u00edguez (19-23) Competencias\u00bb<\/span><\/a><\/p>\n","protected":false},"author":34,"featured_media":0,"parent":13558,"menu_order":12,"comment_status":"closed","ping_status":"closed","template":"","meta":{"_acf_changed":false,"footnotes":""},"class_list":["post-42820","page","type-page","status-publish","hentry"],"acf":[],"_links":{"self":[{"href":"https:\/\/alzira.es\/es\/wp-json\/wp\/v2\/pages\/42820","targetHints":{"allow":["GET"]}}],"collection":[{"href":"https:\/\/alzira.es\/es\/wp-json\/wp\/v2\/pages"}],"about":[{"href":"https:\/\/alzira.es\/es\/wp-json\/wp\/v2\/types\/page"}],"author":[{"embeddable":true,"href":"https:\/\/alzira.es\/es\/wp-json\/wp\/v2\/users\/34"}],"replies":[{"embeddable":true,"href":"https:\/\/alzira.es\/es\/wp-json\/wp\/v2\/comments?post=42820"}],"version-history":[{"count":2,"href":"https:\/\/alzira.es\/es\/wp-json\/wp\/v2\/pages\/42820\/revisions"}],"predecessor-version":[{"id":84594,"href":"https:\/\/alzira.es\/es\/wp-json\/wp\/v2\/pages\/42820\/revisions\/84594"}],"up":[{"embeddable":true,"href":"https:\/\/alzira.es\/es\/wp-json\/wp\/v2\/pages\/13558"}],"wp:attachment":[{"href":"https:\/\/alzira.es\/es\/wp-json\/wp\/v2\/media?parent=42820"}],"curies":[{"name":"wp","href":"https:\/\/api.w.org\/{rel}","templated":true}]}}