{"id":42811,"date":"2019-07-03T09:32:21","date_gmt":"2019-07-03T07:32:21","guid":{"rendered":"https:\/\/alzira.es\/isabel-aguilar-lopez-19-23-competencias-2\/"},"modified":"2021-07-28T18:37:36","modified_gmt":"2021-07-28T16:37:36","slug":"isabel-aguilar-lopez-19-23-competencias-2","status":"publish","type":"page","link":"https:\/\/alzira.es\/es\/ayuntamiento\/corporacion-y-gobierno-municipal\/isabel-aguilar-lopez-19-23-competencias-2\/","title":{"rendered":"Isabel Aguilar L\u00f3pez (19-23) Competencias"},"content":{"rendered":"<p style=\"margin: 6pt 0cm 18pt; line-height: normal; background: white; text-align: justify;\" align=\"left\"><strong style=\"font-size: 14.4px;\">SUB\u00c1REA DE TURISMO Y PATRIMONIO HIST\u00d3RICO.<\/strong><span style=\"font-size: 14.4px;\"> Comprende las materias relativas a iniciativas tur\u00edsticas, ciudades hermanadas; Museo municipal, archivo administrativo e hist\u00f3rico, publicaciones.<\/span><\/p>\n","protected":false},"excerpt":{"rendered":"<p>SUB\u00c1REA DE TURISMO Y PATRIMONIO HIST\u00d3RICO. Comprende las materias relativas a iniciativas tur\u00edsticas, ciudades hermanadas; Museo municipal, archivo administrativo e hist\u00f3rico, publicaciones.<\/p>\n","protected":false},"author":34,"featured_media":0,"parent":13558,"menu_order":14,"comment_status":"closed","ping_status":"closed","template":"","meta":{"_acf_changed":false,"footnotes":""},"class_list":["post-42811","page","type-page","status-publish","hentry"],"acf":[],"_links":{"self":[{"href":"https:\/\/alzira.es\/es\/wp-json\/wp\/v2\/pages\/42811","targetHints":{"allow":["GET"]}}],"collection":[{"href":"https:\/\/alzira.es\/es\/wp-json\/wp\/v2\/pages"}],"about":[{"href":"https:\/\/alzira.es\/es\/wp-json\/wp\/v2\/types\/page"}],"author":[{"embeddable":true,"href":"https:\/\/alzira.es\/es\/wp-json\/wp\/v2\/users\/34"}],"replies":[{"embeddable":true,"href":"https:\/\/alzira.es\/es\/wp-json\/wp\/v2\/comments?post=42811"}],"version-history":[{"count":2,"href":"https:\/\/alzira.es\/es\/wp-json\/wp\/v2\/pages\/42811\/revisions"}],"predecessor-version":[{"id":84596,"href":"https:\/\/alzira.es\/es\/wp-json\/wp\/v2\/pages\/42811\/revisions\/84596"}],"up":[{"embeddable":true,"href":"https:\/\/alzira.es\/es\/wp-json\/wp\/v2\/pages\/13558"}],"wp:attachment":[{"href":"https:\/\/alzira.es\/es\/wp-json\/wp\/v2\/media?parent=42811"}],"curies":[{"name":"wp","href":"https:\/\/api.w.org\/{rel}","templated":true}]}}