{"id":42806,"date":"2019-07-15T11:53:57","date_gmt":"2019-07-15T09:53:57","guid":{"rendered":"https:\/\/alzira.es\/regularizacion-actividades-industriales-en-suelo-no-urbanizable\/"},"modified":"2021-09-07T16:11:03","modified_gmt":"2021-09-07T14:11:03","slug":"regularizacion-actividades-industriales-en-suelo-no-urbanizable","status":"publish","type":"page","link":"https:\/\/alzira.es\/es\/servicios-municipales\/urbanismo-e-infraestructuras\/regularizacion-actividades-industriales-en-suelo-no-urbanizable\/","title":{"rendered":"Regularizaci\u00f3n Actividades industriales en suelo no urbanizable"},"content":{"rendered":"<p>El legislador valenciano ha realizado un gran esfuerzo recogiendo la sensibilidad social de los distintos partidos pol\u00edticos que forman parte de las Cortes Valencianas al aprobar, en tr\u00e1mite parlamentario, el Art. 156 de la Ley 1\/2019 que a\u00f1ade una Disposici\u00f3n Transitoria Decimoquinta denominada Regularizaci\u00f3n de actividades industriales en suelo no urbanizable, introduciendo la figura de \u00abDeclaraci\u00f3n de inter\u00e9s comunitario de regularizaci\u00f3n\u00bb.<\/p>\n<p style=\"text-align: center;\"><img decoding=\"async\" class=\"size-full wp-image-42803 lazyload\" data-src=\"https:\/\/alzira.es\/wp-content\/uploads\/2019\/07\/Actvidades_Industriales_en_suelo_No_urbanizable.jpg\" alt=\"Actvidades Industriales en suelo No urbanizable\" src=\"data:image\/svg+xml;base64,PHN2ZyB3aWR0aD0iMSIgaGVpZ2h0PSIxIiB4bWxucz0iaHR0cDovL3d3dy53My5vcmcvMjAwMC9zdmciPjwvc3ZnPg==\"><\/p>\n<p>Con ello, la reforma de la Ley pretende lograr un \u00abpunto cero\u00bb a partir del cual conseguir que tengan virtualidad pr\u00e1ctica los diversos instrumentos normativos habilitados en la propia ley para la autorizaci\u00f3n de actividades en suelo no urbanizable. Dicho de otro modo: se trata de poner el contador a cero en materia de actividades irregulares existentes; ofreciendo -con car\u00e1cter previo a la aplicaci\u00f3n del cierre o clausura- una \u00faltima oportunidad a las actividades hoy clandestinas, para incorporarse voluntariamente a la legalidad en los t\u00e9rminos establecidos en la propia DT 15.<\/p>\n<p>Esta figura se concept\u00faa como un instrumento extraordinario, por plazo de un a\u00f1o, para regularizar aquellas actividades industriales ubicadas en suelo no urbanizable, anteriores a la aprobaci\u00f3n de la LOTUP, a los solos efectos de que dichas actividades puedan obtener la autorizaci\u00f3n ambiental y de funcionamiento.<br \/>\nDel plazo de un a\u00f1o se\u00f1alado en la Ley se derivan obligaciones a los Ayuntamientos de la Comunidad Valenciana en orden a colaborar con los ciudadanos afectados por la Transitoria Decimoquinta mediante la adopci\u00f3n de una postura activa destinada a que todos conozcan este especial instrumento legalizador.<\/p>\n<p><span style=\"text-decoration: underline;\">Qui\u00e9n se puede beneficiar de la DIC?<\/span><br \/>\nToda actividad industrial y productiva que se est\u00e9 desarrollando ininterrumpidamente y con anterioridad a agosto de 2014 en suelo no urbanizable de la Comunidad Valenciana. La norma prev\u00e9, dentro de unos l\u00edmites, que incluso pueda utilizarse este procedimiento de legalizaci\u00f3n para ampliar la actividad ya existente. Asimismo, y en determinadas circunstancias, se permite la legalizaci\u00f3n de actividades que se vengan desarrollando de forma irregular en suelo urbanizable e, incluso, en suelo urbano.<\/p>\n<p><span style=\"text-decoration: underline;\">\u00bfCu\u00e1l es el plazo del que disponen las empresas para acogerse a la v\u00eda de la DIC?<\/span><br \/>\nLa solicitud de regularizaci\u00f3n de la actividad, junto con los documentos t\u00e9cnicos que correspondan, deber\u00e1 presentarse ante la Administraci\u00f3n de la Comunidad Valenciana dentro del plazo de 1 a\u00f1o desde la entrada en vigor de la norma. Por tanto, las solicitudes de regularizaci\u00f3n podr\u00e1n presentarse hasta el 8 de febrero de 2020.<\/p>\n<p><span style=\"text-decoration: underline;\">Consecuencias de la tramitaci\u00f3n de la DIC<\/span><br \/>\nUna vez obtenida la DIC, la empresa dispondr\u00e1 de tres a\u00f1os adicionales para obtener la autorizaci\u00f3n ambiental (antes llamada licencia de actividad), legalizando con ello definitivamente su actividad. No obstante, la norma advierte de lo obvio: una vez superado el 8 de febrero de 2020, las Administraciones proceder\u00e1n a clausurar las actividades que no se hayan acogido al procedimiento de regularizaci\u00f3n de la DIC.<\/p>\n","protected":false},"excerpt":{"rendered":"<p>El legislador valenciano ha realizado un gran esfuerzo recogiendo la sensibilidad social de los distintos partidos pol\u00edticos que forman parte de las Cortes Valencianas al aprobar, en tr\u00e1mite parlamentario, el Art. 156 de la Ley 1\/2019 que a\u00f1ade una Disposici\u00f3n Transitoria Decimoquinta denominada Regularizaci\u00f3n de actividades industriales en suelo no urbanizable, introduciendo la figura de &hellip; <\/p>\n<p class=\"link-more\"><a href=\"https:\/\/alzira.es\/es\/servicios-municipales\/urbanismo-e-infraestructuras\/regularizacion-actividades-industriales-en-suelo-no-urbanizable\/\" class=\"more-link\">Continuar leyendo<span class=\"screen-reader-text\"> \u00abRegularizaci\u00f3n Actividades industriales en suelo no urbanizable\u00bb<\/span><\/a><\/p>\n","protected":false},"author":29,"featured_media":42803,"parent":87644,"menu_order":21,"comment_status":"closed","ping_status":"closed","template":"","meta":{"_acf_changed":false,"footnotes":""},"class_list":["post-42806","page","type-page","status-publish","has-post-thumbnail","hentry"],"acf":[],"_links":{"self":[{"href":"https:\/\/alzira.es\/es\/wp-json\/wp\/v2\/pages\/42806","targetHints":{"allow":["GET"]}}],"collection":[{"href":"https:\/\/alzira.es\/es\/wp-json\/wp\/v2\/pages"}],"about":[{"href":"https:\/\/alzira.es\/es\/wp-json\/wp\/v2\/types\/page"}],"author":[{"embeddable":true,"href":"https:\/\/alzira.es\/es\/wp-json\/wp\/v2\/users\/29"}],"replies":[{"embeddable":true,"href":"https:\/\/alzira.es\/es\/wp-json\/wp\/v2\/comments?post=42806"}],"version-history":[{"count":2,"href":"https:\/\/alzira.es\/es\/wp-json\/wp\/v2\/pages\/42806\/revisions"}],"predecessor-version":[{"id":89623,"href":"https:\/\/alzira.es\/es\/wp-json\/wp\/v2\/pages\/42806\/revisions\/89623"}],"up":[{"embeddable":true,"href":"https:\/\/alzira.es\/es\/wp-json\/wp\/v2\/pages\/87644"}],"wp:featuredmedia":[{"embeddable":true,"href":"https:\/\/alzira.es\/es\/wp-json\/wp\/v2\/media\/42803"}],"wp:attachment":[{"href":"https:\/\/alzira.es\/es\/wp-json\/wp\/v2\/media?parent=42806"}],"curies":[{"name":"wp","href":"https:\/\/api.w.org\/{rel}","templated":true}]}}