{"id":42681,"date":"2019-07-03T09:32:21","date_gmt":"2019-07-03T07:32:21","guid":{"rendered":"https:\/\/alzira.es\/leticia-piquer-ortiz-19-23-curriculum-2\/"},"modified":"2021-09-03T18:46:44","modified_gmt":"2021-09-03T16:46:44","slug":"leticia-piquer-ortiz-19-23-curriculum-2","status":"publish","type":"page","link":"https:\/\/alzira.es\/es\/ayuntamiento\/corporacion-y-gobierno-municipal\/leticia-piquer-ortiz-19-23-curriculum-2\/","title":{"rendered":"Leticia Piquer Ortiz (19-23) Curr\u00edculum"},"content":{"rendered":"\n<h3 class=\"wp-block-heading\">FORMACI\u00d3N ACADEMICA<\/h3>\n\n\n\n<ul class=\"wp-block-list\"><li>M\u00e1ster en pol\u00edtica, gesti\u00f3n y direcci\u00f3n de organizaciones educativas. Universidad de Valencia.<\/li><li>Graduada en educaci\u00f3n primaria con menci\u00f3n en pedagog\u00eda terap\u00e9utica. Universidad de Valencia.<\/li><\/ul>\n\n\n\n<h3 class=\"wp-block-heading\">FORMACI\u00d3N COMPLEMENTARIA<\/h3>\n\n\n\n<ul class=\"wp-block-list\"><li>Curso de formaci\u00f3n en derechos humanos (Amnist\u00eda Internacional)<\/li><li>Curso convivencia, conflicto y ciudadan\u00eda. El sentido pedag\u00f3gico de la mediaci\u00f3n. Universidad de Valencia<\/li><li>Curso de monitor de tiempo libre infantil y juvenil. IVAJ.<\/li><li>Seminario en formaci\u00f3n de mediadores en resoluci\u00f3n de conflictos y mediaci\u00f3n escolar. Universidad de Valencia<\/li><li>Curso de menores en situaci\u00f3n de riesgo. Universidad de Valencia (20 h.)<\/li><li>Curso de inmigraci\u00f3n y exclusi\u00f3n social. Universidad de Valencia (20 h.)<\/li><li>Curso de voluntariado internacional y programa de Intercambio de experiencias educativas con Guatemala (PIIE)<\/li><\/ul>\n\n\n\n<p>Escuelas Solidarias.<\/p>\n\n\n\n<ul class=\"wp-block-list\"><li>Curso de educaci\u00f3n viva en el CAIEV (Centre d\u2019assesorament i Investigaci\u00f3n d\u2019Educaci\u00f3 Viva) Barcelona. (200 h.)<\/li><\/ul>\n\n\n\n<h3 class=\"wp-block-heading\">FORMACI\u00d3N PROFESIONAL<\/h3>\n\n\n\n<ul class=\"wp-block-list\"><li>Intercambio acad\u00e9mico en University college Vestfold (Norway) \u201cNorwegian Cultural Journey\u201d (programa Erasmus); Oser\u00f8d school (Skallestad, Norway). Maestro de 7\u00ba curso de primaria equivalente a 1\u00ba de ESO.<\/li><li>Azafata de recepci\u00f3n y caja, Decathlon (X\u00e0tiva, Valencia) verano 2012.<\/li><li>Programa Dipu et Beca, archivo municipal, Ayuntamiento de Alzira, verano 2013.<\/li><li>Camarera en el Hotel Caesar Londres, Septiembre-Diciembre 2014.<\/li><li>Maestra de Pedagog\u00eda Terap\u00e9utica Escuela Teresiana de Torrent (Valencia) Sept 2015- Abril 2016<\/li><li>Maestra en la Conselleria de Educaci\u00f3n desde 2016:<\/li><li>Maestra tutora en el C.E.E P\u00fablico Miquel Burguera, Sueca (Valencia). Mayo-Junio 2016<\/li><li>Maestra Pedagog\u00eda Terap\u00e9utica Escuelas CEIP Padre Manjon y CAES Virgen de la Salud Elda (Alicante)<\/li><li>Curso 2016-2017.<\/li><li>Maestra tutora en C.E.E Ruiz Jim\u00e9nez Valencia. Curso 2017-2018<\/li><li>Maestra Pedagog\u00eda Terap\u00e9utica en CEIP Leonor Canalejas Benidorm. Curso 2018-2019<\/li><\/ul>\n\n\n\n<h3 class=\"wp-block-heading\">IDIOMAS<\/h3>\n\n\n\n<ul class=\"wp-block-list\"><li>Ingl\u00e9s.<ul><li>Nivel B2. University of Cambridge, British Council (First Certificate in English).<\/li><li>Capacitaci\u00f3n de docencia en ingl\u00e9s. Universidad Polit\u00e9cnica de Valencia<\/li><\/ul><\/li><li>Valenciano<ul><li>Nivel Alto (C2) Escuela Oficial de Idiomas<\/li><li>Capacitaci\u00f3n para la docencia en valenciano. T\u00edtulo de Mestre en Valenciano. Parte del voluntariado ling\u00fc\u00edstico de la Universidad de Valencia para promover la lengua, colaboraci\u00f3n en campa\u00f1as de matriculaci\u00f3n y asesoramiento ling\u00fc\u00edstico en institutos.<\/li><\/ul><\/li><\/ul>\n","protected":false},"excerpt":{"rendered":"<p>FORMACI\u00d3N ACADEMICA M\u00e1ster en pol\u00edtica, gesti\u00f3n y direcci\u00f3n de organizaciones educativas. Universidad de Valencia. Graduada en educaci\u00f3n primaria con menci\u00f3n en pedagog\u00eda terap\u00e9utica. Universidad de Valencia. FORMACI\u00d3N COMPLEMENTARIA Curso de formaci\u00f3n en derechos humanos (Amnist\u00eda Internacional) Curso convivencia, conflicto y ciudadan\u00eda. El sentido pedag\u00f3gico de la mediaci\u00f3n. Universidad de Valencia Curso de monitor de tiempo &hellip; <\/p>\n<p class=\"link-more\"><a href=\"https:\/\/alzira.es\/es\/ayuntamiento\/corporacion-y-gobierno-municipal\/leticia-piquer-ortiz-19-23-curriculum-2\/\" class=\"more-link\">Continuar leyendo<span class=\"screen-reader-text\"> \u00abLeticia Piquer Ortiz (19-23) Curr\u00edculum\u00bb<\/span><\/a><\/p>\n","protected":false},"author":34,"featured_media":0,"parent":13558,"menu_order":49,"comment_status":"closed","ping_status":"closed","template":"","meta":{"_acf_changed":false,"footnotes":""},"class_list":["post-42681","page","type-page","status-publish","hentry"],"acf":[],"_links":{"self":[{"href":"https:\/\/alzira.es\/es\/wp-json\/wp\/v2\/pages\/42681","targetHints":{"allow":["GET"]}}],"collection":[{"href":"https:\/\/alzira.es\/es\/wp-json\/wp\/v2\/pages"}],"about":[{"href":"https:\/\/alzira.es\/es\/wp-json\/wp\/v2\/types\/page"}],"author":[{"embeddable":true,"href":"https:\/\/alzira.es\/es\/wp-json\/wp\/v2\/users\/34"}],"replies":[{"embeddable":true,"href":"https:\/\/alzira.es\/es\/wp-json\/wp\/v2\/comments?post=42681"}],"version-history":[{"count":1,"href":"https:\/\/alzira.es\/es\/wp-json\/wp\/v2\/pages\/42681\/revisions"}],"predecessor-version":[{"id":89439,"href":"https:\/\/alzira.es\/es\/wp-json\/wp\/v2\/pages\/42681\/revisions\/89439"}],"up":[{"embeddable":true,"href":"https:\/\/alzira.es\/es\/wp-json\/wp\/v2\/pages\/13558"}],"wp:attachment":[{"href":"https:\/\/alzira.es\/es\/wp-json\/wp\/v2\/media?parent=42681"}],"curies":[{"name":"wp","href":"https:\/\/api.w.org\/{rel}","templated":true}]}}