{"id":42670,"date":"2019-07-03T09:32:21","date_gmt":"2019-07-03T07:32:21","guid":{"rendered":"https:\/\/alzira.es\/xavier-perez-juanes-19-23-curriculum-2\/"},"modified":"2021-09-03T18:37:34","modified_gmt":"2021-09-03T16:37:34","slug":"xavier-perez-juanes-19-23-curriculum-2","status":"publish","type":"page","link":"https:\/\/alzira.es\/es\/ayuntamiento\/corporacion-y-gobierno-municipal\/xavier-perez-juanes-19-23-curriculum-2\/","title":{"rendered":"Xavier P\u00e9rez Juanes (19-23) Curr\u00edculum"},"content":{"rendered":"\n<h3 class=\"wp-block-heading\">FORMACI\u00d3N ACAD\u00c9MICA<\/h3>\n\n\n\n<ul class=\"wp-block-list\"><li>1985-1990: Licenciado en Prehistoria y Arqueolog\u00eda. Universidad de Valencia.<\/li><\/ul>\n\n\n\n<h3 class=\"wp-block-heading\">CURSOS I FORMACI\u00d3N COMPLEMENTARIA:<\/h3>\n\n\n\n<ul class=\"wp-block-list\"><li>Curso de Aptitud Pedag\u00f3gica (CAP) en los Ciclos I-II impartidos por el Servicio de Formaci\u00f3n Permanente de la Universitat de Val\u00e8ncia. 1991.<\/li><li>Curso de Iniciaci\u00f3n a la \u201cInvestigaci\u00f3n Hist\u00f3rica y a la Paleograf\u00eda\u201d en el Centro de Profesores de Alzira. 1991<\/li><li>Curso \u201cCultura y Arte de la Ribera del X\u00faquer\u201d impartido por el Centro de Profesores de Alzira. 1991.<\/li><li>V Asamblea de Historia de la Ribera. Almussafes. 1988.<\/li><li>I Coloquio de Pintura Mural Romana en Hispania. Departamento de Prehistoria y Arqueolog\u00eda de la Universitat de Val\u00e8ncia. 1989<\/li><li>Curso de Ling\u00fc\u00edstica y Did\u00e1ctica Valenciana. Servicio de Normalizaci\u00f3n Ling\u00fc\u00edstica de la Universitat de Val\u00e8ncia. 1985.86. -Grado elemental de valenciano por la Universitat de Val\u00e8ncia (1991).<\/li><li>Asamblea de Historia de la Ribera en Alzira. 1993.<\/li><li>Cursos de inform\u00e1tica, Office, Word, Inf\u00f3polis o Milenium.<\/li><\/ul>\n\n\n\n<p>Ha participado en las siguientes <strong>campa\u00f1as arqueol\u00f3gicas<\/strong>:<\/p>\n\n\n\n<ul class=\"wp-block-list\"><li>Excavaciones arqueol\u00f3gicas en la Cueva Negra de X\u00e0tiva 1989.<\/li><li>Excavaciones arqueol\u00f3gicas en la Cueva de Bolomor en Tavernes de la Valldigna, 1989.<\/li><li>Excavaciones arqueol\u00f3gicas en la Muntanya Assolada de Alzira. 1990.<\/li><\/ul>\n\n\n\n<h3 class=\"wp-block-heading\">EXPERIENCIA PROFESSIONAL:<\/h3>\n\n\n\n<ul class=\"wp-block-list\"><li>&nbsp;Profesor de M\u00fasica de la Escuela de Educandos de la Sociedad Musical de Alzira (1984-1991)<\/li><\/ul>\n\n\n\n<p>&nbsp;<strong>Asociacionismo:<\/strong><\/p>\n\n\n\n<ul class=\"wp-block-list\"><li>M\u00fasico de la Sociedad Musical de Alzira des de 1977.<\/li><li>Ha ostentado desde 1988 hasta 2018 diversos cargos directivos como el de secretario, vice-secretario y vocal de la Sociedad Musical de Alzira.<\/li><li>Presidente comarcal de la Federaci\u00f3n de Sociedades Musicales de la Cv-Ribera Alta 2001-2001.<\/li><li>Encargado en la elaboraci\u00f3n del Censo i Padr\u00f3n Municipal de Alzira. 1991n (INE-Ayuntamiento de Alzira).<\/li><li>Gestor de Stokcs: Centros Comerciales Pryca Alzira 1992-1995<\/li><li>Colaborador del peri\u00f3dico LAS PROVINCIAS de 1992 a 2000.<\/li><li>Redactor del peri\u00f3dico y subdelegado del Diario LAS PROVINCIAS (edici\u00f3n de la Ribera) de 2000 a 2010.<\/li><li>Director del Diari La Veu (www.diarilaveu.com) de 2013 a 2016<\/li><li>Redactor del Diari La Veu de 2016 a 2019.<\/li><li>Ha colaborado en otras publicaciones como L&#8217;Alfil, Al Cor, Viure Alzira, M\u00fasica i Poble y en diversos llibrets de falla de Alzira.<\/li><li>Codirector i fundador del peri\u00f3dico digital Riberaexpress.es (www.riberaexpres.es) 2011.<\/li><\/ul>\n","protected":false},"excerpt":{"rendered":"<p>FORMACI\u00d3N ACAD\u00c9MICA 1985-1990: Licenciado en Prehistoria y Arqueolog\u00eda. Universidad de Valencia. CURSOS I FORMACI\u00d3N COMPLEMENTARIA: Curso de Aptitud Pedag\u00f3gica (CAP) en los Ciclos I-II impartidos por el Servicio de Formaci\u00f3n Permanente de la Universitat de Val\u00e8ncia. 1991. Curso de Iniciaci\u00f3n a la \u201cInvestigaci\u00f3n Hist\u00f3rica y a la Paleograf\u00eda\u201d en el Centro de Profesores de Alzira. &hellip; <\/p>\n<p class=\"link-more\"><a href=\"https:\/\/alzira.es\/es\/ayuntamiento\/corporacion-y-gobierno-municipal\/xavier-perez-juanes-19-23-curriculum-2\/\" class=\"more-link\">Continuar leyendo<span class=\"screen-reader-text\"> \u00abXavier P\u00e9rez Juanes (19-23) Curr\u00edculum\u00bb<\/span><\/a><\/p>\n","protected":false},"author":34,"featured_media":0,"parent":13558,"menu_order":52,"comment_status":"closed","ping_status":"closed","template":"","meta":{"_acf_changed":false,"footnotes":""},"class_list":["post-42670","page","type-page","status-publish","hentry"],"acf":[],"_links":{"self":[{"href":"https:\/\/alzira.es\/es\/wp-json\/wp\/v2\/pages\/42670","targetHints":{"allow":["GET"]}}],"collection":[{"href":"https:\/\/alzira.es\/es\/wp-json\/wp\/v2\/pages"}],"about":[{"href":"https:\/\/alzira.es\/es\/wp-json\/wp\/v2\/types\/page"}],"author":[{"embeddable":true,"href":"https:\/\/alzira.es\/es\/wp-json\/wp\/v2\/users\/34"}],"replies":[{"embeddable":true,"href":"https:\/\/alzira.es\/es\/wp-json\/wp\/v2\/comments?post=42670"}],"version-history":[{"count":1,"href":"https:\/\/alzira.es\/es\/wp-json\/wp\/v2\/pages\/42670\/revisions"}],"predecessor-version":[{"id":89451,"href":"https:\/\/alzira.es\/es\/wp-json\/wp\/v2\/pages\/42670\/revisions\/89451"}],"up":[{"embeddable":true,"href":"https:\/\/alzira.es\/es\/wp-json\/wp\/v2\/pages\/13558"}],"wp:attachment":[{"href":"https:\/\/alzira.es\/es\/wp-json\/wp\/v2\/media?parent=42670"}],"curies":[{"name":"wp","href":"https:\/\/api.w.org\/{rel}","templated":true}]}}