{"id":42622,"date":"2019-07-03T09:32:21","date_gmt":"2019-07-03T07:32:21","guid":{"rendered":"https:\/\/alzira.es\/fernando-pascual-moscardo-19-23-competencias\/"},"modified":"2021-07-28T18:36:00","modified_gmt":"2021-07-28T16:36:00","slug":"fernando-pascual-moscardo-19-23-competencias","status":"publish","type":"page","link":"https:\/\/alzira.es\/es\/ayuntamiento\/corporacion-y-gobierno-municipal\/fernando-pascual-moscardo-19-23-competencias\/","title":{"rendered":"Fernando Pascual Moscard\u00f3 (19-23) Competencias"},"content":{"rendered":"<p style=\"margin: 6pt 0cm; line-height: normal; background: white; text-align: justify;\"><strong>SUB\u00c1REA DE SERVICIOS Y OBRAS P\u00daBLICAS<\/strong>. La presente delegaci\u00f3n, que tiene la calidad de gen\u00e9rica, se otorga a favor del mencionado regidor, de conformidad con lo dispuesto en el art\u00edculo 43, apartados 3 y 4 del Real Decreto 2568\/1986, de 28 de noviembre, por el cual se aprueba el Reglamento de Organizaci\u00f3n, Funcionamiento y R\u00e9gimen Jur\u00eddico de las Entidades Locales, incluye la facultad de dictar, en el \u00e1mbito delegado, los correspondientes actos administrativos de tr\u00e1mite o definitivos y de ejecuci\u00f3n con afecci\u00f3n a terceros. Comprende las siguientes materias:<\/p>\n<p style=\"margin: 6pt 0cm; line-height: normal; background: white; text-align: justify;\">&#8211; <span style=\"text-decoration: underline;\">Servicios Urbanos<\/span>. Las materias relativas a cementerio, gesti\u00f3n integral del agua, alumbrado p\u00fablico, transporte urbano, bares municipales, aparcamientos y ORA, conservaci\u00f3n y mantenimiento de parques p\u00fablicos, jardines y zonas verdes, limpieza viaria, limpieza de edificios municipales y colegios, recogida de residuos s\u00f3lidos, ornamentaci\u00f3n de la ciudad y mercados municipales.<\/p>\n<p style=\"margin: 6pt 0cm; line-height: normal; background: white; text-align: justify;\">&#8211; <span style=\"text-decoration: underline;\">Obras P\u00fablicas<\/span>. Comprende las materias relativas a ejecuci\u00f3n de obras municipales por el sistema de administraci\u00f3n, mantenimiento de los edificios p\u00fablicos, brigada de obras y control y gesti\u00f3n del almac\u00e9n municipal.<\/p>\n<p style=\"margin: 6pt 0cm; line-height: normal; background: white; text-align: justify;\"><strong>SUB\u00c1REA DE ACTIVIDAD DEPORTIVA.<\/strong> La presente delegaci\u00f3n, que tiene la calidad de gen\u00e9rica, se otorga a favor del mencionado concejal, de conformidad con lo dispuesto en el art\u00edculo 43, apartados 3 y 4 del Real Decreto 2568\/1986, de 28 de noviembre, por el cual se aprueba el Reglamento de Organizaci\u00f3n, Funcionamiento y R\u00e9gimen Jur\u00eddico de las Entidades Locales, incluye la facultad de dictar, en el \u00e1mbito delegado, los correspondientes actos administrativos de tr\u00e1mite o definitivos y de ejecuci\u00f3n con afecci\u00f3n a terceros. Comprende las materias relativas al Consejo Local de Deportes, deporte escolar y de base, Escuelas Municipales de Deporte, infraestructuras deportivas y deportes aut\u00f3ctonos.<\/p>\n","protected":false},"excerpt":{"rendered":"<p>SUB\u00c1REA DE SERVICIOS Y OBRAS P\u00daBLICAS. La presente delegaci\u00f3n, que tiene la calidad de gen\u00e9rica, se otorga a favor del mencionado regidor, de conformidad con lo dispuesto en el art\u00edculo 43, apartados 3 y 4 del Real Decreto 2568\/1986, de 28 de noviembre, por el cual se aprueba el Reglamento de Organizaci\u00f3n, Funcionamiento y R\u00e9gimen &hellip; <\/p>\n<p class=\"link-more\"><a href=\"https:\/\/alzira.es\/es\/ayuntamiento\/corporacion-y-gobierno-municipal\/fernando-pascual-moscardo-19-23-competencias\/\" class=\"more-link\">Continuar leyendo<span class=\"screen-reader-text\"> \u00abFernando Pascual Moscard\u00f3 (19-23) Competencias\u00bb<\/span><\/a><\/p>\n","protected":false},"author":34,"featured_media":0,"parent":13558,"menu_order":5,"comment_status":"closed","ping_status":"closed","template":"","meta":{"_acf_changed":false,"footnotes":""},"class_list":["post-42622","page","type-page","status-publish","hentry"],"acf":[],"_links":{"self":[{"href":"https:\/\/alzira.es\/es\/wp-json\/wp\/v2\/pages\/42622","targetHints":{"allow":["GET"]}}],"collection":[{"href":"https:\/\/alzira.es\/es\/wp-json\/wp\/v2\/pages"}],"about":[{"href":"https:\/\/alzira.es\/es\/wp-json\/wp\/v2\/types\/page"}],"author":[{"embeddable":true,"href":"https:\/\/alzira.es\/es\/wp-json\/wp\/v2\/users\/34"}],"replies":[{"embeddable":true,"href":"https:\/\/alzira.es\/es\/wp-json\/wp\/v2\/comments?post=42622"}],"version-history":[{"count":2,"href":"https:\/\/alzira.es\/es\/wp-json\/wp\/v2\/pages\/42622\/revisions"}],"predecessor-version":[{"id":84587,"href":"https:\/\/alzira.es\/es\/wp-json\/wp\/v2\/pages\/42622\/revisions\/84587"}],"up":[{"embeddable":true,"href":"https:\/\/alzira.es\/es\/wp-json\/wp\/v2\/pages\/13558"}],"wp:attachment":[{"href":"https:\/\/alzira.es\/es\/wp-json\/wp\/v2\/media?parent=42622"}],"curies":[{"name":"wp","href":"https:\/\/api.w.org\/{rel}","templated":true}]}}