{"id":42619,"date":"2019-07-03T09:32:21","date_gmt":"2019-07-03T07:32:21","guid":{"rendered":"https:\/\/alzira.es\/gemma-alos-sospedra-19-23-competencias\/"},"modified":"2021-07-28T18:36:07","modified_gmt":"2021-07-28T16:36:07","slug":"gemma-alos-sospedra-19-23-competencias","status":"publish","type":"page","link":"https:\/\/alzira.es\/es\/ayuntamiento\/corporacion-y-gobierno-municipal\/gemma-alos-sospedra-19-23-competencias\/","title":{"rendered":"Gemma Al\u00f3s Sospedra (19-23) Competencias"},"content":{"rendered":"<p style=\"margin: 6pt 0cm; line-height: normal; background: white; text-align: justify;\"><strong><span style=\"font-size: 11pt; line-height: 125%; font-family: Arial, sans-serif;\">SUB\u00c1REA DE PARTICIPACI\u00d3N, SALUD, CONSUMO Y R\u00c9GIMEN INTERIOR<\/span><\/strong><span style=\"font-size: 11pt; line-height: 125%; font-family: Arial, sans-serif;\">. Comprende las materias relativas a centros de barrio, fomento y desarrollo de la Carta de Participaci\u00f3n Ciudadana, Consejo de Participaci\u00f3n Ciudadana y Asociaciones de Vecinos; centros de salud, salud ambiental, salud primaria, salud escolar, salubridad p\u00fablica, an\u00e1lisis de agua, control de plagas, control de animales dom\u00e9sticos y compa\u00f1\u00eda; OMIC; subalternos, reparto y distribuci\u00f3n de notificaciones a los ciudadanos<\/span><\/p>\n","protected":false},"excerpt":{"rendered":"<p>SUB\u00c1REA DE PARTICIPACI\u00d3N, SALUD, CONSUMO Y R\u00c9GIMEN INTERIOR. Comprende las materias relativas a centros de barrio, fomento y desarrollo de la Carta de Participaci\u00f3n Ciudadana, Consejo de Participaci\u00f3n Ciudadana y Asociaciones de Vecinos; centros de salud, salud ambiental, salud primaria, salud escolar, salubridad p\u00fablica, an\u00e1lisis de agua, control de plagas, control de animales dom\u00e9sticos y &hellip; <\/p>\n<p class=\"link-more\"><a href=\"https:\/\/alzira.es\/es\/ayuntamiento\/corporacion-y-gobierno-municipal\/gemma-alos-sospedra-19-23-competencias\/\" class=\"more-link\">Continuar leyendo<span class=\"screen-reader-text\"> \u00abGemma Al\u00f3s Sospedra (19-23) Competencias\u00bb<\/span><\/a><\/p>\n","protected":false},"author":34,"featured_media":0,"parent":13558,"menu_order":6,"comment_status":"closed","ping_status":"closed","template":"","meta":{"_acf_changed":false,"footnotes":""},"class_list":["post-42619","page","type-page","status-publish","hentry"],"acf":[],"_links":{"self":[{"href":"https:\/\/alzira.es\/es\/wp-json\/wp\/v2\/pages\/42619","targetHints":{"allow":["GET"]}}],"collection":[{"href":"https:\/\/alzira.es\/es\/wp-json\/wp\/v2\/pages"}],"about":[{"href":"https:\/\/alzira.es\/es\/wp-json\/wp\/v2\/types\/page"}],"author":[{"embeddable":true,"href":"https:\/\/alzira.es\/es\/wp-json\/wp\/v2\/users\/34"}],"replies":[{"embeddable":true,"href":"https:\/\/alzira.es\/es\/wp-json\/wp\/v2\/comments?post=42619"}],"version-history":[{"count":2,"href":"https:\/\/alzira.es\/es\/wp-json\/wp\/v2\/pages\/42619\/revisions"}],"predecessor-version":[{"id":84588,"href":"https:\/\/alzira.es\/es\/wp-json\/wp\/v2\/pages\/42619\/revisions\/84588"}],"up":[{"embeddable":true,"href":"https:\/\/alzira.es\/es\/wp-json\/wp\/v2\/pages\/13558"}],"wp:attachment":[{"href":"https:\/\/alzira.es\/es\/wp-json\/wp\/v2\/media?parent=42619"}],"curies":[{"name":"wp","href":"https:\/\/api.w.org\/{rel}","templated":true}]}}