{"id":42616,"date":"2019-07-03T09:32:21","date_gmt":"2019-07-03T07:32:21","guid":{"rendered":"https:\/\/alzira.es\/leticia-piquer-ortiz-19-23-competencias\/"},"modified":"2021-07-28T18:36:15","modified_gmt":"2021-07-28T16:36:15","slug":"leticia-piquer-ortiz-19-23-competencias","status":"publish","type":"page","link":"https:\/\/alzira.es\/es\/ayuntamiento\/corporacion-y-gobierno-municipal\/leticia-piquer-ortiz-19-23-competencias\/","title":{"rendered":"Leticia Piquer Ortiz (19-23) Competencias"},"content":{"rendered":"<p style=\"margin: 6pt 0cm; line-height: normal; background: white; text-align: justify;\"><strong>SUB\u00c1REA DE JUVENTUD, COOPERACI\u00d3N, MODERNIZACI\u00d3N Y BUEN GOBIERNO<\/strong>. Comprende las materias relativas al Consejo Local de la Juventud, asociaciones juveniles, escuela de verano, campamentos de verano, Plan de ocio alternativo; cooperaci\u00f3n solidaria; Inform\u00e1tica y Modernizaci\u00f3n; Oficina de Atenci\u00f3n al Ciudadano \u201cLa Clau\u201d, que comporta registros municipales, padrones municipales, servicios de informaci\u00f3n al ciudadano, censo electoral y PROP.<\/p>\n","protected":false},"excerpt":{"rendered":"<p>SUB\u00c1REA DE JUVENTUD, COOPERACI\u00d3N, MODERNIZACI\u00d3N Y BUEN GOBIERNO. Comprende las materias relativas al Consejo Local de la Juventud, asociaciones juveniles, escuela de verano, campamentos de verano, Plan de ocio alternativo; cooperaci\u00f3n solidaria; Inform\u00e1tica y Modernizaci\u00f3n; Oficina de Atenci\u00f3n al Ciudadano \u201cLa Clau\u201d, que comporta registros municipales, padrones municipales, servicios de informaci\u00f3n al ciudadano, censo electoral &hellip; <\/p>\n<p class=\"link-more\"><a href=\"https:\/\/alzira.es\/es\/ayuntamiento\/corporacion-y-gobierno-municipal\/leticia-piquer-ortiz-19-23-competencias\/\" class=\"more-link\">Continuar leyendo<span class=\"screen-reader-text\"> \u00abLeticia Piquer Ortiz (19-23) Competencias\u00bb<\/span><\/a><\/p>\n","protected":false},"author":34,"featured_media":0,"parent":13558,"menu_order":7,"comment_status":"closed","ping_status":"closed","template":"","meta":{"_acf_changed":false,"footnotes":""},"class_list":["post-42616","page","type-page","status-publish","hentry"],"acf":[],"_links":{"self":[{"href":"https:\/\/alzira.es\/es\/wp-json\/wp\/v2\/pages\/42616","targetHints":{"allow":["GET"]}}],"collection":[{"href":"https:\/\/alzira.es\/es\/wp-json\/wp\/v2\/pages"}],"about":[{"href":"https:\/\/alzira.es\/es\/wp-json\/wp\/v2\/types\/page"}],"author":[{"embeddable":true,"href":"https:\/\/alzira.es\/es\/wp-json\/wp\/v2\/users\/34"}],"replies":[{"embeddable":true,"href":"https:\/\/alzira.es\/es\/wp-json\/wp\/v2\/comments?post=42616"}],"version-history":[{"count":2,"href":"https:\/\/alzira.es\/es\/wp-json\/wp\/v2\/pages\/42616\/revisions"}],"predecessor-version":[{"id":84589,"href":"https:\/\/alzira.es\/es\/wp-json\/wp\/v2\/pages\/42616\/revisions\/84589"}],"up":[{"embeddable":true,"href":"https:\/\/alzira.es\/es\/wp-json\/wp\/v2\/pages\/13558"}],"wp:attachment":[{"href":"https:\/\/alzira.es\/es\/wp-json\/wp\/v2\/media?parent=42616"}],"curies":[{"name":"wp","href":"https:\/\/api.w.org\/{rel}","templated":true}]}}