{"id":42611,"date":"2019-07-03T09:32:21","date_gmt":"2019-07-03T07:32:21","guid":{"rendered":"https:\/\/alzira.es\/maria-calvo-palomares-19-23-competencias\/"},"modified":"2021-07-28T18:36:40","modified_gmt":"2021-07-28T16:36:40","slug":"maria-calvo-palomares-19-23-competencias","status":"publish","type":"page","link":"https:\/\/alzira.es\/es\/ayuntamiento\/corporacion-y-gobierno-municipal\/maria-calvo-palomares-19-23-competencias\/","title":{"rendered":"Maria Calvo Palomares (19-23) Competencias"},"content":{"rendered":"<p style=\"margin: 6pt 0cm; line-height: normal; background: white; text-align: justify;\"><strong>SUB\u00c0REA DE EDUCACI\u00d3N E INFANCIA<\/strong>. Comprende las materies de las Escuelas Infantiles, Escuela de idiomes, Escuelas de Adultos (CEPA), escolarizaci\u00f3n y mantenimiento de centros escolares, Consejo Escolar municipal, UNED, educaci\u00f3n vial, control del absentismo escolar, relaci\u00f3n AMPas; Consejo Municipal de Ni\u00f1os y Ni\u00f1as<\/p>\n","protected":false},"excerpt":{"rendered":"<p>SUB\u00c0REA DE EDUCACI\u00d3N E INFANCIA. Comprende las materies de las Escuelas Infantiles, Escuela de idiomes, Escuelas de Adultos (CEPA), escolarizaci\u00f3n y mantenimiento de centros escolares, Consejo Escolar municipal, UNED, educaci\u00f3n vial, control del absentismo escolar, relaci\u00f3n AMPas; Consejo Municipal de Ni\u00f1os y Ni\u00f1as<\/p>\n","protected":false},"author":34,"featured_media":0,"parent":13558,"menu_order":9,"comment_status":"closed","ping_status":"closed","template":"","meta":{"_acf_changed":false,"footnotes":""},"class_list":["post-42611","page","type-page","status-publish","hentry"],"acf":[],"_links":{"self":[{"href":"https:\/\/alzira.es\/es\/wp-json\/wp\/v2\/pages\/42611","targetHints":{"allow":["GET"]}}],"collection":[{"href":"https:\/\/alzira.es\/es\/wp-json\/wp\/v2\/pages"}],"about":[{"href":"https:\/\/alzira.es\/es\/wp-json\/wp\/v2\/types\/page"}],"author":[{"embeddable":true,"href":"https:\/\/alzira.es\/es\/wp-json\/wp\/v2\/users\/34"}],"replies":[{"embeddable":true,"href":"https:\/\/alzira.es\/es\/wp-json\/wp\/v2\/comments?post=42611"}],"version-history":[{"count":2,"href":"https:\/\/alzira.es\/es\/wp-json\/wp\/v2\/pages\/42611\/revisions"}],"predecessor-version":[{"id":84591,"href":"https:\/\/alzira.es\/es\/wp-json\/wp\/v2\/pages\/42611\/revisions\/84591"}],"up":[{"embeddable":true,"href":"https:\/\/alzira.es\/es\/wp-json\/wp\/v2\/pages\/13558"}],"wp:attachment":[{"href":"https:\/\/alzira.es\/es\/wp-json\/wp\/v2\/media?parent=42611"}],"curies":[{"name":"wp","href":"https:\/\/api.w.org\/{rel}","templated":true}]}}