{"id":42600,"date":"2019-07-03T09:32:21","date_gmt":"2019-07-03T07:32:21","guid":{"rendered":"https:\/\/alzira.es\/albert-furio-perez-19-23-competencias\/"},"modified":"2021-07-28T18:37:28","modified_gmt":"2021-07-28T16:37:28","slug":"albert-furio-perez-19-23-competencias","status":"publish","type":"page","link":"https:\/\/alzira.es\/es\/ayuntamiento\/corporacion-y-gobierno-municipal\/albert-furio-perez-19-23-competencias\/","title":{"rendered":"Albert Furi\u00f3 P\u00e9rez (19-23) Competencias"},"content":{"rendered":"<p style=\"margin: 6pt 0cm 18pt; line-height: normal; background: white; text-align: justify;\"><strong style=\"font-size: 14.4px;\"><span style=\"text-decoration: underline;\">\u00c1REA DE GESTI\u00d3N ECON\u00d3MICA Y EMPLEO<\/span><\/strong><span style=\"font-size: 14.4px;\">. <strong><span style=\"font-size: 11pt; line-height: 125%; font-family: Arial, sans-serif;\">El concejal responsable de esta \u00e1rea es Albert Furi\u00f3 i P\u00e9rez.\u00a0<\/span><\/strong>La presente delegaci\u00f3n gen\u00e9rica a favor del mencionado concejal, de conformidad con lo dispuesto en el art\u00edculo 43, apartados 3 y 4 del Real Decreto 2568\/1986, de 28 de noviembre, por el cual se aprueba el Reglamento de Organizaci\u00f3n, Funcionamiento y R\u00e9gimen Jur\u00eddico de las Entidades Locales, incluye la facultad de dictar, en el \u00e1mbito delegado, los correspondientes actos administrativos de tr\u00e1mite o definitivos y de ejecuci\u00f3n con afecci\u00f3n a terceros. El \u00e1mbito de su delegaci\u00f3n queda concretado en las siguientes sub\u00e1reas y en los t\u00e9rminos y alcance que se expresan:<\/span><\/p>\n<p style=\"margin: 6pt 0cm 18pt; line-height: normal; background: white; text-align: justify;\"><strong style=\"font-size: 14.4px;\">1. SUB\u00c1REA DE HACIENDA Y CONTRATACI\u00d3N<\/strong><span style=\"font-size: 14.4px;\">. Comprende las siguientes materias:<\/span><\/p>\n<p style=\"margin: 6pt 0cm 18pt; line-height: normal; background: white; text-align: justify;\"><span style=\"font-size: 14.4px;\">&#8211; <\/span><span style=\"text-decoration: underline;\">Hacienda<\/span><span style=\"font-size: 14.4px;\">. Comprende las materias relativas a la Hacienda municipal, Tesorer\u00eda, Intervenci\u00f3n y Recaudaci\u00f3n; y las atribuciones de gesti\u00f3n, con indicaci\u00f3n de las condiciones de ejercicio que son: la ordenaci\u00f3n de pagos a las obligaciones reconocidas y liquidadas, de todas las \u00e1reas, la realizaci\u00f3n efectiva del pago mediante la firma de documentos mercantiles (cheques, \u00f3rdenes de transferencias, etc.) mancomunadamente con la firma del resto de clavarios, as\u00ed como la disposici\u00f3n mancomunada de fondo, firma de las actas de arqueo y los estados de conciliaci\u00f3n bancaria.<\/span><\/p>\n<p style=\"margin: 6pt 0cm 18pt; line-height: normal; background: white; text-align: justify;\"><span style=\"font-size: 14.4px;\">&#8211; <\/span><span style=\"text-decoration: underline;\">Contrataci\u00f3n<\/span><span style=\"font-size: 14.4px;\">. Comprende las materias de contrataci\u00f3n, que tramita la Oficina de Contrataci\u00f3n, en cuanto a la selecci\u00f3n del contratista, es decir, desde el inicio del expediente hasta la formalizaci\u00f3n del respectivo contrato.<\/span><\/p>\n<p style=\"margin: 6pt 0cm 18pt; line-height: normal; background: white; text-align: justify;\"><strong style=\"font-size: 14.4px;\">2. SUB\u00c1REA DE EMPLEO, DESARROLLO ECON\u00d3MICO, COMERCIO Y PROYECTOS EUROPEOS<\/strong><span style=\"font-size: 14.4px;\">. Comprende las materias relativas a Promoci\u00f3n econ\u00f3mica, fomento del empleo, talleres y cursos de ocupaci\u00f3n para parados, orientaci\u00f3n e intermediaci\u00f3n laboral, promover la participaci\u00f3n del Ayuntamiento en proyectos europeos, dinamizaci\u00f3n de la actividad comercial mediante la oficina AFIC y, en general, el dise\u00f1o y puesta en marcha de procesos que favorezcan el desarrollo econ\u00f3mico de la ciudad a trav\u00e9s de la mejora del tejido empresarial y comercial<\/span><strong style=\"font-size: 14.4px;\">. Esta sub\u00e1rea la asume directamente el alcalde-presidente Diego G\u00f3mez i Garcia.<\/strong><\/p>\n<p style=\"margin: 6pt 0cm 18pt; line-height: normal; background: white; text-align: justify;\"><strong style=\"font-size: 14.4px;\">3. SUB\u00c1REA DE RECURSOS HUMANOS<\/strong><span style=\"font-size: 14.4px;\">. Comprende las materias de Planificaci\u00f3n: instrumentos de planificaci\u00f3n de recursos humanos, incluidas las bases para la selecci\u00f3n de personal y para los concursos de provisi\u00f3n de puestos de trabajo. Administraci\u00f3n: selecci\u00f3n, nombramiento y contrataci\u00f3n de personal, carrera y situaciones administrativas, previsi\u00f3n de costes econ\u00f3micos en materia de empleados p\u00fablicos, reconocimiento de derechos retributivos conforme a la mencionada previsi\u00f3n presupuestaria y su liquidaci\u00f3n, altas\/bajas\/variaciones y liquidaciones de seguros sociales. Desarrollo: planes de ordenaci\u00f3n de recursos humanos, de formaci\u00f3n del personal, planificaci\u00f3n de la prevenci\u00f3n de riesgos laborales, relaciones con los representantes de las empleadas y empleados p\u00fablicos y la negociaci\u00f3n de condiciones del trabajo de las personas al servicio de la organizaci\u00f3n.<\/span><\/p>\n","protected":false},"excerpt":{"rendered":"<p>\u00c1REA DE GESTI\u00d3N ECON\u00d3MICA Y EMPLEO. El concejal responsable de esta \u00e1rea es Albert Furi\u00f3 i P\u00e9rez.\u00a0La presente delegaci\u00f3n gen\u00e9rica a favor del mencionado concejal, de conformidad con lo dispuesto en el art\u00edculo 43, apartados 3 y 4 del Real Decreto 2568\/1986, de 28 de noviembre, por el cual se aprueba el Reglamento de Organizaci\u00f3n, &hellip; <\/p>\n<p class=\"link-more\"><a href=\"https:\/\/alzira.es\/es\/ayuntamiento\/corporacion-y-gobierno-municipal\/albert-furio-perez-19-23-competencias\/\" class=\"more-link\">Continuar leyendo<span class=\"screen-reader-text\"> \u00abAlbert Furi\u00f3 P\u00e9rez (19-23) Competencias\u00bb<\/span><\/a><\/p>\n","protected":false},"author":34,"featured_media":0,"parent":13558,"menu_order":13,"comment_status":"closed","ping_status":"closed","template":"","meta":{"_acf_changed":false,"footnotes":""},"class_list":["post-42600","page","type-page","status-publish","hentry"],"acf":[],"_links":{"self":[{"href":"https:\/\/alzira.es\/es\/wp-json\/wp\/v2\/pages\/42600","targetHints":{"allow":["GET"]}}],"collection":[{"href":"https:\/\/alzira.es\/es\/wp-json\/wp\/v2\/pages"}],"about":[{"href":"https:\/\/alzira.es\/es\/wp-json\/wp\/v2\/types\/page"}],"author":[{"embeddable":true,"href":"https:\/\/alzira.es\/es\/wp-json\/wp\/v2\/users\/34"}],"replies":[{"embeddable":true,"href":"https:\/\/alzira.es\/es\/wp-json\/wp\/v2\/comments?post=42600"}],"version-history":[{"count":2,"href":"https:\/\/alzira.es\/es\/wp-json\/wp\/v2\/pages\/42600\/revisions"}],"predecessor-version":[{"id":84595,"href":"https:\/\/alzira.es\/es\/wp-json\/wp\/v2\/pages\/42600\/revisions\/84595"}],"up":[{"embeddable":true,"href":"https:\/\/alzira.es\/es\/wp-json\/wp\/v2\/pages\/13558"}],"wp:attachment":[{"href":"https:\/\/alzira.es\/es\/wp-json\/wp\/v2\/media?parent=42600"}],"curies":[{"name":"wp","href":"https:\/\/api.w.org\/{rel}","templated":true}]}}