{"id":42594,"date":"2019-07-03T09:32:21","date_gmt":"2019-07-03T07:32:21","guid":{"rendered":"https:\/\/alzira.es\/sara-gares-ull-19-23-competencias\/"},"modified":"2021-07-28T18:37:43","modified_gmt":"2021-07-28T16:37:43","slug":"sara-gares-ull-19-23-competencias","status":"publish","type":"page","link":"https:\/\/alzira.es\/es\/ayuntamiento\/corporacion-y-gobierno-municipal\/sara-gares-ull-19-23-competencias\/","title":{"rendered":"Sara Gar\u00e9s Ull (19-23) Competencias"},"content":{"rendered":"<p style=\"margin: 6pt 0cm 18pt; line-height: normal; background: white; text-align: justify;\"><span style=\"text-decoration: underline;\"><strong>\u00c1REA MODELO DE CIUDAD<\/strong><\/span>. <strong><span style=\"font-size: 11pt; line-height: 125%; font-family: Arial, sans-serif;\">La concejal responsable de esta \u00e1rea es Sara Gar\u00e9s Ull.\u00a0<\/span><\/strong>La presente delegaci\u00f3n gen\u00e9rica a favor de la mencionada concejal, de conformidad con lo dispuesto en el art\u00edculo 43, apartados 3 y 4 del Real Decreto 2568\/1986, de 28 de noviembre, por el cual se aprueba el Reglamento de Organizaci\u00f3n, Funcionamiento y R\u00e9gimen Jur\u00eddico de las Entidades Locales, incluye la facultad de dictar, en el \u00e1mbito delegado, los correspondientes actos administrativos de tr\u00e1mite o definitivos y de ejecuci\u00f3n con afecci\u00f3n a terceros; a excepci\u00f3n de la sub\u00e1rea de Servicios y Obras P\u00fablicas, el concejal de la cual ostentar\u00e1 tambi\u00e9n tal facultad de dictar los referidos actos administrativos en aquello que afecta a su \u00e1mbito. El \u00e1rea de su delegaci\u00f3n queda concretada en las siguientes sub\u00e1reas y en los t\u00e9rminos y alcance que se expresan:<\/p>\n<p style=\"margin: 6pt 0cm; line-height: normal; background: white; text-align: justify;\"><strong>1. SUB\u00c1REA DE SEGURIDAD, INFRAESTRUCTURAS Y URBANISMO<\/strong>. Esta sub\u00e1rea depende directamente de la referida concejal Sara Gar\u00e9s Ull. Comprende las siguientes materias:<\/p>\n<p style=\"margin: 6pt 0cm; line-height: normal; background: white; text-align: justify;\">&#8211; <span style=\"text-decoration: underline;\">Seguridad<\/span>. Comprende las materias relativas a Polic\u00eda Local, Protecci\u00f3n Civil, Tr\u00e1fico y Consejo Local de Seguridad Ciudadana.<\/p>\n<p style=\"margin: 6pt 0cm; line-height: normal; background: white; text-align: justify;\">&#8211; <span style=\"text-decoration: underline;\">Infraestructuras<\/span>. Comprende las materias relativas a la aprobaci\u00f3n de proyectos y la respectiva ejecuci\u00f3n, tanto en lo que se refiere a los proyectos de urbanizaci\u00f3n como a las propias infraestructuras urbanas de viabilidad y construcci\u00f3n de instalaciones y de edificaciones municipales.<\/p>\n<p style=\"margin: 6pt 0cm; line-height: normal; background: white; text-align: justify;\">&#8211; <span style=\"text-decoration: underline;\">Urbanismo<\/span>. Comprende las materias relativas a Planeamiento Urban\u00edstico que alcanza todo lo que afecta al Pla General de Ordenaci\u00f3n Urbana, Planes Parciales, Planes Especiales, Estudios de Detalle; Gesti\u00f3n Urban\u00edstica donde se incluyen los Programas de Actuaci\u00f3n Integrada y los Programas de Actuaci\u00f3n Aislada, mediante los sistemas de actuaci\u00f3n previstos al efecto, como puedan ser entre otros, las reparcelaciones y expropiaciones forzosas; y Disciplina Urban\u00edstica que comprende las materias referidas a: a) Licencias de parcelaci\u00f3n, licencias de obras mayores, licencias de obras en edificios catalogados, en \u00e1mbitos declarados BIC o de relevancia local, licencia ambiental, licencia de apertura, declaraci\u00f3n responsable para la apertura de establecimientos, subvenciones, declaraci\u00f3n de inter\u00e9s comunitario, c\u00e8dulas de garant\u00edas urban\u00edsticas, comunicaci\u00f3n de obras menores, declaraciones responsables de primera y segunda ocupaci\u00f3n, declaraci\u00f3n responsable de habitabilidad, certificados de compatibilidad urban\u00edstica, comunicaciones ambientales, informaciones y certificaciones urban\u00edsticas. b) Declaraciones de ruina y \u00f3rdenes de ejecuci\u00f3n, inspecciones e infracciones de obras, control e inspecci\u00f3n de actividades, restauraci\u00f3n de la legalidad urban\u00edstica. c) Tramitaci\u00f3n de Planes Provinciales de Diputaci\u00f3n.<\/p>\n<p style=\"margin: 6pt 0cm; line-height: normal; background: white; text-align: justify;\">&#8211; <span style=\"text-decoration: underline;\">Patrimonio municipal<\/span>. Comprende las materias relativas al control del Patrimonio municipal, transacciones de bienes municipales, seguros, reclamaciones de responsabilidad patrimonial en aquello que afecta al dominio p\u00fablico, concesiones demaniales y todo aquello que afecta al patrimonio municipal.<\/p>\n<p style=\"margin: 6pt 0cm; line-height: normal; background: white; text-align: justify;\"><strong>2. SUB\u00c1REA DE MEDIO AMBIENTE, AGRICULTURA Y TRANSICI\u00d3N ECOL\u00d3GICA<\/strong>. Comprende las materias relativas a gesti\u00f3n de espacios naturales protegidos y otros espacios de valor natural, prevenci\u00f3n y extinci\u00f3n de incendios, gesti\u00f3n forestal, planificaci\u00f3n y gesti\u00f3n de la Infraestructura Verde y Paisaje, educaci\u00f3n y cultura ambiental, recuperaci\u00f3n de espacios fluviales, degradados y control de vertidos de aguas residuales, agroalimentaci\u00f3n, gesti\u00f3n y mejora de infraestructuras agrarias, lucha biol\u00f3gica, participaci\u00f3n ciudadana en materia de agroalimentaci\u00f3n, en Medio Ambiente y del Paraje Natural Municipal, planificaci\u00f3n y gesti\u00f3n de la movilidad sostenible municipal, planificaci\u00f3n y gesti\u00f3n de la regeneraci\u00f3n urbana sostenible, transici\u00f3n energ\u00e9tica y econom\u00eda circular. <strong>Esta sub\u00e1rea la asume el concejal<\/strong> <strong>Pep Carreres i Rodr\u00edguez.<\/strong><\/p>\n<p style=\"margin: 6pt 0cm; line-height: normal; background: white; text-align: justify;\"><strong>3. SUB\u00c1REA DE SERVICIOS Y OBRAS P\u00daBLICAS<\/strong>. <strong>El concejal responsable de esta sub\u00e1rea es Fernando Pascual Moscard\u00f3.<\/strong> La presente delegaci\u00f3n, que tiene la calidad de gen\u00e9rica, se otorga a favor del mencionado regidor, de conformidad con lo dispuesto en el art\u00edculo 43, apartados 3 y 4 del Real Decreto 2568\/1986, de 28 de noviembre, por el cual se aprueba el Reglamento de Organizaci\u00f3n, Funcionamiento y R\u00e9gimen Jur\u00eddico de las Entidades Locales, incluye la facultad de dictar, en el \u00e1mbito delegado, los correspondientes actos administrativos de tr\u00e1mite o definitivos y de ejecuci\u00f3n con afecci\u00f3n a terceros. Comprende las siguientes materias:<\/p>\n<p style=\"margin: 6pt 0cm; line-height: normal; background: white; text-align: justify;\">&#8211; <span style=\"text-decoration: underline;\">Servicios Urbanos<\/span>. Las materias relativas a cementerio, gesti\u00f3n integral del agua, alumbrado p\u00fablico, transporte urbano, bares municipales, aparcamientos y ORA, conservaci\u00f3n y mantenimiento de parques p\u00fablicos, jardines y zonas verdes, limpieza viaria, limpieza de edificios municipales y colegios, recogida de residuos s\u00f3lidos, ornamentaci\u00f3n de la ciudad y mercados municipales.<\/p>\n<p style=\"margin: 6pt 0cm; line-height: normal; background: white; text-align: justify;\">&#8211; <span style=\"text-decoration: underline;\">Obras P\u00fablicas<\/span>. Comprende las materias relativas a ejecuci\u00f3n de obras municipales por el sistema de administraci\u00f3n, mantenimiento de los edificios p\u00fablicos, brigada de obras y control y gesti\u00f3n del almac\u00e9n municipal.<\/p>\n<p style=\"text-align: justify;\"><strong>\u00a0<\/strong><\/p>\n","protected":false},"excerpt":{"rendered":"<p>\u00c1REA MODELO DE CIUDAD. La concejal responsable de esta \u00e1rea es Sara Gar\u00e9s Ull.\u00a0La presente delegaci\u00f3n gen\u00e9rica a favor de la mencionada concejal, de conformidad con lo dispuesto en el art\u00edculo 43, apartados 3 y 4 del Real Decreto 2568\/1986, de 28 de noviembre, por el cual se aprueba el Reglamento de Organizaci\u00f3n, Funcionamiento y &hellip; <\/p>\n<p class=\"link-more\"><a href=\"https:\/\/alzira.es\/es\/ayuntamiento\/corporacion-y-gobierno-municipal\/sara-gares-ull-19-23-competencias\/\" class=\"more-link\">Continuar leyendo<span class=\"screen-reader-text\"> \u00abSara Gar\u00e9s Ull (19-23) Competencias\u00bb<\/span><\/a><\/p>\n","protected":false},"author":34,"featured_media":0,"parent":13558,"menu_order":15,"comment_status":"closed","ping_status":"closed","template":"","meta":{"_acf_changed":false,"footnotes":""},"class_list":["post-42594","page","type-page","status-publish","hentry"],"acf":[],"_links":{"self":[{"href":"https:\/\/alzira.es\/es\/wp-json\/wp\/v2\/pages\/42594","targetHints":{"allow":["GET"]}}],"collection":[{"href":"https:\/\/alzira.es\/es\/wp-json\/wp\/v2\/pages"}],"about":[{"href":"https:\/\/alzira.es\/es\/wp-json\/wp\/v2\/types\/page"}],"author":[{"embeddable":true,"href":"https:\/\/alzira.es\/es\/wp-json\/wp\/v2\/users\/34"}],"replies":[{"embeddable":true,"href":"https:\/\/alzira.es\/es\/wp-json\/wp\/v2\/comments?post=42594"}],"version-history":[{"count":2,"href":"https:\/\/alzira.es\/es\/wp-json\/wp\/v2\/pages\/42594\/revisions"}],"predecessor-version":[{"id":84597,"href":"https:\/\/alzira.es\/es\/wp-json\/wp\/v2\/pages\/42594\/revisions\/84597"}],"up":[{"embeddable":true,"href":"https:\/\/alzira.es\/es\/wp-json\/wp\/v2\/pages\/13558"}],"wp:attachment":[{"href":"https:\/\/alzira.es\/es\/wp-json\/wp\/v2\/media?parent=42594"}],"curies":[{"name":"wp","href":"https:\/\/api.w.org\/{rel}","templated":true}]}}