{"id":42591,"date":"2019-07-03T09:32:21","date_gmt":"2019-07-03T07:32:21","guid":{"rendered":"https:\/\/alzira.es\/diego-gomez-i-garcia-19-23-competencias\/"},"modified":"2021-07-28T18:37:49","modified_gmt":"2021-07-28T16:37:49","slug":"diego-gomez-i-garcia-19-23-competencias","status":"publish","type":"page","link":"https:\/\/alzira.es\/es\/ayuntamiento\/corporacion-y-gobierno-municipal\/diego-gomez-i-garcia-19-23-competencias\/","title":{"rendered":"Diego G\u00f3mez i Garcia (19-23) Competencias"},"content":{"rendered":"<p style=\"text-align: left; background: white;\" align=\"left\"><strong style=\"text-align: justify; font-size: 14.4px;\">\u00c1REA DE ALCALD\u00cdA<\/strong><span style=\"text-align: justify; font-size: 14.4px;\">. La Alcald\u00eda-Presidencia es la responsable de esta \u00e1rea. Comprende la coordinaci\u00f3n, supervisi\u00f3n y evaluaci\u00f3n de los objetivos, proyectos y tareas de las diferentes \u00e1reas de este Ayuntamiento.<\/span><\/p>\n<p style=\"background: white; text-align: justify;\" align=\"left\"><strong style=\"font-size: 14.4px;\">SUB\u00c1REA DE EMPLEO, DESARROLLO ECON\u00d3MICO, COMERCIO Y PROYECTOS EUROPEOS<\/strong><span style=\"font-size: 14.4px;\">. Comprende las materias relativas a Promoci\u00f3n econ\u00f3mica, fomento del empleo, talleres y cursos de ocupaci\u00f3n para parados, orientaci\u00f3n e intermediaci\u00f3n laboral, promover la participaci\u00f3n del Ayuntamiento en proyectos europeos, dinamizaci\u00f3n de la actividad comercial mediante la oficina AFIC y, en general, el dise\u00f1o y puesta en marcha de procesos que favorezcan el desarrollo econ\u00f3mico de la ciudad a trav\u00e9s de la mejora del tejido empresarial y comercial.<\/span><\/p>\n","protected":false},"excerpt":{"rendered":"<p>\u00c1REA DE ALCALD\u00cdA. La Alcald\u00eda-Presidencia es la responsable de esta \u00e1rea. Comprende la coordinaci\u00f3n, supervisi\u00f3n y evaluaci\u00f3n de los objetivos, proyectos y tareas de las diferentes \u00e1reas de este Ayuntamiento. SUB\u00c1REA DE EMPLEO, DESARROLLO ECON\u00d3MICO, COMERCIO Y PROYECTOS EUROPEOS. Comprende las materias relativas a Promoci\u00f3n econ\u00f3mica, fomento del empleo, talleres y cursos de ocupaci\u00f3n para &hellip; <\/p>\n<p class=\"link-more\"><a href=\"https:\/\/alzira.es\/es\/ayuntamiento\/corporacion-y-gobierno-municipal\/diego-gomez-i-garcia-19-23-competencias\/\" class=\"more-link\">Continuar leyendo<span class=\"screen-reader-text\"> \u00abDiego G\u00f3mez i Garcia (19-23) Competencias\u00bb<\/span><\/a><\/p>\n","protected":false},"author":34,"featured_media":0,"parent":13558,"menu_order":16,"comment_status":"closed","ping_status":"closed","template":"","meta":{"_acf_changed":false,"footnotes":""},"class_list":["post-42591","page","type-page","status-publish","hentry"],"acf":[],"_links":{"self":[{"href":"https:\/\/alzira.es\/es\/wp-json\/wp\/v2\/pages\/42591","targetHints":{"allow":["GET"]}}],"collection":[{"href":"https:\/\/alzira.es\/es\/wp-json\/wp\/v2\/pages"}],"about":[{"href":"https:\/\/alzira.es\/es\/wp-json\/wp\/v2\/types\/page"}],"author":[{"embeddable":true,"href":"https:\/\/alzira.es\/es\/wp-json\/wp\/v2\/users\/34"}],"replies":[{"embeddable":true,"href":"https:\/\/alzira.es\/es\/wp-json\/wp\/v2\/comments?post=42591"}],"version-history":[{"count":2,"href":"https:\/\/alzira.es\/es\/wp-json\/wp\/v2\/pages\/42591\/revisions"}],"predecessor-version":[{"id":84598,"href":"https:\/\/alzira.es\/es\/wp-json\/wp\/v2\/pages\/42591\/revisions\/84598"}],"up":[{"embeddable":true,"href":"https:\/\/alzira.es\/es\/wp-json\/wp\/v2\/pages\/13558"}],"wp:attachment":[{"href":"https:\/\/alzira.es\/es\/wp-json\/wp\/v2\/media?parent=42591"}],"curies":[{"name":"wp","href":"https:\/\/api.w.org\/{rel}","templated":true}]}}