{"id":42585,"date":"2019-07-03T09:32:21","date_gmt":"2019-07-03T07:32:21","guid":{"rendered":"https:\/\/alzira.es\/clara-eugenia-aledon-jimenez-19-23-bienes-y-actividades\/"},"modified":"2021-07-28T17:20:12","modified_gmt":"2021-07-28T15:20:12","slug":"clara-eugenia-aledon-jimenez-19-23-bienes-y-actividades","status":"publish","type":"page","link":"https:\/\/alzira.es\/es\/ayuntamiento\/corporacion-y-gobierno-municipal\/clara-eugenia-aledon-jimenez-19-23-bienes-y-actividades\/","title":{"rendered":"Clara Eugenia Aled\u00f3n Jim\u00e9nez (19-23) Bienes y Actividades"},"content":{"rendered":"<p style=\"line-height: normal; background: white;\"><strong>Titular del cargo\u00a0<\/strong>Clara Eugenia Aled\u00f3n Jim\u00e9nez<\/p>\n<table style=\"border-collapse: collapse;\" border=\"0\" cellspacing=\"0\" cellpadding=\"0\">\n<tbody>\n<tr style=\"height: 26.6pt;\">\n<td style=\"width: 317.25pt; border-top: none; border-right: none; border-left: none; border-bottom: 1pt solid windowtext; padding: 0cm 5.4pt; height: 26.6pt;\" width=\"423\">\n<p style=\"margin: 6pt 0cm; line-height: normal;\"><strong><span style=\"font-size: 12pt;\">I. Activo<\/span><\/strong><\/p>\n<\/td>\n<td style=\"width: 114.95pt; border-top: none; border-right: none; border-left: none; border-bottom: 1pt solid windowtext; padding: 0cm 5.4pt; height: 26.6pt;\" width=\"153\"><\/td>\n<\/tr>\n<tr>\n<td style=\"width: 317.25pt; border: none; padding: 0cm 5.4pt;\" valign=\"top\" width=\"423\">\n<p style=\"margin: 6pt 0cm 6pt 21.3pt; line-height: normal;\">1. Bienes muebles (seg\u00fan valor catastral y porcentaje de titularidad)<\/p>\n<\/td>\n<td style=\"width: 114.95pt; border: none; padding: 0cm 5.4pt;\" valign=\"top\" width=\"153\">\n<p style=\"margin: 6pt 0cm; text-align: right; line-height: normal;\" align=\"right\">0,00 \u20ac<\/p>\n<\/td>\n<\/tr>\n<tr>\n<td style=\"width: 317.25pt; padding: 0cm 5.4pt;\" valign=\"top\" width=\"423\">\n<p style=\"margin: 6pt 0cm 6pt 21.3pt; line-height: normal;\">2. Valor total de otros bienes (seg\u00fan porcentaje de titularidad)<\/p>\n<\/td>\n<td style=\"width: 114.95pt; padding: 0cm 5.4pt;\" valign=\"top\" width=\"153\">\n<p style=\"margin: 6pt 0cm; text-align: right; line-height: normal;\" align=\"right\">155.000,00 \u20ac<\/p>\n<\/td>\n<\/tr>\n<tr style=\"height: 28.55pt;\">\n<td style=\"width: 317.25pt; border-top: none; border-right: none; border-left: none; border-bottom: 1pt solid windowtext; padding: 0cm 5.4pt; height: 28.55pt;\" valign=\"top\" width=\"423\">\n<p style=\"margin: 6pt 0cm 6pt 21.3pt; line-height: normal;\">3. Total<\/p>\n<\/td>\n<td style=\"width: 114.95pt; border-top: none; border-right: none; border-left: none; border-bottom: 1pt solid windowtext; padding: 0cm 5.4pt; height: 28.55pt;\" valign=\"top\" width=\"153\">\n<p style=\"margin: 6pt 0cm; text-align: right; line-height: normal;\" align=\"right\">155.000,00 \u20ac<\/p>\n<\/td>\n<\/tr>\n<tr>\n<td style=\"width: 317.25pt; border-top: none; border-right: none; border-left: none; border-bottom: 1pt solid windowtext; padding: 0cm 5.4pt;\" valign=\"top\" width=\"423\">\n<p style=\"margin: 6pt 0cm; line-height: normal;\"><strong><span style=\"font-size: 12pt;\">II. Pasivo<\/span><\/strong><\/p>\n<\/td>\n<td style=\"width: 114.95pt; border-top: none; border-right: none; border-left: none; border-bottom: 1pt solid windowtext; padding: 0cm 5.4pt;\" valign=\"top\" width=\"153\"><\/td>\n<\/tr>\n<tr>\n<td style=\"width: 317.25pt; border-top: none; border-right: none; border-left: none; border-bottom: 1pt solid windowtext; padding: 0cm 5.4pt;\" valign=\"top\" width=\"423\">\n<p style=\"margin: 6pt 0cm 6pt 21.3pt; line-height: normal;\">Creditos, pr\u00e9stamos, deudas, etc.<\/p>\n<\/td>\n<td style=\"width: 114.95pt; border-top: none; border-right: none; border-left: none; border-bottom: 1pt solid windowtext; padding: 0cm 5.4pt;\" valign=\"top\" width=\"153\">\n<p style=\"margin: 6pt 0cm; text-align: right; line-height: normal;\" align=\"right\">0,00 \u20ac<\/p>\n<\/td>\n<\/tr>\n<tr>\n<td style=\"width: 317.25pt; border-top: none; border-right: none; border-left: none; border-bottom: 1pt solid windowtext; padding: 0cm 5.4pt;\" valign=\"top\" width=\"423\">\n<p style=\"margin: 6pt 0cm; line-height: normal;\"><strong><span style=\"font-size: 12pt;\">III. Actividades<\/span><\/strong><\/p>\n<\/td>\n<td style=\"width: 114.95pt; border-top: none; border-right: none; border-left: none; border-bottom: 1pt solid windowtext; padding: 0cm 5.4pt;\" valign=\"top\" width=\"153\">\n<p style=\"margin: 6pt 0cm; text-align: right; line-height: normal;\" align=\"right\">24.000,00\u20ac<\/p>\n<\/td>\n<\/tr>\n<\/tbody>\n<\/table>\n<p style=\"margin: 6pt 0cm 18pt; text-align: left; line-height: normal; background: white;\" align=\"left\">\n","protected":false},"excerpt":{"rendered":"<p>Titular del cargo\u00a0Clara Eugenia Aled\u00f3n Jim\u00e9nez I. Activo 1. Bienes muebles (seg\u00fan valor catastral y porcentaje de titularidad) 0,00 \u20ac 2. Valor total de otros bienes (seg\u00fan porcentaje de titularidad) 155.000,00 \u20ac 3. Total 155.000,00 \u20ac II. Pasivo Creditos, pr\u00e9stamos, deudas, etc. 0,00 \u20ac III. Actividades 24.000,00\u20ac<\/p>\n","protected":false},"author":34,"featured_media":0,"parent":13558,"menu_order":18,"comment_status":"closed","ping_status":"closed","template":"","meta":{"_acf_changed":false,"footnotes":""},"class_list":["post-42585","page","type-page","status-publish","hentry"],"acf":[],"_links":{"self":[{"href":"https:\/\/alzira.es\/es\/wp-json\/wp\/v2\/pages\/42585","targetHints":{"allow":["GET"]}}],"collection":[{"href":"https:\/\/alzira.es\/es\/wp-json\/wp\/v2\/pages"}],"about":[{"href":"https:\/\/alzira.es\/es\/wp-json\/wp\/v2\/types\/page"}],"author":[{"embeddable":true,"href":"https:\/\/alzira.es\/es\/wp-json\/wp\/v2\/users\/34"}],"replies":[{"embeddable":true,"href":"https:\/\/alzira.es\/es\/wp-json\/wp\/v2\/comments?post=42585"}],"version-history":[{"count":1,"href":"https:\/\/alzira.es\/es\/wp-json\/wp\/v2\/pages\/42585\/revisions"}],"predecessor-version":[{"id":84466,"href":"https:\/\/alzira.es\/es\/wp-json\/wp\/v2\/pages\/42585\/revisions\/84466"}],"up":[{"embeddable":true,"href":"https:\/\/alzira.es\/es\/wp-json\/wp\/v2\/pages\/13558"}],"wp:attachment":[{"href":"https:\/\/alzira.es\/es\/wp-json\/wp\/v2\/media?parent=42585"}],"curies":[{"name":"wp","href":"https:\/\/api.w.org\/{rel}","templated":true}]}}