{"id":42570,"date":"2019-07-03T09:32:21","date_gmt":"2019-07-03T07:32:21","guid":{"rendered":"https:\/\/alzira.es\/bernat-rios-furio-19-23-bienes-y-actividades\/"},"modified":"2021-07-28T18:05:08","modified_gmt":"2021-07-28T16:05:08","slug":"bernat-rios-furio-19-23-bienes-y-actividades","status":"publish","type":"page","link":"https:\/\/alzira.es\/es\/ayuntamiento\/corporacion-y-gobierno-municipal\/bernat-rios-furio-19-23-bienes-y-actividades\/","title":{"rendered":"Bernat R\u00edos Furi\u00f3 (19-23) Bienes y Actividades"},"content":{"rendered":"<p style=\"line-height: normal; background: white;\"><strong>Titular del cargo&nbsp;<\/strong>Bernardo R\u00edos Furi\u00f3<\/p>\n<table style=\"border-collapse: collapse;\" border=\"0\" cellspacing=\"0\" cellpadding=\"0\">\n<tbody>\n<tr style=\"height: 26.6pt;\">\n<td style=\"width: 317.25pt; border-top: none; border-right: none; border-left: none; border-bottom: 1pt solid windowtext; padding: 0cm 5.4pt; height: 26.6pt;\" width=\"423\">\n<p style=\"margin: 6pt 0cm; line-height: normal;\"><strong><span style=\"font-size: 12pt;\">I. Activo<\/span><\/strong><\/p>\n<\/td>\n<td style=\"width: 114.95pt; border-top: none; border-right: none; border-left: none; border-bottom: 1pt solid windowtext; padding: 0cm 5.4pt; height: 26.6pt;\" width=\"153\"><\/td>\n<\/tr>\n<tr>\n<td style=\"width: 317.25pt; border: none; padding: 0cm 5.4pt;\" valign=\"top\" width=\"423\">\n<p style=\"margin: 6pt 0cm 6pt 21.3pt; line-height: normal;\">1. Bienes muebles (seg\u00fan valor catastral y porcentaje de titularidad) (50%)<\/p>\n<\/td>\n<td style=\"width: 114.95pt; border: none; padding: 0cm 5.4pt;\" valign=\"top\" width=\"153\">\n<p style=\"margin: 6pt 0cm; text-align: right; line-height: normal;\" align=\"right\">159.425,26 \u20ac<\/p>\n<\/td>\n<\/tr>\n<tr>\n<td style=\"width: 317.25pt; padding: 0cm 5.4pt;\" valign=\"top\" width=\"423\">\n<p style=\"margin: 6pt 0cm 6pt 21.3pt; line-height: normal;\">2. Valor total de otros bienes (seg\u00fan porcentaje de titularidad)<\/p>\n<\/td>\n<td style=\"width: 114.95pt; padding: 0cm 5.4pt;\" valign=\"top\" width=\"153\">\n<p style=\"margin: 6pt 0cm 6pt 21.3pt; text-align: right; line-height: normal;\" align=\"right\">18.828,75 \u20ac<\/p>\n<\/td>\n<\/tr>\n<tr style=\"height: 28.55pt;\">\n<td style=\"width: 317.25pt; border-top: none; border-right: none; border-left: none; border-bottom: 1pt solid windowtext; padding: 0cm 5.4pt; height: 28.55pt;\" valign=\"top\" width=\"423\">\n<p style=\"margin: 6pt 0cm 6pt 21.3pt; line-height: normal;\">3. Total<\/p>\n<\/td>\n<td style=\"width: 114.95pt; border-top: none; border-right: none; border-left: none; border-bottom: 1pt solid windowtext; padding: 0cm 5.4pt; height: 28.55pt;\" valign=\"top\" width=\"153\">\n<p style=\"margin: 6pt 0cm 6pt 21.3pt; text-align: right; line-height: normal;\" align=\"right\">178254,01 \u20ac<\/p>\n<\/td>\n<\/tr>\n<tr>\n<td style=\"width: 317.25pt; border-top: none; border-right: none; border-left: none; border-bottom: 1pt solid windowtext; padding: 0cm 5.4pt;\" valign=\"top\" width=\"423\">\n<p style=\"margin: 6pt 0cm; line-height: normal;\"><strong><span style=\"font-size: 12pt;\">II. Pasivo<\/span><\/strong><\/p>\n<\/td>\n<td style=\"width: 114.95pt; border-top: none; border-right: none; border-left: none; border-bottom: 1pt solid windowtext; padding: 0cm 5.4pt;\" valign=\"top\" width=\"153\"><\/td>\n<\/tr>\n<tr>\n<td style=\"width: 317.25pt; border-top: none; border-right: none; border-left: none; border-bottom: 1pt solid windowtext; padding: 0cm 5.4pt;\" valign=\"top\" width=\"423\">\n<p style=\"margin: 6pt 0cm 6pt 21.3pt; line-height: normal;\">Cr\u00e9ditos, pr\u00e9stamos, deudas, etc.<\/p>\n<\/td>\n<td style=\"width: 114.95pt; border-top: none; border-right: none; border-left: none; border-bottom: 1pt solid windowtext; padding: 0cm 5.4pt;\" valign=\"top\" width=\"153\">\n<p style=\"margin: 6pt 0cm; text-align: right; line-height: normal;\" align=\"right\">0,00 \u20ac<\/p>\n<\/td>\n<\/tr>\n<tr>\n<td style=\"width: 317.25pt; border-top: none; border-right: none; border-left: none; border-bottom: 1pt solid windowtext; padding: 0cm 5.4pt;\" valign=\"top\" width=\"423\">\n<p style=\"margin: 6pt 0cm; line-height: normal;\"><strong><span style=\"font-size: 12pt;\">III. Actividades<\/span><\/strong><\/p>\n<\/td>\n<td style=\"width: 114.95pt; border-top: none; border-right: none; border-left: none; border-bottom: 1pt solid windowtext; padding: 0cm 5.4pt;\" valign=\"top\" width=\"153\">\n<p style=\"margin: 6pt 0cm; text-align: right; line-height: normal;\" align=\"right\">52.614,37 \u20ac<\/p>\n<\/td>\n<\/tr>\n<\/tbody>\n<\/table>\n<p style=\"margin: 6pt 0cm 18pt; text-align: left; line-height: normal; background: white;\" align=\"left\">\n","protected":false},"excerpt":{"rendered":"<p>Titular del cargo&nbsp;Bernardo R\u00edos Furi\u00f3 I. Activo 1. Bienes muebles (seg\u00fan valor catastral y porcentaje de titularidad) (50%) 159.425,26 \u20ac 2. Valor total de otros bienes (seg\u00fan porcentaje de titularidad) 18.828,75 \u20ac 3. Total 178254,01 \u20ac II. Pasivo Cr\u00e9ditos, pr\u00e9stamos, deudas, etc. 0,00 \u20ac III. Actividades 52.614,37 \u20ac<\/p>\n","protected":false},"author":34,"featured_media":0,"parent":13558,"menu_order":24,"comment_status":"closed","ping_status":"closed","template":"","meta":{"_acf_changed":false,"footnotes":""},"class_list":["post-42570","page","type-page","status-publish","hentry"],"acf":[],"_links":{"self":[{"href":"https:\/\/alzira.es\/es\/wp-json\/wp\/v2\/pages\/42570","targetHints":{"allow":["GET"]}}],"collection":[{"href":"https:\/\/alzira.es\/es\/wp-json\/wp\/v2\/pages"}],"about":[{"href":"https:\/\/alzira.es\/es\/wp-json\/wp\/v2\/types\/page"}],"author":[{"embeddable":true,"href":"https:\/\/alzira.es\/es\/wp-json\/wp\/v2\/users\/34"}],"replies":[{"embeddable":true,"href":"https:\/\/alzira.es\/es\/wp-json\/wp\/v2\/comments?post=42570"}],"version-history":[{"count":2,"href":"https:\/\/alzira.es\/es\/wp-json\/wp\/v2\/pages\/42570\/revisions"}],"predecessor-version":[{"id":84464,"href":"https:\/\/alzira.es\/es\/wp-json\/wp\/v2\/pages\/42570\/revisions\/84464"}],"up":[{"embeddable":true,"href":"https:\/\/alzira.es\/es\/wp-json\/wp\/v2\/pages\/13558"}],"wp:attachment":[{"href":"https:\/\/alzira.es\/es\/wp-json\/wp\/v2\/media?parent=42570"}],"curies":[{"name":"wp","href":"https:\/\/api.w.org\/{rel}","templated":true}]}}