{"id":42568,"date":"2019-07-03T09:32:21","date_gmt":"2019-07-03T07:32:21","guid":{"rendered":"https:\/\/alzira.es\/jose-andres-hernandez-sala-19-23-bienes-y-actividades\/"},"modified":"2023-01-09T13:58:55","modified_gmt":"2023-01-09T12:58:55","slug":"jose-andres-hernandez-sala-19-23-bienes-y-actividades","status":"publish","type":"page","link":"https:\/\/alzira.es\/es\/ayuntamiento\/corporacion-y-gobierno-municipal\/jose-andres-hernandez-sala-19-23-bienes-y-actividades\/","title":{"rendered":"Jos\u00e9 Andr\u00e9s Hern\u00e1ndez Sala (19-23) Bienes y Actividades"},"content":{"rendered":"\t\t<div data-elementor-type=\"wp-page\" data-elementor-id=\"42568\" class=\"elementor elementor-42568 elementor-42772\">\n\t\t\t\t\t\t<section class=\"elementor-section elementor-top-section elementor-element elementor-element-620f2aa9 elementor-section-boxed elementor-section-height-default elementor-section-height-default\" data-id=\"620f2aa9\" data-element_type=\"section\">\n\t\t\t\t\t\t<div class=\"elementor-container elementor-column-gap-default\">\n\t\t\t\t\t<div class=\"elementor-column elementor-col-100 elementor-top-column elementor-element elementor-element-4f4876dc\" data-id=\"4f4876dc\" data-element_type=\"column\">\n\t\t\t<div class=\"elementor-widget-wrap elementor-element-populated\">\n\t\t\t\t\t\t<div class=\"elementor-element elementor-element-35e04575 elementor-widget elementor-widget-text-editor\" data-id=\"35e04575\" data-element_type=\"widget\" data-widget_type=\"text-editor.default\">\n\t\t\t\t<div class=\"elementor-widget-container\">\n\t\t\t\t\t\t\t\t\t<p style=\"line-height: normal; background: white;\"><strong>Titular del cargo\u00a0<\/strong>Jos\u00e9 Andr\u00e9s Hern\u00e1ndez Sala<\/p><table style=\"border-collapse: collapse;\" border=\"0\" cellspacing=\"0\" cellpadding=\"0\"><tbody><tr style=\"height: 26.6pt;\"><td style=\"width: 317.25pt; border-top: none; border-right: none; border-left: none; border-bottom: 1pt solid windowtext; padding: 0cm 5.4pt; height: 26.6pt;\" width=\"423\"><p style=\"margin: 6pt 0cm; line-height: normal;\"><strong><span style=\"font-size: 12pt;\">I. Activo<\/span><\/strong><\/p><\/td><td style=\"width: 114.95pt; border-top: none; border-right: none; border-left: none; border-bottom: 1pt solid windowtext; padding: 0cm 5.4pt; height: 26.6pt;\" width=\"153\">\u00a0<\/td><\/tr><tr><td style=\"width: 317.25pt; border: none; padding: 0cm 5.4pt;\" valign=\"top\" width=\"423\"><p style=\"margin: 6pt 0cm 6pt 21.3pt; line-height: normal;\">1. Bienes muebles (seg\u00fan valor catastral y porcentaje de titularidad)<\/p><\/td><td style=\"width: 114.95pt; border: none; padding: 0cm 5.4pt;\" valign=\"top\" width=\"153\"><p style=\"margin: 6pt 0cm; text-align: right; line-height: normal;\" align=\"right\">301.500,00 \u20ac<\/p><\/td><\/tr><tr><td style=\"width: 317.25pt; padding: 0cm 5.4pt;\" valign=\"top\" width=\"423\"><p style=\"margin: 6pt 0cm 6pt 21.3pt; line-height: normal;\">2. Valor total de otros bienes (seg\u00fan porcentaje de titularidad)<\/p><\/td><td style=\"width: 114.95pt; padding: 0cm 5.4pt;\" valign=\"top\" width=\"153\"><p style=\"margin: 6pt 0cm 6pt 21.3pt; text-align: right; line-height: normal;\" align=\"right\">65.936,29 \u20ac<\/p><\/td><\/tr><tr style=\"height: 28.55pt;\"><td style=\"width: 317.25pt; border-top: none; border-right: none; border-left: none; border-bottom: 1pt solid windowtext; padding: 0cm 5.4pt; height: 28.55pt;\" valign=\"top\" width=\"423\"><p style=\"margin: 6pt 0cm 6pt 21.3pt; line-height: normal;\">3. Total<\/p><\/td><td style=\"width: 114.95pt; border-top: none; border-right: none; border-left: none; border-bottom: 1pt solid windowtext; padding: 0cm 5.4pt; height: 28.55pt;\" valign=\"top\" width=\"153\"><p style=\"margin: 6pt 0cm 6pt 21.3pt; text-align: right; line-height: normal;\" align=\"right\">367.436,29 \u20ac<\/p><\/td><\/tr><tr><td style=\"width: 317.25pt; border-top: none; border-right: none; border-left: none; border-bottom: 1pt solid windowtext; padding: 0cm 5.4pt;\" valign=\"top\" width=\"423\"><p style=\"margin: 6pt 0cm; line-height: normal;\"><strong><span style=\"font-size: 12pt;\">II. Pasivo<\/span><\/strong><\/p><\/td><td style=\"width: 114.95pt; border-top: none; border-right: none; border-left: none; border-bottom: 1pt solid windowtext; padding: 0cm 5.4pt;\" valign=\"top\" width=\"153\">\u00a0<\/td><\/tr><tr><td style=\"width: 317.25pt; border-top: none; border-right: none; border-left: none; border-bottom: 1pt solid windowtext; padding: 0cm 5.4pt;\" valign=\"top\" width=\"423\"><p style=\"margin: 6pt 0cm 6pt 21.3pt; line-height: normal;\">Cr\u00e9ditos, pr\u00e9stamos, deudas, etc.<\/p><\/td><td style=\"width: 114.95pt; border-top: none; border-right: none; border-left: none; border-bottom: 1pt solid windowtext; padding: 0cm 5.4pt;\" valign=\"top\" width=\"153\"><p style=\"margin: 6pt 0cm; text-align: right; line-height: normal;\" align=\"right\">230.464,28 \u20ac<\/p><\/td><\/tr><tr><td style=\"width: 317.25pt; border-top: none; border-right: none; border-left: none; border-bottom: 1pt solid windowtext; padding: 0cm 5.4pt;\" valign=\"top\" width=\"423\"><p style=\"margin: 6pt 0cm; line-height: normal;\"><strong><span style=\"font-size: 12pt;\">III. Actividades<\/span><\/strong><\/p><\/td><td style=\"width: 114.95pt; border-top: none; border-right: none; border-left: none; border-bottom: 1pt solid windowtext; padding: 0cm 5.4pt;\" valign=\"top\" width=\"153\"><p style=\"margin: 6pt 0cm; text-align: right; line-height: normal;\" align=\"right\">36.847,76 \u20ac<\/p><\/td><\/tr><\/tbody><\/table><p style=\"margin: 6pt 0cm 18pt; text-align: left; line-height: normal; background: white;\" align=\"left\">\u00a0<\/p>\t\t\t\t\t\t\t\t<\/div>\n\t\t\t\t<\/div>\n\t\t\t\t\t<\/div>\n\t\t<\/div>\n\t\t\t\t\t<\/div>\n\t\t<\/section>\n\t\t\t\t<\/div>\n\t\t","protected":false},"excerpt":{"rendered":"<p>Titular del cargo\u00a0Jos\u00e9 Andr\u00e9s Hern\u00e1ndez Sala I. Activo \u00a0 1. Bienes muebles (seg\u00fan valor catastral y porcentaje de titularidad) 301.500,00 \u20ac 2. Valor total de otros bienes (seg\u00fan porcentaje de titularidad) 65.936,29 \u20ac 3. Total 367.436,29 \u20ac II. Pasivo \u00a0 Cr\u00e9ditos, pr\u00e9stamos, deudas, etc. 230.464,28 \u20ac III. Actividades 36.847,76 \u20ac \u00a0<\/p>\n","protected":false},"author":34,"featured_media":0,"parent":13558,"menu_order":25,"comment_status":"closed","ping_status":"closed","template":"","meta":{"_acf_changed":false,"footnotes":""},"class_list":["post-42568","page","type-page","status-publish","hentry"],"acf":[],"_links":{"self":[{"href":"https:\/\/alzira.es\/es\/wp-json\/wp\/v2\/pages\/42568","targetHints":{"allow":["GET"]}}],"collection":[{"href":"https:\/\/alzira.es\/es\/wp-json\/wp\/v2\/pages"}],"about":[{"href":"https:\/\/alzira.es\/es\/wp-json\/wp\/v2\/types\/page"}],"author":[{"embeddable":true,"href":"https:\/\/alzira.es\/es\/wp-json\/wp\/v2\/users\/34"}],"replies":[{"embeddable":true,"href":"https:\/\/alzira.es\/es\/wp-json\/wp\/v2\/comments?post=42568"}],"version-history":[{"count":2,"href":"https:\/\/alzira.es\/es\/wp-json\/wp\/v2\/pages\/42568\/revisions"}],"predecessor-version":[{"id":132770,"href":"https:\/\/alzira.es\/es\/wp-json\/wp\/v2\/pages\/42568\/revisions\/132770"}],"up":[{"embeddable":true,"href":"https:\/\/alzira.es\/es\/wp-json\/wp\/v2\/pages\/13558"}],"wp:attachment":[{"href":"https:\/\/alzira.es\/es\/wp-json\/wp\/v2\/media?parent=42568"}],"curies":[{"name":"wp","href":"https:\/\/api.w.org\/{rel}","templated":true}]}}