{"id":42527,"date":"2019-07-03T09:32:21","date_gmt":"2019-07-03T07:32:21","guid":{"rendered":"https:\/\/alzira.es\/bernat-rios-furio-19-23-curriculum\/"},"modified":"2021-07-27T17:50:48","modified_gmt":"2021-07-27T15:50:48","slug":"bernat-rios-furio-19-23-curriculum","status":"publish","type":"page","link":"https:\/\/alzira.es\/es\/ayuntamiento\/corporacion-y-gobierno-municipal\/bernat-rios-furio-19-23-curriculum\/","title":{"rendered":"Bernat R\u00edos Furi\u00f3 (19-23) Curr\u00edculum"},"content":{"rendered":"<p style=\"text-align: left; background: white;\" align=\"left\"><strong><span style=\"font-size: 12pt; color: maroon;\">CURR\u00cdCULUM BERNAT R\u00cdOS FURI\u00d3<\/span><\/strong><\/p>\n<div style=\"text-align: center; background: white;\" align=\"center\">\n<hr style=\"color: #666666;\" align=\"center\" noshade=\"noshade\" size=\"2\" width=\"100%\">\n<\/div>\n<p style=\"margin: 12pt 0cm; background: white;\"><strong><span style=\"text-decoration: underline;\">FORMACI\u00d3N<\/span><\/strong><\/p>\n<p style=\"margin: 12pt 0cm; background: white;\">&#8211; Titulo Superior de Trompa del Conservatorio Superior de M\u00fasica de Valencia<\/p>\n<p style=\"margin: 12pt 0cm; background: white;\">&#8211; \u201cPrix d\u00b4Honeur\u201d del Conservatorio Nacional Regi\u00f3n de Versalles (Fran\u00e7a) Ha ampliado estudios en el Conservatorio de la Haia (Holanda)<\/p>\n<p style=\"margin: 12pt 0cm; background: white;\">&#8211; Cursos de perfeccionamiento con los profesores Zarzo, Johnson, Geatreaud, Rimon, Morat\u00f3, Bourgue, Friedrich, Vlatkovic, Cooper y Schneider<\/p>\n<p style=\"margin: 12pt 0cm; background: white;\"><strong><span style=\"text-decoration: underline;\">FORMACI\u00d3N COMPLEMENTARIA<\/span><\/strong><\/p>\n<p style=\"margin: 12pt 0cm; background: white;\">&#8211; Formaci\u00f3n psicopedag\u00f3gica para el profesorado de Grado Elemental (1993) Inform\u00e1tica aplicada al Grado Medio (1995)<\/p>\n<p style=\"margin: 12pt 0cm; background: white;\">&#8211; Procesador de textos (1998)<\/p>\n<p style=\"margin: 12pt 0cm; background: white;\">&#8211; Formay: Retos de futuro del sistema educativo en la Comunidad Valenciana. M\u00fasica&nbsp;(2000 i 2001)<\/p>\n<p style=\"margin: 12pt 0cm; background: white;\">&#8211; Orientaci\u00f3n did\u00e1ctica y pedagog\u00eda para los profesores de las escuelas de m\u00fasica de las Sociedades Musicales de la Ribera Alta (2001)<\/p>\n<p style=\"margin: 12pt 0cm; background: white;\">&#8211; Jornada de Gesti\u00f3n de proyectos de formaci\u00f3n en centres (2005) Creaci\u00f3n de materiales de audio y v\u00eddeo en el aula de M\u00fasica (2006) La t\u00e9cnica instrumental aplicada al estilo barroco (2007)<\/p>\n<p style=\"margin: 12pt 0cm; background: white;\">&#8211; Edici\u00f3n inform\u00e1tica de partituras (2008)<\/p>\n<p style=\"margin: 12pt 0cm; background: white;\">&#8211; La M\u00fasica de c\u00e1mara en las formaciones de viento madera (2008) M\u00fasica i TIC: Edici\u00f3n de partituras (2009)<\/p>\n<p style=\"margin: 12pt 0cm; background: white;\">&#8211; Competencia TIC: Software y herramientas como soporte en el aula de m\u00fasica (2011)<\/p>\n<p style=\"margin: 12pt 0cm; background: white;\">&#8211; Formaci\u00f3n &nbsp;permanente &nbsp;para&nbsp;equipos &nbsp;directivos &nbsp;de &nbsp;centro &nbsp;de ense\u00f1anzas &nbsp;art\u00edsticas profesionales (2013)<\/p>\n<p style=\"margin: 12pt 0cm; background: white;\">&#8211; Cultura de calidad y evaluaci\u00f3n en Conservatorios (2014)<\/p>\n<p style=\"margin: 12pt 0cm; background: white;\">&#8211; Congreso &nbsp;Nacional &nbsp;de &nbsp;Conservatorios:&nbsp;Empleabilidad &nbsp;de las &nbsp;ense\u00f1anzas &nbsp;art\u00edsticas; Benchmarking educativo y cultural (2015)<\/p>\n<p style=\"margin: 12pt 0cm; background: white;\">&#8211; Mestre a casa: Creaci\u00f3n y gesti\u00f3n de la web del centro (2015)<\/p>\n<p style=\"margin: 12pt 0cm; background: white;\">&#8211; Aplicaci\u00f3n de las competencias b\u00e1sicas en las programaciones del centro (2015)<\/p>\n<p style=\"margin: 12pt 0cm; background: white;\"><strong><span style=\"text-decoration: underline;\">ACTIVIDAD ART\u00cdSTICA<\/span><\/strong><\/p>\n<p style=\"margin: 12pt 0cm; background: white;\">&#8211; Trompa solista de la Jove Orquestra Nacional de Espa\u00f1a (JONDE) 1983-1987<\/p>\n<p style=\"margin: 12pt 0cm; background: white;\">&#8211; Trompa solista de la Orquestra Sinf\u00f3nica de M\u00e1laga 1986-1991<\/p>\n<p style=\"margin: 12pt 0cm; background: white;\">&#8211; Colaborador Orquestras de Valencia, Sinf\u00f3nica de Valencia, Valladolid, Granada, Tenerife, Teatre Lliure, ONE i RTVE.<\/p>\n<p style=\"margin: 12pt 0cm; background: white;\">&#8211; Colaborador Orquestra de las Naciones y Hesperion XX (instrumentos de \u00e9poca) dirigidos por Jordi Savall<\/p>\n<p style=\"margin: 12pt 0cm; background: white;\">&#8211; Miembro del Quinteto Cuesta (quinteto de viento) con el cual ha gravado 2 Cds<\/p>\n<p style=\"margin: 12pt 0cm; background: white;\">&#8211; Miembro del Grupo Instrumental de Valencia<\/p>\n<p style=\"margin: 12pt 0cm; background: white;\">&#8211; Miembro de la Banda Sinf\u00f3nica de la Sociedad Musical de Alzira<\/p>\n<p style=\"margin: 12pt 0cm; background: white;\">&#8211; Director de \u201cRumbau Grup de Metalls\u201d<\/p>\n<p style=\"margin: 12pt 0cm; background: white;\">&#8211; Director t\u00e9cnico del Festival Spanish Brass Alzira<\/p>\n<p style=\"margin: 12pt 0cm; background: white;\">&#8211; Director del Concurso de M\u00fasica de c\u00e1mara de Alzira<\/p>\n<p style=\"margin: 12pt 0cm; background: white;\"><strong><span style=\"text-decoration: underline;\">ACTIVIDAD DOCENTE<\/span><\/strong><\/p>\n<p style=\"margin: 12pt 0cm; background: white;\">&#8211; Profesor Conservatorio Superior de M\u00fasica de M\u00e1laga 1986-1991<\/p>\n<p style=\"margin: 12pt 0cm; background: white;\">&#8211; Profesor Conservatorio Profesional de M\u00fasica de Cullera desde 1991<\/p>\n<p style=\"margin: 12pt 0cm; background: white;\">&#8211; Profesor Centros Reconocidos de Alc\u00e1cer, Ateneu Musical de Cullera y Alzira<\/p>\n<p style=\"margin: 12pt 0cm; background: white;\">&#8211; Profesor diferentes cursos<\/p>\n<p style=\"margin: 12pt 0cm; background: white;\">&#8211; Jefe de Estudios Conservatorio Profesional de M\u00fasica de Cullera desde 1992<\/p>\n","protected":false},"excerpt":{"rendered":"<p>CURR\u00cdCULUM BERNAT R\u00cdOS FURI\u00d3 FORMACI\u00d3N &#8211; Titulo Superior de Trompa del Conservatorio Superior de M\u00fasica de Valencia &#8211; \u201cPrix d\u00b4Honeur\u201d del Conservatorio Nacional Regi\u00f3n de Versalles (Fran\u00e7a) Ha ampliado estudios en el Conservatorio de la Haia (Holanda) &#8211; Cursos de perfeccionamiento con los profesores Zarzo, Johnson, Geatreaud, Rimon, Morat\u00f3, Bourgue, Friedrich, Vlatkovic, Cooper y Schneider &hellip; <\/p>\n<p class=\"link-more\"><a href=\"https:\/\/alzira.es\/es\/ayuntamiento\/corporacion-y-gobierno-municipal\/bernat-rios-furio-19-23-curriculum\/\" class=\"more-link\">Continuar leyendo<span class=\"screen-reader-text\"> \u00abBernat R\u00edos Furi\u00f3 (19-23) Curr\u00edculum\u00bb<\/span><\/a><\/p>\n","protected":false},"author":34,"featured_media":0,"parent":13558,"menu_order":45,"comment_status":"closed","ping_status":"closed","template":"","meta":{"_acf_changed":false,"footnotes":""},"class_list":["post-42527","page","type-page","status-publish","hentry"],"acf":[],"_links":{"self":[{"href":"https:\/\/alzira.es\/es\/wp-json\/wp\/v2\/pages\/42527","targetHints":{"allow":["GET"]}}],"collection":[{"href":"https:\/\/alzira.es\/es\/wp-json\/wp\/v2\/pages"}],"about":[{"href":"https:\/\/alzira.es\/es\/wp-json\/wp\/v2\/types\/page"}],"author":[{"embeddable":true,"href":"https:\/\/alzira.es\/es\/wp-json\/wp\/v2\/users\/34"}],"replies":[{"embeddable":true,"href":"https:\/\/alzira.es\/es\/wp-json\/wp\/v2\/comments?post=42527"}],"version-history":[{"count":2,"href":"https:\/\/alzira.es\/es\/wp-json\/wp\/v2\/pages\/42527\/revisions"}],"predecessor-version":[{"id":84118,"href":"https:\/\/alzira.es\/es\/wp-json\/wp\/v2\/pages\/42527\/revisions\/84118"}],"up":[{"embeddable":true,"href":"https:\/\/alzira.es\/es\/wp-json\/wp\/v2\/pages\/13558"}],"wp:attachment":[{"href":"https:\/\/alzira.es\/es\/wp-json\/wp\/v2\/media?parent=42527"}],"curies":[{"name":"wp","href":"https:\/\/api.w.org\/{rel}","templated":true}]}}