{"id":42526,"date":"2019-07-03T09:32:21","date_gmt":"2019-07-03T07:32:21","guid":{"rendered":"https:\/\/alzira.es\/jose-andres-hernandez-sala-19-23-curriculum-2\/"},"modified":"2021-07-28T16:39:01","modified_gmt":"2021-07-28T14:39:01","slug":"jose-andres-hernandez-sala-19-23-curriculum-2","status":"publish","type":"page","link":"https:\/\/alzira.es\/es\/ayuntamiento\/corporacion-y-gobierno-municipal\/jose-andres-hernandez-sala-19-23-curriculum-2\/","title":{"rendered":"Jos\u00e9 Andr\u00e9s Hern\u00e1ndez Sala (19-23) Curr\u00edculum"},"content":{"rendered":"<p><strong><span style=\"text-decoration: underline;\">FORMACI\u00d3N ACAD\u00c9MICA<\/span><\/strong><\/p>\n<p>&#8211; Licenciado en Derecho y en Ciencias Pol\u00edticas por la Universitat de Val\u00e8ncia.<\/p>\n<p>&#8211; Titulado en Pr\u00e1ctica Jur\u00eddica por Ilustre Colegio de Abogados de Alzira.<\/p>\n<p>&#8211; Posee diversos t\u00edtulos de formaci\u00f3n jur\u00eddica.<\/p>\n<p>&#8211; Habla ingl\u00e9s (B1) i valenciano (Grau Superior de Valenci\u00e0).<\/p>\n<p><strong><span style=\"text-decoration: underline;\">EXPERIENCIA PROFESIONAL\u00a0<\/span><\/strong><\/p>\n<p>&#8211; Desde 2012 ejerce la abogac\u00eda en un despacho en Alzira. Es especialista en Derecho Civil, Penal, Mercantil y de Familia.<\/p>\n<p>&#8211; Desde 2002 hasta 2008 trabaj\u00f3 como camarero en una conocida sala de banquetes en Alzira, y despu\u00e9s en diversos trabajos temporales al tiempo que compaginaba sus estudios secundarios y universitarios.<\/p>\n<p><strong><span style=\"text-decoration: underline;\">TRAYECTORIA POL\u00cdTICA Y ASOCIATIVA<\/span><\/strong><\/p>\n<p>&#8211; En la actualidad es Presidente y Portavoz del Partido Popular de Alzira.<\/p>\n<p>&#8211; Colabora con diversas ONG\u00b4s asesorando jur\u00eddicamente a las mismas.<\/p>\n<p>&#8211; Secretario de la Asociaci\u00f3n de J\u00f3venes Abogados del Ilustre Colegio de Abogados de Alzira (AJA). (Desde 2016 a 2018).<\/p>\n<p>&#8211; Portavoz del grupo pol\u00edtico municipal del Partido Popular del Ayuntamiento de Alzira (legislatura 2015-2019).<\/p>\n<p>&#8211; Concejal de Deportes del Ayuntamiento de Alzira (09\/2013- 06\/2015)<\/p>\n<p>&#8211; Presidente del Consejo de la Juventud de Alzira (2007-2012).<\/p>\n<p>&#8211; Presidente de Nuevas Generaciones del PP desde 2007.<\/p>\n<p>&#8211; Presidente de Nuevas Generaciones Ribera Alta desde 2008.<\/p>\n<p>&#8211; Coordinador General de NNGG de la Comunitat Valenciana (2012-15).<\/p>\n<p>&#8211; Vicepresidente del Consejo de la Juventud de la Comunitat Valenciana(2009-2010).<\/p>\n<p>&#8211; Miembro del Consejo Escolar de la Comunitat Valenciana (2009-2010).<\/p>\n","protected":false},"excerpt":{"rendered":"<p>FORMACI\u00d3N ACAD\u00c9MICA &#8211; Licenciado en Derecho y en Ciencias Pol\u00edticas por la Universitat de Val\u00e8ncia. &#8211; Titulado en Pr\u00e1ctica Jur\u00eddica por Ilustre Colegio de Abogados de Alzira. &#8211; Posee diversos t\u00edtulos de formaci\u00f3n jur\u00eddica. &#8211; Habla ingl\u00e9s (B1) i valenciano (Grau Superior de Valenci\u00e0). EXPERIENCIA PROFESIONAL\u00a0 &#8211; Desde 2012 ejerce la abogac\u00eda en un despacho &hellip; <\/p>\n<p class=\"link-more\"><a href=\"https:\/\/alzira.es\/es\/ayuntamiento\/corporacion-y-gobierno-municipal\/jose-andres-hernandez-sala-19-23-curriculum-2\/\" class=\"more-link\">Continuar leyendo<span class=\"screen-reader-text\"> \u00abJos\u00e9 Andr\u00e9s Hern\u00e1ndez Sala (19-23) Curr\u00edculum\u00bb<\/span><\/a><\/p>\n","protected":false},"author":34,"featured_media":0,"parent":13558,"menu_order":46,"comment_status":"closed","ping_status":"closed","template":"","meta":{"_acf_changed":false,"footnotes":""},"class_list":["post-42526","page","type-page","status-publish","hentry"],"acf":[],"_links":{"self":[{"href":"https:\/\/alzira.es\/es\/wp-json\/wp\/v2\/pages\/42526","targetHints":{"allow":["GET"]}}],"collection":[{"href":"https:\/\/alzira.es\/es\/wp-json\/wp\/v2\/pages"}],"about":[{"href":"https:\/\/alzira.es\/es\/wp-json\/wp\/v2\/types\/page"}],"author":[{"embeddable":true,"href":"https:\/\/alzira.es\/es\/wp-json\/wp\/v2\/users\/34"}],"replies":[{"embeddable":true,"href":"https:\/\/alzira.es\/es\/wp-json\/wp\/v2\/comments?post=42526"}],"version-history":[{"count":2,"href":"https:\/\/alzira.es\/es\/wp-json\/wp\/v2\/pages\/42526\/revisions"}],"predecessor-version":[{"id":84405,"href":"https:\/\/alzira.es\/es\/wp-json\/wp\/v2\/pages\/42526\/revisions\/84405"}],"up":[{"embeddable":true,"href":"https:\/\/alzira.es\/es\/wp-json\/wp\/v2\/pages\/13558"}],"wp:attachment":[{"href":"https:\/\/alzira.es\/es\/wp-json\/wp\/v2\/media?parent=42526"}],"curies":[{"name":"wp","href":"https:\/\/api.w.org\/{rel}","templated":true}]}}