{"id":42523,"date":"2019-07-03T09:32:21","date_gmt":"2019-07-03T07:32:21","guid":{"rendered":"https:\/\/alzira.es\/fernando-pascual-moscardo-19-23-curriculum\/"},"modified":"2021-07-28T16:43:35","modified_gmt":"2021-07-28T14:43:35","slug":"fernando-pascual-moscardo-19-23-curriculum","status":"publish","type":"page","link":"https:\/\/alzira.es\/es\/ayuntamiento\/corporacion-y-gobierno-municipal\/fernando-pascual-moscardo-19-23-curriculum\/","title":{"rendered":"Fernando Pascual Moscard\u00f3 (19-23) Curr\u00edculum"},"content":{"rendered":"<p style=\"margin: 12pt 0cm; background: white;\"><strong><span style=\"text-decoration: underline;\">FORMACI\u00d3N ACAD\u00c9MICA&nbsp;<\/span><\/strong><\/p>\n<p style=\"margin: 12pt 0cm; background: white;\">Estudios de Derecho Universitat de Val\u00e8ncia<\/p>\n<p style=\"margin: 12pt 0cm; background: white;\"><strong><span style=\"text-decoration: underline;\">EXPERIENCIA PROFESSIONAL<\/span><\/strong><\/p>\n<p style=\"margin: 12pt 0cm; background: white;\">CARTONAJES SU\u00d1ER. Desde 1972 hasta 1992, Oficial de 1a Secci\u00f3n Flexibles.<\/p>\n<p style=\"margin: 12pt 0cm; background: white;\">ACCIONA. S.A. Desde 1992 hasta 1996, Jefe de Producci\u00f3n, \u00c1rea de Limpieza de Ford Espa\u00f1a<\/p>\n<p style=\"margin: 12pt 0cm; background: white;\">TALI. S.A. Des de 1996 hasta 1998, Jefe de Operaciones de Mantenimiento<\/p>\n<p style=\"margin: 12pt 0cm; background: white;\">Aut\u00f3nomo. Desde 1998 hasta 1999<\/p>\n<p style=\"margin: 12pt 0cm; background: white;\">Ayuntamiento de Alzira. Desde 1999 hasta 2014, Secretario del Grupo Socialista<\/p>\n<p style=\"margin: 12pt 0cm; background: white;\">Ayuntamiento de Alzira. Desde 2014 hasta la actualidad, concejal<\/p>\n<p style=\"margin: 12pt 0cm; background: white;\"><strong><span style=\"text-decoration: underline;\">PUBLICACIONS&nbsp;<\/span><\/strong><\/p>\n<p style=\"margin: 12pt 0cm; background: white;\">1903-2003 La Casa del Poble Alzirenya. Cent anys d\u2019Hist\u00f2ria<\/p>\n<p style=\"margin: 12pt 0cm; background: white;\"><strong><span style=\"text-decoration: underline;\">TRAYECTORIA SINDICAL \u2013 POL\u00cdTICA<\/span><\/strong><\/p>\n<p style=\"margin: 12pt 0cm; background: white;\">Delegado Sindical UGT. Des de 1983 hasta 1992<\/p>\n<p style=\"margin: 12pt 0cm; background: white;\">Miembro de la Mesa Negociadora del Convenio Nacional, de Artes Gr\u00e1ficas. 1987- 1990<\/p>\n<p style=\"margin: 12pt 0cm; background: white;\">Miembro de la Mesa del Convenio provincial de Valencia de Limpieza de Edificios y Locales. 1987-1990<\/p>\n<p style=\"margin: 12pt 0cm; background: white;\">Secretario de Organizaci\u00f3n, de la FES-UGT, provincia de Valencia. 1985- 1994<\/p>\n<p style=\"margin: 12pt 0cm; background: white;\">Concejal del Ayuntamiento de Alzira por el CDS. 1987-1988<\/p>\n<p style=\"margin: 12pt 0cm; background: white;\">Concejal Grupo Mixto, desde 1988-1991<\/p>\n<p style=\"margin: 12pt 0cm; background: white;\">Secretario de Organizaci\u00f3n del PSPV-PSOE de Alzira. 2004-2016<\/p>\n<p style=\"margin: 12pt 0cm; background: white;\">Miembro del Comit\u00e9 Provincial del PSPV-PSOE. 2010-2016<\/p>\n<p style=\"margin: 12pt 0cm; background: white;\">Secretario de Organizaci\u00f3n del PSPV-PSOE de la Comarca de la Ribera Alta. 2010-2016<\/p>\n<p style=\"margin: 12pt 0cm; background: white;\">Miembro del Comit\u00e9 Nacional del PSPV-PSOE. 2009-2016<\/p>\n<p style=\"margin: 12pt 0cm; background: white;\">Concejal del Ayuntamiento de Alzira por el PSPV-PSOE. 2014- hasta la actualidad<\/p>\n","protected":false},"excerpt":{"rendered":"<p>FORMACI\u00d3N ACAD\u00c9MICA&nbsp; Estudios de Derecho Universitat de Val\u00e8ncia EXPERIENCIA PROFESSIONAL CARTONAJES SU\u00d1ER. Desde 1972 hasta 1992, Oficial de 1a Secci\u00f3n Flexibles. ACCIONA. S.A. Desde 1992 hasta 1996, Jefe de Producci\u00f3n, \u00c1rea de Limpieza de Ford Espa\u00f1a TALI. S.A. Des de 1996 hasta 1998, Jefe de Operaciones de Mantenimiento Aut\u00f3nomo. Desde 1998 hasta 1999 Ayuntamiento de &hellip; <\/p>\n<p class=\"link-more\"><a href=\"https:\/\/alzira.es\/es\/ayuntamiento\/corporacion-y-gobierno-municipal\/fernando-pascual-moscardo-19-23-curriculum\/\" class=\"more-link\">Continuar leyendo<span class=\"screen-reader-text\"> \u00abFernando Pascual Moscard\u00f3 (19-23) Curr\u00edculum\u00bb<\/span><\/a><\/p>\n","protected":false},"author":34,"featured_media":0,"parent":13558,"menu_order":47,"comment_status":"closed","ping_status":"closed","template":"","meta":{"_acf_changed":false,"footnotes":""},"class_list":["post-42523","page","type-page","status-publish","hentry"],"acf":[],"_links":{"self":[{"href":"https:\/\/alzira.es\/es\/wp-json\/wp\/v2\/pages\/42523","targetHints":{"allow":["GET"]}}],"collection":[{"href":"https:\/\/alzira.es\/es\/wp-json\/wp\/v2\/pages"}],"about":[{"href":"https:\/\/alzira.es\/es\/wp-json\/wp\/v2\/types\/page"}],"author":[{"embeddable":true,"href":"https:\/\/alzira.es\/es\/wp-json\/wp\/v2\/users\/34"}],"replies":[{"embeddable":true,"href":"https:\/\/alzira.es\/es\/wp-json\/wp\/v2\/comments?post=42523"}],"version-history":[{"count":2,"href":"https:\/\/alzira.es\/es\/wp-json\/wp\/v2\/pages\/42523\/revisions"}],"predecessor-version":[{"id":84407,"href":"https:\/\/alzira.es\/es\/wp-json\/wp\/v2\/pages\/42523\/revisions\/84407"}],"up":[{"embeddable":true,"href":"https:\/\/alzira.es\/es\/wp-json\/wp\/v2\/pages\/13558"}],"wp:attachment":[{"href":"https:\/\/alzira.es\/es\/wp-json\/wp\/v2\/media?parent=42523"}],"curies":[{"name":"wp","href":"https:\/\/api.w.org\/{rel}","templated":true}]}}