{"id":42521,"date":"2019-07-03T09:32:21","date_gmt":"2019-07-03T07:32:21","guid":{"rendered":"https:\/\/alzira.es\/gemma-alos-sospedra-19-23-curriculum\/"},"modified":"2021-09-03T18:46:53","modified_gmt":"2021-09-03T16:46:53","slug":"gemma-alos-sospedra-19-23-curriculum","status":"publish","type":"page","link":"https:\/\/alzira.es\/es\/ayuntamiento\/corporacion-y-gobierno-municipal\/gemma-alos-sospedra-19-23-curriculum\/","title":{"rendered":"Gemma Al\u00f3s Sospedra (19-23) Curr\u00edculum"},"content":{"rendered":"\n<h3 class=\"wp-block-heading\">FORMACI\u00d3N<\/h3>\n\n\n\n<p>Licenciada en Periodismo<\/p>\n\n\n\n<ul class=\"wp-block-list\"><li>Universidad de Sevilla 2003-2008<\/li><\/ul>\n\n\n\n<p>Asistencia a cursos:<\/p>\n\n\n\n<ul class=\"wp-block-list\"><li>La Uni\u00f3n Europea: aspectos b\u00e1sicos.<ul><li>Especialidad: Periodismo\/Derecho. Horas: 22<\/li><li>Sevilla, noviembre 2006<\/li><\/ul><\/li><\/ul>\n\n\n\n<ul class=\"wp-block-list\"><li>El ordenamiento jur\u00eddico de la Uni\u00f3n Europea y el Derecho interno.<ul><li>Especialidad: Derecho. Horas: 24<\/li><li>Sevilla, diciembre 2009<\/li><\/ul><\/li><\/ul>\n\n\n\n<ul class=\"wp-block-list\"><li>Social Media de comunicaci\u00f3n y colaboraci\u00f3n.<ul><li>Especialidad: Comunicaci\u00f3n. Horas: 20<\/li><li>Sevilla, noviembre 2013<\/li><\/ul><\/li><\/ul>\n\n\n\n<ul class=\"wp-block-list\"><li>Community Manager<ul><li>Especialidad: Comunicaci\u00f3n. Horas: 30<\/li><\/ul><ul><li>Sevilla, noviembre 2013<\/li><\/ul><\/li><\/ul>\n\n\n\n<h3 class=\"wp-block-heading\">EXPERIENCIA PROFESIONAL<\/h3>\n\n\n\n<p><strong>uxiliar administrativa<\/strong>  &#8211; 02\/2019 \u2013 05\/2019<\/p>\n\n\n\n<p>DXC Technologies \u2013 Servicio de Atenci\u00f3n al Cliente de CaixaBank<\/p>\n\n\n\n<ul class=\"wp-block-list\"><li>Back Office en departamento jur\u00eddico<\/li><li>Gesti\u00f3n de reclamaciones<\/li><li>Redacci\u00f3n de respuestas oficiales a clientes<\/li><li>Revisi\u00f3n del cumplimiento de la Ley Org\u00e1nica de Protecci\u00f3n de Datos de car\u00e1cter personal<\/li><\/ul>\n\n\n\n<p><strong>Auxiliar administrativa<\/strong> &#8211; 05\/2017 \u2013 07\/2017<\/p>\n\n\n\n<p>Hospital de la Ribera (Alzira)<\/p>\n\n\n\n<ul class=\"wp-block-list\"><li>Mantenimiento del archivo del departamento de recursos humanos.<\/li><li>Preparaci\u00f3n y digitalitzaci\u00f3n de documentos.<\/li><\/ul>\n\n\n\n<p><strong>Auxiliar administrativa<\/strong> &#8211; 07\/2016 \u2013 05\/2017<\/p>\n\n\n\n<p>Ayesa \u2013 Servicio de Gesti\u00f3 Preferente de Endesa (Sevilla)<\/p>\n\n\n\n<ul class=\"wp-block-list\"><li>Atenci\u00f3n telef\u00f3nica y mediante correo electr\u00f3nico de grandes clientes y empresas usuarios del Servicio de Gesti\u00f3n Preferente de Endesa.<\/li><li>Sustituci\u00f3n del asesor personal de una cartera de clientes.<\/li><li>Gesti\u00f3n de peticiones, reclamaciones y necesidades de los clientes.<\/li><li>Liderazgo de un equipo de 5 personas.<\/li><li>Realizaci\u00f3n de informes de facturaci\u00f3n.<\/li><li>Petici\u00f3n, recepci\u00f3n y archivo de documentaci\u00f3n.<\/li><\/ul>\n\n\n\n<p><strong>Redactora y maquetista<\/strong> &#8211; 07\/2011 \u2013 07\/2012<\/p>\n\n\n\n<p>Revista El Giraldillo (Sevilla)<\/p>\n\n\n\n<ul class=\"wp-block-list\"><li>Busca y filtrado de informaci\u00f3n.<\/li><li>Redacci\u00f3n y correcci\u00f3n de textos para revista impresa.<\/li><li>Mantenimiento y actualizaci\u00f3n de p\u00e1gina web.<\/li><li>Relaci\u00f3n con clientes, instituciones, empresas y otros medios de comunicaci\u00f3n.<\/li><li>Actualizaci\u00f3n y mantenimiento de bases de datos.<\/li><\/ul>\n\n\n\n<p><strong>Pr\u00e1cticas formativas de la Facultad de Comunicaci\u00f3n<\/strong> &#8211; 07\/2008 \u2013 01\/2009<\/p>\n\n\n\n<ul class=\"wp-block-list\"><li>Universidad de Sevilla \u2013 Ediciones Alfar<\/li><li>Edici\u00f3n y maquetaci\u00f3n de libros.<\/li><li>Correcci\u00f3n ortogr\u00e1fica de textos.<\/li><li>Digitalizaci\u00f3n de archivos.<\/li><li>Organizaci\u00f3n de presentaciones y ruedas de prensa.<\/li><\/ul>\n\n\n\n<h3 class=\"wp-block-heading\"><strong>INFORMACI\u00d3N ADICIONAL.<\/strong><\/h3>\n\n\n\n<p>Idiomas:<\/p>\n\n\n\n<ul class=\"wp-block-list\"><li>Ingl\u00e9s hablado y escrito: basic.<\/li><li>Valenciano biling\u00fce<\/li><\/ul>\n\n\n\n<p><\/p>\n\n\n\n<ul class=\"wp-block-list\"><li>Acostumbrada a trabajar con Microsoft Office y herramientas de Internet.<\/li><li>Programas de edici\u00f3n de texto QuarkXPress \u2013 InDesign: nivel avanzado.<\/li><li>Photoshop: b\u00e1sico.<\/li><li>Dominio de t\u00e9cnicas de redacci\u00f3n y correcci\u00f3n de escritos.<\/li><\/ul>\n","protected":false},"excerpt":{"rendered":"<p>FORMACI\u00d3N Licenciada en Periodismo Universidad de Sevilla 2003-2008 Asistencia a cursos: La Uni\u00f3n Europea: aspectos b\u00e1sicos. Especialidad: Periodismo\/Derecho. Horas: 22 Sevilla, noviembre 2006 El ordenamiento jur\u00eddico de la Uni\u00f3n Europea y el Derecho interno. Especialidad: Derecho. Horas: 24 Sevilla, diciembre 2009 Social Media de comunicaci\u00f3n y colaboraci\u00f3n. Especialidad: Comunicaci\u00f3n. Horas: 20 Sevilla, noviembre 2013 Community &hellip; <\/p>\n<p class=\"link-more\"><a href=\"https:\/\/alzira.es\/es\/ayuntamiento\/corporacion-y-gobierno-municipal\/gemma-alos-sospedra-19-23-curriculum\/\" class=\"more-link\">Continuar leyendo<span class=\"screen-reader-text\"> \u00abGemma Al\u00f3s Sospedra (19-23) Curr\u00edculum\u00bb<\/span><\/a><\/p>\n","protected":false},"author":34,"featured_media":0,"parent":13558,"menu_order":48,"comment_status":"closed","ping_status":"closed","template":"","meta":{"_acf_changed":false,"footnotes":""},"class_list":["post-42521","page","type-page","status-publish","hentry"],"acf":[],"_links":{"self":[{"href":"https:\/\/alzira.es\/es\/wp-json\/wp\/v2\/pages\/42521","targetHints":{"allow":["GET"]}}],"collection":[{"href":"https:\/\/alzira.es\/es\/wp-json\/wp\/v2\/pages"}],"about":[{"href":"https:\/\/alzira.es\/es\/wp-json\/wp\/v2\/types\/page"}],"author":[{"embeddable":true,"href":"https:\/\/alzira.es\/es\/wp-json\/wp\/v2\/users\/34"}],"replies":[{"embeddable":true,"href":"https:\/\/alzira.es\/es\/wp-json\/wp\/v2\/comments?post=42521"}],"version-history":[{"count":1,"href":"https:\/\/alzira.es\/es\/wp-json\/wp\/v2\/pages\/42521\/revisions"}],"predecessor-version":[{"id":89433,"href":"https:\/\/alzira.es\/es\/wp-json\/wp\/v2\/pages\/42521\/revisions\/89433"}],"up":[{"embeddable":true,"href":"https:\/\/alzira.es\/es\/wp-json\/wp\/v2\/pages\/13558"}],"wp:attachment":[{"href":"https:\/\/alzira.es\/es\/wp-json\/wp\/v2\/media?parent=42521"}],"curies":[{"name":"wp","href":"https:\/\/api.w.org\/{rel}","templated":true}]}}