{"id":42515,"date":"2019-07-03T09:32:21","date_gmt":"2019-07-03T07:32:21","guid":{"rendered":"https:\/\/alzira.es\/maria-calvo-palomares-19-23-curriculum\/"},"modified":"2021-09-03T18:37:21","modified_gmt":"2021-09-03T16:37:21","slug":"maria-calvo-palomares-19-23-curriculum","status":"publish","type":"page","link":"https:\/\/alzira.es\/es\/ayuntamiento\/corporacion-y-gobierno-municipal\/maria-calvo-palomares-19-23-curriculum\/","title":{"rendered":"Maria Calvo Palomares (19-23) Curr\u00edculum"},"content":{"rendered":"\n<h3 class=\"wp-block-heading\">FORMACI\u00d3N ACAD\u00c9MICA<\/h3>\n\n\n\n<ul class=\"wp-block-list\"><li>1997-01. LICENCIATURA DE FILOLOG\u00cdA CATALANA. <ul><li>Universidad de Valencia.<\/li><\/ul><\/li><\/ul>\n\n\n\n<p><\/p>\n\n\n\n<ul class=\"wp-block-list\"><li>2001-02. Certificado del Curso de Aptitud Pedag\u00f3gica (CAP). Especialidad: valenciano.<ul><li>Servicio de Formaci\u00f3n Permanente. Valencia.<\/li><\/ul><\/li><\/ul>\n\n\n\n<p><\/p>\n\n\n\n<ul class=\"wp-block-list\"><li>2002. Diploma de Maestro de Valenciano. Conselleria de Cultura y Educaci\u00f3n.<\/li><li>2002. Certificado de Capacitaci\u00f3n. Conselleria de Cultura y Educaci\u00f3n.<\/li><\/ul>\n\n\n\n<h3 class=\"wp-block-heading\">EXPERIENCIA PROFESIONAL<\/h3>\n\n\n\n<ul class=\"wp-block-list\"><li>Profesora de Ense\u00f1anza Secundaria desde el a\u00f1o 2003 hasta la actualidad que ejerce en comisi\u00f3n de servicios en el CP FPA Enric Valor de Alzira.<\/li><li>Funcionaria de carrera desde el 2006, ha trabajado en diferentes institutos: el Puerto de Sagunto, Sedav\u00ed. Alfafar, Castalla, Alzira y Catarroja.<\/li><li>Ha sido jefa del Departamento de Valenciano y coordinadora de Animaci\u00f3n Lectora en el IES Enric Valor. Castalla. Alicante. 2011-13.<\/li><li>Para el Ayuntamiento de Alzira ha trabajado puntualmente en dos ocasiones, como:<\/li><li>-T\u00e9cnica en promoci\u00f3n ling\u00fc\u00edstica y correcci\u00f3n de textos. SERVAL. Alzira. Valencia.<\/li><li>Beca EMCORP. 2005.<\/li><li>-Monitora de la Escuela de Verano de Alzira. Taller de Animaci\u00f3n Lectora. 2003.<\/li><li>Adem\u00e1s, ha impartido cursillos de diferentes niveles de valenciano para personas adultas en Alzira y Gand\u00eda. 2002-05.<\/li><\/ul>\n\n\n\n<h3 class=\"wp-block-heading\">FORMACI\u00d3N COMPLEMENTARIA<\/h3>\n\n\n\n<ul class=\"wp-block-list\"><li>2017. III Trobada de Professorat de Valenci\u00e0. Alzira. 14 h. Fundaci\u00f3 Bromera. Alzira.<\/li><li>2017. Ciclo de Conferencias: \u201cEncara no \u00e9s tard\u201d&#8230; 20 h. Cefire X\u00e0tiva.<\/li><li>2016. Ciclo de Conferencias: \u201cDones del segle XXI: creadores de futur\u201d. 20 h. Cefire X\u00e0tiva.<\/li><li>2015. Ciclo de Conferencias: \u201cEl valenci\u00e0, llengua de futur, vehicle de creativitat\u201d. 25 h. Cefire X\u00e0tiva.<\/li><li>2015. Participante en el programa experimental \u201cTic-tac, el punt d\u2019encontre i d\u2019innovaci\u00f3\u201d. 30 h. SFP.<\/li><li>2015. Itinerario formativo de programaci\u00f3n y evaluaci\u00f3n de competencias clave. Nivel inicial. 60 h. Cefire de Elda.<\/li><li>2015. Creaci\u00f3n de un espect\u00e1culo multidisciplinar: A\u00f1os 60 a escena. 30 h.<\/li><li>2014. Creaci\u00f3n de un musical como recurso educativo multidisciplinar. 30 h. Cefire X\u00e0tiva.<\/li><li>2014. Participante en el proyecto experimental Contracte-Programa. 15 h. SFP.<\/li><li>2013. Participante en el programa experimental para incrementar el \u00e9xito escolar y reducir el abandono escolar prematuro: Contracte-Programa 2012-2013. 15 h. Servicio de Formaci\u00f3n Permanente del Profesorado.<\/li><li>2013. Curso El uso de las TIC en el aula.30 h. Cefire Elda.<\/li><li>2012. Curso de pizarra digital. 40 h. Cefire Alcoy.<\/li><li>2011. La acci\u00f3n tutorial y la atenci\u00f3n a la diversidad. 100 h. ANPE Valencia.<\/li><li>2008. XIV Ciclo de Conferencias: \u201cVint anys de cultura: un temps de celebracions\u201d. 20 h. Cefire Alzira.<\/li><li>2008. Jornadas de Educaci\u00f3n por la Igualdad entre Mujeres y Hombres. 10 h. Cefire Alzira.<\/li><li>2004-08. I, III, IV y V Jornadas sobre la Promoci\u00f3n y el Placer de la Lectura. 40 h. Cefire Alzira.<\/li><li>2005-08. I, II, III y IV Jornadas de Lectura y Diversidad. 40 h. Cefire Alzira.<\/li><li>2005-08. VII, VIII, IX y X Jornadas de Innovaci\u00f3n Educativa. 40 h. Cefire Alzira.<\/li><li>2007. Curso: La mediaci\u00f3n escolar. 20 h. Cefire Valencia.<\/li><li>2007. Curso de Prevenci\u00f3n de Riesgos Laborales. 15 h. Servicio de Formaci\u00f3n del Profesorado. Cefire Sagunt.<\/li><li>2006. VII Jornadas Educativas de Cullera. 10 h. Cefire Alzira.<\/li><li>2006. XII Ciclo de Conferencias: \u201cLes estreles del saber\u201d. 30 h. Cefire Alzira.<\/li><li>2006. Curso: Respuesta educativa al alumnado inmigrante. 25 h. Cefire Alzira.<\/li><li>2006. Jornadas Alzinema: literatura y cine. 10 h. Cefire Alzira.<\/li><li>2005. XI Ciclo de Conferencias: \u201cViatge al centre de l\u2019aventura\u201d. 30 h. Cefire Alzira.<\/li><li>2005. Jornadas de historia comarcal. 10 h. Cefire. Alzira.<\/li><li>2005. Curso: Improvisaci\u00f3n dram\u00e1tica en la escuela. 20 h. Cefire Alzira.<\/li><li>2005. IV Jornadas de Teatro Escolar en Carcaixent. 10 h. Cefire Alzira.<\/li><li>2005. Curso: El fomento de la lectura en el aula: recursos did\u00e1cticos y bibliogr\u00e1ficos. 30 h. Cefire Alzira.<\/li><li>2003-05. I, II y III Jornadas de la poes\u00eda y el juego po\u00e9tico a la escuela. 30 h. Cefire Alzira.<\/li><li>2004. V Jornadas Educativas de Cullera. 10 h. Cefire Alzira.<\/li><li>2004. Curso: Los colores de la voz. 20 h. Cefire Alzira.<\/li><li>2004. II Encuentro de Escritores de Literatura Infantil y Juvenil en el Pa\u00eds Valenciano. Asociaci\u00f3n de Escritores en Lengua Catalana y Fundaci\u00f3 Bromera. Castell\u00f3n de la Plana.<\/li><li>2004. Seminario: Lectura y Literatura Contempor\u00e1nea. 25 h. Cefire Alzira.<\/li><li>2003. IX Ciclo de Conferencias: \u201cCi\u00e8ncia i Ficci\u00f3 al segle XXI\u201d. 30 h. Cefire Alzira.<\/li><li>2003. Leyendas y mitos valencianos: un recurso did\u00e1ctico en el \u00e1rea de lengua y literatura. 30 h. Cefire Alzira. La Pobla Llarga.<\/li><li>2002. Curso de Formador Ocupacional. 389 h. FOREM PV Alzira.<\/li><li>2002. II Curso sobre la creaci\u00f3n literaria y la edici\u00f3n. C\u00f3mo nace un libro. De la idea al producto. 32 h. El Corte Ingl\u00e9s. Valencia.<\/li><li>2000-02. I y II Curso de Teatro. CFPA Miguel Hern\u00e1ndez. Alzira.<\/li><li>2001. VII Ciclo de Conferencias: \u201cEls espais naturals: una aproximaci\u00f3 als seus recursos biol\u00f2gics i culturals\u201d. 30 h. Cefire Alzira.<\/li><\/ul>\n\n\n\n<h3 class=\"wp-block-heading\">PARTICIPACIONES ART\u00cdSTICAS<\/h3>\n\n\n\n<ul class=\"wp-block-list\"><li>Ha participado en diferentes recitales y presentaciones de libros en diferentes pueblos, como Alzira, Guadassuar, Xirivella y Valencia, entre los que destacan:<\/li><li>2018. Presentaci\u00f3n del libro <i style=\"color: black;\">Les quatre vides de l\u2019oncle Antoine<\/i>, de Xavier Aliaga. Llibrer\u00eda Samaruc. Algemes\u00ed.<\/li><li>2018. Recital <i style=\"color: black;\">Dones que escriuen<\/i>, junto a Imma M\u00e0\u00f1ez. Xirivella.<\/li><li>2018. Presentaci\u00f3n de la antolog\u00eda po\u00e9tica <i style=\"color: black;\">Dones amb veu<\/i>. Coordinada por Pura Santacreu.<\/li><li>2017. Recital po\u00e9tico <i style=\"color: black;\">La<\/i> <i style=\"color: black;\">Poesia dita en veu alta<\/i>. Chez Lyon. Valencia.<\/li><li>2016. Espect\u00e1culo Carcaixent i Dolces. <i style=\"color: black;\">Un homenatge po\u00e8tic, visual i musical al paisatge dels horts de tarongers<\/i>. Carcaixent.<\/li><li>2014. Presentaci\u00f3n del libro <i style=\"color: black;\">Camins recorreguts<\/i>, de Laia Fontana. Centro Cultural Octubre, Valencia. Casa de la Cultura, Alzira.<\/li><li>2014. Recital po\u00e9tico <i style=\"color: black;\">Pell de dona<\/i>. Feria del Libro de Valencia.<\/li><li>2006. Lectura po\u00e9tica <i style=\"color: black;\">Dues veus per a una hist\u00f2ria<\/i>, I Certamen de Poes\u00eda para Lecturas Po\u00e9ticas \u201cPoesia en Abastos\u201d. Ayuntamiento de Valencia.<\/li><li>2006. Participaci\u00f3n en el Intercambio Cultural de Artistas en Chile 2006.<\/li><\/ul>\n\n\n\n<h3 class=\"wp-block-heading\">PUBLICACIONES<\/h3>\n\n\n\n<ul class=\"wp-block-list\"><li>2019. Poema \u201cAnalogies\u201d dentro de la antolog\u00eda <strong><i>El mejor poema del mundo<\/i>. 2019<\/strong>.<\/li><li>Ediciones Nobel.<\/li><li>2018. Relato \u201cEl mite de la casa enderrocada<i>\u201d<\/i> dentro de <i>Relats Mediterranis<\/i>. Premios Constant\u00ed 2017.<\/li><li>2018. Recopilada en la antolog\u00eda po\u00e9tica <i>Dones amb veu<\/i>, coordinada por Pura Santacreu. Edita Asociaci\u00f3n Cultural Falla Plaza Mayor de Alzira.<\/li><li>2018. Poema \u201cPense\u201d en el cuadernillo de la Campa\u00f1a<strong> VERSAFALLES<\/strong>, organizado por el Gabinete de Normalizaci\u00f3n Ling\u00fc\u00edstica del Ayuntamiento de Valencia.<\/li><li>2017. Poema \u201cAdolesc\u00e8ncia\u201d en el cuadernillo de la Campa\u00f1a<strong> Literatura per a J\u00f3vens j\u00f3venes<\/strong>, organizado por el Gabinete de Normalizaci\u00f3n Ling\u00fc\u00edstica del Ayuntamiento de Valencia.<\/li><li>2015. Publicaci\u00f3n de su biograf\u00eda en el libro <i>Riberencs (II) H\u00f2mens i dones del Pa\u00eds del X\u00faquer<\/i>, publicado por Reclam Editorial, realizada por Aureliano Lair\u00f3n.<\/li><li>2014. Microrelato \u201cY si t\u2019observe\u201d dentro del conjunto de relatos <i>Microer\u00f2tics<\/i>. Edita Llibreria la Costera.<\/li><li>2014. Cuento infantil \u201cLa media luna\u201d, en el libro recopilatorio <i>Concurso Nacional de Cuentos Infantiles 2006-2010<\/i>. A. C. Tertuliano Goya. Santander.<\/li><li>2013. Poemario <i>La l\u00ednia<\/i>. Ed. Germania, reeditado por Editorial Neop\u00e0tria. 2018.<\/li><li>2012. Cuento <i>Hist\u00f2ries de Lineta i Pauet<\/i>. Ed. Germania, reeditado por Editorial Neop\u00e0tria. 2018.<\/li><li>2007. Cuento infantil \u201cLa abuela\u201d, en el libro recopilatorio <i>Concurso Nacional de Cuentos Infantiles 2001-2005<\/i>. A. C. Tertuliano Goya. Santander.<\/li><li>2007. Cuento infantil <i>La media luna<\/i> dentro de la recopilaci\u00f3n de cuentos del Premio XII<\/li><li>Concurso Nacional de Cuentos Infantiles <strong>Asociaci\u00f3n Tertuliano Goya 2007<\/strong>.<\/li><li>2006. Poemario <i>Dues veus per a una hist\u00f2ria<\/i> dentro de la antolog\u00eda po\u00e9tica del Primer Certamen para Lecturas Po\u00e9ticas \u201c<strong>Poes\u00eda a Abastos<\/strong>\u201d, Ayuntamiento de Valencia.<\/li><li>2006. Poemarios: <i>L\u2019incert passat, l\u2019incert futur i La infertilitat,<\/i> dentro de la antolog\u00eda po\u00e9tica <i>Encara sent la flor del taronger<\/i>, Ayuntamiento de Manises.<\/li><li>2003. Cuento infantil \u201cLa abuela\u201d, dentro del conjunto del Premio VIII Concurso Nacional de Cuentos Infantiles Asociaci\u00f3n Tertuliano Goya 2003.<\/li><\/ul>\n\n\n\n<h3 class=\"wp-block-heading\">CORRECTORA LING\u00dc\u00cdSTICA<\/h3>\n\n\n\n<ul class=\"wp-block-list\"><li>2017. Correcci\u00f3n ling\u00fc\u00edstica de los libros de la Asociaci\u00f3n Cultural Falla Pla\u00e7a la Malva. Alzira. Valencia (desde el a\u00f1o 2003).<\/li><li>2016. Correcci\u00f3n de las canciones del trabajo <i>Un gat i l\u2019home al seu costat<\/i>, de Josep P\u00e9rez, Ona<i> Nua.<\/i><\/li><li>2014-15. Correctora para Reclam Editorial de diferentes libros de poes\u00eda, narrativa y teatro, como <i>Arpegis de lluna, <\/i>de Joana Navarro; <i>Qu\u00e8 va passar a la granja d\u2019en Joan?<\/i>, de Marta Fornes<i>; Boca de Rap, la granota que tot ho sap<\/i>, de Josep Franco; <i>Carbonet<\/i>, <i>l\u2019\u00e0nec que volia ser poeta<\/i>, de Josep Franco; <i>Asun i els personatges<\/i>, d\u2019Enric Lluch; <i>Carles i Galeta<\/i>, d\u2019Arturo Blasco. <i>Ripoll\u00e9s<\/i> <i>Mola<\/i>, d\u2019Arturo Blasco; <i>La tasca del Sifoner<\/i>, de Jos\u00e9 Rubio y <i>El cam\u00ed de la derrota<\/i>, de Marcel Santacreu.<\/li><li>2005. Correcci\u00f3n ling\u00fc\u00edstica del libro <i>VII Jornades d\u2019Innovaci\u00f3 Educativa d\u2019Alzira<\/i>. Publicado por la Concejal\u00eda de Educaci\u00f3n del Ayuntamiento de Alzira.<\/li><\/ul>\n\n\n\n<h3 class=\"wp-block-heading\">PREMIOS LITERARIOS<\/h3>\n\n\n\n<ul class=\"wp-block-list\"><li>2019. Finalista en el VI Premio Internacional de Poes\u00eda Jovellanos <strong>El mejor poema del mundo<\/strong> con el poema <i>Analogies<\/i>.<\/li><li>2018. Ganadora en el XXXIII Premio de Poes\u00eda Poeta Pastor Aicart 2018 Beneixama, con el poemario <i>El temps<\/i>.<\/li><li>2018. Finalista de los XI Premios Literarios Constant\u00ed 2017. <i>Relats Mediterranis<\/i> con la obra \u201cEl mite de la casa enderrocada\u201d.<\/li><li>2014. Ganadora en el I Concurso de Microrelatos Er\u00f3ticos Llibreria la Costera con el microrelato \u201cI t\u2019observe\u201d.<\/li><li>2009. Primer Premio Poes\u00eda XXIV Solsticio Literatura Joven Manises 2009, con <i>Pensaments<\/i>.<\/li><li>2008. Menci\u00f3n Especial Premio de Poes\u00eda <strong>XXIII Solsticio Literatura Joven Manises <\/strong>2008 con <i>El pa\u00eds de Tirant i Carmesina<\/i>.<\/li><li>2007. Primer Premio del XII Concurso Nacional de Cuentos Infantiles <strong>Asociaci\u00f3n Tertuliano Goya <\/strong>2007, con <i>La media luna<\/i>.<\/li><li>2006. Ganadoradel<strong> Primer Certamen de poes\u00eda para Lecturas Po\u00e9ticas \u201cPoes\u00eda<\/strong> en Abastos\u201d, Ayuntamiento de Valencia, con <i>Dues veus per a una hist\u00f2ria<\/i>.<\/li><li>2005. Segundo Premio de Poes\u00eda <strong>XX Solsticio Literatura Joven<\/strong> <strong>Manises<\/strong> 2005, con <i>L\u2019incert passat, l\u2019incert futur. La infertilitat del poeta<\/i>.<\/li><li>2003. <strong> Primer Premio VIII Concurso Nacional de Cuentos Infantiles<\/strong> Asociaci\u00f3n Tertuliano Goya 2003, con \u201cLa abuela\u201d.<\/li><li>2003. Finalista en la VIII edici\u00f3n del Concurso \u201c<strong>Todos somos diferentes<\/strong>\u201d 2003, modalidad relato hiperbreve con <i>Noviembre<\/i>.<\/li><li>2003. Primer premio de Poes\u00eda en Valenciano <strong>Joan Soriano Esteve<\/strong> 2003, V Certamen Literario \u201cAmics del Mar\u00edtim\u201d, con el poema <i>Veu de mar<\/i>.<\/li><\/ul>\n","protected":false},"excerpt":{"rendered":"<p>FORMACI\u00d3N ACAD\u00c9MICA 1997-01. LICENCIATURA DE FILOLOG\u00cdA CATALANA. Universidad de Valencia. 2001-02. Certificado del Curso de Aptitud Pedag\u00f3gica (CAP). Especialidad: valenciano. Servicio de Formaci\u00f3n Permanente. Valencia. 2002. Diploma de Maestro de Valenciano. Conselleria de Cultura y Educaci\u00f3n. 2002. Certificado de Capacitaci\u00f3n. Conselleria de Cultura y Educaci\u00f3n. EXPERIENCIA PROFESIONAL Profesora de Ense\u00f1anza Secundaria desde el a\u00f1o 2003 &hellip; <\/p>\n<p class=\"link-more\"><a href=\"https:\/\/alzira.es\/es\/ayuntamiento\/corporacion-y-gobierno-municipal\/maria-calvo-palomares-19-23-curriculum\/\" class=\"more-link\">Continuar leyendo<span class=\"screen-reader-text\"> \u00abMaria Calvo Palomares (19-23) Curr\u00edculum\u00bb<\/span><\/a><\/p>\n","protected":false},"author":34,"featured_media":0,"parent":13558,"menu_order":51,"comment_status":"closed","ping_status":"closed","template":"","meta":{"_acf_changed":false,"footnotes":""},"class_list":["post-42515","page","type-page","status-publish","hentry"],"acf":[],"_links":{"self":[{"href":"https:\/\/alzira.es\/es\/wp-json\/wp\/v2\/pages\/42515","targetHints":{"allow":["GET"]}}],"collection":[{"href":"https:\/\/alzira.es\/es\/wp-json\/wp\/v2\/pages"}],"about":[{"href":"https:\/\/alzira.es\/es\/wp-json\/wp\/v2\/types\/page"}],"author":[{"embeddable":true,"href":"https:\/\/alzira.es\/es\/wp-json\/wp\/v2\/users\/34"}],"replies":[{"embeddable":true,"href":"https:\/\/alzira.es\/es\/wp-json\/wp\/v2\/comments?post=42515"}],"version-history":[{"count":1,"href":"https:\/\/alzira.es\/es\/wp-json\/wp\/v2\/pages\/42515\/revisions"}],"predecessor-version":[{"id":89441,"href":"https:\/\/alzira.es\/es\/wp-json\/wp\/v2\/pages\/42515\/revisions\/89441"}],"up":[{"embeddable":true,"href":"https:\/\/alzira.es\/es\/wp-json\/wp\/v2\/pages\/13558"}],"wp:attachment":[{"href":"https:\/\/alzira.es\/es\/wp-json\/wp\/v2\/media?parent=42515"}],"curies":[{"name":"wp","href":"https:\/\/api.w.org\/{rel}","templated":true}]}}